{"id":1739,"date":"2024-01-05T08:57:15","date_gmt":"2024-01-05T08:57:15","guid":{"rendered":"https:\/\/kosmeetika24.com\/?post_type=product&#038;p=1739"},"modified":"2025-07-02T14:08:00","modified_gmt":"2025-07-02T11:08:00","slug":"bruno-vassari-body-care-intensiivne-pinguldav-kreem","status":"publish","type":"product","link":"https:\/\/kosmeetika24.com\/fi\/tuote\/bruno-vassari-body-care-intensiivne-pinguldav-kreem\/","title":{"rendered":"BRUNO VASSARI Body Care intensiivinen kiinteytt\u00e4v\u00e4 voide."},"content":{"rendered":"<p class=\"translation-block\">Kiinteytt\u00e4v\u00e4 kehavoide <em>Premium Firming Cream<\/em> sis\u00e4lt\u00e4\u00e4 vaikuttavia aineita, jotka tonisoivat ja kiinteytt\u00e4v\u00e4t epidermist\u00e4, tekev\u00e4t siit\u00e4 elastisemman, silottavat ryppyj\u00e4 ja luovat uuden siluetin. P\u00e4\u00e4asiallinen vaikutus perustuu ainesosaan, joka vahvistaa dermiksen ja epidermiksen v\u00e4list\u00e4 yhteytt\u00e4, vastaten ihon pinnan ulkon\u00e4\u00f6st\u00e4 ja pit\u00e4en sen napakkana ja tasaisena.<\/p>\n<p>Sopii kaikille ihotyypeille, erityisesti l\u00f6ys\u00e4lle iholle.<\/p>\n<p><strong>VAIKUTTAVAT AINEET<\/strong><\/p>\n<ul>\n<li>Toniskin<\/li>\n<li>Kreatiini<\/li>\n<li>Sheavoi<\/li>\n<li>Allantoiini<\/li>\n<li>D-pantenoli 50P<\/li>\n<li>Vihre\u00e4n teen uutehdas<\/li>\n<\/ul>\n<p><strong>Vaikutus<\/strong><\/p>\n<ul>\n<li>Toniskin v\u00e4hent\u00e4\u00e4 ryppyj\u00e4, silottaa mikroreliefi\u00e4 ja muotoilee kehon kontuurit harmonisesti uudelleen.<\/li>\n<li>Keratiini aktivoi elastaanin ja kollageenin synteesi sek\u00e4 tukee ihosolujen normaalia aineenvaihduntaa.<\/li>\n<li>Sheavoi edist\u00e4\u00e4 ihon suojaavan lipidimuurin muodostumista, v\u00e4hent\u00e4\u00e4 transepidermist\u00e4 vesih\u00e4vikki\u00e4 ja palauttaa ihon antioksidanttisen suojan.<\/li>\n<li>Allantoiini on kasviuute, joka edist\u00e4\u00e4 epidermaalisten solujen uudistumista.<\/li>\n<li>D-pantenoli 50P edist\u00e4\u00e4 epidermisolujen suojaavan kerroksen muodostumista ja aktivoi niiden regeneroitumisen.<\/li>\n<li>Vihre\u00e4n teen uute on aktiivinen antioksidantti, joka osallistuu ihosolujen korjaus- ja uudistusprosessiin ja jolla on kiinteytt\u00e4v\u00e4 vaikutus.<\/li>\n<\/ul>\n<p>K\u00e4ytt\u00f6<\/p>\n<ul>\n<li class=\"translation-block\">Puhdista ihon pinta etuk\u00e4teen esimerkiksi tuotteella <a href=\"https:\/\/kosmeetika24.eu\/toode\/bruno-vassari-body-care-double-body-peel\/\" target=\"_self\">BRUNO VASSARI Body Care -vartaloscrub<\/a>.<\/li>\n<li>Levit\u00e4 vartalokreemi kerran tai kaksi p\u00e4iv\u00e4ss\u00e4 halutulle alueelle hellill\u00e4 liikkeill\u00e4, kunnes se on t\u00e4ysin imeytynyt. Sopii k\u00e4ytett\u00e4v\u00e4ksi illalla.<\/li>\n<\/ul>\n<p>Ainesosat<\/p>\n<p><span style=\"font-size: 14px;\">AQUA (WATER), ISONONYL ISONONANOATE, CYCLOPENTASILOXANE, C12-15 ALKYL BENZOATE, GLYCERIN, HYDROGENATED POLYISOBUTENE, PENTARYTHRITYL DISTEARATE, GLYCERYL STEARATE, PEG-100 STEARATE, FAEX (YEAST) EXTRACT, ALLATOIN, CREATINE, BUTYROSPERMUM PARKII (SHEA) BUTTER, PHENOXYETHANOL, SODIUM ACRYLATE\/SODIUM ACRYLOYLDIMETHYLTAURATE COPOLYMER, ISOHEXADECANE, PANTHENOL, PROPYLENE GLYCOL, CHLORPHENESIN, DISODIUM EDTA, METHYLPARABEN, PARFUM (FRAGRANCE), POLYSORBATE 80, ETHYLHEXYLGLYCERIN, LIMONENE, BUTYLPHENYL METHYLPROPIONAL.<\/span><\/p>","protected":false},"excerpt":{"rendered":"<p>Intensiivinen kiinteytt\u00e4v\u00e4 kehavoide palauttaa ihon s\u00e4vyn, kiinteyden ja elastisuuden.<\/p>\n<p>200 ml<\/p>","protected":false},"featured_media":1740,"comment_status":"open","ping_status":"closed","template":"","meta":{"_uag_custom_page_level_css":"","site-sidebar-layout":"default","site-content-layout":"","ast-site-content-layout":"default","site-content-style":"default","site-sidebar-style":"default","ast-global-header-display":"","ast-banner-title-visibility":"","ast-main-header-display":"","ast-hfb-above-header-display":"","ast-hfb-below-header-display":"","ast-hfb-mobile-header-display":"","site-post-title":"","ast-breadcrumbs-content":"","ast-featured-img":"","footer-sml-layout":"","ast-disable-related-posts":"","theme-transparent-header-meta":"default","adv-header-id-meta":"","stick-header-meta":"","header-above-stick-meta":"","header-main-stick-meta":"","header-below-stick-meta":"","astra-migrate-meta-layouts":"set","ast-page-background-enabled":"default","ast-page-background-meta":{"desktop":{"background-color":"var(--ast-global-color-4)","background-image":"","background-repeat":"repeat","background-position":"center center","background-size":"auto","background-attachment":"scroll","background-type":"","background-media":"","overlay-type":"","overlay-color":"","overlay-opacity":"","overlay-gradient":""},"tablet":{"background-color":"","background-image":"","background-repeat":"repeat","background-position":"center center","background-size":"auto","background-attachment":"scroll","background-type":"","background-media":"","overlay-type":"","overlay-color":"","overlay-opacity":"","overlay-gradient":""},"mobile":{"background-color":"","background-image":"","background-repeat":"repeat","background-position":"center center","background-size":"auto","background-attachment":"scroll","background-type":"","background-media":"","overlay-type":"","overlay-color":"","overlay-opacity":"","overlay-gradient":""}},"ast-content-background-meta":{"desktop":{"background-color":"var(--ast-global-color-5)","background-image":"","background-repeat":"repeat","background-position":"center center","background-size":"auto","background-attachment":"scroll","background-type":"","background-media":"","overlay-type":"","overlay-color":"","overlay-opacity":"","overlay-gradient":""},"tablet":{"background-color":"var(--ast-global-color-5)","background-image":"","background-repeat":"repeat","background-position":"center center","background-size":"auto","background-attachment":"scroll","background-type":"","background-media":"","overlay-type":"","overlay-color":"","overlay-opacity":"","overlay-gradient":""},"mobile":{"background-color":"var(--ast-global-color-5)","background-image":"","background-repeat":"repeat","background-position":"center center","background-size":"auto","background-attachment":"scroll","background-type":"","background-media":"","overlay-type":"","overlay-color":"","overlay-opacity":"","overlay-gradient":""}}},"product_brand":[],"product_cat":[65,96,98],"product_tag":[],"class_list":{"0":"post-1739","1":"product","2":"type-product","3":"status-publish","4":"has-post-thumbnail","6":"product_cat-body-care","7":"product_cat-brands","8":"product_cat-kehale","9":"desktop-align-left","10":"tablet-align-left","11":"mobile-align-left","13":"first","14":"instock","15":"taxable","16":"shipping-taxable","17":"product-type-simple","18":"add-to-wishlist-before_image"},"uagb_featured_image_src":{"full":["https:\/\/kosmeetika24.com\/wp-content\/uploads\/2023\/11\/287-Premium-Firming-Cream.jpg",600,600,false],"thumbnail":["https:\/\/kosmeetika24.com\/wp-content\/uploads\/2023\/11\/287-Premium-Firming-Cream-150x150.jpg",150,150,true],"medium":["https:\/\/kosmeetika24.com\/wp-content\/uploads\/2023\/11\/287-Premium-Firming-Cream-300x300.jpg",300,300,true],"medium_large":["https:\/\/kosmeetika24.com\/wp-content\/uploads\/2023\/11\/287-Premium-Firming-Cream.jpg",600,600,false],"large":["https:\/\/kosmeetika24.com\/wp-content\/uploads\/2023\/11\/287-Premium-Firming-Cream.jpg",600,600,false],"1536x1536":["https:\/\/kosmeetika24.com\/wp-content\/uploads\/2023\/11\/287-Premium-Firming-Cream.jpg",600,600,false],"2048x2048":["https:\/\/kosmeetika24.com\/wp-content\/uploads\/2023\/11\/287-Premium-Firming-Cream.jpg",600,600,false],"trp-custom-language-flag":["https:\/\/kosmeetika24.com\/wp-content\/uploads\/2023\/11\/287-Premium-Firming-Cream-12x12.jpg",12,12,true],"woocommerce_thumbnail":["https:\/\/kosmeetika24.com\/wp-content\/uploads\/2023\/11\/287-Premium-Firming-Cream-300x300.jpg",300,300,true],"woocommerce_single":["https:\/\/kosmeetika24.com\/wp-content\/uploads\/2023\/11\/287-Premium-Firming-Cream-500x500.jpg",500,500,true],"woocommerce_gallery_thumbnail":["https:\/\/kosmeetika24.com\/wp-content\/uploads\/2023\/11\/287-Premium-Firming-Cream-100x100.jpg",100,100,true]},"uagb_author_info":{"display_name":"admin","author_link":"https:\/\/kosmeetika24.com\/fi\/author\/"},"uagb_comment_info":0,"uagb_excerpt":"Intensiivne pinguldav kehakreem taastab naha tooni, pinguldatuse ja elastsuse. 200 ml","_links":{"self":[{"href":"https:\/\/kosmeetika24.com\/fi\/wp-json\/wp\/v2\/product\/1739","targetHints":{"allow":["GET"]}}],"collection":[{"href":"https:\/\/kosmeetika24.com\/fi\/wp-json\/wp\/v2\/product"}],"about":[{"href":"https:\/\/kosmeetika24.com\/fi\/wp-json\/wp\/v2\/types\/product"}],"replies":[{"embeddable":true,"href":"https:\/\/kosmeetika24.com\/fi\/wp-json\/wp\/v2\/comments?post=1739"}],"version-history":[{"count":2,"href":"https:\/\/kosmeetika24.com\/fi\/wp-json\/wp\/v2\/product\/1739\/revisions"}],"predecessor-version":[{"id":4729,"href":"https:\/\/kosmeetika24.com\/fi\/wp-json\/wp\/v2\/product\/1739\/revisions\/4729"}],"wp:featuredmedia":[{"embeddable":true,"href":"https:\/\/kosmeetika24.com\/fi\/wp-json\/wp\/v2\/media\/1740"}],"wp:attachment":[{"href":"https:\/\/kosmeetika24.com\/fi\/wp-json\/wp\/v2\/media?parent=1739"}],"wp:term":[{"taxonomy":"product_brand","embeddable":true,"href":"https:\/\/kosmeetika24.com\/fi\/wp-json\/wp\/v2\/product_brand?post=1739"},{"taxonomy":"product_cat","embeddable":true,"href":"https:\/\/kosmeetika24.com\/fi\/wp-json\/wp\/v2\/product_cat?post=1739"},{"taxonomy":"product_tag","embeddable":true,"href":"https:\/\/kosmeetika24.com\/fi\/wp-json\/wp\/v2\/product_tag?post=1739"}],"curies":[{"name":"wp","href":"https:\/\/api.w.org\/{rel}","templated":true}]}}