{"id":1735,"date":"2024-01-05T08:51:36","date_gmt":"2024-01-05T08:51:36","guid":{"rendered":"https:\/\/kosmeetika24.com\/?post_type=product&#038;p=1735"},"modified":"2025-07-02T14:09:01","modified_gmt":"2025-07-02T11:09:01","slug":"bruno-vassari-body-care-tselluliidivastane-kreem","status":"publish","type":"product","link":"https:\/\/kosmeetika24.com\/fi\/tuote\/bruno-vassari-body-care-tselluliidivastane-kreem\/","title":{"rendered":"BRUNO VASSARI Body Care selluliittivoide"},"content":{"rendered":"<p class=\"translation-block\"><em>Cellulite Control<\/em> -voide taistelee tehokkaasti selluliittia vastaan ja muotoilee kehon siluettia. P\u00e4\u00e4asialliset vaikuttavat aineet hajottavat rasvaa rasvasoluissa, poistavat liiallista nestett\u00e4 ja lievitt\u00e4v\u00e4t turvotusta. Parantaa \"appelsiininkuorikohdan\" ihoa ja v\u00e4hent\u00e4\u00e4 senttimetrej\u00e4.<\/p>\n<p>Sopii kaikille ihotyypeille.<\/p>\n<p><strong>P\u00c4\u00c4AINEOSAT<\/strong><\/p>\n<ul>\n<li>Lipout<\/li>\n<li>Kofeiini<\/li>\n<li>Algisium C<\/li>\n<li>E-vitamiini<\/li>\n<\/ul>\n<p><strong>Vaikutus<\/strong><\/p>\n<ul>\n<li>Lipout polttaa rasvaa, muotoilee kehon \u00e4\u00e4riviivoja, v\u00e4hent\u00e4\u00e4 tilavuutta, poistaa selluliittia ja parantaa kimmoisuutta ja vahvuutta.<\/li>\n<li class=\"translation-block\">Kofeiini on p\u00e4\u00e4asiallinen selluliittia est\u00e4v\u00e4 ainesosa, joka edist\u00e4\u00e4 rasvan poistamista rasvasoluista. Kofeiini ei vain rajoita rasvojen varastoitumista, vaan my\u00f6s edist\u00e4\u00e4 niiden hajoamista. Se stimuloi l\u00e4mm\u00f6ntuotantoa ja parantaa verenkiertoa.<\/li>\n<li>Algisium C\u00ae toimii ik\u00e4\u00e4ntymist\u00e4 est\u00e4v\u00e4n\u00e4, venytysj\u00e4lki\u00e4 ehk\u00e4isev\u00e4n\u00e4, laihduttavana, ryppyj\u00e4 v\u00e4hent\u00e4v\u00e4n\u00e4, tulehdusta est\u00e4v\u00e4n\u00e4, kiinteytt\u00e4v\u00e4n\u00e4, rauhoittavana ja kosteuttavana aineena.<\/li>\n<li>E-vitamiini on antioksidantti, joka stimuloi ihon hengityst\u00e4 ja vahvistaa ihosolujen kalvoa.<\/li>\n<\/ul>\n<p>K\u00e4ytt\u00f6<\/p>\n<ul>\n<li class=\"translation-block\">Puhdista ihon pinta etuk\u00e4teen esimerkiksi tuotteella <a href=\"https:\/\/kosmeetika24.eu\/toode\/bruno-vassari-body-care-double-body-peel\/\" target=\"_self\">BRUNO VASSARI Body Care -vartaloscrub<\/a>.<\/li>\n<li>Levit\u00e4 selluliittivoide puhtaalle iholle kevyill\u00e4 hierovilla liikkeill\u00e4. Sopii k\u00e4ytett\u00e4v\u00e4ksi sek\u00e4 aamulla ett\u00e4 illalla.<\/li>\n<li class=\"translation-block\">Laihdutushoitoon k\u00e4yt\u00e4 esimerkiksi tuotetta <a href=\"https:\/\/kosmeetika24.eu\/toode\/bruno-vassari-body-care-slim-effect-gel\/\" target=\"_self\">BRUNO VASSARI Body Care laihduttava ja viilent\u00e4v\u00e4 geeli<\/a>.<\/li>\n<\/ul>\n<p>Ainesosat<\/p>\n<p><span style=\"font-size: 14px;\">AQUA (WATER), ALCOHOL DENAT., CYCLOPENTASILOXANE, GLYCERIN, C15-19 ALKANE, CAPRYLIC\/CAPRIC TRIGLYCERIDE, CAFFEINE, ETHYLHEXYL METTHOXYCINNAMATE, METHYLSILANOL MANNURONATE, SODIUM HYDROXIDE, PLANKTON EXTRACT, POLYACRYLAMIDE, PHENOXYETHANOL, C13-14 ISOPARAFFIN, TOCOPHERYL ACETATE, GHLORPHENESIN, DISODIUM EDTA, XANTHAN GUM, PARFUM (FRAGRANCE), ACRYLATES\/ C10-30 ALKYL ACRYLATE CROSSPOLYMER, LAURETH-7, TOCOPHEROL, LIMONENE, SODIUM METHYLPARABEN, BUTYLPHENYL METHYLPROPIONAL, METHYLPROPANEDIOL, SORBIC ACID, BHT, PROPYLPARABEN, C.I. 42090 (FD&C BLUE NO.1).\u00a0<\/span><\/p>","protected":false},"excerpt":{"rendered":"<p>Intensiivinen geeli-voide selluliittivaikutuksella.<\/p>\n<p>Auttaa polttamaan kertyneit\u00e4 rasvoja, parantaa \"appelsiininkuorikohdan\" ihoa, v\u00e4hent\u00e4\u00e4 senttimetrej\u00e4 ja muotoilee siluettia.<\/p>\n<p>200 ml<\/p>","protected":false},"featured_media":1736,"comment_status":"open","ping_status":"closed","template":"","meta":{"_uag_custom_page_level_css":"","site-sidebar-layout":"default","site-content-layout":"","ast-site-content-layout":"default","site-content-style":"default","site-sidebar-style":"default","ast-global-header-display":"","ast-banner-title-visibility":"","ast-main-header-display":"","ast-hfb-above-header-display":"","ast-hfb-below-header-display":"","ast-hfb-mobile-header-display":"","site-post-title":"","ast-breadcrumbs-content":"","ast-featured-img":"","footer-sml-layout":"","ast-disable-related-posts":"","theme-transparent-header-meta":"default","adv-header-id-meta":"","stick-header-meta":"","header-above-stick-meta":"","header-main-stick-meta":"","header-below-stick-meta":"","astra-migrate-meta-layouts":"set","ast-page-background-enabled":"default","ast-page-background-meta":{"desktop":{"background-color":"var(--ast-global-color-4)","background-image":"","background-repeat":"repeat","background-position":"center center","background-size":"auto","background-attachment":"scroll","background-type":"","background-media":"","overlay-type":"","overlay-color":"","overlay-opacity":"","overlay-gradient":""},"tablet":{"background-color":"","background-image":"","background-repeat":"repeat","background-position":"center center","background-size":"auto","background-attachment":"scroll","background-type":"","background-media":"","overlay-type":"","overlay-color":"","overlay-opacity":"","overlay-gradient":""},"mobile":{"background-color":"","background-image":"","background-repeat":"repeat","background-position":"center center","background-size":"auto","background-attachment":"scroll","background-type":"","background-media":"","overlay-type":"","overlay-color":"","overlay-opacity":"","overlay-gradient":""}},"ast-content-background-meta":{"desktop":{"background-color":"var(--ast-global-color-5)","background-image":"","background-repeat":"repeat","background-position":"center center","background-size":"auto","background-attachment":"scroll","background-type":"","background-media":"","overlay-type":"","overlay-color":"","overlay-opacity":"","overlay-gradient":""},"tablet":{"background-color":"var(--ast-global-color-5)","background-image":"","background-repeat":"repeat","background-position":"center center","background-size":"auto","background-attachment":"scroll","background-type":"","background-media":"","overlay-type":"","overlay-color":"","overlay-opacity":"","overlay-gradient":""},"mobile":{"background-color":"var(--ast-global-color-5)","background-image":"","background-repeat":"repeat","background-position":"center center","background-size":"auto","background-attachment":"scroll","background-type":"","background-media":"","overlay-type":"","overlay-color":"","overlay-opacity":"","overlay-gradient":""}}},"product_brand":[],"product_cat":[65,96,98],"product_tag":[],"class_list":{"0":"post-1735","1":"product","2":"type-product","3":"status-publish","4":"has-post-thumbnail","6":"product_cat-body-care","7":"product_cat-brands","8":"product_cat-kehale","9":"desktop-align-left","10":"tablet-align-left","11":"mobile-align-left","13":"first","14":"outofstock","15":"taxable","16":"shipping-taxable","17":"product-type-simple","18":"add-to-wishlist-before_image"},"uagb_featured_image_src":{"full":["https:\/\/kosmeetika24.com\/wp-content\/uploads\/2023\/11\/285-Cellulite-Control.jpg",600,600,false],"thumbnail":["https:\/\/kosmeetika24.com\/wp-content\/uploads\/2023\/11\/285-Cellulite-Control-150x150.jpg",150,150,true],"medium":["https:\/\/kosmeetika24.com\/wp-content\/uploads\/2023\/11\/285-Cellulite-Control-300x300.jpg",300,300,true],"medium_large":["https:\/\/kosmeetika24.com\/wp-content\/uploads\/2023\/11\/285-Cellulite-Control.jpg",600,600,false],"large":["https:\/\/kosmeetika24.com\/wp-content\/uploads\/2023\/11\/285-Cellulite-Control.jpg",600,600,false],"1536x1536":["https:\/\/kosmeetika24.com\/wp-content\/uploads\/2023\/11\/285-Cellulite-Control.jpg",600,600,false],"2048x2048":["https:\/\/kosmeetika24.com\/wp-content\/uploads\/2023\/11\/285-Cellulite-Control.jpg",600,600,false],"trp-custom-language-flag":["https:\/\/kosmeetika24.com\/wp-content\/uploads\/2023\/11\/285-Cellulite-Control-12x12.jpg",12,12,true],"woocommerce_thumbnail":["https:\/\/kosmeetika24.com\/wp-content\/uploads\/2023\/11\/285-Cellulite-Control-300x300.jpg",300,300,true],"woocommerce_single":["https:\/\/kosmeetika24.com\/wp-content\/uploads\/2023\/11\/285-Cellulite-Control-500x500.jpg",500,500,true],"woocommerce_gallery_thumbnail":["https:\/\/kosmeetika24.com\/wp-content\/uploads\/2023\/11\/285-Cellulite-Control-100x100.jpg",100,100,true]},"uagb_author_info":{"display_name":"admin","author_link":"https:\/\/kosmeetika24.com\/fi\/author\/"},"uagb_comment_info":0,"uagb_excerpt":"Intensiivne geelkreem, mille on tselluliidivastane toime. Aitab p\u00f5letada ladestunud rasvu, parendab \"apelsinikoorenahka\", v\u00e4hendab sentimeetreid ja kujundab siluetti. 200 ml","_links":{"self":[{"href":"https:\/\/kosmeetika24.com\/fi\/wp-json\/wp\/v2\/product\/1735","targetHints":{"allow":["GET"]}}],"collection":[{"href":"https:\/\/kosmeetika24.com\/fi\/wp-json\/wp\/v2\/product"}],"about":[{"href":"https:\/\/kosmeetika24.com\/fi\/wp-json\/wp\/v2\/types\/product"}],"replies":[{"embeddable":true,"href":"https:\/\/kosmeetika24.com\/fi\/wp-json\/wp\/v2\/comments?post=1735"}],"version-history":[{"count":1,"href":"https:\/\/kosmeetika24.com\/fi\/wp-json\/wp\/v2\/product\/1735\/revisions"}],"predecessor-version":[{"id":4731,"href":"https:\/\/kosmeetika24.com\/fi\/wp-json\/wp\/v2\/product\/1735\/revisions\/4731"}],"wp:featuredmedia":[{"embeddable":true,"href":"https:\/\/kosmeetika24.com\/fi\/wp-json\/wp\/v2\/media\/1736"}],"wp:attachment":[{"href":"https:\/\/kosmeetika24.com\/fi\/wp-json\/wp\/v2\/media?parent=1735"}],"wp:term":[{"taxonomy":"product_brand","embeddable":true,"href":"https:\/\/kosmeetika24.com\/fi\/wp-json\/wp\/v2\/product_brand?post=1735"},{"taxonomy":"product_cat","embeddable":true,"href":"https:\/\/kosmeetika24.com\/fi\/wp-json\/wp\/v2\/product_cat?post=1735"},{"taxonomy":"product_tag","embeddable":true,"href":"https:\/\/kosmeetika24.com\/fi\/wp-json\/wp\/v2\/product_tag?post=1735"}],"curies":[{"name":"wp","href":"https:\/\/api.w.org\/{rel}","templated":true}]}}