{"id":1733,"date":"2024-01-05T12:44:15","date_gmt":"2024-01-05T12:44:15","guid":{"rendered":"https:\/\/kosmeetika24.com\/?post_type=product&#038;p=1733"},"modified":"2024-12-27T15:48:47","modified_gmt":"2024-12-27T12:48:47","slug":"bruno-vassari-lab-radiance-sara-andvad-seerumid","status":"publish","type":"product","link":"https:\/\/kosmeetika24.com\/fi\/tuote\/bruno-vassari-lab-radiance-sara-andvad-seerumid\/","title":{"rendered":"Bruno Vassari Lab Radiance Kirkastavat seerumit"},"content":{"rendered":"<p class=\"translation-block\"><em>Instant Glow Beauty<\/em> intensiivinen kirkastava hoito, jaettu p\u00e4iv\u00e4lle ja y\u00f6seerumille.<\/p>\n<p class=\"translation-block\"><b>1. <em>Radiance Shot<\/em><\/b> (p\u00e4iv\u00e4k\u00e4ytt\u00f6\u00f6n) parantaa samean ihon ulkon\u00e4k\u00f6\u00e4 aktiivisen Pro-Radiance Active -ainesosan korkean pitoisuuden ansiosta, joka tekee ihosta v\u00e4litt\u00f6m\u00e4sti kirkkaan. Valoa heijastavat pigmentit v\u00e4hent\u00e4v\u00e4t v\u00e4symyksen n\u00e4kyvyytt\u00e4 ihossa. Omaavan nuorentavan ja kosteuttavan vaikutuksen. Taistelua n\u00e4kyvi\u00e4 ik\u00e4\u00e4ntymisen merkkej\u00e4 vastaan.<\/p>\n<p>Voidaan yhdist\u00e4\u00e4 mihin tahansa voiteisiin ja naamioihin.<\/p>\n<p>Seerumi koostumus sis\u00e4lt\u00e4\u00e4 96 % luonnollista alkuper\u00e4\u00e4 olevia ainesosia.<\/p>\n<p class=\"translation-block\"><b>2. <em>Brightening Drops<\/em><\/b> (y\u00f6k\u00e4ytt\u00f6\u00f6n) liposomaalinen palauttava, antioksidanttinen seerumi. Parantaa ihon ulkon\u00e4k\u00f6\u00e4, antaen sille hehkua ja kiinteytt\u00e4. Normalisoi melaniinin tuotantoa. Aktivoi mekanismeja, jotka s\u00e4ilytt\u00e4v\u00e4t ihon nuorekkuuden.<\/p>\n<p>Voidaan yhdist\u00e4\u00e4 mihin tahansa voiteisiin ja naamioihin.<\/p>\n<p>Seerumi koostumus sis\u00e4lt\u00e4\u00e4 95,7 % luonnollista alkuper\u00e4\u00e4 olevia ainesosia.<\/p>\n<p><strong>P\u00c4\u00c4AINEOSAT<\/strong><\/p>\n<p><em>Radiance shot:<\/em><\/p>\n<ul>\n<li><strong>Pro-Radiance Active (3%) <\/strong>sisaldab ellagiinhapet ja Stellight\u00ae. Spetsiaalselt loodud naha loomuliku s\u00e4ra esiletoomiseks.\n<ol>\n<li>Ellagiinihappo: polyfenoli, jolla on voimakas antioksidanttinen vaikutus. Se neutraloi ulkoisten tekij\u00f6iden, kuten tupakansavun tai saasteen, aiheuttamien vapaitten radikaalien vaikutuksia, jotka ovat vastuussa ihon ennenaikaisesta vanhenemisesta. Lis\u00e4ksi t\u00e4m\u00e4n hapen melanogeneesi\u00e4 est\u00e4v\u00e4n vaikutuksen ansiosta se antaa erinomaisen kirkastavan ja tasoittavan vaikutuksen ihon s\u00e4vyyn.<\/li>\n<li>Stellight\u00ae: Sen monimutkaisen vaikutusmekanismin ansiosta t\u00e4m\u00e4 peptidi lis\u00e4\u00e4 hehkuvaikutusta, parantaa ihon s\u00e4vy\u00e4 ja pigmentaatiota. Se my\u00f6s tasoittaa ja kirkastaa ihonv\u00e4ri\u00e4, lis\u00e4\u00e4 kasvojen hehkua ja parantaa sameaa ihon s\u00e4vy\u00e4.<\/li>\n<\/ol>\n<\/li>\n<li class=\"translation-block\"><strong>Valoa heijastavat pigmentit<\/strong> auttavat minimoimaan tummia s\u00e4vyj\u00e4.<\/li>\n<li class=\"translation-block\"><strong>Camu-camu -uute<\/strong> sis\u00e4lt\u00e4\u00e4 runsaasti C-vitamiinia. Se on my\u00f6s eritt\u00e4in rikas mineraaleissa (kalsium, rauta, kalium ja fosfori) sek\u00e4 aminohapoissa (valiinia, leusiinia, seriinia), jotka auttavat C-vitamiinin imeytymisess\u00e4.<\/li>\n<\/ul>\n<p><em>Brightening Drops:<\/em><\/p>\n<ul>\n<li class=\"translation-block\"><strong>Niasiiniamidi<\/strong> auttaa v\u00e4hent\u00e4m\u00e4\u00e4n ryppyj\u00e4 ja pieni\u00e4 juonteita, v\u00e4hent\u00e4\u00e4 ihon valovanhentumisen merkkej\u00e4; v\u00e4hent\u00e4\u00e4 pigmentaatiota, tasoittaa ihon s\u00e4vy\u00e4; auttaa n\u00e4kyv\u00e4sti v\u00e4hent\u00e4m\u00e4\u00e4n huokosten kokoa, stimuloi kollageenin tuotantoa; parantaa sameaa ihonv\u00e4ri\u00e4; vahvistaa ihon suojabarri\u00e4\u00e4ri\u00e4 ja edist\u00e4\u00e4 ihon kosteutusta.<\/li>\n<li class=\"translation-block\"><strong>Superox-CTM AF<\/strong> antaa iholle energiaa, parantaa ihonv\u00e4ri\u00e4, tasoittaa ihon s\u00e4vy\u00e4, v\u00e4hent\u00e4\u00e4 punoitusta ja parantaa ik\u00e4\u00e4ntymisen merkkien muodostumista.<\/li>\n<\/ul>\n<p>K\u00e4ytt\u00f6<\/p>\n<p>Puhdistuksen j\u00e4lkeen levit\u00e4 muutama tippa seerumia kasvoille ja kaulalle.<\/p>\n<p>K\u00e4yt\u00e4 sen j\u00e4lkeen voidetta.<\/p>\n<p>Ainesosat<\/p>\n<p>Radiance shot:<\/p>\n<p>AQUA(WATER), PROPANEDIOL, CAPRYLIC\/CAPRIC TRIGLYCERIDE, SQUALANE, GLYCERYL STEARATE, PEG-100 STEARATE, BUTYROSPERMUM PARKII (SHEA) BUTTER, C.I. 77891 (TITANIUM DIOXIDE), MANNITOL, PHOSPHATIDYLCHOLINE, ELLAGIC ACID, GLYCERIN, MICA, MYRCIARIA DUBIA FRUIT EXTRACT, DISODIUM CETEARYL SULFOSUCCINATE, TOCOPHERYL ACETATE, ACETYL HEXAPEPTIDE-1, PHENOXYETHANOL, AMMONIUM ACRYLOYLDIMETHYLTAURATE\/ VP COPOLYMER, ETHYLHEXYLGLYCERIN, PARFUM (FRAGRANCE), DISODIUM EDTA, CHLORPHENESIN, CHOLESTOROL, POLYSOBRATE 80, XANTHAN GUM, SODIUM BENZOATE, POTASSIUM SORBATE, METHYLPROPANEDIOL, SODIUM CHLORIDE, C.I. 17200 (RED NO.33), CAPRYLYL GLYCOL, SODIUM SULFATE, PHENYLPROPANOL.<\/p>\n<p>Brightening drops:<\/p>\n<p>INGREDIENTS: AQUA (WATER), PROPANEDIOL, NIACINAMIDE, GLYCERIN, MALTOOLIGOSYL GLUCOSIDE, TERMINALIA FERDINANDIANA FRUIT EXTRACT, HYDROGENATED STARCH HYDROLYSATE, CAPRYLYL GLYCOL, 1,2-HEXANEDIOL, HYDROXYETHYLCELLULOSE, DISODIUM EDTA, POLYSORBATE 60, HYDROXYACETOPHENONE, DISODIUM PHOSPHATE, SODIUM PHOSPHATE.<\/p>","protected":false},"excerpt":{"rendered":"<p>Bruno Vassari Lab P\u00e4iv\u00e4n ja y\u00f6n seerumisarja<\/p>\n<p>Bruno Vassari Lab Tasapainottaa ihon s\u00e4vyn, palauttaa luonnollisen hehkun ja kirkkauden.<\/p>\n<p>2 x 30ml<\/p>","protected":false},"featured_media":1935,"comment_status":"open","ping_status":"closed","template":"","meta":{"_uag_custom_page_level_css":"","site-sidebar-layout":"default","site-content-layout":"","ast-site-content-layout":"default","site-content-style":"default","site-sidebar-style":"default","ast-global-header-display":"","ast-banner-title-visibility":"","ast-main-header-display":"","ast-hfb-above-header-display":"","ast-hfb-below-header-display":"","ast-hfb-mobile-header-display":"","site-post-title":"","ast-breadcrumbs-content":"","ast-featured-img":"","footer-sml-layout":"","ast-disable-related-posts":"","theme-transparent-header-meta":"default","adv-header-id-meta":"","stick-header-meta":"","header-above-stick-meta":"","header-main-stick-meta":"","header-below-stick-meta":"","astra-migrate-meta-layouts":"set","ast-page-background-enabled":"default","ast-page-background-meta":{"desktop":{"background-color":"var(--ast-global-color-4)","background-image":"","background-repeat":"repeat","background-position":"center center","background-size":"auto","background-attachment":"scroll","background-type":"","background-media":"","overlay-type":"","overlay-color":"","overlay-opacity":"","overlay-gradient":""},"tablet":{"background-color":"","background-image":"","background-repeat":"repeat","background-position":"center center","background-size":"auto","background-attachment":"scroll","background-type":"","background-media":"","overlay-type":"","overlay-color":"","overlay-opacity":"","overlay-gradient":""},"mobile":{"background-color":"","background-image":"","background-repeat":"repeat","background-position":"center center","background-size":"auto","background-attachment":"scroll","background-type":"","background-media":"","overlay-type":"","overlay-color":"","overlay-opacity":"","overlay-gradient":""}},"ast-content-background-meta":{"desktop":{"background-color":"var(--ast-global-color-5)","background-image":"","background-repeat":"repeat","background-position":"center center","background-size":"auto","background-attachment":"scroll","background-type":"","background-media":"","overlay-type":"","overlay-color":"","overlay-opacity":"","overlay-gradient":""},"tablet":{"background-color":"var(--ast-global-color-5)","background-image":"","background-repeat":"repeat","background-position":"center center","background-size":"auto","background-attachment":"scroll","background-type":"","background-media":"","overlay-type":"","overlay-color":"","overlay-opacity":"","overlay-gradient":""},"mobile":{"background-color":"var(--ast-global-color-5)","background-image":"","background-repeat":"repeat","background-position":"center center","background-size":"auto","background-attachment":"scroll","background-type":"","background-media":"","overlay-type":"","overlay-color":"","overlay-opacity":"","overlay-gradient":""}}},"product_brand":[],"product_cat":[96,71,97],"product_tag":[],"class_list":{"0":"post-1733","1":"product","2":"type-product","3":"status-publish","4":"has-post-thumbnail","6":"product_cat-brands","7":"product_cat-lab-radiance","8":"product_cat-naole","9":"desktop-align-left","10":"tablet-align-left","11":"mobile-align-left","13":"first","14":"instock","15":"taxable","16":"shipping-taxable","17":"product-type-simple","18":"add-to-wishlist-before_image"},"uagb_featured_image_src":{"full":["https:\/\/kosmeetika24.com\/wp-content\/uploads\/2023\/11\/362.png",600,600,false],"thumbnail":["https:\/\/kosmeetika24.com\/wp-content\/uploads\/2023\/11\/362-150x150.png",150,150,true],"medium":["https:\/\/kosmeetika24.com\/wp-content\/uploads\/2023\/11\/362-300x300.png",300,300,true],"medium_large":["https:\/\/kosmeetika24.com\/wp-content\/uploads\/2023\/11\/362.png",600,600,false],"large":["https:\/\/kosmeetika24.com\/wp-content\/uploads\/2023\/11\/362.png",600,600,false],"1536x1536":["https:\/\/kosmeetika24.com\/wp-content\/uploads\/2023\/11\/362.png",600,600,false],"2048x2048":["https:\/\/kosmeetika24.com\/wp-content\/uploads\/2023\/11\/362.png",600,600,false],"trp-custom-language-flag":["https:\/\/kosmeetika24.com\/wp-content\/uploads\/2023\/11\/362-12x12.png",12,12,true],"woocommerce_thumbnail":["https:\/\/kosmeetika24.com\/wp-content\/uploads\/2023\/11\/362-300x300.png",300,300,true],"woocommerce_single":["https:\/\/kosmeetika24.com\/wp-content\/uploads\/2023\/11\/362-500x500.png",500,500,true],"woocommerce_gallery_thumbnail":["https:\/\/kosmeetika24.com\/wp-content\/uploads\/2023\/11\/362-100x100.png",100,100,true]},"uagb_author_info":{"display_name":"admin","author_link":"https:\/\/kosmeetika24.com\/fi\/author\/"},"uagb_comment_info":0,"uagb_excerpt":"P\u00e4evase ja \u00f6ise seerumi komplekt. \u00dchtlustab naha tooni, taastab nahal loomuliku jume ja s\u00e4ra. 2 x 30ml","_links":{"self":[{"href":"https:\/\/kosmeetika24.com\/fi\/wp-json\/wp\/v2\/product\/1733","targetHints":{"allow":["GET"]}}],"collection":[{"href":"https:\/\/kosmeetika24.com\/fi\/wp-json\/wp\/v2\/product"}],"about":[{"href":"https:\/\/kosmeetika24.com\/fi\/wp-json\/wp\/v2\/types\/product"}],"replies":[{"embeddable":true,"href":"https:\/\/kosmeetika24.com\/fi\/wp-json\/wp\/v2\/comments?post=1733"}],"version-history":[{"count":2,"href":"https:\/\/kosmeetika24.com\/fi\/wp-json\/wp\/v2\/product\/1733\/revisions"}],"predecessor-version":[{"id":5633,"href":"https:\/\/kosmeetika24.com\/fi\/wp-json\/wp\/v2\/product\/1733\/revisions\/5633"}],"wp:featuredmedia":[{"embeddable":true,"href":"https:\/\/kosmeetika24.com\/fi\/wp-json\/wp\/v2\/media\/1935"}],"wp:attachment":[{"href":"https:\/\/kosmeetika24.com\/fi\/wp-json\/wp\/v2\/media?parent=1733"}],"wp:term":[{"taxonomy":"product_brand","embeddable":true,"href":"https:\/\/kosmeetika24.com\/fi\/wp-json\/wp\/v2\/product_brand?post=1733"},{"taxonomy":"product_cat","embeddable":true,"href":"https:\/\/kosmeetika24.com\/fi\/wp-json\/wp\/v2\/product_cat?post=1733"},{"taxonomy":"product_tag","embeddable":true,"href":"https:\/\/kosmeetika24.com\/fi\/wp-json\/wp\/v2\/product_tag?post=1733"}],"curies":[{"name":"wp","href":"https:\/\/api.w.org\/{rel}","templated":true}]}}