{"id":1729,"date":"2023-11-23T09:42:43","date_gmt":"2023-11-23T09:42:43","guid":{"rendered":"https:\/\/kosmeetika24.com\/?post_type=product&#038;p=1729"},"modified":"2024-12-27T15:48:34","modified_gmt":"2024-12-27T12:48:34","slug":"bruno-vassari-lab-radiance-silmaumbruskreem","status":"publish","type":"product","link":"https:\/\/kosmeetika24.com\/fi\/tuote\/bruno-vassari-lab-radiance-silmaumbruskreem\/","title":{"rendered":"Bruno Vassari Lab Radiance Silm\u00e4nymp\u00e4rysvoide"},"content":{"rendered":"<p>Kevyt, ravitseva ja kosteuttava silm\u00e4nymp\u00e4rysvoide. Parantaa mikroverenkiertoa, tonifioi, vahvistaa ja kiinteytt\u00e4\u00e4 silm\u00e4nymp\u00e4rysihon. V\u00e4hent\u00e4\u00e4 tummia silm\u00e4nalusia ja turvotusta.<\/p>\n<p>Kreemiss\u00e4 olevat valoa heijastavat hiukkaset luovat \"Photoshop\"-efektin ilman, ett\u00e4 silm\u00e4nymp\u00e4rysalueelle tarvitsee k\u00e4ytt\u00e4\u00e4 peitevoidetta.<\/p>\n<p>Sopii kaikille ihotyypeille.<\/p>\n<p><b>P\u00c4\u00c4AINEOSAT<\/b><\/p>\n<ul>\n<li>Pro-Radiance Active,<\/li>\n<li>Glycosyl Hesperidiin,<\/li>\n<li>Acityl Hexapeptide 3,<\/li>\n<li>Valoa heijastavat pigmentit<\/li>\n<\/ul>\n<p><strong>Vaikutus<\/strong><\/p>\n<ul>\n<li>*Pro-Radiance Active (1%) sis\u00e4lt\u00e4\u00e4 ellagiinihappoa ja Stellight\u00ae. Erityisesti suunniteltu korostamaan ihon luonnollista s\u00e4ihkett\u00e4.<\/li>\n<\/ul>\n<ol>\n<li>Ellagiinihappo: polyfenoli, jolla on voimakas antioksidanttinen vaikutus. Se neutraloi ulkoisten tekij\u00f6iden, kuten tupakansavun tai saasteen, aiheuttamien vapaitten radikaalien vaikutuksia, jotka ovat vastuussa ihon ennenaikaisesta vanhenemisesta. Lis\u00e4ksi t\u00e4m\u00e4n hapen melanogeneesi\u00e4 est\u00e4v\u00e4n vaikutuksen ansiosta se antaa erinomaisen kirkastavan ja tasoittavan vaikutuksen ihon s\u00e4vyyn.<\/li>\n<li>Stellight\u00ae: Sen monimutkaisen vaikutusmekanismin ansiosta t\u00e4m\u00e4 peptidi lis\u00e4\u00e4 hehkuvaikutusta, parantaa ihon s\u00e4vy\u00e4 ja pigmentaatiota. Se my\u00f6s tasoittaa ja kirkastaa ihonv\u00e4ri\u00e4, lis\u00e4\u00e4 kasvojen hehkua ja parantaa sameaa ihon s\u00e4vy\u00e4.<\/li>\n<\/ol>\n<ul>\n<li>Valoa heijastavat pigmentit auttavat minimoimaan tummia s\u00e4vyj\u00e4.<\/li>\n<li>Glukosyylihesperidiini stimuloi ihon pinnallista mikroverenkiertoa, parantaa ihon s\u00e4vy\u00e4 ja taistelee tummia silm\u00e4nalusia ja turvotusta vastaan.<\/li>\n<\/ul>\n<p>Lis\u00e4ksi 95,6 % sen ainesosista on luonnollista alkuper\u00e4\u00e4.<\/p>\n<p>K\u00e4ytt\u00f6<\/p>\n<p>Puhdistuksen j\u00e4lkeen levit\u00e4 pieni m\u00e4\u00e4r\u00e4 silmavoidetta silm\u00e4nymp\u00e4rysiholle kevyill\u00e4 py\u00f6reill\u00e4 liikkeill\u00e4.<\/p>\n<p>Ainesosat<\/p>\n<p>AQUA (WATER), CAPRYLIC\/CAPRIC TRIGLYCERIDE, PROPANEDIOL, CETEARYL ALCOHOL, GLYCERYL STEARATE, PEG-100 STEARATE, MICA, CETYL ALCOHOL, DIMETHICONE, CI 77891 (TITANIUM DIOXIDE), GLUCOSYL HESPERDIN, DISODIUM CETEARYL SULFOSUCCIANTE , MANNITOL, PHOSPHATIDYLCHOLINE, ELLAGIC ACID, GLYCERIN, XANTHAN GUM, ETHYLHEXYLGLYCERIN, ACRYLATES\/C10-30 ALKYL ACRYLATE CROSSPOLYMER, ACETYL HEXAPEPTIDE-1, POLYSORBATE 80, PHENOXYETHANOL, DISODIUM EDTA, CHLORPHENESIN, CHOLESTEROL, SODIUM HYDROXIDE, CI 77861 (TIN OXIDE), SOIDUM BENZOATE, POTASSIUM BENZOATE, METHYLPROPANEDIOL, SODIUM CHLORIDE, CAPRYLYL GLYCOL, SODIUM SULFATE, PHENYLPROPANOL, CI 17200 (RED NO.33)<\/p>","protected":false},"excerpt":{"rendered":"<p>Ensimm\u00e4inen \"Photoshop-efektill\u00e4\" varustettu voide.<\/p>\n<p>Se saa silm\u00e4nymp\u00e4rysihon hehkumaan ja parantaa ihon s\u00e4vy\u00e4.<\/p>\n<p>V\u00e4hent\u00e4\u00e4 tummia silm\u00e4nalusia ja turvotusta.<\/p>\n<p>15ml<\/p>","protected":false},"featured_media":1730,"comment_status":"open","ping_status":"closed","template":"","meta":{"_uag_custom_page_level_css":"","site-sidebar-layout":"default","site-content-layout":"","ast-site-content-layout":"default","site-content-style":"default","site-sidebar-style":"default","ast-global-header-display":"","ast-banner-title-visibility":"","ast-main-header-display":"","ast-hfb-above-header-display":"","ast-hfb-below-header-display":"","ast-hfb-mobile-header-display":"","site-post-title":"","ast-breadcrumbs-content":"","ast-featured-img":"","footer-sml-layout":"","ast-disable-related-posts":"","theme-transparent-header-meta":"default","adv-header-id-meta":"","stick-header-meta":"","header-above-stick-meta":"","header-main-stick-meta":"","header-below-stick-meta":"","astra-migrate-meta-layouts":"set","ast-page-background-enabled":"default","ast-page-background-meta":{"desktop":{"background-color":"var(--ast-global-color-4)","background-image":"","background-repeat":"repeat","background-position":"center center","background-size":"auto","background-attachment":"scroll","background-type":"","background-media":"","overlay-type":"","overlay-color":"","overlay-opacity":"","overlay-gradient":""},"tablet":{"background-color":"","background-image":"","background-repeat":"repeat","background-position":"center center","background-size":"auto","background-attachment":"scroll","background-type":"","background-media":"","overlay-type":"","overlay-color":"","overlay-opacity":"","overlay-gradient":""},"mobile":{"background-color":"","background-image":"","background-repeat":"repeat","background-position":"center center","background-size":"auto","background-attachment":"scroll","background-type":"","background-media":"","overlay-type":"","overlay-color":"","overlay-opacity":"","overlay-gradient":""}},"ast-content-background-meta":{"desktop":{"background-color":"var(--ast-global-color-5)","background-image":"","background-repeat":"repeat","background-position":"center center","background-size":"auto","background-attachment":"scroll","background-type":"","background-media":"","overlay-type":"","overlay-color":"","overlay-opacity":"","overlay-gradient":""},"tablet":{"background-color":"var(--ast-global-color-5)","background-image":"","background-repeat":"repeat","background-position":"center center","background-size":"auto","background-attachment":"scroll","background-type":"","background-media":"","overlay-type":"","overlay-color":"","overlay-opacity":"","overlay-gradient":""},"mobile":{"background-color":"var(--ast-global-color-5)","background-image":"","background-repeat":"repeat","background-position":"center center","background-size":"auto","background-attachment":"scroll","background-type":"","background-media":"","overlay-type":"","overlay-color":"","overlay-opacity":"","overlay-gradient":""}}},"product_brand":[],"product_cat":[96,71,97],"product_tag":[],"class_list":{"0":"post-1729","1":"product","2":"type-product","3":"status-publish","4":"has-post-thumbnail","6":"product_cat-brands","7":"product_cat-lab-radiance","8":"product_cat-naole","9":"desktop-align-left","10":"tablet-align-left","11":"mobile-align-left","13":"first","14":"instock","15":"taxable","16":"shipping-taxable","17":"product-type-simple","18":"add-to-wishlist-before_image"},"uagb_featured_image_src":{"full":["https:\/\/kosmeetika24.com\/wp-content\/uploads\/2023\/11\/361-SILM.jpg",730,776,false],"thumbnail":["https:\/\/kosmeetika24.com\/wp-content\/uploads\/2023\/11\/361-SILM-150x150.jpg",150,150,true],"medium":["https:\/\/kosmeetika24.com\/wp-content\/uploads\/2023\/11\/361-SILM-282x300.jpg",282,300,true],"medium_large":["https:\/\/kosmeetika24.com\/wp-content\/uploads\/2023\/11\/361-SILM.jpg",730,776,false],"large":["https:\/\/kosmeetika24.com\/wp-content\/uploads\/2023\/11\/361-SILM.jpg",730,776,false],"1536x1536":["https:\/\/kosmeetika24.com\/wp-content\/uploads\/2023\/11\/361-SILM.jpg",730,776,false],"2048x2048":["https:\/\/kosmeetika24.com\/wp-content\/uploads\/2023\/11\/361-SILM.jpg",730,776,false],"trp-custom-language-flag":["https:\/\/kosmeetika24.com\/wp-content\/uploads\/2023\/11\/361-SILM-11x12.jpg",11,12,true],"woocommerce_thumbnail":["https:\/\/kosmeetika24.com\/wp-content\/uploads\/2023\/11\/361-SILM-300x300.jpg",300,300,true],"woocommerce_single":["https:\/\/kosmeetika24.com\/wp-content\/uploads\/2023\/11\/361-SILM-500x532.jpg",500,532,true],"woocommerce_gallery_thumbnail":["https:\/\/kosmeetika24.com\/wp-content\/uploads\/2023\/11\/361-SILM-100x100.jpg",100,100,true]},"uagb_author_info":{"display_name":"admin","author_link":"https:\/\/kosmeetika24.com\/fi\/author\/"},"uagb_comment_info":0,"uagb_excerpt":"Esimene \"Photoshopi efektiga\" kreem. Paneb silma\u00fcmbruse naha s\u00e4rama ja parandab nahatooni. V\u00e4hendab tumedaid ja turses silmaaluseid. 15ml","_links":{"self":[{"href":"https:\/\/kosmeetika24.com\/fi\/wp-json\/wp\/v2\/product\/1729","targetHints":{"allow":["GET"]}}],"collection":[{"href":"https:\/\/kosmeetika24.com\/fi\/wp-json\/wp\/v2\/product"}],"about":[{"href":"https:\/\/kosmeetika24.com\/fi\/wp-json\/wp\/v2\/types\/product"}],"replies":[{"embeddable":true,"href":"https:\/\/kosmeetika24.com\/fi\/wp-json\/wp\/v2\/comments?post=1729"}],"version-history":[{"count":2,"href":"https:\/\/kosmeetika24.com\/fi\/wp-json\/wp\/v2\/product\/1729\/revisions"}],"predecessor-version":[{"id":5632,"href":"https:\/\/kosmeetika24.com\/fi\/wp-json\/wp\/v2\/product\/1729\/revisions\/5632"}],"wp:featuredmedia":[{"embeddable":true,"href":"https:\/\/kosmeetika24.com\/fi\/wp-json\/wp\/v2\/media\/1730"}],"wp:attachment":[{"href":"https:\/\/kosmeetika24.com\/fi\/wp-json\/wp\/v2\/media?parent=1729"}],"wp:term":[{"taxonomy":"product_brand","embeddable":true,"href":"https:\/\/kosmeetika24.com\/fi\/wp-json\/wp\/v2\/product_brand?post=1729"},{"taxonomy":"product_cat","embeddable":true,"href":"https:\/\/kosmeetika24.com\/fi\/wp-json\/wp\/v2\/product_cat?post=1729"},{"taxonomy":"product_tag","embeddable":true,"href":"https:\/\/kosmeetika24.com\/fi\/wp-json\/wp\/v2\/product_tag?post=1729"}],"curies":[{"name":"wp","href":"https:\/\/api.w.org\/{rel}","templated":true}]}}