{"id":1725,"date":"2023-11-22T13:42:45","date_gmt":"2023-11-22T13:42:45","guid":{"rendered":"https:\/\/kosmeetika24.com\/?post_type=product&#038;p=1725"},"modified":"2025-07-03T11:30:30","modified_gmt":"2025-07-03T08:30:30","slug":"bruno-vassari-bioceuticals-intensiivselt-pinguldav-kreem","status":"publish","type":"product","link":"https:\/\/kosmeetika24.com\/fi\/tuote\/bruno-vassari-bioceuticals-intensiivselt-pinguldav-kreem\/","title":{"rendered":"BRUNO VASSARI Bioceuticals intensiivisesti kiinteytt\u00e4v\u00e4 voide"},"content":{"rendered":"<p class=\"translation-block\">Intensiivisesti kiinteytt\u00e4v\u00e4 voide <em>Lift Intensive Cream<\/em> sis\u00e4lt\u00e4\u00e4 suuren osan luonnollisen alkuper\u00e4n aktiivisia ainesosia, jotka auttavat tehokkaasti taistelemaan n\u00e4kyvi\u00e4 ihon l\u00f6ystymisen merkkej\u00e4 vastaan. Sen elegantti, iholle sulava rakenne kosteuttaa, eik\u00e4 j\u00e4t\u00e4 ihoa rasvaiseksi tai luo kirist\u00e4v\u00e4\u00e4 tunnetta.<\/p>\n<p><strong>P\u00c4\u00c4AINEOSAT<\/strong><\/p>\n<div class=\"page\" title=\"Page 4\">\n<div class=\"layoutArea\">\n<div class=\"column\">\n<ul>\n<li>LIFT Ole\u0301oactif\u00ae<\/li>\n<li>Dimet\u00fcylaminoetanolitartraatti<\/li>\n<li>Kreatiini<\/li>\n<li>Zirhafirm<\/li>\n<\/ul>\n<p><strong>Vaikutus<\/strong><\/p>\n<div class=\"page\" title=\"Page 4\">\n<div class=\"layoutArea\">\n<div class=\"column\">\n<ul>\n<li class=\"translation-block\"><strong>Lift Ole\u0301oactif\u00ae<\/strong> on ihon elvytt\u00e4misest\u00e4 saatavien \u00f6ljyjen aktiivisten ainesosien kompleksi. Se on luonnollinen monitoiminen kiinteytt\u00e4v\u00e4 aine, joka on saatu innovatiivisella ja patentoidulla menetelm\u00e4ll\u00e4, joka on 100% kest\u00e4v\u00e4 ja maksimoi sen komponenttien tehoa.<\/li>\n<li class=\"translation-block\"><strong>Dimet\u00fcylaminietanoli tartaatti<\/strong> on voimakas kiinteytt\u00e4v\u00e4 aine, joka kohottaa ihoa ja tekee siit\u00e4 elastisempaa.<\/li>\n<li class=\"translation-block\"><strong>Kreatiini<\/strong> saadaan luonnollisista aminohapoista, jotka aktivoivat solujen aineenvaihduntaa uudelleen. Se antaa soluillle energiaa uudistumiseen ja parantaa n\u00e4in proteiinisynteesi\u00e4, kosteutusta ja ihon suojaa.<\/li>\n<li class=\"translation-block\"><strong>Zirhafirm<\/strong> on rakenneaine, joka kiinteytt\u00e4\u00e4 ihoa. Se on yhdistelm\u00e4 biomolekyylej\u00e4, jotka vahvistavat solujen yhdisteit\u00e4.<\/li>\n<\/ul>\n<p>K\u00e4ytt\u00f6<\/p>\n<p>Levit\u00e4 kermaa puhtaalle iholle aamuisin ja iltaisin, hieroen hell\u00e4sti haluttua aluetta.<\/p>\n<p>Ainesosat<\/p>\n<p>AQUA (WATER), CAPRYLIC\/CAPRIC TRIGLYCERIDE, GLYCERIN, PROPANEDIOL, CETEARYL ALCOHOL, MACADAMIA INTEGRIFOLIA SEED OIL, SQUALANE, CARTHAMUS TINCTORILUS (SAFFLOVER) SEED OIL, HYDROGENATED PHOSPHATIDYLCHOLINE, BUTYROSPERMUM PARKII (SHEA) BUTTER, DIMETHYLAMINOETHANOL TARTRATE, CREATINE, PENTYLENE GLYCOL, SPILANTHES ACMELLA FLUWER\/LEAF\/STEM EXTRACT, ASTRAGALUS MEMBRANACEUS ROOT EXTRACT, PHENOXYETHANOL, UBIQUINONE, ZIZYPHUS JUJUBA SEED EXTRACT, TOCOPHEROL, PHYTOECDYSTEROIDS, PARFUM (FRAGRANCE), XANTHAN GUM, CARBOMER, CHLORPHENESIN, DISODIUM EDTA, CERAMIDE NP SODIUM HYDROXIDE, SODIUM BENZOATE, POTASSIUM SORBATE.<\/p>\n<\/div>\n<\/div>\n<\/div>\n<\/div>\n<\/div>\n<\/div>","protected":false},"excerpt":{"rendered":"<p>Intensiivisesti kiinteytt\u00e4v\u00e4 kasvojen voide, joka auttaa taistelemaan ik\u00e4\u00e4ntymisen merkkej\u00e4 ja ihon l\u00f6ystymist\u00e4 vastaan kasvoilla ja kaulalla.<\/p>\n<p>Vaikutus on v\u00e4lit\u00f6n ja lis\u00e4\u00e4ntyy jatkuvassa k\u00e4yt\u00f6ss\u00e4.<\/p>\n<p>50 ml<\/p>","protected":false},"featured_media":1726,"comment_status":"open","ping_status":"closed","template":"","meta":{"_uag_custom_page_level_css":"","site-sidebar-layout":"default","site-content-layout":"","ast-site-content-layout":"default","site-content-style":"default","site-sidebar-style":"default","ast-global-header-display":"","ast-banner-title-visibility":"","ast-main-header-display":"","ast-hfb-above-header-display":"","ast-hfb-below-header-display":"","ast-hfb-mobile-header-display":"","site-post-title":"","ast-breadcrumbs-content":"","ast-featured-img":"","footer-sml-layout":"","ast-disable-related-posts":"","theme-transparent-header-meta":"default","adv-header-id-meta":"","stick-header-meta":"","header-above-stick-meta":"","header-main-stick-meta":"","header-below-stick-meta":"","astra-migrate-meta-layouts":"set","ast-page-background-enabled":"default","ast-page-background-meta":{"desktop":{"background-color":"var(--ast-global-color-4)","background-image":"","background-repeat":"repeat","background-position":"center center","background-size":"auto","background-attachment":"scroll","background-type":"","background-media":"","overlay-type":"","overlay-color":"","overlay-opacity":"","overlay-gradient":""},"tablet":{"background-color":"","background-image":"","background-repeat":"repeat","background-position":"center center","background-size":"auto","background-attachment":"scroll","background-type":"","background-media":"","overlay-type":"","overlay-color":"","overlay-opacity":"","overlay-gradient":""},"mobile":{"background-color":"","background-image":"","background-repeat":"repeat","background-position":"center center","background-size":"auto","background-attachment":"scroll","background-type":"","background-media":"","overlay-type":"","overlay-color":"","overlay-opacity":"","overlay-gradient":""}},"ast-content-background-meta":{"desktop":{"background-color":"var(--ast-global-color-5)","background-image":"","background-repeat":"repeat","background-position":"center center","background-size":"auto","background-attachment":"scroll","background-type":"","background-media":"","overlay-type":"","overlay-color":"","overlay-opacity":"","overlay-gradient":""},"tablet":{"background-color":"var(--ast-global-color-5)","background-image":"","background-repeat":"repeat","background-position":"center center","background-size":"auto","background-attachment":"scroll","background-type":"","background-media":"","overlay-type":"","overlay-color":"","overlay-opacity":"","overlay-gradient":""},"mobile":{"background-color":"var(--ast-global-color-5)","background-image":"","background-repeat":"repeat","background-position":"center center","background-size":"auto","background-attachment":"scroll","background-type":"","background-media":"","overlay-type":"","overlay-color":"","overlay-opacity":"","overlay-gradient":""}}},"product_brand":[],"product_cat":[79,96,97],"product_tag":[],"class_list":{"0":"post-1725","1":"product","2":"type-product","3":"status-publish","4":"has-post-thumbnail","6":"product_cat-bioceuticals","7":"product_cat-brands","8":"product_cat-naole","9":"desktop-align-left","10":"tablet-align-left","11":"mobile-align-left","13":"first","14":"instock","15":"taxable","16":"shipping-taxable","17":"product-type-simple","18":"add-to-wishlist-before_image"},"uagb_featured_image_src":{"full":["https:\/\/kosmeetika24.com\/wp-content\/uploads\/2023\/11\/lift-intensive-340.png",600,600,false],"thumbnail":["https:\/\/kosmeetika24.com\/wp-content\/uploads\/2023\/11\/lift-intensive-340-150x150.png",150,150,true],"medium":["https:\/\/kosmeetika24.com\/wp-content\/uploads\/2023\/11\/lift-intensive-340-300x300.png",300,300,true],"medium_large":["https:\/\/kosmeetika24.com\/wp-content\/uploads\/2023\/11\/lift-intensive-340.png",600,600,false],"large":["https:\/\/kosmeetika24.com\/wp-content\/uploads\/2023\/11\/lift-intensive-340.png",600,600,false],"1536x1536":["https:\/\/kosmeetika24.com\/wp-content\/uploads\/2023\/11\/lift-intensive-340.png",600,600,false],"2048x2048":["https:\/\/kosmeetika24.com\/wp-content\/uploads\/2023\/11\/lift-intensive-340.png",600,600,false],"trp-custom-language-flag":["https:\/\/kosmeetika24.com\/wp-content\/uploads\/2023\/11\/lift-intensive-340-12x12.png",12,12,true],"woocommerce_thumbnail":["https:\/\/kosmeetika24.com\/wp-content\/uploads\/2023\/11\/lift-intensive-340-300x300.png",300,300,true],"woocommerce_single":["https:\/\/kosmeetika24.com\/wp-content\/uploads\/2023\/11\/lift-intensive-340-500x500.png",500,500,true],"woocommerce_gallery_thumbnail":["https:\/\/kosmeetika24.com\/wp-content\/uploads\/2023\/11\/lift-intensive-340-100x100.png",100,100,true]},"uagb_author_info":{"display_name":"admin","author_link":"https:\/\/kosmeetika24.com\/fi\/author\/"},"uagb_comment_info":0,"uagb_excerpt":"Intensiivselt pinguldav n\u00e4okreem, mis aitab v\u00f5idelda vananemisilmingutega ja naha l\u00f5tvumisega n\u00e4ol ning kaelal. Toime on kohene ja suureneb pideva kasutamise jooksul. 50 ml","_links":{"self":[{"href":"https:\/\/kosmeetika24.com\/fi\/wp-json\/wp\/v2\/product\/1725","targetHints":{"allow":["GET"]}}],"collection":[{"href":"https:\/\/kosmeetika24.com\/fi\/wp-json\/wp\/v2\/product"}],"about":[{"href":"https:\/\/kosmeetika24.com\/fi\/wp-json\/wp\/v2\/types\/product"}],"replies":[{"embeddable":true,"href":"https:\/\/kosmeetika24.com\/fi\/wp-json\/wp\/v2\/comments?post=1725"}],"version-history":[{"count":2,"href":"https:\/\/kosmeetika24.com\/fi\/wp-json\/wp\/v2\/product\/1725\/revisions"}],"predecessor-version":[{"id":5479,"href":"https:\/\/kosmeetika24.com\/fi\/wp-json\/wp\/v2\/product\/1725\/revisions\/5479"}],"wp:featuredmedia":[{"embeddable":true,"href":"https:\/\/kosmeetika24.com\/fi\/wp-json\/wp\/v2\/media\/1726"}],"wp:attachment":[{"href":"https:\/\/kosmeetika24.com\/fi\/wp-json\/wp\/v2\/media?parent=1725"}],"wp:term":[{"taxonomy":"product_brand","embeddable":true,"href":"https:\/\/kosmeetika24.com\/fi\/wp-json\/wp\/v2\/product_brand?post=1725"},{"taxonomy":"product_cat","embeddable":true,"href":"https:\/\/kosmeetika24.com\/fi\/wp-json\/wp\/v2\/product_cat?post=1725"},{"taxonomy":"product_tag","embeddable":true,"href":"https:\/\/kosmeetika24.com\/fi\/wp-json\/wp\/v2\/product_tag?post=1725"}],"curies":[{"name":"wp","href":"https:\/\/api.w.org\/{rel}","templated":true}]}}