{"id":1723,"date":"2023-11-22T13:34:32","date_gmt":"2023-11-22T13:34:32","guid":{"rendered":"https:\/\/kosmeetika24.com\/?post_type=product&#038;p=1723"},"modified":"2025-07-03T11:28:52","modified_gmt":"2025-07-03T08:28:52","slug":"bruno-vassari-lab-biotics-taastav-kreem","status":"publish","type":"product","link":"https:\/\/kosmeetika24.com\/fi\/tuote\/bruno-vassari-lab-biotics-taastav-kreem\/","title":{"rendered":"BRUNO VASSARI Lab Biotics palauttava voide"},"content":{"rendered":"<p class=\"translation-block\"><em>Lactis Advanced Cream<\/em> on prebioottisten ja probioottisten vaikuttavien aineiden rikas palauttava voide, joka auttaa yll\u00e4pit\u00e4m\u00e4\u00e4n ihon florabalanseja. Se aktivoi solujen uudistumista, vahvistaen ihon luonnollista suojaa, joka suojaa meit\u00e4 ulkoisilta haitallisilta tekij\u00f6ilt\u00e4 samalla syv\u00e4sti kosteuttaen ja elvytt\u00e4en.<\/p>\n<p>\u041a\u043e\u0436\u0430 \u0432\u044b\u0433\u043b\u044f\u0434\u0438\u0442 \u0431\u043e\u043b\u0435\u0435 \u0437\u0434\u043e\u0440\u043e\u0432\u043e\u0439: \u0432\u043e\u0441\u0441\u0442\u0430\u043d\u0430\u0432\u043b\u0438\u0432\u0430\u0435\u0442 \u0443\u0432\u043b\u0430\u0436\u043d\u0435\u043d\u0438\u0435, \u0433\u043b\u0430\u0434\u043a\u043e\u0441\u0442\u044c, \u044d\u043b\u0430\u0441\u0442\u0438\u0447\u043d\u043e\u0441\u0442\u044c \u0438 \u0441\u043f\u043e\u0441\u043e\u0431\u043d\u043e\u0441\u0442\u044c \u043a \u043e\u0431\u043d\u043e\u0432\u043b\u0435\u043d\u0438\u044e, \u0443\u043b\u0443\u0447\u0448\u0430\u044f \u0442\u043e\u043d \u043a\u043e\u0436\u0438 \u0438 \u043f\u0440\u0438\u0437\u043d\u0430\u043a\u0438 \u0441\u0442\u0430\u0440\u0435\u043d\u0438\u044f, \u0442\u0430\u043a\u0438\u0435 \u043a\u0430\u043a \u043c\u043e\u0440\u0449\u0438\u043d\u044b \u0438 \u043c\u0438\u043c\u0438\u0447\u0435\u0441\u043a\u0438\u0435 \u043b\u0438\u043d\u0438\u0438. \u0422\u0430\u043a\u0436\u0435 \u043f\u043e\u0434\u0434\u0435\u0440\u0436\u0438\u0432\u0430\u0435\u0442 \u043e\u043f\u0442\u0438\u043c\u0430\u043b\u044c\u043d\u044b\u0439 pH \u043a\u043e\u0436\u0438 \u0434\u043b\u044f \u0441\u043e\u0445\u0440\u0430\u043d\u0435\u043d\u0438\u044f \u0431\u0430\u043b\u0430\u043d\u0441\u0430 \u0435\u0435 \u044d\u043a\u043e\u0441\u0438\u0441\u0442\u0435\u043c\u044b.<\/p>\n<p>Sopii kaikille ihotyypeille, erityisesti herk\u00e4lle iholle.<\/p>\n<p><strong>P\u00c4\u00c4AINEOSAT<\/strong><\/p>\n<ul>\n<li class=\"translation-block\">ProRenew Complex CLR\u2122 on probioottinen ainesosa, joka on saatu <em>Lactococcus lactis<\/em> -lysaatista.<\/li>\n<li>ProRenew Complex CLR\u2122 on probioottinen ainesosa, joka on saatu <em>Lactococcus lactis<\/em> -lysaatista.<\/li>\n<li>Kombucha\u2122 PH<\/li>\n<li>Niasiiniamidi<\/li>\n<li>Hyaluronihappo<\/li>\n<\/ul>\n<p><strong>Vaikutus<\/strong><\/p>\n<ul>\n<li>ProRenew Complex CLR\u2122 nopeuttaa ihon uudistumista: se vahvistaa solujen uudistumista, parantaen sek\u00e4 nopeutta ett\u00e4 laatua. Se auttaa yll\u00e4pit\u00e4m\u00e4\u00e4n epidermiksen esteen tasapainoa ja s\u00e4ilytt\u00e4m\u00e4\u00e4n kosteuden ja suojan optimaalisen tasapainon. Se lis\u00e4\u00e4 ihon luonnollista suojaavuutta.<\/li>\n<li>Teflose\u00ae on kasvipohjaisista bakteereista fermentoinnin kautta saatu polysakkaridi, jonka rakenne on rikas ramnoosista. Se toimii suojaavana aineena, est\u00e4en patogeenisten bakteerien kiinnittymist\u00e4 ihon pinnalle ja v\u00e4hent\u00e4en altistumista saasteille. Se rauhoittaa ja suojaa ihoa.<\/li>\n<li class=\"translation-block\">Kombuchka\u2122 PH on mustasta teest\u00e4 fermentoitu tuote, joka on saatu kahden mikro-organismin (hiiva <em>Saccharomyces<\/em> ja bakteeri <em>Xylinum<\/em>) symbioosin avulla. Se pehment\u00e4\u00e4 ja virkist\u00e4\u00e4 ihoa sek\u00e4 parantaa sen laatua (pehmeys ja hehku).<\/li>\n<li>Niasiiniamidi on B3-vitamiinin johdannainen, joka auttaa v\u00e4hent\u00e4m\u00e4\u00e4n ryppyj\u00e4 ja hienoja juonteita, v\u00e4hent\u00e4\u00e4 valovanhentumisen merkkej\u00e4, v\u00e4hent\u00e4\u00e4 pigmentaatiota ja kirkastaa ihoa. Se n\u00e4kyv\u00e4sti pienent\u00e4\u00e4 huokosten kokoa, stimuloi kollageenin tuotantoa, parantaa sameaa ihonv\u00e4ri\u00e4 ja vahvistaa ihon suojaavaa estett\u00e4, mik\u00e4 edist\u00e4\u00e4 ihon kosteutusta.<\/li>\n<li>Hyaluronihapolla on suuri veden sitomiskyky, mik\u00e4 auttaa palauttamaan kuituja, jotka tukevat ihon rakennetta. Keskim\u00e4\u00e4r\u00e4isen molekyylipainonsa ansiosta hyaluronihappo pystyy tunkeutumaan sarveiskerroksen l\u00e4pi, sitomaan vett\u00e4 sek\u00e4 kosteuttamaan ja palauttamaan epidermiksen tilavuutta.<\/li>\n<\/ul>\n<p>K\u00e4ytt\u00f6<\/p>\n<ul>\n<li class=\"translation-block\">Puhdista iho etuk\u00e4teen esimerkiksi <a href=\"https:\/\/kosmeetika24.eu\/toode\/bruno-vassari-lab-biotics-rikkalik-puhastusvaht\/\" target=\"_self\">BRUNO VASSARI Lab Biotics runsaalla puhdistusvaahdolla<\/a>.<\/li>\n<li class=\"translation-block\">Tasoita iho etuk\u00e4teen esimerkiksi <a href=\"https:\/\/kosmeetika24.eu\/toode\/bruno-vassari-lab-biotics-igapaevane-toonik-2\/\" target=\"_self\">BRUNO VASSARI Lab Biotics p\u00e4ivitt\u00e4isell\u00e4 tonikilla<\/a>.<\/li>\n<li>Levit\u00e4 kermaa puhtaalle iholle hell\u00e4varaisilla hierontaliikkeill\u00e4. Sopii k\u00e4ytett\u00e4v\u00e4ksi sek\u00e4 aamulla ett\u00e4 illalla.<\/li>\n<li class=\"translation-block\">Silm\u00e4nymp\u00e4rist\u00f6n hoitoon voit k\u00e4ytt\u00e4\u00e4 esimerkiksi <a href=\"https:\/\/kosmeetika24.eu\/toode\/bruno-vassari-collagen-booster-peptide-eye-contour-gel-cream\/\" target=\"_self\">BRUNO VASSARI Collagen Booster peptidikompleksilla varustettua silm\u00e4nymp\u00e4rysvoidetta<\/a>.<\/li>\n<\/ul>\n<p>Ainesosat<\/p>\n<p><span style=\"font-size: 14px;\">AQUA (WATER), GLYCERIN, DICAPRYLYL CARBONATE, CAPRYLIC\/CAPRIC TRIGLYCERIDE, ISONONYL, ISONONANOATE, LACTOCOCCUS FERMENT LYSATE, NIACINAMIDE, GLYCOL PALMITATE, POLYACRYLATE 13, PROPANEDIOL, GLYCERYL STEARATE, PEG-100 STEARATE, DIMETHICONE, SACCHAROMYCES\/XYLINUM\/BLAC TEA FERMENT, C14-22 ALCOHOLS, RHAMNOSE, GLUCOSE, POLYISOBUTENE, C12-20 ALKYL GLUCOSIDE, SODIUM HYALURONATE, PHENOXYETHANOL, ECTOIN, POLYSORBATE 20, GLUCURONIC ACID, CHLORPHENESIN, DISODIUM EDTA, LACTIC ACID, METHYLPARABEN, PARFUM (FRAGRANCE), SODIUM HYDROXIDE, HYDROXYETHYLCELLULOSE, SODIUM CHLORIDE, SODIUM CITRATE, SODIUM BENZOATE, CITRIC ACID, POTASSIUM SORBATE.<\/span><\/p>","protected":false},"excerpt":{"rendered":"<p>K\u00e4ynnist\u00e4\u00e4 prebioottisten ja probioottisten vaikuttavien aineiden rikas palauttava voide, joka auttaa yll\u00e4pit\u00e4m\u00e4\u00e4n ihon florabalanseja. Se aktivoi solujen uudistumista, vahvistaen ihon luonnollista suojaa, joka suojaa meit\u00e4 ulkoisilta haitallisilta tekij\u00f6ilt\u00e4 samalla syv\u00e4sti kosteuttaen ja elvytt\u00e4en.<\/p>\n<p>50 ml<\/p>","protected":false},"featured_media":1724,"comment_status":"open","ping_status":"closed","template":"","meta":{"_uag_custom_page_level_css":"","site-sidebar-layout":"default","site-content-layout":"","ast-site-content-layout":"default","site-content-style":"default","site-sidebar-style":"default","ast-global-header-display":"","ast-banner-title-visibility":"","ast-main-header-display":"","ast-hfb-above-header-display":"","ast-hfb-below-header-display":"","ast-hfb-mobile-header-display":"","site-post-title":"","ast-breadcrumbs-content":"","ast-featured-img":"","footer-sml-layout":"","ast-disable-related-posts":"","theme-transparent-header-meta":"default","adv-header-id-meta":"","stick-header-meta":"","header-above-stick-meta":"","header-main-stick-meta":"","header-below-stick-meta":"","astra-migrate-meta-layouts":"set","ast-page-background-enabled":"default","ast-page-background-meta":{"desktop":{"background-color":"var(--ast-global-color-4)","background-image":"","background-repeat":"repeat","background-position":"center center","background-size":"auto","background-attachment":"scroll","background-type":"","background-media":"","overlay-type":"","overlay-color":"","overlay-opacity":"","overlay-gradient":""},"tablet":{"background-color":"","background-image":"","background-repeat":"repeat","background-position":"center center","background-size":"auto","background-attachment":"scroll","background-type":"","background-media":"","overlay-type":"","overlay-color":"","overlay-opacity":"","overlay-gradient":""},"mobile":{"background-color":"","background-image":"","background-repeat":"repeat","background-position":"center center","background-size":"auto","background-attachment":"scroll","background-type":"","background-media":"","overlay-type":"","overlay-color":"","overlay-opacity":"","overlay-gradient":""}},"ast-content-background-meta":{"desktop":{"background-color":"var(--ast-global-color-5)","background-image":"","background-repeat":"repeat","background-position":"center center","background-size":"auto","background-attachment":"scroll","background-type":"","background-media":"","overlay-type":"","overlay-color":"","overlay-opacity":"","overlay-gradient":""},"tablet":{"background-color":"var(--ast-global-color-5)","background-image":"","background-repeat":"repeat","background-position":"center center","background-size":"auto","background-attachment":"scroll","background-type":"","background-media":"","overlay-type":"","overlay-color":"","overlay-opacity":"","overlay-gradient":""},"mobile":{"background-color":"var(--ast-global-color-5)","background-image":"","background-repeat":"repeat","background-position":"center center","background-size":"auto","background-attachment":"scroll","background-type":"","background-media":"","overlay-type":"","overlay-color":"","overlay-opacity":"","overlay-gradient":""}}},"product_brand":[],"product_cat":[96,66,97],"product_tag":[],"class_list":{"0":"post-1723","1":"product","2":"type-product","3":"status-publish","4":"has-post-thumbnail","6":"product_cat-brands","7":"product_cat-lab-biotics","8":"product_cat-naole","9":"desktop-align-left","10":"tablet-align-left","11":"mobile-align-left","13":"first","14":"instock","15":"taxable","16":"shipping-taxable","17":"product-type-simple","18":"add-to-wishlist-before_image"},"uagb_featured_image_src":{"full":["https:\/\/kosmeetika24.com\/wp-content\/uploads\/2023\/11\/334-Lactis-Advanced-Cream-1.jpg",600,600,false],"thumbnail":["https:\/\/kosmeetika24.com\/wp-content\/uploads\/2023\/11\/334-Lactis-Advanced-Cream-1-150x150.jpg",150,150,true],"medium":["https:\/\/kosmeetika24.com\/wp-content\/uploads\/2023\/11\/334-Lactis-Advanced-Cream-1-300x300.jpg",300,300,true],"medium_large":["https:\/\/kosmeetika24.com\/wp-content\/uploads\/2023\/11\/334-Lactis-Advanced-Cream-1.jpg",600,600,false],"large":["https:\/\/kosmeetika24.com\/wp-content\/uploads\/2023\/11\/334-Lactis-Advanced-Cream-1.jpg",600,600,false],"1536x1536":["https:\/\/kosmeetika24.com\/wp-content\/uploads\/2023\/11\/334-Lactis-Advanced-Cream-1.jpg",600,600,false],"2048x2048":["https:\/\/kosmeetika24.com\/wp-content\/uploads\/2023\/11\/334-Lactis-Advanced-Cream-1.jpg",600,600,false],"trp-custom-language-flag":["https:\/\/kosmeetika24.com\/wp-content\/uploads\/2023\/11\/334-Lactis-Advanced-Cream-1-12x12.jpg",12,12,true],"woocommerce_thumbnail":["https:\/\/kosmeetika24.com\/wp-content\/uploads\/2023\/11\/334-Lactis-Advanced-Cream-1-300x300.jpg",300,300,true],"woocommerce_single":["https:\/\/kosmeetika24.com\/wp-content\/uploads\/2023\/11\/334-Lactis-Advanced-Cream-1-500x500.jpg",500,500,true],"woocommerce_gallery_thumbnail":["https:\/\/kosmeetika24.com\/wp-content\/uploads\/2023\/11\/334-Lactis-Advanced-Cream-1-100x100.jpg",100,100,true]},"uagb_author_info":{"display_name":"admin","author_link":"https:\/\/kosmeetika24.com\/fi\/author\/"},"uagb_comment_info":0,"uagb_excerpt":"Prebiootiliste ja probiootiliste toimeainete rikas taastav kreem, mis aitab s\u00e4ilitada naha naha floora tasakaalu. Taasaktiveerib enda rakulist uuenemist, tugevdades naha loomulikku barj\u00e4\u00e4ri, mis kaitseb meid v\u00e4liste kahjulike tegurite eest, samal ajal s\u00fcgavniisutades ja taaselustades. 50 ml","_links":{"self":[{"href":"https:\/\/kosmeetika24.com\/fi\/wp-json\/wp\/v2\/product\/1723","targetHints":{"allow":["GET"]}}],"collection":[{"href":"https:\/\/kosmeetika24.com\/fi\/wp-json\/wp\/v2\/product"}],"about":[{"href":"https:\/\/kosmeetika24.com\/fi\/wp-json\/wp\/v2\/types\/product"}],"replies":[{"embeddable":true,"href":"https:\/\/kosmeetika24.com\/fi\/wp-json\/wp\/v2\/comments?post=1723"}],"version-history":[{"count":2,"href":"https:\/\/kosmeetika24.com\/fi\/wp-json\/wp\/v2\/product\/1723\/revisions"}],"predecessor-version":[{"id":5362,"href":"https:\/\/kosmeetika24.com\/fi\/wp-json\/wp\/v2\/product\/1723\/revisions\/5362"}],"wp:featuredmedia":[{"embeddable":true,"href":"https:\/\/kosmeetika24.com\/fi\/wp-json\/wp\/v2\/media\/1724"}],"wp:attachment":[{"href":"https:\/\/kosmeetika24.com\/fi\/wp-json\/wp\/v2\/media?parent=1723"}],"wp:term":[{"taxonomy":"product_brand","embeddable":true,"href":"https:\/\/kosmeetika24.com\/fi\/wp-json\/wp\/v2\/product_brand?post=1723"},{"taxonomy":"product_cat","embeddable":true,"href":"https:\/\/kosmeetika24.com\/fi\/wp-json\/wp\/v2\/product_cat?post=1723"},{"taxonomy":"product_tag","embeddable":true,"href":"https:\/\/kosmeetika24.com\/fi\/wp-json\/wp\/v2\/product_tag?post=1723"}],"curies":[{"name":"wp","href":"https:\/\/api.w.org\/{rel}","templated":true}]}}