{"id":1721,"date":"2024-01-05T18:23:00","date_gmt":"2024-01-05T18:23:00","guid":{"rendered":"https:\/\/kosmeetika24.com\/?post_type=product&#038;p=1721"},"modified":"2025-07-03T11:28:21","modified_gmt":"2025-07-03T08:28:21","slug":"bruno-vassari-lab-biotics-igapaevane-toonik","status":"publish","type":"product","link":"https:\/\/kosmeetika24.com\/fi\/tuote\/bruno-vassari-lab-biotics-igapaevane-toonik\/","title":{"rendered":"BRUNO VASSARI Lab Biotics p\u00e4ivitt\u00e4inen tonic"},"content":{"rendered":"<p class=\"translation-block\">Prebioottinen kasvosuihke <em>Daily Mist Toner<\/em> virkist\u00e4\u00e4, kosteuttaa ja aktivoi ihon luonnollisia puolustuskykyj\u00e4. Se palauttaa florabalanseja p\u00e4ivitt\u00e4isen puhdistuksen j\u00e4lkeen ja suojaa ihon ekosysteemi\u00e4 ulkoisilta tekij\u00f6ilt\u00e4, vahvistaen ihon suojaavaa estett\u00e4 ja yll\u00e4pit\u00e4en optimaalista kosteustasoa.<\/p>\n<p>Sopii kaikille ihotyypeille, erityisesti herk\u00e4lle iholle.<\/p>\n<p><strong>P\u00c4\u00c4AINEOSAT<\/strong><\/p>\n<ul>\n<li>BioEcolia\u00ae: luonnollisesta sokerista johdettu prebioottinen suojelija.<\/li>\n<li>Kombucha\u2122 PH<\/li>\n<li>Inositoli<\/li>\n<\/ul>\n<p><strong>Vaikutus<\/strong><\/p>\n<ul>\n<li>BioEcolia\u00ae aktivoi ja vahvistaa ihon luonnollista suojan. Monimutkaisen rakenteensa vuoksi se suojaa ja yll\u00e4pit\u00e4\u00e4 herkkien ihon ekosysteemin tasapainoa, joka on jatkuvasti alttiina lukuisille ulkoisille tekij\u00f6ille. Se vahvistaa sarveiskerroksen suojabarri\u00e4\u00e4ri\u00e4, parantaen sen yleist\u00e4 kuntoa ja mukavuutta.<\/li>\n<li class=\"translation-block\">Kombuchka\u2122 PH on mustasta teest\u00e4 fermentoitu tuote, joka on saatu kahden mikro-organismin (hiiva <em>Saccharomyces<\/em> ja bakteeri <em>Xylinum<\/em>) symbioosin avulla. Se pehment\u00e4\u00e4 ja virkist\u00e4\u00e4 ihoa sek\u00e4 parantaa sen laatua (pehmeys ja hehku).<\/li>\n<li>Inositoli aktivoi ihosoluja, jotka vastaavat t\u00e4rkeiden proteiinien, kuten elastaanin ja kollageenin, synteesist\u00e4, jotta iho pysyy hyv\u00e4kuntoisena, ehe\u00e4n\u00e4 ja s\u00e4ilytt\u00e4\u00e4 ominaisuutensa. Se yll\u00e4pit\u00e4\u00e4 kosteustasapainoa est\u00e4m\u00e4ll\u00e4 veden haihtumista ihon l\u00e4pi, parantaa yleist\u00e4 kosteutusta ja est\u00e4\u00e4 n\u00e4in ryppyjen ja ilmejuonteiden syntymist\u00e4.<\/li>\n<\/ul>\n<p>K\u00e4ytt\u00f6<\/p>\n<ul>\n<li class=\"translation-block\">Puhdista iho etuk\u00e4teen esimerkiksi <a href=\"https:\/\/kosmeetika24.eu\/toode\/bruno-vassari-lab-biotics-rikkalik-puhastusvaht\/\" target=\"_self\">BRUNO VASSARI Lab Biotics runsaalla puhdistusvaahdolla<\/a>.<\/li>\n<li>Levit\u00e4 toneria puhtaalle ja kuivalle iholle hell\u00e4varaisesti vanulapulla, hieroen kevyesti. Sopii k\u00e4ytett\u00e4v\u00e4ksi sek\u00e4 aamulla ett\u00e4 illalla.<\/li>\n<li class=\"translation-block\">Jatka sopivalla kremill\u00e4. Aamulla k\u00e4yt\u00e4 esimerkiksi <a href=\"https:\/\/kosmeetika24.eu\/toode\/bruno-vassari-lab-biotics-taastav-kreem\/\" target=\"_self\">BRUNO VASSARI Lab Biotics palautuskreemill\u00e4<\/a>. Eritt\u00e4in herk\u00e4lle iholle voit k\u00e4ytt\u00e4\u00e4 esimerkiksi <a href=\"https:\/\/kosmeetika24.eu\/toode\/bruno-vassari-lab-biotics-kreem-eriti-tundlikule-nahale\/\" target=\"_self\">BRUNO VASSARI Lab Biotics voidetta erityisesti herk\u00e4lle iholle<\/a>.<\/li>\n<li class=\"translation-block\">Illalla k\u00e4yt\u00e4 esimerkiksi <a href=\"https:\/\/kosmeetika24.eu\/toode\/bruno-vassari-lab-biotics-skin-defence-boosters-capsules\/\" target=\"_self\">BRUNO VASSARI Lab Biotics ihon suojaavaa seerumia (kapselimuodossa)<\/a>.<\/li>\n<\/ul>\n<p>Ihon valmistamiseksi ja vaikuttavien aineiden imeytymisen edist\u00e4miseksi k\u00e4yt\u00e4 toneria suihkeen sijaan, suihkuttaen sit\u00e4 halutulle alueelle. Suihkuttaminen mahdollistaa ihon kosteuden ja mukavuuden palauttamisen koko p\u00e4iv\u00e4n ajan.<\/p>\n<p>Ainesosat<\/p>\n<p><span style=\"font-size: 14px;\">AQUA (WATER), BUTYLENE GLYCOL, PROPANEDIOL, INOSITOL, ALPHA-GLUCAN OLIGOSACCHARIDE, SACCHAROMYCES\/XYLINUM\/BLAK TEA FERMENT, SODIUM PCA, PHENOXYETHANOL, DISODIUM EDTA, CHLORPHENESIN, PEG-40 HYDROGENATED GASTOR OIL, GLYCERIN, PARFUM (FRAGRANCE), HYDROXYETHYLCELLULOSE, SODIUM CITRATE, CITRIC ACID, POTASSIUM SORBATE.<\/span><\/p>","protected":false},"excerpt":{"rendered":"<p>Monitoiminen toneri, joka virkist\u00e4\u00e4, kosteuttaa ja aktivoi ihon luonnollisia puolustuskykyj\u00e4. Prebioottirikkaan koostumuksensa ansiosta se palauttaa hy\u00f6dyllisen florabalanseja ja suojaa ihoa ulkoisilta aggressioilta, vahvistaen suojaavaa estett\u00e4 ja yll\u00e4pit\u00e4en optimaalista kosteustasoa.<\/p>\n<p>200 ml<\/p>","protected":false},"featured_media":1722,"comment_status":"open","ping_status":"closed","template":"","meta":{"_uag_custom_page_level_css":"","site-sidebar-layout":"default","site-content-layout":"","ast-site-content-layout":"default","site-content-style":"default","site-sidebar-style":"default","ast-global-header-display":"","ast-banner-title-visibility":"","ast-main-header-display":"","ast-hfb-above-header-display":"","ast-hfb-below-header-display":"","ast-hfb-mobile-header-display":"","site-post-title":"","ast-breadcrumbs-content":"","ast-featured-img":"","footer-sml-layout":"","ast-disable-related-posts":"","theme-transparent-header-meta":"default","adv-header-id-meta":"","stick-header-meta":"","header-above-stick-meta":"","header-main-stick-meta":"","header-below-stick-meta":"","astra-migrate-meta-layouts":"set","ast-page-background-enabled":"default","ast-page-background-meta":{"desktop":{"background-color":"var(--ast-global-color-4)","background-image":"","background-repeat":"repeat","background-position":"center center","background-size":"auto","background-attachment":"scroll","background-type":"","background-media":"","overlay-type":"","overlay-color":"","overlay-opacity":"","overlay-gradient":""},"tablet":{"background-color":"","background-image":"","background-repeat":"repeat","background-position":"center center","background-size":"auto","background-attachment":"scroll","background-type":"","background-media":"","overlay-type":"","overlay-color":"","overlay-opacity":"","overlay-gradient":""},"mobile":{"background-color":"","background-image":"","background-repeat":"repeat","background-position":"center center","background-size":"auto","background-attachment":"scroll","background-type":"","background-media":"","overlay-type":"","overlay-color":"","overlay-opacity":"","overlay-gradient":""}},"ast-content-background-meta":{"desktop":{"background-color":"var(--ast-global-color-5)","background-image":"","background-repeat":"repeat","background-position":"center center","background-size":"auto","background-attachment":"scroll","background-type":"","background-media":"","overlay-type":"","overlay-color":"","overlay-opacity":"","overlay-gradient":""},"tablet":{"background-color":"var(--ast-global-color-5)","background-image":"","background-repeat":"repeat","background-position":"center center","background-size":"auto","background-attachment":"scroll","background-type":"","background-media":"","overlay-type":"","overlay-color":"","overlay-opacity":"","overlay-gradient":""},"mobile":{"background-color":"var(--ast-global-color-5)","background-image":"","background-repeat":"repeat","background-position":"center center","background-size":"auto","background-attachment":"scroll","background-type":"","background-media":"","overlay-type":"","overlay-color":"","overlay-opacity":"","overlay-gradient":""}}},"product_brand":[],"product_cat":[96,66,97],"product_tag":[],"class_list":{"0":"post-1721","1":"product","2":"type-product","3":"status-publish","4":"has-post-thumbnail","6":"product_cat-brands","7":"product_cat-lab-biotics","8":"product_cat-naole","9":"desktop-align-left","10":"tablet-align-left","11":"mobile-align-left","13":"first","14":"outofstock","15":"taxable","16":"shipping-taxable","17":"product-type-simple","18":"add-to-wishlist-before_image"},"uagb_featured_image_src":{"full":["https:\/\/kosmeetika24.com\/wp-content\/uploads\/2023\/11\/333-Daily-Mist-Toner.jpg",600,600,false],"thumbnail":["https:\/\/kosmeetika24.com\/wp-content\/uploads\/2023\/11\/333-Daily-Mist-Toner-150x150.jpg",150,150,true],"medium":["https:\/\/kosmeetika24.com\/wp-content\/uploads\/2023\/11\/333-Daily-Mist-Toner-300x300.jpg",300,300,true],"medium_large":["https:\/\/kosmeetika24.com\/wp-content\/uploads\/2023\/11\/333-Daily-Mist-Toner.jpg",600,600,false],"large":["https:\/\/kosmeetika24.com\/wp-content\/uploads\/2023\/11\/333-Daily-Mist-Toner.jpg",600,600,false],"1536x1536":["https:\/\/kosmeetika24.com\/wp-content\/uploads\/2023\/11\/333-Daily-Mist-Toner.jpg",600,600,false],"2048x2048":["https:\/\/kosmeetika24.com\/wp-content\/uploads\/2023\/11\/333-Daily-Mist-Toner.jpg",600,600,false],"trp-custom-language-flag":["https:\/\/kosmeetika24.com\/wp-content\/uploads\/2023\/11\/333-Daily-Mist-Toner-12x12.jpg",12,12,true],"woocommerce_thumbnail":["https:\/\/kosmeetika24.com\/wp-content\/uploads\/2023\/11\/333-Daily-Mist-Toner-300x300.jpg",300,300,true],"woocommerce_single":["https:\/\/kosmeetika24.com\/wp-content\/uploads\/2023\/11\/333-Daily-Mist-Toner-500x500.jpg",500,500,true],"woocommerce_gallery_thumbnail":["https:\/\/kosmeetika24.com\/wp-content\/uploads\/2023\/11\/333-Daily-Mist-Toner-100x100.jpg",100,100,true]},"uagb_author_info":{"display_name":"admin","author_link":"https:\/\/kosmeetika24.com\/fi\/author\/"},"uagb_comment_info":0,"uagb_excerpt":"Multifunktsionaalne toonik, mis v\u00e4rskendab, niisutab ja aktiveerib naha loomulikku kaitsev\u00f5imet. Prebiootikumirikka koostise t\u00f5ttu taastab see kasuliku floora tasakaalu ja kaitseb nahka v\u00e4liste agressioonide eest, tugevdades kaitsebarj\u00e4\u00e4ri ja s\u00e4ilitades optimaalse niisutustaseme. 200 ml","_links":{"self":[{"href":"https:\/\/kosmeetika24.com\/fi\/wp-json\/wp\/v2\/product\/1721","targetHints":{"allow":["GET"]}}],"collection":[{"href":"https:\/\/kosmeetika24.com\/fi\/wp-json\/wp\/v2\/product"}],"about":[{"href":"https:\/\/kosmeetika24.com\/fi\/wp-json\/wp\/v2\/types\/product"}],"replies":[{"embeddable":true,"href":"https:\/\/kosmeetika24.com\/fi\/wp-json\/wp\/v2\/comments?post=1721"}],"version-history":[{"count":1,"href":"https:\/\/kosmeetika24.com\/fi\/wp-json\/wp\/v2\/product\/1721\/revisions"}],"predecessor-version":[{"id":4630,"href":"https:\/\/kosmeetika24.com\/fi\/wp-json\/wp\/v2\/product\/1721\/revisions\/4630"}],"wp:featuredmedia":[{"embeddable":true,"href":"https:\/\/kosmeetika24.com\/fi\/wp-json\/wp\/v2\/media\/1722"}],"wp:attachment":[{"href":"https:\/\/kosmeetika24.com\/fi\/wp-json\/wp\/v2\/media?parent=1721"}],"wp:term":[{"taxonomy":"product_brand","embeddable":true,"href":"https:\/\/kosmeetika24.com\/fi\/wp-json\/wp\/v2\/product_brand?post=1721"},{"taxonomy":"product_cat","embeddable":true,"href":"https:\/\/kosmeetika24.com\/fi\/wp-json\/wp\/v2\/product_cat?post=1721"},{"taxonomy":"product_tag","embeddable":true,"href":"https:\/\/kosmeetika24.com\/fi\/wp-json\/wp\/v2\/product_tag?post=1721"}],"curies":[{"name":"wp","href":"https:\/\/api.w.org\/{rel}","templated":true}]}}