{"id":1719,"date":"2023-11-22T13:24:18","date_gmt":"2023-11-22T13:24:18","guid":{"rendered":"https:\/\/kosmeetika24.com\/?post_type=product&#038;p=1719"},"modified":"2025-07-02T16:25:11","modified_gmt":"2025-07-02T13:25:11","slug":"bruno-vassari-lab-biotics-rikkalik-puhastusvaht","status":"publish","type":"product","link":"https:\/\/kosmeetika24.com\/fi\/tuote\/bruno-vassari-lab-biotics-rikkalik-puhastusvaht\/","title":{"rendered":"Puhdista kasvot, kaula ja dekoltee BRUNO VASSARI Lab Biotics -rikkaalla puhdistusvaahdolla."},"content":{"rendered":"<p class=\"translation-block\">Rauhoittava puhdistusvaahdotta <em>Extra Rich Cleansing Foam<\/em> varmistaa tehokkaasti p\u00e4ivitt\u00e4isen \n  ihon hygienian vahingoittamatta sit\u00e4, kunnioittaen mikrobioomia ja tarjoten maksimaalista mukavuutta. \n  Puhdistusvaahdottaa poistaa meikkij\u00e4\u00e4m\u00e4t tai lian, jotka voivat tukkia ihohuokoset ja est\u00e4\u00e4 my\u00f6hemmin \n  levitettyjen vaikuttavien aineiden oikean imeytymisen. Tuote poistaa my\u00f6s ei-toivotun v\u00e4liaikaisen \n  florin, joka kertyy iholle p\u00e4iv\u00e4n aikana ja voi h\u00e4irit\u00e4 ihon ekosysteemin tasapainoa.<\/p>\n<p>Sopii kaikille ihotyypeille, erityisesti herkimm\u00e4lle iholle.<\/p>\n<p><strong>P\u00c4\u00c4AINEOSAT<\/strong><\/p>\n<ul>\n<li>BioEcolia\u00ae: luonnollisesta sokerista johdettu prebioottinen suojelija.<\/li>\n<li>Hyvin siedetyt pinta-aktiiviset aineet (natriummetyylikokoyylitauraatti ja kapryloyyl\/kapryyliglukosidi).<\/li>\n<li>Rauhoittavat ja pehment\u00e4v\u00e4t aineet sek\u00e4 voiteluaineet.<\/li>\n<\/ul>\n<p><strong>Vaikutus<\/strong><\/p>\n<ul>\n<li>BioEcolia\u00ae aktivoi ja vahvistaa ihon luonnollista suojan. Monimutkaisen rakenteensa vuoksi se suojaa ja yll\u00e4pit\u00e4\u00e4 herkkien ihon ekosysteemin tasapainoa, joka on jatkuvasti alttiina lukuisille ulkoisille tekij\u00f6ille. Se vahvistaa sarveiskerroksen suojabarri\u00e4\u00e4ri\u00e4, parantaen sen yleist\u00e4 kuntoa ja mukavuutta.<\/li>\n<li>Hyvin siedettyjen pinta-aktiivisten aineiden keskittynyt yhdistelm\u00e4 tarjoaa tehokkaan puhdistustehon ja pienen \u00e4rsytysvoiman. Se poistaa tehokkaasti iholle kertynytt\u00e4 likaa (saasteet, p\u00f6ly, hiki jne.), samalla ottaen huomioon ihon luonnollisen tasapainon ja pH:n, joka on avaintekij\u00e4 ei-toivottujen mikro-organismien kehityksen est\u00e4misess\u00e4 ilman niiden poistamista.<\/li>\n<\/ul>\n<p><strong>K\u00e4ytt\u00f6<\/strong><\/p>\n<ul>\n<li>Levit\u00e4 puhdistusvaahto mieluiten kostutetulle iholle, sill\u00e4 n\u00e4in vaahtoa syntyy enemm\u00e4n ja se on pehme\u00e4mp\u00e4\u00e4.<\/li>\n<li>Huuhtele vedell\u00e4 ja taputtele iho kuivaksi ilman hankaamista. Sopii k\u00e4ytett\u00e4v\u00e4ksi sek\u00e4 aamulla ett\u00e4 illalla.<\/li>\n<li class=\"translation-block\">Ihon tonisoimiseksi k\u00e4yt\u00e4 esimerkiksi tuotetta <a href=\"https:\/\/kosmeetika24.eu\/toode\/bruno-vassari-lab-biotics-igapaevane-toonik-2\/\" target=\"_self\">BRUNO VASSARI Lab Biotics P\u00e4ivitt\u00e4inen Tonic<\/a>.<\/li>\n<\/ul>\n<p><strong>Ainesosat<\/strong><\/p>\n<p><span style=\"font-size: 14px;\">AQUA (WATER), SODIUM METHYL COCOYL TAURATE, CAPRYLYL\/CAPRYL GLUCOSIDE, PEG-7 GLYCERYL COCOATE, ALPHA-GLUCAN OLIGOSACCHARIDE, PARFUM (FRAGRANCE), METHYLCHLOROISOTHIAZOLINONE, METHYLISOTHIAZOLINONE.<\/span><\/p>","protected":false},"excerpt":{"rendered":"<p>&nbsp;<\/p>\n<p>Prebiooteilla varustettu puhdistusvaahdottaa edist\u00e4\u00e4 terveellisen ihon mikrobiston kehityst\u00e4 ja tasapainoa.<\/p>\n<p>150 ml<\/p>\n<p>&nbsp;<\/p>","protected":false},"featured_media":1720,"comment_status":"open","ping_status":"closed","template":"","meta":{"_uag_custom_page_level_css":"","site-sidebar-layout":"default","site-content-layout":"","ast-site-content-layout":"default","site-content-style":"default","site-sidebar-style":"default","ast-global-header-display":"","ast-banner-title-visibility":"","ast-main-header-display":"","ast-hfb-above-header-display":"","ast-hfb-below-header-display":"","ast-hfb-mobile-header-display":"","site-post-title":"","ast-breadcrumbs-content":"","ast-featured-img":"","footer-sml-layout":"","ast-disable-related-posts":"","theme-transparent-header-meta":"default","adv-header-id-meta":"","stick-header-meta":"","header-above-stick-meta":"","header-main-stick-meta":"","header-below-stick-meta":"","astra-migrate-meta-layouts":"set","ast-page-background-enabled":"default","ast-page-background-meta":{"desktop":{"background-color":"var(--ast-global-color-4)","background-image":"","background-repeat":"repeat","background-position":"center center","background-size":"auto","background-attachment":"scroll","background-type":"","background-media":"","overlay-type":"","overlay-color":"","overlay-opacity":"","overlay-gradient":""},"tablet":{"background-color":"","background-image":"","background-repeat":"repeat","background-position":"center center","background-size":"auto","background-attachment":"scroll","background-type":"","background-media":"","overlay-type":"","overlay-color":"","overlay-opacity":"","overlay-gradient":""},"mobile":{"background-color":"","background-image":"","background-repeat":"repeat","background-position":"center center","background-size":"auto","background-attachment":"scroll","background-type":"","background-media":"","overlay-type":"","overlay-color":"","overlay-opacity":"","overlay-gradient":""}},"ast-content-background-meta":{"desktop":{"background-color":"var(--ast-global-color-5)","background-image":"","background-repeat":"repeat","background-position":"center center","background-size":"auto","background-attachment":"scroll","background-type":"","background-media":"","overlay-type":"","overlay-color":"","overlay-opacity":"","overlay-gradient":""},"tablet":{"background-color":"var(--ast-global-color-5)","background-image":"","background-repeat":"repeat","background-position":"center center","background-size":"auto","background-attachment":"scroll","background-type":"","background-media":"","overlay-type":"","overlay-color":"","overlay-opacity":"","overlay-gradient":""},"mobile":{"background-color":"var(--ast-global-color-5)","background-image":"","background-repeat":"repeat","background-position":"center center","background-size":"auto","background-attachment":"scroll","background-type":"","background-media":"","overlay-type":"","overlay-color":"","overlay-opacity":"","overlay-gradient":""}}},"product_brand":[],"product_cat":[96,66,97],"product_tag":[],"class_list":{"0":"post-1719","1":"product","2":"type-product","3":"status-publish","4":"has-post-thumbnail","6":"product_cat-brands","7":"product_cat-lab-biotics","8":"product_cat-naole","9":"desktop-align-left","10":"tablet-align-left","11":"mobile-align-left","13":"first","14":"instock","15":"taxable","16":"shipping-taxable","17":"product-type-simple","18":"add-to-wishlist-before_image"},"uagb_featured_image_src":{"full":["https:\/\/kosmeetika24.com\/wp-content\/uploads\/2023\/11\/332-Extra-Rich-Cleansing-Foam-1.jpg",600,600,false],"thumbnail":["https:\/\/kosmeetika24.com\/wp-content\/uploads\/2023\/11\/332-Extra-Rich-Cleansing-Foam-1-150x150.jpg",150,150,true],"medium":["https:\/\/kosmeetika24.com\/wp-content\/uploads\/2023\/11\/332-Extra-Rich-Cleansing-Foam-1-300x300.jpg",300,300,true],"medium_large":["https:\/\/kosmeetika24.com\/wp-content\/uploads\/2023\/11\/332-Extra-Rich-Cleansing-Foam-1.jpg",600,600,false],"large":["https:\/\/kosmeetika24.com\/wp-content\/uploads\/2023\/11\/332-Extra-Rich-Cleansing-Foam-1.jpg",600,600,false],"1536x1536":["https:\/\/kosmeetika24.com\/wp-content\/uploads\/2023\/11\/332-Extra-Rich-Cleansing-Foam-1.jpg",600,600,false],"2048x2048":["https:\/\/kosmeetika24.com\/wp-content\/uploads\/2023\/11\/332-Extra-Rich-Cleansing-Foam-1.jpg",600,600,false],"trp-custom-language-flag":["https:\/\/kosmeetika24.com\/wp-content\/uploads\/2023\/11\/332-Extra-Rich-Cleansing-Foam-1-12x12.jpg",12,12,true],"woocommerce_thumbnail":["https:\/\/kosmeetika24.com\/wp-content\/uploads\/2023\/11\/332-Extra-Rich-Cleansing-Foam-1-300x300.jpg",300,300,true],"woocommerce_single":["https:\/\/kosmeetika24.com\/wp-content\/uploads\/2023\/11\/332-Extra-Rich-Cleansing-Foam-1-500x500.jpg",500,500,true],"woocommerce_gallery_thumbnail":["https:\/\/kosmeetika24.com\/wp-content\/uploads\/2023\/11\/332-Extra-Rich-Cleansing-Foam-1-100x100.jpg",100,100,true]},"uagb_author_info":{"display_name":"admin","author_link":"https:\/\/kosmeetika24.com\/fi\/author\/"},"uagb_comment_info":0,"uagb_excerpt":"&nbsp; Prebiootikumidega puhastusvaht aitab kaasa tervisliku nahafloora arengule ja tasakaalule. 150 ml &nbsp;","_links":{"self":[{"href":"https:\/\/kosmeetika24.com\/fi\/wp-json\/wp\/v2\/product\/1719","targetHints":{"allow":["GET"]}}],"collection":[{"href":"https:\/\/kosmeetika24.com\/fi\/wp-json\/wp\/v2\/product"}],"about":[{"href":"https:\/\/kosmeetika24.com\/fi\/wp-json\/wp\/v2\/types\/product"}],"replies":[{"embeddable":true,"href":"https:\/\/kosmeetika24.com\/fi\/wp-json\/wp\/v2\/comments?post=1719"}],"version-history":[{"count":2,"href":"https:\/\/kosmeetika24.com\/fi\/wp-json\/wp\/v2\/product\/1719\/revisions"}],"predecessor-version":[{"id":5360,"href":"https:\/\/kosmeetika24.com\/fi\/wp-json\/wp\/v2\/product\/1719\/revisions\/5360"}],"wp:featuredmedia":[{"embeddable":true,"href":"https:\/\/kosmeetika24.com\/fi\/wp-json\/wp\/v2\/media\/1720"}],"wp:attachment":[{"href":"https:\/\/kosmeetika24.com\/fi\/wp-json\/wp\/v2\/media?parent=1719"}],"wp:term":[{"taxonomy":"product_brand","embeddable":true,"href":"https:\/\/kosmeetika24.com\/fi\/wp-json\/wp\/v2\/product_brand?post=1719"},{"taxonomy":"product_cat","embeddable":true,"href":"https:\/\/kosmeetika24.com\/fi\/wp-json\/wp\/v2\/product_cat?post=1719"},{"taxonomy":"product_tag","embeddable":true,"href":"https:\/\/kosmeetika24.com\/fi\/wp-json\/wp\/v2\/product_tag?post=1719"}],"curies":[{"name":"wp","href":"https:\/\/api.w.org\/{rel}","templated":true}]}}