{"id":1717,"date":"2024-01-05T18:20:33","date_gmt":"2024-01-05T18:20:33","guid":{"rendered":"https:\/\/kosmeetika24.com\/?post_type=product&#038;p=1717"},"modified":"2025-07-02T16:24:13","modified_gmt":"2025-07-02T13:24:13","slug":"bruno-vassari-lab-biotics-kreem-eriti-tundlikule-nahale","status":"publish","type":"product","link":"https:\/\/kosmeetika24.com\/fi\/tuote\/bruno-vassari-lab-biotics-kreem-eriti-tundlikule-nahale\/","title":{"rendered":"BRUNO VASSARI Lab Biotics Kosteusvoide eritt\u00e4in herk\u00e4lle iholle"},"content":{"rendered":"<p class=\"translation-block\">Kasvo- ja vartalovoide <em>Dermal Relief Cream<\/em> on ihanteellinen herk\u00e4n ja ohuen ihon hoitoon. Se palauttaa ihon luonnollisen suojabarri\u00e4\u00e4rin, lievitt\u00e4\u00e4 \u00e4rsytyst\u00e4 ja ep\u00e4mukavuutta. Vahvistaa ja yll\u00e4pit\u00e4\u00e4 ihon hy\u00f6dyllist\u00e4 mikrobikantaa.<\/p>\n<p>Sopii kaikille ihotyypeille, erityisesti herkimm\u00e4lle iholle.<\/p>\n<p><strong>P\u00c4\u00c4AINEOSAT<\/strong><\/p>\n<ul>\n<li>Ektoiini<\/li>\n<li>Algaktiv\u00ae BioSKN<\/li>\n<li>Niasiiniamidi<\/li>\n<li>Keramiidikompleksi CLR<\/li>\n<\/ul>\n<p><strong>Vaikutus<\/strong><\/p>\n<ul>\n<li>Ektoiin pystyy sitomaan ymp\u00e4r\u00f6ivi\u00e4 vesimolekyylej\u00e4 ja muodostamaan yhdisteen, jota kutsutaan nimell\u00e4 Ectoin Hydro Complex. T\u00e4m\u00e4 yhdiste ymp\u00e4r\u00f6i soluja, entsyymej\u00e4, proteiineja ja muita biomolekyylej\u00e4 muodostaen suojaavan kerroksen, joka ravitsee ja tasapainottaa kosteustasapainoa. T\u00e4m\u00e4n ansiosta stressitekij\u00e4t, saasteet, allergeenit, ep\u00e4suotuisat s\u00e4\u00e4olosuhteet, kuivuus, kemiallinen stressi jne. eiv\u00e4t voi vaikuttaa soluihin tai vahingoittaa niit\u00e4. T\u00e4llaisen suojan seurauksena hydrolipidinen este paranee ja ihon kautta tapahtuva vesih\u00e4vi\u00f6 v\u00e4henee.<\/li>\n<li>Algaktiv\u00ae BioSKN on erityisen ravitseva prebiootti. Se elvytt\u00e4\u00e4 ja nuorentaa ihoa tarjoamalla tarvittavat tekij\u00e4t mikrobiotin hyv\u00e4n tilan yll\u00e4pit\u00e4miseksi ja v\u00e4hent\u00e4en ihon pinnan \u00e4rsytyst\u00e4.<\/li>\n<li>Niasiiniamidi auttaa v\u00e4hent\u00e4m\u00e4\u00e4n ryppyj\u00e4 ja hienoja juonteita, v\u00e4hent\u00e4\u00e4 auringon vanhenemismerkkien n\u00e4kyvyytt\u00e4; v\u00e4hent\u00e4\u00e4 pigmentaatiota, melasmaa ja kirkastaa ihoa; auttaa n\u00e4kyv\u00e4sti pienent\u00e4m\u00e4\u00e4n huokosten kokoa, stimuloi kollageenin tuotantoa; parantaa sameaa ihonv\u00e4ri\u00e4; vahvistaa ihon suojabarri\u00e4\u00e4ri\u00e4, edist\u00e4en kosteutusta.<\/li>\n<li>Keramiidikompleksi CLR on tiivistetty ihoon samanlaisia lipidej\u00e4, jotka palauttavat ja vahvistavat kuivan ja halkeilevan sarveiskerroksen lipidivaippaa. Se palauttaa t\u00e4ydellisen ulkon\u00e4\u00f6n ja rakenteen samalla edist\u00e4en ja tarjoten optimaalista kosteutusta.<\/li>\n<\/ul>\n<p><strong>K\u00e4ytt\u00f6<\/strong><\/p>\n<ul>\n<li class=\"translation-block\">Puhdista iho etuk\u00e4teen esimerkiksi <a href=\"https:\/\/kosmeetika24.eu\/toode\/bruno-vassari-lab-biotics-rikkalik-puhastusvaht\/\" target=\"_self\">BRUNO VASSARI Lab Biotics runsaalla puhdistusvaahdolla<\/a>.<\/li>\n<li class=\"translation-block\">Tasoita iho etuk\u00e4teen esimerkiksi <a href=\"https:\/\/kosmeetika24.eu\/toode\/bruno-vassari-lab-biotics-igapaevane-toonik-2\/\" target=\"_self\">BRUNO VASSARI Lab Biotics p\u00e4ivitt\u00e4isell\u00e4 tonikilla<\/a>.<\/li>\n<li>Levit\u00e4 voidetta tarpeen mukaan 1-2 kertaa p\u00e4iv\u00e4ss\u00e4 hellill\u00e4 hierovilla liikkeill\u00e4 puhdistetulle iholle. Sopii k\u00e4ytett\u00e4v\u00e4ksi sek\u00e4 aamulla ett\u00e4 illalla.<\/li>\n<li class=\"translation-block\">Silm\u00e4nymp\u00e4rysihon hoitoon suosittelemme esimerkiksi tuotetta <a href=\"https:\/\/kosmeetika24.eu\/toode\/bruno-vassari-collagen-booster-peptide-eye-contour-gel-cream\/\" target=\"_self\">BRUNO VASSARI Collagen Booster Peptidi Silm\u00e4nymp\u00e4rysvoide<\/a>.<\/li>\n<\/ul>\n<p><strong>Ainesosat<\/strong><\/p>\n<p><span style=\"font-size: 14px;\">AQUA (WATER), PAFFINUM LIQUIDUM (MINERAL OIL), GLYCERIN, SQUALANE, CAPRYLIC\/CAPRIC TRIGLYCERIDE, DECYL OLEATE, HYDROGENATED POLYISOBUTENE, BUTYROSPERMUM PARKII (SHEA) BUTTER, NIACINAMIDE, GLYCERYL STEARATE, PEG-100 STEARATE, CETYL ALCOHOL, POTASSIUM CETYL PHOSPHATE, PHOSPHOLIPIDS, SPHINGOLIPIDS, DIMETHICONE, POLYACRYLAMIDE, CHLORELLA VULGARIS EXTRACT, PHENOXYETHANOL, ECTOIN, C13-14 ISOPARAFFIN, LACTIC ACID, ETHYLHEXYLGLYCERIN, CHLORPHENESIN, DISODIUM EDTA, XANTHAN GUM, LAURETH-7, PROPANEDIOL, POTASSIUM SORBATE, PARFUM (FRAGRANCE).<\/span><\/p>","protected":false},"excerpt":{"rendered":"<p>Kasvo- ja vartalovoide, joka on t\u00e4ydellinen eritt\u00e4in herk\u00e4n ja ohuen ihon hoitoon.<\/p>\n<p>Palauttaa ihon suojabarri\u00e4\u00e4rin, lievitt\u00e4\u00e4 \u00e4rsytyst\u00e4 ja ep\u00e4mukavuutta, ja<\/p>\n<p>vahvistaa ja suojaa ihon mikrobikantaa.<\/p>\n<p>100 ml<\/p>","protected":false},"featured_media":1718,"comment_status":"open","ping_status":"closed","template":"","meta":{"_uag_custom_page_level_css":"","site-sidebar-layout":"default","site-content-layout":"","ast-site-content-layout":"default","site-content-style":"default","site-sidebar-style":"default","ast-global-header-display":"","ast-banner-title-visibility":"","ast-main-header-display":"","ast-hfb-above-header-display":"","ast-hfb-below-header-display":"","ast-hfb-mobile-header-display":"","site-post-title":"","ast-breadcrumbs-content":"","ast-featured-img":"","footer-sml-layout":"","ast-disable-related-posts":"","theme-transparent-header-meta":"default","adv-header-id-meta":"","stick-header-meta":"","header-above-stick-meta":"","header-main-stick-meta":"","header-below-stick-meta":"","astra-migrate-meta-layouts":"set","ast-page-background-enabled":"default","ast-page-background-meta":{"desktop":{"background-color":"var(--ast-global-color-4)","background-image":"","background-repeat":"repeat","background-position":"center center","background-size":"auto","background-attachment":"scroll","background-type":"","background-media":"","overlay-type":"","overlay-color":"","overlay-opacity":"","overlay-gradient":""},"tablet":{"background-color":"","background-image":"","background-repeat":"repeat","background-position":"center center","background-size":"auto","background-attachment":"scroll","background-type":"","background-media":"","overlay-type":"","overlay-color":"","overlay-opacity":"","overlay-gradient":""},"mobile":{"background-color":"","background-image":"","background-repeat":"repeat","background-position":"center center","background-size":"auto","background-attachment":"scroll","background-type":"","background-media":"","overlay-type":"","overlay-color":"","overlay-opacity":"","overlay-gradient":""}},"ast-content-background-meta":{"desktop":{"background-color":"var(--ast-global-color-5)","background-image":"","background-repeat":"repeat","background-position":"center center","background-size":"auto","background-attachment":"scroll","background-type":"","background-media":"","overlay-type":"","overlay-color":"","overlay-opacity":"","overlay-gradient":""},"tablet":{"background-color":"var(--ast-global-color-5)","background-image":"","background-repeat":"repeat","background-position":"center center","background-size":"auto","background-attachment":"scroll","background-type":"","background-media":"","overlay-type":"","overlay-color":"","overlay-opacity":"","overlay-gradient":""},"mobile":{"background-color":"var(--ast-global-color-5)","background-image":"","background-repeat":"repeat","background-position":"center center","background-size":"auto","background-attachment":"scroll","background-type":"","background-media":"","overlay-type":"","overlay-color":"","overlay-opacity":"","overlay-gradient":""}}},"product_brand":[],"product_cat":[96,66,97],"product_tag":[],"class_list":{"0":"post-1717","1":"product","2":"type-product","3":"status-publish","4":"has-post-thumbnail","6":"product_cat-brands","7":"product_cat-lab-biotics","8":"product_cat-naole","9":"desktop-align-left","10":"tablet-align-left","11":"mobile-align-left","13":"first","14":"instock","15":"taxable","16":"shipping-taxable","17":"product-type-simple","18":"add-to-wishlist-before_image"},"uagb_featured_image_src":{"full":["https:\/\/kosmeetika24.com\/wp-content\/uploads\/2023\/11\/330-Dermal-Relief-Cream.jpg",600,600,false],"thumbnail":["https:\/\/kosmeetika24.com\/wp-content\/uploads\/2023\/11\/330-Dermal-Relief-Cream-150x150.jpg",150,150,true],"medium":["https:\/\/kosmeetika24.com\/wp-content\/uploads\/2023\/11\/330-Dermal-Relief-Cream-300x300.jpg",300,300,true],"medium_large":["https:\/\/kosmeetika24.com\/wp-content\/uploads\/2023\/11\/330-Dermal-Relief-Cream.jpg",600,600,false],"large":["https:\/\/kosmeetika24.com\/wp-content\/uploads\/2023\/11\/330-Dermal-Relief-Cream.jpg",600,600,false],"1536x1536":["https:\/\/kosmeetika24.com\/wp-content\/uploads\/2023\/11\/330-Dermal-Relief-Cream.jpg",600,600,false],"2048x2048":["https:\/\/kosmeetika24.com\/wp-content\/uploads\/2023\/11\/330-Dermal-Relief-Cream.jpg",600,600,false],"trp-custom-language-flag":["https:\/\/kosmeetika24.com\/wp-content\/uploads\/2023\/11\/330-Dermal-Relief-Cream-12x12.jpg",12,12,true],"woocommerce_thumbnail":["https:\/\/kosmeetika24.com\/wp-content\/uploads\/2023\/11\/330-Dermal-Relief-Cream-300x300.jpg",300,300,true],"woocommerce_single":["https:\/\/kosmeetika24.com\/wp-content\/uploads\/2023\/11\/330-Dermal-Relief-Cream-500x500.jpg",500,500,true],"woocommerce_gallery_thumbnail":["https:\/\/kosmeetika24.com\/wp-content\/uploads\/2023\/11\/330-Dermal-Relief-Cream-100x100.jpg",100,100,true]},"uagb_author_info":{"display_name":"admin","author_link":"https:\/\/kosmeetika24.com\/fi\/author\/"},"uagb_comment_info":0,"uagb_excerpt":"N\u00e4o- ja kehakreem, mis sobib ideaalselt v\u00e4ga tundliku ja \u00f5rna naha hooldamiseks. Taastab naha kaitsebarj\u00e4\u00e4ri, leevendab \u00e4rritusi ja ebamugavustunnet ning tugevdab ja kaitseb nahafloorat. 100 ml","_links":{"self":[{"href":"https:\/\/kosmeetika24.com\/fi\/wp-json\/wp\/v2\/product\/1717","targetHints":{"allow":["GET"]}}],"collection":[{"href":"https:\/\/kosmeetika24.com\/fi\/wp-json\/wp\/v2\/product"}],"about":[{"href":"https:\/\/kosmeetika24.com\/fi\/wp-json\/wp\/v2\/types\/product"}],"replies":[{"embeddable":true,"href":"https:\/\/kosmeetika24.com\/fi\/wp-json\/wp\/v2\/comments?post=1717"}],"version-history":[{"count":3,"href":"https:\/\/kosmeetika24.com\/fi\/wp-json\/wp\/v2\/product\/1717\/revisions"}],"predecessor-version":[{"id":6809,"href":"https:\/\/kosmeetika24.com\/fi\/wp-json\/wp\/v2\/product\/1717\/revisions\/6809"}],"wp:featuredmedia":[{"embeddable":true,"href":"https:\/\/kosmeetika24.com\/fi\/wp-json\/wp\/v2\/media\/1718"}],"wp:attachment":[{"href":"https:\/\/kosmeetika24.com\/fi\/wp-json\/wp\/v2\/media?parent=1717"}],"wp:term":[{"taxonomy":"product_brand","embeddable":true,"href":"https:\/\/kosmeetika24.com\/fi\/wp-json\/wp\/v2\/product_brand?post=1717"},{"taxonomy":"product_cat","embeddable":true,"href":"https:\/\/kosmeetika24.com\/fi\/wp-json\/wp\/v2\/product_cat?post=1717"},{"taxonomy":"product_tag","embeddable":true,"href":"https:\/\/kosmeetika24.com\/fi\/wp-json\/wp\/v2\/product_tag?post=1717"}],"curies":[{"name":"wp","href":"https:\/\/api.w.org\/{rel}","templated":true}]}}