{"id":1711,"date":"2024-01-05T08:17:02","date_gmt":"2024-01-05T08:17:02","guid":{"rendered":"https:\/\/kosmeetika24.com\/?post_type=product&#038;p=1711"},"modified":"2025-07-02T15:43:59","modified_gmt":"2025-07-02T12:43:59","slug":"bruno-vassari-ha50x-niisutav-seerum","status":"publish","type":"product","link":"https:\/\/kosmeetika24.com\/fi\/tuote\/bruno-vassari-ha50x-niisutav-seerum\/","title":{"rendered":"BRUNO VASSARI HA50X Moisturizing Serum"},"content":{"rendered":"<p class=\"translation-block\">Intensiivisesti kosteuttava seerumi <em>Multi-Molecular Hyaluronic Filler<\/em> sis\u00e4lt\u00e4\u00e4 tiivistetty\u00e4 hyaluronihappoa, joka auttaa pit\u00e4m\u00e4\u00e4n ihon kosteutettuna koko p\u00e4iv\u00e4n ajan. Seerumi ehk\u00e4isee ihon kuivumista, palauttaa ihon luonnollisen suojabarri\u00e4\u00e4rin ja parantaa ihon pehmeytt\u00e4, kimmoisuutta ja s\u00e4vy\u00e4.<\/p>\n<p>Ihanteellinen kaikille ihotyypeille, my\u00f6s herk\u00e4lle iholle.<\/p>\n<p><strong>P\u00c4\u00c4AINEOSAT<\/strong><\/p>\n<ul>\n<li>Pienimolekyylipainoinen hyaluronihappo<\/li>\n<li>Suuremolekyylipainoinen hyaluronihappo<\/li>\n<\/ul>\n<p><strong>Vaikutus<\/strong><\/p>\n<p>Hyaluronihappojen yhdistetyn vaikutuksen ansiosta iho pysyy sile\u00e4n\u00e4 ja kosteutettuna.<\/p>\n<p><strong>K\u00e4ytt\u00f6<\/strong><\/p>\n<ul>\n<li>Puhdista iho etuk\u00e4teen.<\/li>\n<li>Levit\u00e4 seerumi puhdistetulle iholle kevyill\u00e4 hierovilla liikkeill\u00e4. Sopii k\u00e4ytett\u00e4v\u00e4ksi sek\u00e4 aamulla ett\u00e4 illalla.<\/li>\n<li class=\"translation-block\">K\u00e4yt\u00e4 sitten sopivaa voidetta, kuten <a href=\"https:\/\/kosmeetika24.eu\/toode\/bruno-vassari-collagen-booster-power-c-peptide-cream\/\" target=\"_self\">BRUNO VASSARI Collagen Booster antioksidanttinen voide<\/a>.<\/li>\n<\/ul>\n<p><strong>Ainesosat<\/strong><\/p>\n<p><span style=\"font-size: 14px;\">AQUA (WATER), GLYCERIN, METHYLPROPANEIDOL, SODIUM HYALURONATE, PHENOXYETHANOL, CAPRYLYL GLYCOL, PEG-40 HYDROGENATED CASTOR OIL, PARFUM (FRAGRANCE), CHLORPHENESIN, PHENYLPROPANOL.<\/span><\/p>","protected":false},"excerpt":{"rendered":"<p>Keskitetty hyaluronihapposeerumi tarjoaa intensiivist\u00e4 kosteutusta koko p\u00e4iv\u00e4n ajan. Iho n\u00e4ytt\u00e4\u00e4 nuoremmalta, kiinte\u00e4mm\u00e4lt\u00e4, elastisemmalta ja kest\u00e4v\u00e4mm\u00e4lt\u00e4.<\/p>\n<p>&nbsp;<\/p>\n<p>15 ml<\/p>","protected":false},"featured_media":1712,"comment_status":"open","ping_status":"closed","template":"","meta":{"_uag_custom_page_level_css":"","site-sidebar-layout":"default","site-content-layout":"","ast-site-content-layout":"default","site-content-style":"default","site-sidebar-style":"default","ast-global-header-display":"","ast-banner-title-visibility":"","ast-main-header-display":"","ast-hfb-above-header-display":"","ast-hfb-below-header-display":"","ast-hfb-mobile-header-display":"","site-post-title":"","ast-breadcrumbs-content":"","ast-featured-img":"","footer-sml-layout":"","ast-disable-related-posts":"","theme-transparent-header-meta":"default","adv-header-id-meta":"","stick-header-meta":"","header-above-stick-meta":"","header-main-stick-meta":"","header-below-stick-meta":"","astra-migrate-meta-layouts":"set","ast-page-background-enabled":"default","ast-page-background-meta":{"desktop":{"background-color":"var(--ast-global-color-4)","background-image":"","background-repeat":"repeat","background-position":"center center","background-size":"auto","background-attachment":"scroll","background-type":"","background-media":"","overlay-type":"","overlay-color":"","overlay-opacity":"","overlay-gradient":""},"tablet":{"background-color":"","background-image":"","background-repeat":"repeat","background-position":"center center","background-size":"auto","background-attachment":"scroll","background-type":"","background-media":"","overlay-type":"","overlay-color":"","overlay-opacity":"","overlay-gradient":""},"mobile":{"background-color":"","background-image":"","background-repeat":"repeat","background-position":"center center","background-size":"auto","background-attachment":"scroll","background-type":"","background-media":"","overlay-type":"","overlay-color":"","overlay-opacity":"","overlay-gradient":""}},"ast-content-background-meta":{"desktop":{"background-color":"var(--ast-global-color-5)","background-image":"","background-repeat":"repeat","background-position":"center center","background-size":"auto","background-attachment":"scroll","background-type":"","background-media":"","overlay-type":"","overlay-color":"","overlay-opacity":"","overlay-gradient":""},"tablet":{"background-color":"var(--ast-global-color-5)","background-image":"","background-repeat":"repeat","background-position":"center center","background-size":"auto","background-attachment":"scroll","background-type":"","background-media":"","overlay-type":"","overlay-color":"","overlay-opacity":"","overlay-gradient":""},"mobile":{"background-color":"var(--ast-global-color-5)","background-image":"","background-repeat":"repeat","background-position":"center center","background-size":"auto","background-attachment":"scroll","background-type":"","background-media":"","overlay-type":"","overlay-color":"","overlay-opacity":"","overlay-gradient":""}}},"product_brand":[],"product_cat":[96,75,97],"product_tag":[],"class_list":{"0":"post-1711","1":"product","2":"type-product","3":"status-publish","4":"has-post-thumbnail","6":"product_cat-brands","7":"product_cat-ha50x","8":"product_cat-naole","9":"desktop-align-left","10":"tablet-align-left","11":"mobile-align-left","13":"first","14":"instock","15":"taxable","16":"shipping-taxable","17":"product-type-simple","18":"add-to-wishlist-before_image"},"uagb_featured_image_src":{"full":["https:\/\/kosmeetika24.com\/wp-content\/uploads\/2023\/11\/298-Multi-Molecular-Filler.jpg",600,600,false],"thumbnail":["https:\/\/kosmeetika24.com\/wp-content\/uploads\/2023\/11\/298-Multi-Molecular-Filler-150x150.jpg",150,150,true],"medium":["https:\/\/kosmeetika24.com\/wp-content\/uploads\/2023\/11\/298-Multi-Molecular-Filler-300x300.jpg",300,300,true],"medium_large":["https:\/\/kosmeetika24.com\/wp-content\/uploads\/2023\/11\/298-Multi-Molecular-Filler.jpg",600,600,false],"large":["https:\/\/kosmeetika24.com\/wp-content\/uploads\/2023\/11\/298-Multi-Molecular-Filler.jpg",600,600,false],"1536x1536":["https:\/\/kosmeetika24.com\/wp-content\/uploads\/2023\/11\/298-Multi-Molecular-Filler.jpg",600,600,false],"2048x2048":["https:\/\/kosmeetika24.com\/wp-content\/uploads\/2023\/11\/298-Multi-Molecular-Filler.jpg",600,600,false],"trp-custom-language-flag":["https:\/\/kosmeetika24.com\/wp-content\/uploads\/2023\/11\/298-Multi-Molecular-Filler-12x12.jpg",12,12,true],"woocommerce_thumbnail":["https:\/\/kosmeetika24.com\/wp-content\/uploads\/2023\/11\/298-Multi-Molecular-Filler-300x300.jpg",300,300,true],"woocommerce_single":["https:\/\/kosmeetika24.com\/wp-content\/uploads\/2023\/11\/298-Multi-Molecular-Filler-500x500.jpg",500,500,true],"woocommerce_gallery_thumbnail":["https:\/\/kosmeetika24.com\/wp-content\/uploads\/2023\/11\/298-Multi-Molecular-Filler-100x100.jpg",100,100,true]},"uagb_author_info":{"display_name":"admin","author_link":"https:\/\/kosmeetika24.com\/fi\/author\/"},"uagb_comment_info":0,"uagb_excerpt":"Konsentreeritud h\u00fcaluroonhappe seerum tagab intensiivse niisutatuse kogu \u00f6\u00f6p\u00e4eva v\u00e4ltel. Nahk on noorem, rohkem pingul, elastsem ja vastupidavam. &nbsp; 15 ml","_links":{"self":[{"href":"https:\/\/kosmeetika24.com\/fi\/wp-json\/wp\/v2\/product\/1711","targetHints":{"allow":["GET"]}}],"collection":[{"href":"https:\/\/kosmeetika24.com\/fi\/wp-json\/wp\/v2\/product"}],"about":[{"href":"https:\/\/kosmeetika24.com\/fi\/wp-json\/wp\/v2\/types\/product"}],"replies":[{"embeddable":true,"href":"https:\/\/kosmeetika24.com\/fi\/wp-json\/wp\/v2\/comments?post=1711"}],"version-history":[{"count":2,"href":"https:\/\/kosmeetika24.com\/fi\/wp-json\/wp\/v2\/product\/1711\/revisions"}],"predecessor-version":[{"id":4648,"href":"https:\/\/kosmeetika24.com\/fi\/wp-json\/wp\/v2\/product\/1711\/revisions\/4648"}],"wp:featuredmedia":[{"embeddable":true,"href":"https:\/\/kosmeetika24.com\/fi\/wp-json\/wp\/v2\/media\/1712"}],"wp:attachment":[{"href":"https:\/\/kosmeetika24.com\/fi\/wp-json\/wp\/v2\/media?parent=1711"}],"wp:term":[{"taxonomy":"product_brand","embeddable":true,"href":"https:\/\/kosmeetika24.com\/fi\/wp-json\/wp\/v2\/product_brand?post=1711"},{"taxonomy":"product_cat","embeddable":true,"href":"https:\/\/kosmeetika24.com\/fi\/wp-json\/wp\/v2\/product_cat?post=1711"},{"taxonomy":"product_tag","embeddable":true,"href":"https:\/\/kosmeetika24.com\/fi\/wp-json\/wp\/v2\/product_tag?post=1711"}],"curies":[{"name":"wp","href":"https:\/\/api.w.org\/{rel}","templated":true}]}}