{"id":1709,"date":"2024-01-05T08:16:30","date_gmt":"2024-01-05T08:16:30","guid":{"rendered":"https:\/\/kosmeetika24.com\/?post_type=product&#038;p=1709"},"modified":"2025-07-02T15:43:21","modified_gmt":"2025-07-02T12:43:21","slug":"bruno-vassari-ha50x-keskkonnamojude-eest-kaitsev-kreem","status":"publish","type":"product","link":"https:\/\/kosmeetika24.com\/fi\/tuote\/bruno-vassari-ha50x-keskkonnamojude-eest-kaitsev-kreem\/","title":{"rendered":"BRUNO VASSARI HA50X ymp\u00e4rist\u00f6n vaikutuksilta suojaava voide"},"content":{"rendered":"<p class=\"translation-block\"><p><em>Hyaluronic Cream Pollution Neutralizer<\/em> on suunniteltu p\u00e4ivitt\u00e4iseen suojaan ulkoisia saasteita vastaan sek\u00e4 vahvistamaan ihon omaa suojamekanismia.<\/p><\/p>\n<p><p>Sis\u00e4lt\u00e4\u00e4 kahta tyyppi\u00e4 hyaluronihappoa \u2013 matalan ja korkean molekyylipainon hyaluronihappoa \u2013, jotka takaavat iholle optimaalisen kosteutuksen ja elastisuuden.<\/p><\/p>\n<p>Sopii kaikille ihotyypeille.<\/p>\n<p><strong>P\u00c4\u00c4AINEOSAT<\/strong><\/p>\n<ul>\n<li>Symurban<\/li>\n<li>Hyaluronihappo<\/li>\n<\/ul>\n<p><strong>Vaikutus<\/strong><\/p>\n<ul>\n<li>SymUrban suojaa ihoa haitallisilta ymp\u00e4rist\u00f6n tekij\u00f6ilt\u00e4 vahvistamalla sen luonnollisia puolustusmekanismeja. Saastuttavat partikkelit ovat eritt\u00e4in pieni\u00e4, mutta ne pystyv\u00e4t tunkeutumaan ihon pinnalle ja saavuttamaan syvempi\u00e4 kerroksia kapillaarifollikkelien kautta stratum corneumissa (ihon uloimmassa kerroksessa). T\u00e4m\u00e4 suoja auttaa est\u00e4m\u00e4\u00e4n ymp\u00e4rist\u00f6n stressitekij\u00f6iden, kuten hiukkasten ja polyaromaattisten hiilivetyjen (PAH) aiheuttamia vaurioita, jotka ovat yleisi\u00e4 saastuneilla kaupunkialueilla.<\/p><br \/>\nSymUrban est\u00e4\u00e4 erilaisten saasteiden vaikutukset est\u00e4m\u00e4ll\u00e4 n\u00e4iden hiukkasten p\u00e4\u00e4syn ihoon, v\u00e4hent\u00e4en niiden aiheuttamaa DNA-vauriota sek\u00e4 melaniinin tuotantoa ja tulehdusta.<\/li>\n<li>Sis\u00e4lt\u00e4\u00e4 ainutlaatuisen seoksen hyaluronihappoja, joka tekee voiteesta ik\u00e4\u00e4ntymist\u00e4 est\u00e4v\u00e4n.<\/li>\n<\/ul>\n<p><strong>K\u00e4ytt\u00f6<\/strong><\/p>\n<ul>\n<li class=\"translation-block\">Puhdista iho etuk\u00e4teen esimerkiksi tuotteella <a href=\"https:\/\/kosmeetika24.eu\/toode\/bruno-vassari-ha50x-scrub-mask\/\" target=\"_self\">BRUNO VASSARI HA50X kuorintamaske<\/a>.<\/li>\n<li class=\"translation-block\">Parempien tulosten saavuttamiseksi k\u00e4yt\u00e4 tuotetta <a href=\"https:\/\/kosmeetika24.eu\/toode\/bruno-vassari-ha50x-multi-molecular-hyaluronic-filler\/\" target=\"_self\">BRUNO VASSARI HA50X kosteuttavaa seerumia<\/a> maskin j\u00e4lkeen ja ennen voidetta.<\/li>\n<li>Levit\u00e4 kreemi aamulla kevyill\u00e4 hierovilla liikkeill\u00e4 iholle.<\/li>\n<\/ul>\n<p><strong>Ainesosat<\/strong><\/p>\n<p><span style=\"font-size: 14px;\">AQUA (WATER), DIMETHICONE, PROPANEDIOL, CAPRYLIC\/CAPRIC TRIGLYCERIDE, DICAPRYLYL CARBONATE, PENTAERYTHRITYL DISTEARATE, ALCHOL DENAT.,GLYCERIN, GLYCERYL STEARATE, PEG-100STEARATE, HYDROGENATED POLYISOBUTENE, BUTYROSPERMUM PARKII (SHEA) BUTTER, SODIUM HYALURONATE, AMMONIUM ACRYLOYLDIMETHYLTAURATE\/VP COPOLYMER, BENZYLIDENE DIMETHOXYDIMETHYLINDANONE, PHENOXYETANOL, CHLORPHENESIN, METHYLPARABEN, DISODIUM EDTA, PARFUM (FRAGRANCE).<\/span><\/p>","protected":false},"excerpt":{"rendered":"<p>Hyaluronihappoa sis\u00e4lt\u00e4v\u00e4 voide suojaa ymp\u00e4rist\u00f6n vaikutuksilta,<\/p>\n<p>v\u00e4hent\u00e4\u00e4 ryppyjen ilmestymist\u00e4 ja<\/p>\n<p>parantaa ihon kimmoisuutta.<\/p>\n<p>50 ml<\/p>","protected":false},"featured_media":1710,"comment_status":"open","ping_status":"closed","template":"","meta":{"_uag_custom_page_level_css":"","site-sidebar-layout":"default","site-content-layout":"","ast-site-content-layout":"default","site-content-style":"default","site-sidebar-style":"default","ast-global-header-display":"","ast-banner-title-visibility":"","ast-main-header-display":"","ast-hfb-above-header-display":"","ast-hfb-below-header-display":"","ast-hfb-mobile-header-display":"","site-post-title":"","ast-breadcrumbs-content":"","ast-featured-img":"","footer-sml-layout":"","ast-disable-related-posts":"","theme-transparent-header-meta":"default","adv-header-id-meta":"","stick-header-meta":"","header-above-stick-meta":"","header-main-stick-meta":"","header-below-stick-meta":"","astra-migrate-meta-layouts":"set","ast-page-background-enabled":"default","ast-page-background-meta":{"desktop":{"background-color":"var(--ast-global-color-4)","background-image":"","background-repeat":"repeat","background-position":"center center","background-size":"auto","background-attachment":"scroll","background-type":"","background-media":"","overlay-type":"","overlay-color":"","overlay-opacity":"","overlay-gradient":""},"tablet":{"background-color":"","background-image":"","background-repeat":"repeat","background-position":"center center","background-size":"auto","background-attachment":"scroll","background-type":"","background-media":"","overlay-type":"","overlay-color":"","overlay-opacity":"","overlay-gradient":""},"mobile":{"background-color":"","background-image":"","background-repeat":"repeat","background-position":"center center","background-size":"auto","background-attachment":"scroll","background-type":"","background-media":"","overlay-type":"","overlay-color":"","overlay-opacity":"","overlay-gradient":""}},"ast-content-background-meta":{"desktop":{"background-color":"var(--ast-global-color-5)","background-image":"","background-repeat":"repeat","background-position":"center center","background-size":"auto","background-attachment":"scroll","background-type":"","background-media":"","overlay-type":"","overlay-color":"","overlay-opacity":"","overlay-gradient":""},"tablet":{"background-color":"var(--ast-global-color-5)","background-image":"","background-repeat":"repeat","background-position":"center center","background-size":"auto","background-attachment":"scroll","background-type":"","background-media":"","overlay-type":"","overlay-color":"","overlay-opacity":"","overlay-gradient":""},"mobile":{"background-color":"var(--ast-global-color-5)","background-image":"","background-repeat":"repeat","background-position":"center center","background-size":"auto","background-attachment":"scroll","background-type":"","background-media":"","overlay-type":"","overlay-color":"","overlay-opacity":"","overlay-gradient":""}}},"product_brand":[],"product_cat":[96,75,97],"product_tag":[],"class_list":{"0":"post-1709","1":"product","2":"type-product","3":"status-publish","4":"has-post-thumbnail","6":"product_cat-brands","7":"product_cat-ha50x","8":"product_cat-naole","9":"desktop-align-left","10":"tablet-align-left","11":"mobile-align-left","13":"first","14":"instock","15":"taxable","16":"shipping-taxable","17":"product-type-simple","18":"add-to-wishlist-before_image"},"uagb_featured_image_src":{"full":["https:\/\/kosmeetika24.com\/wp-content\/uploads\/2023\/11\/297-Pollution-Neutralizer.jpg",600,600,false],"thumbnail":["https:\/\/kosmeetika24.com\/wp-content\/uploads\/2023\/11\/297-Pollution-Neutralizer-150x150.jpg",150,150,true],"medium":["https:\/\/kosmeetika24.com\/wp-content\/uploads\/2023\/11\/297-Pollution-Neutralizer-300x300.jpg",300,300,true],"medium_large":["https:\/\/kosmeetika24.com\/wp-content\/uploads\/2023\/11\/297-Pollution-Neutralizer.jpg",600,600,false],"large":["https:\/\/kosmeetika24.com\/wp-content\/uploads\/2023\/11\/297-Pollution-Neutralizer.jpg",600,600,false],"1536x1536":["https:\/\/kosmeetika24.com\/wp-content\/uploads\/2023\/11\/297-Pollution-Neutralizer.jpg",600,600,false],"2048x2048":["https:\/\/kosmeetika24.com\/wp-content\/uploads\/2023\/11\/297-Pollution-Neutralizer.jpg",600,600,false],"trp-custom-language-flag":["https:\/\/kosmeetika24.com\/wp-content\/uploads\/2023\/11\/297-Pollution-Neutralizer-12x12.jpg",12,12,true],"woocommerce_thumbnail":["https:\/\/kosmeetika24.com\/wp-content\/uploads\/2023\/11\/297-Pollution-Neutralizer-300x300.jpg",300,300,true],"woocommerce_single":["https:\/\/kosmeetika24.com\/wp-content\/uploads\/2023\/11\/297-Pollution-Neutralizer-500x500.jpg",500,500,true],"woocommerce_gallery_thumbnail":["https:\/\/kosmeetika24.com\/wp-content\/uploads\/2023\/11\/297-Pollution-Neutralizer-100x100.jpg",100,100,true]},"uagb_author_info":{"display_name":"admin","author_link":"https:\/\/kosmeetika24.com\/fi\/author\/"},"uagb_comment_info":0,"uagb_excerpt":"H\u00fcaluroonhapet sisaldav kreem kaitseb keskonnam\u00f5jude eest, v\u00e4hendab kortsude ilmumist ja parandab naha elastsust. 50 ml","_links":{"self":[{"href":"https:\/\/kosmeetika24.com\/fi\/wp-json\/wp\/v2\/product\/1709","targetHints":{"allow":["GET"]}}],"collection":[{"href":"https:\/\/kosmeetika24.com\/fi\/wp-json\/wp\/v2\/product"}],"about":[{"href":"https:\/\/kosmeetika24.com\/fi\/wp-json\/wp\/v2\/types\/product"}],"replies":[{"embeddable":true,"href":"https:\/\/kosmeetika24.com\/fi\/wp-json\/wp\/v2\/comments?post=1709"}],"version-history":[{"count":2,"href":"https:\/\/kosmeetika24.com\/fi\/wp-json\/wp\/v2\/product\/1709\/revisions"}],"predecessor-version":[{"id":4649,"href":"https:\/\/kosmeetika24.com\/fi\/wp-json\/wp\/v2\/product\/1709\/revisions\/4649"}],"wp:featuredmedia":[{"embeddable":true,"href":"https:\/\/kosmeetika24.com\/fi\/wp-json\/wp\/v2\/media\/1710"}],"wp:attachment":[{"href":"https:\/\/kosmeetika24.com\/fi\/wp-json\/wp\/v2\/media?parent=1709"}],"wp:term":[{"taxonomy":"product_brand","embeddable":true,"href":"https:\/\/kosmeetika24.com\/fi\/wp-json\/wp\/v2\/product_brand?post=1709"},{"taxonomy":"product_cat","embeddable":true,"href":"https:\/\/kosmeetika24.com\/fi\/wp-json\/wp\/v2\/product_cat?post=1709"},{"taxonomy":"product_tag","embeddable":true,"href":"https:\/\/kosmeetika24.com\/fi\/wp-json\/wp\/v2\/product_tag?post=1709"}],"curies":[{"name":"wp","href":"https:\/\/api.w.org\/{rel}","templated":true}]}}