{"id":1707,"date":"2024-01-05T18:01:38","date_gmt":"2024-01-05T18:01:38","guid":{"rendered":"https:\/\/kosmeetika24.com\/?post_type=product&#038;p=1707"},"modified":"2025-07-02T15:42:12","modified_gmt":"2025-07-02T12:42:12","slug":"bruno-vassari-city-beach-igapaevane-tooni-uhtlustav-kaitsekreem","status":"publish","type":"product","link":"https:\/\/kosmeetika24.com\/fi\/tuote\/bruno-vassari-city-beach-igapaevane-tooni-uhtlustav-kaitsekreem\/","title":{"rendered":"BRUNO VASSARI City &amp; Beach P\u00e4ivitt\u00e4inen s\u00e4vyn tasoittava suojaava voide"},"content":{"rendered":"<p class=\"translation-block\"><p>P\u00e4ivitt\u00e4inen ihon s\u00e4vyn tasoittava suojakreemi <em>Every Day Protection<\/em> SPF 40+ on geeli-kreemi, joka on ihanteellinen k\u00e4ytett\u00e4v\u00e4ksi 365 p\u00e4iv\u00e4\u00e4 vuodessa est\u00e4m\u00e4\u00e4n ihon l\u00e4iskien muodostumista ja ennenaikaista vanhenemista.<\/p>\n<p>Kreemi imeytyy nopeasti ihoon ja on helposti levitett\u00e4v\u00e4. Se luo iholle suojaavan kerroksen, joka toimii kuin toinen iho. Tuote takaa my\u00f6s pehme\u00e4mm\u00e4n ja luonnollisemman ihon s\u00e4vyn, tasoittaen ihonv\u00e4ri\u00e4.<\/p><\/p>\n<p>Sopii kaikille ihotyypeille.<\/p>\n<p><p>Sis\u00e4lt\u00e4\u00e4 innovatiivisen mineraalisen suodattimen EnhanceU-T-Medium, joka tarjoaa laaja-alaisen suojan UVA- ja UVB-auringons\u00e4teily\u00e4 vastaan:<\/p><\/p>\n<ul>\n<li>Sill\u00e4 on nanohiukkasten ominaisuudet, mutta se ei ole nano-suodatin, mik\u00e4 lis\u00e4\u00e4 aurinkovoiteen arvoa ja v\u00e4ltt\u00e4\u00e4 nano-suodattimien tyypillisi\u00e4 ongelmia.<\/li>\n<li>Se tarjoaa korkeaa suojaa UVA- ja UVB-s\u00e4teily\u00e4 vastaan.<\/li>\n<li>Se tarjoaa hyv\u00e4n fotostabiilisuuden, ja sen komponentit v\u00e4hent\u00e4v\u00e4t fotokatalyyttist\u00e4 aktiivisuutta.<\/li>\n<li>Tasapainottaa ihon s\u00e4vyn.<\/li>\n<li>Geelivoide on my\u00f6s eritt\u00e4in kosteuttava.<\/li>\n<\/ul>\n<p><strong>K\u00e4ytt\u00f6<\/strong><\/p>\n<p><p>Levit\u00e4 runsaasti kasvoille, kaulalle ja dekolteelle.<\/p><\/p>\n<p><p>Veden j\u00e4lkeen levit\u00e4 tuote uudelleen iholle.<\/p><\/p>\n<p><strong>Ainesosat<\/strong><\/p>\n<p>AQUA (WATER), TITANIUM DIOXIDE, ETH\u00dcLHEXYL METHOXYCINNAMATE, ALCOHOL DENAT., ETHYLHEXYL SALICYLATE, CYCLOPENTASILOXANE, HOMOSALATE, GL\u00dcCERIN, SILICA BUTYL METHOXYDIBENZOYLMETHANE, CETEARYL ALCOHOL, GLYCERYL STEARATE, PEG-100 STEARATE, HYDROGENATED VEGETABLE OLI, BIS-PEG-18 METHYL ETHER DIMETHYL SILANE, OCTOCRYLENE, POLYSORBATE 60, PHENOXYETHANOL, TOCOPERYL ACETATE, POLYACRYLATE 13, DISODIUM EDTA, CARBOMER, CHLORPHENESIN, TRIETHANOLAMINE, METHYLPROPANEDIOL, POLYISOBUTENE, BHT, PARFUM (FRAGRANCE), CAPRYLYL GLYCOL, POLYSORBATE 20, LINALOOL, LIMONENE, PHENYLPROPANOL, CITRONELLOL, HEXYL CINNAMAL, BUTYLPHENYL METHYLPROPIONAL, C.I. 77491 (IRON OXIDE), C.I. 77499 (IRON OXIDE).<\/p>","protected":false},"excerpt":{"rendered":"<p>P\u00e4ivitt\u00e4inen ihons\u00e4vyn tasoittava suojaava geeli-voide. Runsaasti kosteuttava, sis\u00e4lt\u00e4\u00e4 UVA- ja UVB-suodattimia, jotka suojaavat auringon haitallisilta vaikutuksilta.<\/p>\n<p>50 ml<\/p>\n<p>&nbsp;<\/p>","protected":false},"featured_media":1708,"comment_status":"open","ping_status":"closed","template":"","meta":{"_uag_custom_page_level_css":"","site-sidebar-layout":"default","site-content-layout":"","ast-site-content-layout":"default","site-content-style":"default","site-sidebar-style":"default","ast-global-header-display":"","ast-banner-title-visibility":"","ast-main-header-display":"","ast-hfb-above-header-display":"","ast-hfb-below-header-display":"","ast-hfb-mobile-header-display":"","site-post-title":"","ast-breadcrumbs-content":"","ast-featured-img":"","footer-sml-layout":"","ast-disable-related-posts":"","theme-transparent-header-meta":"default","adv-header-id-meta":"","stick-header-meta":"","header-above-stick-meta":"","header-main-stick-meta":"","header-below-stick-meta":"","astra-migrate-meta-layouts":"set","ast-page-background-enabled":"default","ast-page-background-meta":{"desktop":{"background-color":"var(--ast-global-color-4)","background-image":"","background-repeat":"repeat","background-position":"center center","background-size":"auto","background-attachment":"scroll","background-type":"","background-media":"","overlay-type":"","overlay-color":"","overlay-opacity":"","overlay-gradient":""},"tablet":{"background-color":"","background-image":"","background-repeat":"repeat","background-position":"center center","background-size":"auto","background-attachment":"scroll","background-type":"","background-media":"","overlay-type":"","overlay-color":"","overlay-opacity":"","overlay-gradient":""},"mobile":{"background-color":"","background-image":"","background-repeat":"repeat","background-position":"center center","background-size":"auto","background-attachment":"scroll","background-type":"","background-media":"","overlay-type":"","overlay-color":"","overlay-opacity":"","overlay-gradient":""}},"ast-content-background-meta":{"desktop":{"background-color":"var(--ast-global-color-5)","background-image":"","background-repeat":"repeat","background-position":"center center","background-size":"auto","background-attachment":"scroll","background-type":"","background-media":"","overlay-type":"","overlay-color":"","overlay-opacity":"","overlay-gradient":""},"tablet":{"background-color":"var(--ast-global-color-5)","background-image":"","background-repeat":"repeat","background-position":"center center","background-size":"auto","background-attachment":"scroll","background-type":"","background-media":"","overlay-type":"","overlay-color":"","overlay-opacity":"","overlay-gradient":""},"mobile":{"background-color":"var(--ast-global-color-5)","background-image":"","background-repeat":"repeat","background-position":"center center","background-size":"auto","background-attachment":"scroll","background-type":"","background-media":"","overlay-type":"","overlay-color":"","overlay-opacity":"","overlay-gradient":""}}},"product_brand":[],"product_cat":[96,68,97],"product_tag":[],"class_list":{"0":"post-1707","1":"product","2":"type-product","3":"status-publish","4":"has-post-thumbnail","6":"product_cat-brands","7":"product_cat-city-and-beach","8":"product_cat-naole","9":"desktop-align-left","10":"tablet-align-left","11":"mobile-align-left","13":"first","14":"instock","15":"taxable","16":"shipping-taxable","17":"product-type-simple","18":"add-to-wishlist-before_image"},"uagb_featured_image_src":{"full":["https:\/\/kosmeetika24.com\/wp-content\/uploads\/2023\/11\/308.png",600,600,false],"thumbnail":["https:\/\/kosmeetika24.com\/wp-content\/uploads\/2023\/11\/308-150x150.png",150,150,true],"medium":["https:\/\/kosmeetika24.com\/wp-content\/uploads\/2023\/11\/308-300x300.png",300,300,true],"medium_large":["https:\/\/kosmeetika24.com\/wp-content\/uploads\/2023\/11\/308.png",600,600,false],"large":["https:\/\/kosmeetika24.com\/wp-content\/uploads\/2023\/11\/308.png",600,600,false],"1536x1536":["https:\/\/kosmeetika24.com\/wp-content\/uploads\/2023\/11\/308.png",600,600,false],"2048x2048":["https:\/\/kosmeetika24.com\/wp-content\/uploads\/2023\/11\/308.png",600,600,false],"trp-custom-language-flag":["https:\/\/kosmeetika24.com\/wp-content\/uploads\/2023\/11\/308-12x12.png",12,12,true],"woocommerce_thumbnail":["https:\/\/kosmeetika24.com\/wp-content\/uploads\/2023\/11\/308-300x300.png",300,300,true],"woocommerce_single":["https:\/\/kosmeetika24.com\/wp-content\/uploads\/2023\/11\/308-500x500.png",500,500,true],"woocommerce_gallery_thumbnail":["https:\/\/kosmeetika24.com\/wp-content\/uploads\/2023\/11\/308-100x100.png",100,100,true]},"uagb_author_info":{"display_name":"admin","author_link":"https:\/\/kosmeetika24.com\/fi\/author\/"},"uagb_comment_info":0,"uagb_excerpt":"Igap\u00e4evane nahatooni \u00fchtlustav kaitsev geel-kreem. Rikkalikult niisutav, sisaldab UVA ja UVB filtreid, mis kaitsevad p\u00e4ikese kahjulike m\u00f5jude eest. 50 ml &nbsp;","_links":{"self":[{"href":"https:\/\/kosmeetika24.com\/fi\/wp-json\/wp\/v2\/product\/1707","targetHints":{"allow":["GET"]}}],"collection":[{"href":"https:\/\/kosmeetika24.com\/fi\/wp-json\/wp\/v2\/product"}],"about":[{"href":"https:\/\/kosmeetika24.com\/fi\/wp-json\/wp\/v2\/types\/product"}],"replies":[{"embeddable":true,"href":"https:\/\/kosmeetika24.com\/fi\/wp-json\/wp\/v2\/comments?post=1707"}],"version-history":[{"count":2,"href":"https:\/\/kosmeetika24.com\/fi\/wp-json\/wp\/v2\/product\/1707\/revisions"}],"predecessor-version":[{"id":5456,"href":"https:\/\/kosmeetika24.com\/fi\/wp-json\/wp\/v2\/product\/1707\/revisions\/5456"}],"wp:featuredmedia":[{"embeddable":true,"href":"https:\/\/kosmeetika24.com\/fi\/wp-json\/wp\/v2\/media\/1708"}],"wp:attachment":[{"href":"https:\/\/kosmeetika24.com\/fi\/wp-json\/wp\/v2\/media?parent=1707"}],"wp:term":[{"taxonomy":"product_brand","embeddable":true,"href":"https:\/\/kosmeetika24.com\/fi\/wp-json\/wp\/v2\/product_brand?post=1707"},{"taxonomy":"product_cat","embeddable":true,"href":"https:\/\/kosmeetika24.com\/fi\/wp-json\/wp\/v2\/product_cat?post=1707"},{"taxonomy":"product_tag","embeddable":true,"href":"https:\/\/kosmeetika24.com\/fi\/wp-json\/wp\/v2\/product_tag?post=1707"}],"curies":[{"name":"wp","href":"https:\/\/api.w.org\/{rel}","templated":true}]}}