{"id":1705,"date":"2024-01-05T08:16:04","date_gmt":"2024-01-05T08:16:04","guid":{"rendered":"https:\/\/kosmeetika24.com\/?post_type=product&#038;p=1705"},"modified":"2025-07-02T15:41:26","modified_gmt":"2025-07-02T12:41:26","slug":"bruno-vassari-city-beach-niisutav-paikesekaitsega-kreem-spf-40","status":"publish","type":"product","link":"https:\/\/kosmeetika24.com\/fi\/tuote\/bruno-vassari-city-beach-niisutav-paikesekaitsega-kreem-spf-40\/","title":{"rendered":"BRUNO VASSARI City &amp; Beach Kosteuttava Aurinkosuoja SPF 40"},"content":{"rendered":"<p class=\"translation-block\"><p>Aurinkosuoja <em>Every Day Protection SPF<\/em> 40 on eritt\u00e4in kosteuttava UVA- ja UVB-suodattimilla, suunniteltu suojaamaan ihoa sek\u00e4 rannalla ett\u00e4 kaupungissa. Se est\u00e4\u00e4 ennenaikaisten ik\u00e4\u00e4ntymisen merkkien ilmestymisen. Kremi soveltuu my\u00f6s ihon suojaamiseen aktiivisten kosmeettisten toimenpiteiden j\u00e4lkeen: kemiallisten kuorintojen, mikrohiontojen j\u00e4lkeen.<\/p><\/p>\n<p>Geelim\u00e4inen voide sopii t\u00e4ydellisesti p\u00e4ivitt\u00e4iseen k\u00e4ytt\u00f6\u00f6n. Voide levi\u00e4\u00e4 helposti ja tasaisesti iholle muodostaen tasaisen suojakerroksen.<\/p>\n<p>Sopii kaikille ihotyypeille. Se on ihanteellinen rasvaiselle tai ongelmakasvoille.<\/p>\n<p><strong>AKTIIVSED TOIMEAINED<\/strong><\/p>\n<ul>\n<li>Titaanidioksidi (fyysinen aurinkosuoja-aine)<\/li>\n<li>Avobensoni (kemiallinen aurinkosuoja-aine)<\/li>\n<\/ul>\n<p><strong>Vaikutus<\/strong><\/p>\n<p><p>Kreemi sis\u00e4lt\u00e4\u00e4 kemiallisia ja fysikaalisia aurinkosuoja-aineita sek\u00e4 mattapintaisia aineita.<\/p><\/p>\n<ul>\n<li>Fysikaalinen suojakerroin: Tiilioksidi, joka on suljettu silikonihelmille, heijastaa A- ja B-tyypin auringon UV-s\u00e4teit\u00e4. Se on silkkinen ja sile\u00e4 rakenne, joka suojaa ihoa ennenaikaiselta vanhenemiselta ja ihorakenteiden vaurioitumiselta.<\/li>\n<li>Kemiallinen suojakerroin: Avobensoni, joka on suljettu erityisiin kuljetusj\u00e4rjestelmiin, vesiliukoinen, jakautuu tasaisesti iholle.<\/li>\n<\/ul>\n<p><strong>K\u00e4ytt\u00f6<\/strong><\/p>\n<ul>\n<li class=\"translation-block\">Ensin voit puhdistaa ihon esimerkiksi tuotteella <a href=\"https:\/\/kosmeetika24.eu\/toode\/bruno-vassari-glyco-system-glycolic-washing-foam\/\" target=\"_self\">BRUNO VASSARI Glyco System glykolihappopuhdistusvaahto<\/a>.<\/li>\n<li class=\"translation-block\">Sitten voit tonisoida ihon esimerkiksi tuotteella <a href=\"https:\/\/kosmeetika24.eu\/toode\/bruno-vassari-glyco-system-dual-phase-toner\/\" target=\"_self\">BRUNO VASSARI Glyco System kaksifaasisella tonikilla<\/a>.<\/li>\n<li>Sitten levit\u00e4 aurinkovoidetta iholle aamulla.<\/li>\n<li>Sopii k\u00e4ytett\u00e4v\u00e4ksi joka aamu ja my\u00f6s lis\u00e4suojaksi iholle s\u00e4\u00e4nn\u00f6llisten kosmetiikkahoidon j\u00e4lkeen.<\/li>\n<li class=\"translation-block\">Silm\u00e4nymp\u00e4rysalueen hoitoon voi k\u00e4ytt\u00e4\u00e4 esimerkiksi <a href=\"https:\/\/kosmeetika24.eu\/toode\/bruno-vassari-collagen-booster-peptide-eye-contour-gel-cream\/\" target=\"_self\">BRUNO VASSARI Collagen Booster peptidikompleksilla varustettua silm\u00e4nymp\u00e4rysgeelikr\u00e8me\u00e4<\/a>.<\/li>\n<\/ul>\n<p><strong>Ainesosat<\/strong><\/p>\n<p><span style=\"font-size: 14px;\">AQUA (WATER), ETHYLHEXYL METHOXYCINNAMATE, ALCOHOL DENAT., ETHYLHEXYL SALICYLATE, CYCLOPENTASILOXANE, POLYMETHYL, METHACRYLATE, HOMOSALATE, BUTYLMETHOXYDIBENZOYLMETHANE, BUTYLENE GLYCOL, SILICA, TITANIUM DIOXIDE, GLYCERIN, CETEARYL ALCOHOL, GLYCERYL STEARATE, PEG-100 STEARATE, HYDROGENATED VEGETABLE OIL, BIS-PEG-18 METHYL ETHER DIMETHYL SILANE, OCTOCRYLENE, POLYSORBATE 60, PHENOXYETHANOL, TOCOPHERYL ACETATE, POLYACRYLATE13, DISODIUM EDTA, CARBOMER, CHLORPHENESIN, TRIETHANOLAMINE, METHYLPROPANEDIOL, POLYISOBUTENE, BHT, PARFUM (FRAGRANCE), CAPRYLYL GLYCOL, POLYSORBATE 20, LINALOOL, LIMONENE, PHENYLPROPANOL, CITRONELLOL, HEXYL CINNAMAL, BUTYLPHENYL METHYLPROPIONAL.<\/span><\/p>","protected":false},"excerpt":{"rendered":"<p>&nbsp;<\/p>\n<p><p>Kosteuttava ja suojaava voide on t\u00e4ydellinen p\u00e4ivitt\u00e4iseen k\u00e4ytt\u00f6\u00f6n ymp\u00e4ri vuoden, 365 p\u00e4iv\u00e4\u00e4 vuodessa.<\/p><\/p>\n<p>50 ml<\/p>","protected":false},"featured_media":1706,"comment_status":"open","ping_status":"closed","template":"","meta":{"_uag_custom_page_level_css":"","site-sidebar-layout":"default","site-content-layout":"","ast-site-content-layout":"default","site-content-style":"default","site-sidebar-style":"default","ast-global-header-display":"","ast-banner-title-visibility":"","ast-main-header-display":"","ast-hfb-above-header-display":"","ast-hfb-below-header-display":"","ast-hfb-mobile-header-display":"","site-post-title":"","ast-breadcrumbs-content":"","ast-featured-img":"","footer-sml-layout":"","ast-disable-related-posts":"","theme-transparent-header-meta":"default","adv-header-id-meta":"","stick-header-meta":"","header-above-stick-meta":"","header-main-stick-meta":"","header-below-stick-meta":"","astra-migrate-meta-layouts":"set","ast-page-background-enabled":"default","ast-page-background-meta":{"desktop":{"background-color":"var(--ast-global-color-4)","background-image":"","background-repeat":"repeat","background-position":"center center","background-size":"auto","background-attachment":"scroll","background-type":"","background-media":"","overlay-type":"","overlay-color":"","overlay-opacity":"","overlay-gradient":""},"tablet":{"background-color":"","background-image":"","background-repeat":"repeat","background-position":"center center","background-size":"auto","background-attachment":"scroll","background-type":"","background-media":"","overlay-type":"","overlay-color":"","overlay-opacity":"","overlay-gradient":""},"mobile":{"background-color":"","background-image":"","background-repeat":"repeat","background-position":"center center","background-size":"auto","background-attachment":"scroll","background-type":"","background-media":"","overlay-type":"","overlay-color":"","overlay-opacity":"","overlay-gradient":""}},"ast-content-background-meta":{"desktop":{"background-color":"var(--ast-global-color-5)","background-image":"","background-repeat":"repeat","background-position":"center center","background-size":"auto","background-attachment":"scroll","background-type":"","background-media":"","overlay-type":"","overlay-color":"","overlay-opacity":"","overlay-gradient":""},"tablet":{"background-color":"var(--ast-global-color-5)","background-image":"","background-repeat":"repeat","background-position":"center center","background-size":"auto","background-attachment":"scroll","background-type":"","background-media":"","overlay-type":"","overlay-color":"","overlay-opacity":"","overlay-gradient":""},"mobile":{"background-color":"var(--ast-global-color-5)","background-image":"","background-repeat":"repeat","background-position":"center center","background-size":"auto","background-attachment":"scroll","background-type":"","background-media":"","overlay-type":"","overlay-color":"","overlay-opacity":"","overlay-gradient":""}}},"product_brand":[],"product_cat":[96,68,97],"product_tag":[],"class_list":{"0":"post-1705","1":"product","2":"type-product","3":"status-publish","4":"has-post-thumbnail","6":"product_cat-brands","7":"product_cat-city-and-beach","8":"product_cat-naole","9":"desktop-align-left","10":"tablet-align-left","11":"mobile-align-left","13":"first","14":"instock","15":"taxable","16":"shipping-taxable","17":"product-type-simple","18":"add-to-wishlist-before_image"},"uagb_featured_image_src":{"full":["https:\/\/kosmeetika24.com\/wp-content\/uploads\/2023\/11\/278-Every-Day-Protection-SPF40.jpg",600,600,false],"thumbnail":["https:\/\/kosmeetika24.com\/wp-content\/uploads\/2023\/11\/278-Every-Day-Protection-SPF40-150x150.jpg",150,150,true],"medium":["https:\/\/kosmeetika24.com\/wp-content\/uploads\/2023\/11\/278-Every-Day-Protection-SPF40-300x300.jpg",300,300,true],"medium_large":["https:\/\/kosmeetika24.com\/wp-content\/uploads\/2023\/11\/278-Every-Day-Protection-SPF40.jpg",600,600,false],"large":["https:\/\/kosmeetika24.com\/wp-content\/uploads\/2023\/11\/278-Every-Day-Protection-SPF40.jpg",600,600,false],"1536x1536":["https:\/\/kosmeetika24.com\/wp-content\/uploads\/2023\/11\/278-Every-Day-Protection-SPF40.jpg",600,600,false],"2048x2048":["https:\/\/kosmeetika24.com\/wp-content\/uploads\/2023\/11\/278-Every-Day-Protection-SPF40.jpg",600,600,false],"trp-custom-language-flag":["https:\/\/kosmeetika24.com\/wp-content\/uploads\/2023\/11\/278-Every-Day-Protection-SPF40-12x12.jpg",12,12,true],"woocommerce_thumbnail":["https:\/\/kosmeetika24.com\/wp-content\/uploads\/2023\/11\/278-Every-Day-Protection-SPF40-300x300.jpg",300,300,true],"woocommerce_single":["https:\/\/kosmeetika24.com\/wp-content\/uploads\/2023\/11\/278-Every-Day-Protection-SPF40-500x500.jpg",500,500,true],"woocommerce_gallery_thumbnail":["https:\/\/kosmeetika24.com\/wp-content\/uploads\/2023\/11\/278-Every-Day-Protection-SPF40-100x100.jpg",100,100,true]},"uagb_author_info":{"display_name":"admin","author_link":"https:\/\/kosmeetika24.com\/fi\/author\/"},"uagb_comment_info":0,"uagb_excerpt":"&nbsp; Niisutav ja kaitsev kreem sobib ideaalselt igap\u00e4evaseks kasutamiseks 365 p\u00e4eva aastas. 50 ml","_links":{"self":[{"href":"https:\/\/kosmeetika24.com\/fi\/wp-json\/wp\/v2\/product\/1705","targetHints":{"allow":["GET"]}}],"collection":[{"href":"https:\/\/kosmeetika24.com\/fi\/wp-json\/wp\/v2\/product"}],"about":[{"href":"https:\/\/kosmeetika24.com\/fi\/wp-json\/wp\/v2\/types\/product"}],"replies":[{"embeddable":true,"href":"https:\/\/kosmeetika24.com\/fi\/wp-json\/wp\/v2\/comments?post=1705"}],"version-history":[{"count":2,"href":"https:\/\/kosmeetika24.com\/fi\/wp-json\/wp\/v2\/product\/1705\/revisions"}],"predecessor-version":[{"id":4650,"href":"https:\/\/kosmeetika24.com\/fi\/wp-json\/wp\/v2\/product\/1705\/revisions\/4650"}],"wp:featuredmedia":[{"embeddable":true,"href":"https:\/\/kosmeetika24.com\/fi\/wp-json\/wp\/v2\/media\/1706"}],"wp:attachment":[{"href":"https:\/\/kosmeetika24.com\/fi\/wp-json\/wp\/v2\/media?parent=1705"}],"wp:term":[{"taxonomy":"product_brand","embeddable":true,"href":"https:\/\/kosmeetika24.com\/fi\/wp-json\/wp\/v2\/product_brand?post=1705"},{"taxonomy":"product_cat","embeddable":true,"href":"https:\/\/kosmeetika24.com\/fi\/wp-json\/wp\/v2\/product_cat?post=1705"},{"taxonomy":"product_tag","embeddable":true,"href":"https:\/\/kosmeetika24.com\/fi\/wp-json\/wp\/v2\/product_tag?post=1705"}],"curies":[{"name":"wp","href":"https:\/\/api.w.org\/{rel}","templated":true}]}}