{"id":1703,"date":"2024-01-05T07:43:45","date_gmt":"2024-01-05T07:43:45","guid":{"rendered":"https:\/\/kosmeetika24.com\/?post_type=product&#038;p=1703"},"modified":"2025-07-02T15:39:47","modified_gmt":"2025-07-02T12:39:47","slug":"bruno-vassari-glyco-system-aktiivsoemask","status":"publish","type":"product","link":"https:\/\/kosmeetika24.com\/fi\/tuote\/bruno-vassari-glyco-system-aktiivsoemask\/","title":{"rendered":"BRUNO VASSARI Glyco System Aktivoitu hiilimaski"},"content":{"rendered":"<p class=\"translation-block\"><p><em>Aktivoitu hiilimaski<\/em> sis\u00e4lt\u00e4\u00e4 runsaasti vaikuttavia aineita, jotka tarjoavat syv\u00e4puhdistavan, myrkkyj\u00e4 poistavan ja palauttavan vaikutuksen. V\u00e4hent\u00e4\u00e4 kasvojen ryppyjen ja suurentuneiden huokosten ilmestymist\u00e4. Iho muuttuu sile\u00e4ksi ja ihonv\u00e4ri paranee.<\/p><\/p>\n<p>Sopii kaikille ihotyypeille, erityisesti tupakoitsijoille. Ei sovellu eritt\u00e4in herk\u00e4lle ja helposti \u00e4rtyv\u00e4lle iholle.<\/p>\n<p><strong>P\u00c4\u00c4AINEOSAT<\/strong><\/p>\n<ul>\n<li>Aktivoitu hiili<\/li>\n<li>Glykolihappo<\/li>\n<li>Kaoliini eli posliinisavi<\/li>\n<\/ul>\n<p><strong>Vaikutus<\/strong><\/p>\n<ul>\n<li>Aktivoitu hiili imee myrkkyj\u00e4 ja ep\u00e4puhtauksia, puhdistaa ja suojaa ihoa haitallisilta tekij\u00f6ilt\u00e4. Aktivoidulla hiilell\u00e4 on bakteriologista ja my\u00f6s nuorentavaa vaikutusta, v\u00e4hent\u00e4en haitallisten ymp\u00e4rist\u00f6tekij\u00f6iden vaikutusta.<\/li>\n<li>Glykolihapon kuoriva vaikutuksen avulla poistetaan kuolleet ihosolut, ja aktiivihiilen stimuloiva vaikutus auttaa saavuttamaan terveemm\u00e4n, kirkkaamman ja tasaisemman ihon s\u00e4vyn.<\/li>\n<li>Kaoliini yhdess\u00e4 aktiivihiilen kanssa auttaa poistamaan ylim\u00e4\u00e4r\u00e4ist\u00e4 talia ja sill\u00e4 on stimuloiva ja puhdistava vaikutus.<\/li>\n<\/ul>\n<p>K\u00e4ytt\u00f6<\/p>\n<ul>\n<li>K\u00e4yt\u00e4 aktiivihiilinaamiota kerran viikossa.<\/li>\n<li>Levit\u00e4 paks kerros tuotetta puhtaalle ja kuorivalle iholle, v\u00e4lt\u00e4en silmien ja huulten alueita.<\/li>\n<li>Anna vaikuttaa 10 minuuttia ja poista runsaalla vedell\u00e4.<\/li>\n<\/ul>\n<p>Ainesosat<\/p>\n<p>AQUA (WATER), SODIUM POTASSIUM ALUMINIUM SILICATE, PROPANEDIOL, MAGNESIUM ALUMINIUM SILICATE, ALCHOL DENAT, GLYCOLIC ACID, GLYCERIN, SODIUM HYDROXIDE, POLYSORBATE 20, CHARCOAL POWDER, PHENOXYETHANOL, ETHYLHEXYLGLYCERIN, XANTHAN GUM, PARAFIUM (FRAGRANCE), POLYGLYCERYL-10, STEARATE, POLYGLYCERYL-10, MYRISTATE, POLYGLYCERIN-10, METHYLCHLOROISOTHIAZOLINONE, METHYLISOTHIAZOLINONE, SODIUM DEHYDROACETATE, CITRIC ACID, BUTYLPHENYL\u00a0 METHYLPROPIONAL, LINALOOL.<\/p>","protected":false},"excerpt":{"rendered":"<p>Puhdistaa syv\u00e4lt\u00e4 huokoset, v\u00e4hent\u00e4\u00e4 komedooneja, imee ihon pinnalta rasvaa ja parantaa ihon rakennetta.<\/p>\n<p>&nbsp;<\/p>\n<p>65 g<\/p>","protected":false},"featured_media":1704,"comment_status":"open","ping_status":"closed","template":"","meta":{"_uag_custom_page_level_css":"","site-sidebar-layout":"default","site-content-layout":"","ast-site-content-layout":"default","site-content-style":"default","site-sidebar-style":"default","ast-global-header-display":"","ast-banner-title-visibility":"","ast-main-header-display":"","ast-hfb-above-header-display":"","ast-hfb-below-header-display":"","ast-hfb-mobile-header-display":"","site-post-title":"","ast-breadcrumbs-content":"","ast-featured-img":"","footer-sml-layout":"","ast-disable-related-posts":"","theme-transparent-header-meta":"default","adv-header-id-meta":"","stick-header-meta":"","header-above-stick-meta":"","header-main-stick-meta":"","header-below-stick-meta":"","astra-migrate-meta-layouts":"set","ast-page-background-enabled":"default","ast-page-background-meta":{"desktop":{"background-color":"var(--ast-global-color-4)","background-image":"","background-repeat":"repeat","background-position":"center center","background-size":"auto","background-attachment":"scroll","background-type":"","background-media":"","overlay-type":"","overlay-color":"","overlay-opacity":"","overlay-gradient":""},"tablet":{"background-color":"","background-image":"","background-repeat":"repeat","background-position":"center center","background-size":"auto","background-attachment":"scroll","background-type":"","background-media":"","overlay-type":"","overlay-color":"","overlay-opacity":"","overlay-gradient":""},"mobile":{"background-color":"","background-image":"","background-repeat":"repeat","background-position":"center center","background-size":"auto","background-attachment":"scroll","background-type":"","background-media":"","overlay-type":"","overlay-color":"","overlay-opacity":"","overlay-gradient":""}},"ast-content-background-meta":{"desktop":{"background-color":"var(--ast-global-color-5)","background-image":"","background-repeat":"repeat","background-position":"center center","background-size":"auto","background-attachment":"scroll","background-type":"","background-media":"","overlay-type":"","overlay-color":"","overlay-opacity":"","overlay-gradient":""},"tablet":{"background-color":"var(--ast-global-color-5)","background-image":"","background-repeat":"repeat","background-position":"center center","background-size":"auto","background-attachment":"scroll","background-type":"","background-media":"","overlay-type":"","overlay-color":"","overlay-opacity":"","overlay-gradient":""},"mobile":{"background-color":"var(--ast-global-color-5)","background-image":"","background-repeat":"repeat","background-position":"center center","background-size":"auto","background-attachment":"scroll","background-type":"","background-media":"","overlay-type":"","overlay-color":"","overlay-opacity":"","overlay-gradient":""}}},"product_brand":[],"product_cat":[96,69,97],"product_tag":[],"class_list":{"0":"post-1703","1":"product","2":"type-product","3":"status-publish","4":"has-post-thumbnail","6":"product_cat-brands","7":"product_cat-glyco-system","8":"product_cat-naole","9":"desktop-align-left","10":"tablet-align-left","11":"mobile-align-left","13":"first","14":"instock","15":"taxable","16":"shipping-taxable","17":"product-type-simple","18":"add-to-wishlist-before_image"},"uagb_featured_image_src":{"full":["https:\/\/kosmeetika24.com\/wp-content\/uploads\/2023\/11\/294-Charcoal-Mask.jpg",600,600,false],"thumbnail":["https:\/\/kosmeetika24.com\/wp-content\/uploads\/2023\/11\/294-Charcoal-Mask-150x150.jpg",150,150,true],"medium":["https:\/\/kosmeetika24.com\/wp-content\/uploads\/2023\/11\/294-Charcoal-Mask-300x300.jpg",300,300,true],"medium_large":["https:\/\/kosmeetika24.com\/wp-content\/uploads\/2023\/11\/294-Charcoal-Mask.jpg",600,600,false],"large":["https:\/\/kosmeetika24.com\/wp-content\/uploads\/2023\/11\/294-Charcoal-Mask.jpg",600,600,false],"1536x1536":["https:\/\/kosmeetika24.com\/wp-content\/uploads\/2023\/11\/294-Charcoal-Mask.jpg",600,600,false],"2048x2048":["https:\/\/kosmeetika24.com\/wp-content\/uploads\/2023\/11\/294-Charcoal-Mask.jpg",600,600,false],"trp-custom-language-flag":["https:\/\/kosmeetika24.com\/wp-content\/uploads\/2023\/11\/294-Charcoal-Mask-12x12.jpg",12,12,true],"woocommerce_thumbnail":["https:\/\/kosmeetika24.com\/wp-content\/uploads\/2023\/11\/294-Charcoal-Mask-300x300.jpg",300,300,true],"woocommerce_single":["https:\/\/kosmeetika24.com\/wp-content\/uploads\/2023\/11\/294-Charcoal-Mask-500x500.jpg",500,500,true],"woocommerce_gallery_thumbnail":["https:\/\/kosmeetika24.com\/wp-content\/uploads\/2023\/11\/294-Charcoal-Mask-100x100.jpg",100,100,true]},"uagb_author_info":{"display_name":"admin","author_link":"https:\/\/kosmeetika24.com\/fi\/author\/"},"uagb_comment_info":0,"uagb_excerpt":"Puhastab s\u00fcgavalt poore, v\u00e4hendab komedoone, imab naha pinnalt rasu ja parandab naha tekstuuri. &nbsp; 65 g","_links":{"self":[{"href":"https:\/\/kosmeetika24.com\/fi\/wp-json\/wp\/v2\/product\/1703","targetHints":{"allow":["GET"]}}],"collection":[{"href":"https:\/\/kosmeetika24.com\/fi\/wp-json\/wp\/v2\/product"}],"about":[{"href":"https:\/\/kosmeetika24.com\/fi\/wp-json\/wp\/v2\/types\/product"}],"replies":[{"embeddable":true,"href":"https:\/\/kosmeetika24.com\/fi\/wp-json\/wp\/v2\/comments?post=1703"}],"version-history":[{"count":2,"href":"https:\/\/kosmeetika24.com\/fi\/wp-json\/wp\/v2\/product\/1703\/revisions"}],"predecessor-version":[{"id":4652,"href":"https:\/\/kosmeetika24.com\/fi\/wp-json\/wp\/v2\/product\/1703\/revisions\/4652"}],"wp:featuredmedia":[{"embeddable":true,"href":"https:\/\/kosmeetika24.com\/fi\/wp-json\/wp\/v2\/media\/1704"}],"wp:attachment":[{"href":"https:\/\/kosmeetika24.com\/fi\/wp-json\/wp\/v2\/media?parent=1703"}],"wp:term":[{"taxonomy":"product_brand","embeddable":true,"href":"https:\/\/kosmeetika24.com\/fi\/wp-json\/wp\/v2\/product_brand?post=1703"},{"taxonomy":"product_cat","embeddable":true,"href":"https:\/\/kosmeetika24.com\/fi\/wp-json\/wp\/v2\/product_cat?post=1703"},{"taxonomy":"product_tag","embeddable":true,"href":"https:\/\/kosmeetika24.com\/fi\/wp-json\/wp\/v2\/product_tag?post=1703"}],"curies":[{"name":"wp","href":"https:\/\/api.w.org\/{rel}","templated":true}]}}