{"id":1701,"date":"2024-01-05T07:39:10","date_gmt":"2024-01-05T07:39:10","guid":{"rendered":"https:\/\/kosmeetika24.com\/?post_type=product&#038;p=1701"},"modified":"2025-07-02T15:38:00","modified_gmt":"2025-07-02T12:38:00","slug":"bruno-vassari-glyco-system-kaitsev-paevakreem-spf-25","status":"publish","type":"product","link":"https:\/\/kosmeetika24.com\/fi\/tuote\/bruno-vassari-glyco-system-kaitsev-paevakreem-spf-25\/","title":{"rendered":"BRUNO VASSARI Glyco System suojaava p\u00e4iv\u00e4voide SPF 25"},"content":{"rendered":"<p class=\"translation-block\">Kevyt p\u00e4iv\u00e4voide <em>Protective Cream SPF 25<\/em> sis\u00e4lt\u00e4\u00e4 E-vitamiinia ja niatsinamidia. Se auttaa kosteuttamaan ihoa ja normalisoi pigmentaatiota. Voide sis\u00e4lt\u00e4\u00e4 aurinkosuojafilttereit\u00e4, jotka suojaavat epidermist\u00e4 UVA- ja UVB-s\u00e4teilyn aiheuttamalta ennenaikaiselta vanhenemiselta.<\/p>\n<p>Sopii kaikille ihotyypeille, paitsi rasvaiselle iholle.<\/p>\n<p><strong>P\u00c4\u00c4AINEOSAT<\/strong><\/p>\n<ul>\n<li>Glykolihappo<\/li>\n<li>Niasiiniamidi<\/li>\n<li>E-vitamiini<\/li>\n<li>Aurinkosuojafiltterit.<\/li>\n<\/ul>\n<p><strong>Vaikutus<\/strong><\/p>\n<ul>\n<li>Glykolihappo vaikuttaa ihon pinnallisissa kerroksissa, j\u00e4tt\u00e4en ihon tasaisemmaksi ja pehme\u00e4mm\u00e4ksi. Se stimuloi ihon uusiutumista, parantaa kosteutusta ja kollageenin tuotantoa. Tuloksena on parempi kimmoisuus, parempi kosteutus ja kirkkaampi ihonv\u00e4ri.<\/li>\n<li class=\"translation-block\"><strong>Niasiiniamidi<\/strong> auttaa v\u00e4hent\u00e4m\u00e4\u00e4n ryppyj\u00e4 ja hienoja juonteita, v\u00e4hent\u00e4\u00e4 ihon fotovanhentumisen merkkej\u00e4; v\u00e4hent\u00e4\u00e4 pigmentaatiota, melasmaa ja kirkastaa ihoa; auttaa n\u00e4kyv\u00e4sti pienent\u00e4m\u00e4\u00e4n huokosten kokoa, stimuloi kollageenin tuotantoa; parantaa sameaa ihons\u00e4vy\u00e4; vahvistaa ihon suojabarri\u00e4\u00e4ri\u00e4, edist\u00e4en ihon kosteutusta.<\/li>\n<li>E-vitamiini on yhdistetty aurinkosuoja-filttereihin, jotta se suojaa ihoa ja vahvistaa sen puolustusta auringon s\u00e4teilyn haitallisilta vaikutuksilta.<\/li>\n<\/ul>\n<p>K\u00e4ytt\u00f6<\/p>\n<ul>\n<li class=\"translation-block\">Puhdista iho etuk\u00e4teen esimerkiksi tuotteella <a href=\"https:\/\/kosmeetika24.eu\/toode\/bruno-vassari-glyco-system-glycolic-washing-foam\/\" target=\"_self\">BRUNO VASSARI Glyco System Glycolic Puhdistusvaahto<\/a>.<\/li>\n<li class=\"translation-block\">Tuo iho ensin tasapainoon esimerkiksi tuotteella <a href=\"https:\/\/kosmeetika24.eu\/toode\/bruno-vassari-glyco-system-dual-phase-toner\/\" target=\"_self\">BRUNO VASSARI Glyco System kaksivaiheinen toneri<\/a>.<\/li>\n<li>Levit\u00e4 p\u00e4iv\u00e4voide aamulla puhtaalle iholle kevyill\u00e4 hierontaliikkeill\u00e4, kunnes se on t\u00e4ysin imeytynyt. Sopii p\u00e4ivitt\u00e4iseen k\u00e4ytt\u00f6\u00f6n.<\/li>\n<li class=\"translation-block\">Silm\u00e4nymp\u00e4rist\u00f6n hoitoon voit k\u00e4ytt\u00e4\u00e4 esimerkiksi <a href=\"https:\/\/kosmeetika24.eu\/toode\/bruno-vassari-collagen-booster-peptide-eye-contour-gel-cream\/\" target=\"_self\">BRUNO VASSARI Collagen Booster peptidikompleksilla varustettua silm\u00e4nymp\u00e4rysvoidetta<\/a>.<\/li>\n<\/ul>\n<p>Ainesosat<\/p>\n<p><span style=\"font-size: 14px;\">AQUA (WATER), DICAPRYLYL CARBONATE, BLUTYLENE GLYCOL, DICAPRYLATE\/DICAPRATE, C12-15 ALKYL BENZOATE, BUTYLENE GLYCOL, POTASSIUM CETYL PHOSPHATE, NIACINAMIDE, BUTYL METHOXYDIBENZOYLMETHANE, OCTCRYLENE, PHENYLBENZIMIDAZOLE SULFONIC ACID, BEHENYL ALCOHOL, CETYL ALCOHOL, CETYLPALMITATE, MYRISTYL MYRISTATE, TROMETHAMINE, TAPIOCA STARCH, HYDROGENATED POLYISOBUTENE, TOCOPHERYL ACETATE, POLYSILICONE-15, CHLORPHENESIN, PHENOXYETHANOL, GLYCERIN, XANTHAN GUM, ACRYLATES \/C10-30 ALKYLACRYLATE\u00a0 CROSSPOLYMER, DISODIUM EDTA, PARFUM (FRAGRANCE), BUTYLPHENYL METHYLPROPIONAL, LINALOOL, LIMONENE, ALPHA-ISOMETHYL IONONE, COUMARIN.<\/span><\/p>","protected":false},"excerpt":{"rendered":"<p>&nbsp;<\/p>\n<p>P\u00e4iv\u00e4voide, jossa on aurinkosuoja, glykolihappoa ja E-vitamiinia. Suojaa valovanhentumiselta.<\/p>\n<p>50 ml<\/p>","protected":false},"featured_media":1702,"comment_status":"open","ping_status":"closed","template":"","meta":{"_uag_custom_page_level_css":"","site-sidebar-layout":"default","site-content-layout":"","ast-site-content-layout":"default","site-content-style":"default","site-sidebar-style":"default","ast-global-header-display":"","ast-banner-title-visibility":"","ast-main-header-display":"","ast-hfb-above-header-display":"","ast-hfb-below-header-display":"","ast-hfb-mobile-header-display":"","site-post-title":"","ast-breadcrumbs-content":"","ast-featured-img":"","footer-sml-layout":"","ast-disable-related-posts":"","theme-transparent-header-meta":"default","adv-header-id-meta":"","stick-header-meta":"","header-above-stick-meta":"","header-main-stick-meta":"","header-below-stick-meta":"","astra-migrate-meta-layouts":"set","ast-page-background-enabled":"default","ast-page-background-meta":{"desktop":{"background-color":"var(--ast-global-color-4)","background-image":"","background-repeat":"repeat","background-position":"center center","background-size":"auto","background-attachment":"scroll","background-type":"","background-media":"","overlay-type":"","overlay-color":"","overlay-opacity":"","overlay-gradient":""},"tablet":{"background-color":"","background-image":"","background-repeat":"repeat","background-position":"center center","background-size":"auto","background-attachment":"scroll","background-type":"","background-media":"","overlay-type":"","overlay-color":"","overlay-opacity":"","overlay-gradient":""},"mobile":{"background-color":"","background-image":"","background-repeat":"repeat","background-position":"center center","background-size":"auto","background-attachment":"scroll","background-type":"","background-media":"","overlay-type":"","overlay-color":"","overlay-opacity":"","overlay-gradient":""}},"ast-content-background-meta":{"desktop":{"background-color":"var(--ast-global-color-5)","background-image":"","background-repeat":"repeat","background-position":"center center","background-size":"auto","background-attachment":"scroll","background-type":"","background-media":"","overlay-type":"","overlay-color":"","overlay-opacity":"","overlay-gradient":""},"tablet":{"background-color":"var(--ast-global-color-5)","background-image":"","background-repeat":"repeat","background-position":"center center","background-size":"auto","background-attachment":"scroll","background-type":"","background-media":"","overlay-type":"","overlay-color":"","overlay-opacity":"","overlay-gradient":""},"mobile":{"background-color":"var(--ast-global-color-5)","background-image":"","background-repeat":"repeat","background-position":"center center","background-size":"auto","background-attachment":"scroll","background-type":"","background-media":"","overlay-type":"","overlay-color":"","overlay-opacity":"","overlay-gradient":""}}},"product_brand":[],"product_cat":[96,69,97],"product_tag":[],"class_list":{"0":"post-1701","1":"product","2":"type-product","3":"status-publish","4":"has-post-thumbnail","6":"product_cat-brands","7":"product_cat-glyco-system","8":"product_cat-naole","9":"desktop-align-left","10":"tablet-align-left","11":"mobile-align-left","13":"first","14":"instock","15":"taxable","16":"shipping-taxable","17":"product-type-simple","18":"add-to-wishlist-before_image"},"uagb_featured_image_src":{"full":["https:\/\/kosmeetika24.com\/wp-content\/uploads\/2023\/11\/283-Protective-Cream-SPF-25.jpg",600,600,false],"thumbnail":["https:\/\/kosmeetika24.com\/wp-content\/uploads\/2023\/11\/283-Protective-Cream-SPF-25-150x150.jpg",150,150,true],"medium":["https:\/\/kosmeetika24.com\/wp-content\/uploads\/2023\/11\/283-Protective-Cream-SPF-25-300x300.jpg",300,300,true],"medium_large":["https:\/\/kosmeetika24.com\/wp-content\/uploads\/2023\/11\/283-Protective-Cream-SPF-25.jpg",600,600,false],"large":["https:\/\/kosmeetika24.com\/wp-content\/uploads\/2023\/11\/283-Protective-Cream-SPF-25.jpg",600,600,false],"1536x1536":["https:\/\/kosmeetika24.com\/wp-content\/uploads\/2023\/11\/283-Protective-Cream-SPF-25.jpg",600,600,false],"2048x2048":["https:\/\/kosmeetika24.com\/wp-content\/uploads\/2023\/11\/283-Protective-Cream-SPF-25.jpg",600,600,false],"trp-custom-language-flag":["https:\/\/kosmeetika24.com\/wp-content\/uploads\/2023\/11\/283-Protective-Cream-SPF-25-12x12.jpg",12,12,true],"woocommerce_thumbnail":["https:\/\/kosmeetika24.com\/wp-content\/uploads\/2023\/11\/283-Protective-Cream-SPF-25-300x300.jpg",300,300,true],"woocommerce_single":["https:\/\/kosmeetika24.com\/wp-content\/uploads\/2023\/11\/283-Protective-Cream-SPF-25-500x500.jpg",500,500,true],"woocommerce_gallery_thumbnail":["https:\/\/kosmeetika24.com\/wp-content\/uploads\/2023\/11\/283-Protective-Cream-SPF-25-100x100.jpg",100,100,true]},"uagb_author_info":{"display_name":"admin","author_link":"https:\/\/kosmeetika24.com\/fi\/author\/"},"uagb_comment_info":0,"uagb_excerpt":"&nbsp; P\u00e4ikesekaitsefaktori, gl\u00fckoolhappe ja e-vitamiiniga p\u00e4evakreem. Kaitseb fotovananemise eest. 50 ml","_links":{"self":[{"href":"https:\/\/kosmeetika24.com\/fi\/wp-json\/wp\/v2\/product\/1701","targetHints":{"allow":["GET"]}}],"collection":[{"href":"https:\/\/kosmeetika24.com\/fi\/wp-json\/wp\/v2\/product"}],"about":[{"href":"https:\/\/kosmeetika24.com\/fi\/wp-json\/wp\/v2\/types\/product"}],"replies":[{"embeddable":true,"href":"https:\/\/kosmeetika24.com\/fi\/wp-json\/wp\/v2\/comments?post=1701"}],"version-history":[{"count":2,"href":"https:\/\/kosmeetika24.com\/fi\/wp-json\/wp\/v2\/product\/1701\/revisions"}],"predecessor-version":[{"id":4654,"href":"https:\/\/kosmeetika24.com\/fi\/wp-json\/wp\/v2\/product\/1701\/revisions\/4654"}],"wp:featuredmedia":[{"embeddable":true,"href":"https:\/\/kosmeetika24.com\/fi\/wp-json\/wp\/v2\/media\/1702"}],"wp:attachment":[{"href":"https:\/\/kosmeetika24.com\/fi\/wp-json\/wp\/v2\/media?parent=1701"}],"wp:term":[{"taxonomy":"product_brand","embeddable":true,"href":"https:\/\/kosmeetika24.com\/fi\/wp-json\/wp\/v2\/product_brand?post=1701"},{"taxonomy":"product_cat","embeddable":true,"href":"https:\/\/kosmeetika24.com\/fi\/wp-json\/wp\/v2\/product_cat?post=1701"},{"taxonomy":"product_tag","embeddable":true,"href":"https:\/\/kosmeetika24.com\/fi\/wp-json\/wp\/v2\/product_tag?post=1701"}],"curies":[{"name":"wp","href":"https:\/\/api.w.org\/{rel}","templated":true}]}}