{"id":1694,"date":"2024-01-04T14:11:58","date_gmt":"2024-01-04T14:11:58","guid":{"rendered":"https:\/\/kosmeetika24.com\/?post_type=product&#038;p=1694"},"modified":"2025-07-02T15:24:09","modified_gmt":"2025-07-02T12:24:09","slug":"bruno-vassari-collagen-booster-toitev-ookreem-peptiididega","status":"publish","type":"product","link":"https:\/\/kosmeetika24.com\/fi\/tuote\/bruno-vassari-collagen-booster-toitev-ookreem-peptiididega\/","title":{"rendered":"BRUNO VASSARI Collagen Booster ravitseva y\u00f6voide peptideill\u00e4"},"content":{"rendered":"<p class=\"translation-block\">Y\u00f6voide <em>Peptide Night Cream<\/em> sis\u00e4lt\u00e4\u00e4 peptidikompleksin, joka taistelee tehokkaasti ik\u00e4\u00e4ntymisen merkkej\u00e4 vastaan. Se stimuloi kaikkien kollageenityyppien synteesi\u00e4, tekee ihon pinnasta tasaisen ja kimmoisan. Ravitsee ihoa v\u00e4ltt\u00e4m\u00e4tt\u00f6mill\u00e4 ravintoaineilla, kosteuttaa ja rauhoittaa.<\/p>\n<p>Sopii kaikille ihotyypeille, erityisesti ik\u00e4\u00e4ntyv\u00e4lle ja elottomalle iholle.<\/p>\n<p><strong>P\u00c4\u00c4AINEOSAT<\/strong><\/p>\n<ul>\n<li>Peptidikoktaili<\/li>\n<li>Jojoba\u00f6ljy<\/li>\n<li>E-vitamiini<\/li>\n<\/ul>\n<p><strong>Vaikutus<\/strong><\/p>\n<ul>\n<li>Peptidikoktaili stimuloi kaikkien kollageenityyppien muodostumista ja tekee ihosta s\u00e4ihkiv\u00e4n.<\/li>\n<li>Jojoba\u00f6ljy est\u00e4\u00e4 ryppyjen ilmestymisen sen kosteuttavien ja suojaavien ominaisuuksien ansiosta.<\/li>\n<li>E-vitamiini toimii eritt\u00e4in tehokkaana antioksidanttina.<\/li>\n<\/ul>\n<p><strong>K\u00e4ytt\u00f6<\/strong><\/p>\n<ul>\n<li class=\"translation-block\">Puhdista iho etuk\u00e4teen esimerkiksi tuotteella <a href=\"https:\/\/kosmeetika24.eu\/toode\/bruno-vassari-collagen-booster-enzyme-cleansing-powder\/\" target=\"_self\">BRUNO VASSARI Collagen Booster entsymaattinen puhdistuspulveri<\/a>.<\/li>\n<li class=\"translation-block\">Tuo iho ensin tasapainoon esimerkiksi tuotteella <a href=\"https:\/\/kosmeetika24.eu\/toode\/bruno-vassari-collagen-booster-clarifying-milky-toner\/\" target=\"_self\">BRUNO VASSARI Collagen Booster ik\u00e4\u00e4ntymist\u00e4 est\u00e4v\u00e4 toneri<\/a>.<\/li>\n<li>Levit\u00e4 y\u00f6voide kevyill\u00e4 hierontaliikkeill\u00e4 iholle. Sopii k\u00e4ytett\u00e4v\u00e4ksi illalla.<\/li>\n<li class=\"translation-block\">Silm\u00e4nymp\u00e4rysihon hoitoon k\u00e4yt\u00e4 esimerkiksi tuotetta <a href=\"https:\/\/kosmeetika24.eu\/toode\/bruno-vassari-collagen-booster-peptide-eye-contour-gel-cream\/\" target=\"_self\">BRUNO VASSARI Collagen Booster peptidikompleksilla varustettu silm\u00e4nymp\u00e4rysgeeli<\/a>.<\/li>\n<\/ul>\n<p><strong>Ainesosat<\/strong><\/p>\n<p><span style=\"font-size: 14px;\">AQUA (WATER), CAPRYLIC\/CAPRIC TRIGLYCERIDE, GLYCERIN, PENTYLENE GLYCOL, SQUALANE, SIMMONDSIA CHINESIS (JOJOBA) SEED OIL, HYDROGENATED PHOSPHATIDYLCHOLINE, BUTYROSPERMUM PARKII (SHEA) BUTTER, ALUMINIUM STARCH OCTENYLSUCCINATE, CERAMIDE NP, TETRADECYL AMINOBUTYROYLVALYLAMINOBUTYRIC UREA TRIFLUOROACETATE, PALMITOYL TRIPEPTIDE-5, PALMITOYL DIPEPTIDE -5, DIAMINOBUTYROYL HYDROXYTHREONINE, PHENOXYETHANOL, CETEARYL ALCOHOL, TOCOPHERYL ACETATE, CHLORPHENESIN, DISODIUMEDTA, CARBOMER, XANTHAN GUM, SODIUM HYDROXIDE, MAGNESIUM CHLORIDE, PARFUM (FRAGRANCE).\u00a0<\/span><\/p>","protected":false},"excerpt":{"rendered":"<p>Y\u00f6voide ik\u00e4\u00e4ntyv\u00e4lle iholle, joka silottaa pieni\u00e4 ryppyj\u00e4, parantaa ihon s\u00e4vy\u00e4 ja kimmoisuutta.<\/p>\n<p>&nbsp;<\/p>\n<p>50 ml<\/p>","protected":false},"featured_media":1695,"comment_status":"open","ping_status":"closed","template":"","meta":{"_uag_custom_page_level_css":"","site-sidebar-layout":"default","site-content-layout":"","ast-site-content-layout":"default","site-content-style":"default","site-sidebar-style":"default","ast-global-header-display":"","ast-banner-title-visibility":"","ast-main-header-display":"","ast-hfb-above-header-display":"","ast-hfb-below-header-display":"","ast-hfb-mobile-header-display":"","site-post-title":"","ast-breadcrumbs-content":"","ast-featured-img":"","footer-sml-layout":"","ast-disable-related-posts":"","theme-transparent-header-meta":"default","adv-header-id-meta":"","stick-header-meta":"","header-above-stick-meta":"","header-main-stick-meta":"","header-below-stick-meta":"","astra-migrate-meta-layouts":"set","ast-page-background-enabled":"default","ast-page-background-meta":{"desktop":{"background-color":"var(--ast-global-color-4)","background-image":"","background-repeat":"repeat","background-position":"center center","background-size":"auto","background-attachment":"scroll","background-type":"","background-media":"","overlay-type":"","overlay-color":"","overlay-opacity":"","overlay-gradient":""},"tablet":{"background-color":"","background-image":"","background-repeat":"repeat","background-position":"center center","background-size":"auto","background-attachment":"scroll","background-type":"","background-media":"","overlay-type":"","overlay-color":"","overlay-opacity":"","overlay-gradient":""},"mobile":{"background-color":"","background-image":"","background-repeat":"repeat","background-position":"center center","background-size":"auto","background-attachment":"scroll","background-type":"","background-media":"","overlay-type":"","overlay-color":"","overlay-opacity":"","overlay-gradient":""}},"ast-content-background-meta":{"desktop":{"background-color":"var(--ast-global-color-5)","background-image":"","background-repeat":"repeat","background-position":"center center","background-size":"auto","background-attachment":"scroll","background-type":"","background-media":"","overlay-type":"","overlay-color":"","overlay-opacity":"","overlay-gradient":""},"tablet":{"background-color":"var(--ast-global-color-5)","background-image":"","background-repeat":"repeat","background-position":"center center","background-size":"auto","background-attachment":"scroll","background-type":"","background-media":"","overlay-type":"","overlay-color":"","overlay-opacity":"","overlay-gradient":""},"mobile":{"background-color":"var(--ast-global-color-5)","background-image":"","background-repeat":"repeat","background-position":"center center","background-size":"auto","background-attachment":"scroll","background-type":"","background-media":"","overlay-type":"","overlay-color":"","overlay-opacity":"","overlay-gradient":""}}},"product_brand":[],"product_cat":[96,60,97],"product_tag":[],"class_list":{"0":"post-1694","1":"product","2":"type-product","3":"status-publish","4":"has-post-thumbnail","6":"product_cat-brands","7":"product_cat-collagen-booster","8":"product_cat-naole","9":"desktop-align-left","10":"tablet-align-left","11":"mobile-align-left","13":"first","14":"instock","15":"taxable","16":"shipping-taxable","17":"product-type-simple","18":"add-to-wishlist-before_image"},"uagb_featured_image_src":{"full":["https:\/\/kosmeetika24.com\/wp-content\/uploads\/2023\/11\/276-Peptide-Night-Cream.jpg",600,600,false],"thumbnail":["https:\/\/kosmeetika24.com\/wp-content\/uploads\/2023\/11\/276-Peptide-Night-Cream-150x150.jpg",150,150,true],"medium":["https:\/\/kosmeetika24.com\/wp-content\/uploads\/2023\/11\/276-Peptide-Night-Cream-300x300.jpg",300,300,true],"medium_large":["https:\/\/kosmeetika24.com\/wp-content\/uploads\/2023\/11\/276-Peptide-Night-Cream.jpg",600,600,false],"large":["https:\/\/kosmeetika24.com\/wp-content\/uploads\/2023\/11\/276-Peptide-Night-Cream.jpg",600,600,false],"1536x1536":["https:\/\/kosmeetika24.com\/wp-content\/uploads\/2023\/11\/276-Peptide-Night-Cream.jpg",600,600,false],"2048x2048":["https:\/\/kosmeetika24.com\/wp-content\/uploads\/2023\/11\/276-Peptide-Night-Cream.jpg",600,600,false],"trp-custom-language-flag":["https:\/\/kosmeetika24.com\/wp-content\/uploads\/2023\/11\/276-Peptide-Night-Cream-12x12.jpg",12,12,true],"woocommerce_thumbnail":["https:\/\/kosmeetika24.com\/wp-content\/uploads\/2023\/11\/276-Peptide-Night-Cream-300x300.jpg",300,300,true],"woocommerce_single":["https:\/\/kosmeetika24.com\/wp-content\/uploads\/2023\/11\/276-Peptide-Night-Cream-500x500.jpg",500,500,true],"woocommerce_gallery_thumbnail":["https:\/\/kosmeetika24.com\/wp-content\/uploads\/2023\/11\/276-Peptide-Night-Cream-100x100.jpg",100,100,true]},"uagb_author_info":{"display_name":"admin","author_link":"https:\/\/kosmeetika24.com\/fi\/author\/"},"uagb_comment_info":0,"uagb_excerpt":"\u00d6\u00f6kreem vananevale nahale, mis silub peened kortsud, parandab naha tooni ja elastsust. &nbsp; 50 ml","_links":{"self":[{"href":"https:\/\/kosmeetika24.com\/fi\/wp-json\/wp\/v2\/product\/1694","targetHints":{"allow":["GET"]}}],"collection":[{"href":"https:\/\/kosmeetika24.com\/fi\/wp-json\/wp\/v2\/product"}],"about":[{"href":"https:\/\/kosmeetika24.com\/fi\/wp-json\/wp\/v2\/types\/product"}],"replies":[{"embeddable":true,"href":"https:\/\/kosmeetika24.com\/fi\/wp-json\/wp\/v2\/comments?post=1694"}],"version-history":[{"count":2,"href":"https:\/\/kosmeetika24.com\/fi\/wp-json\/wp\/v2\/product\/1694\/revisions"}],"predecessor-version":[{"id":4660,"href":"https:\/\/kosmeetika24.com\/fi\/wp-json\/wp\/v2\/product\/1694\/revisions\/4660"}],"wp:featuredmedia":[{"embeddable":true,"href":"https:\/\/kosmeetika24.com\/fi\/wp-json\/wp\/v2\/media\/1695"}],"wp:attachment":[{"href":"https:\/\/kosmeetika24.com\/fi\/wp-json\/wp\/v2\/media?parent=1694"}],"wp:term":[{"taxonomy":"product_brand","embeddable":true,"href":"https:\/\/kosmeetika24.com\/fi\/wp-json\/wp\/v2\/product_brand?post=1694"},{"taxonomy":"product_cat","embeddable":true,"href":"https:\/\/kosmeetika24.com\/fi\/wp-json\/wp\/v2\/product_cat?post=1694"},{"taxonomy":"product_tag","embeddable":true,"href":"https:\/\/kosmeetika24.com\/fi\/wp-json\/wp\/v2\/product_tag?post=1694"}],"curies":[{"name":"wp","href":"https:\/\/api.w.org\/{rel}","templated":true}]}}