{"id":1692,"date":"2024-01-04T14:11:21","date_gmt":"2024-01-04T14:11:21","guid":{"rendered":"https:\/\/kosmeetika24.com\/?post_type=product&#038;p=1692"},"modified":"2025-07-02T15:23:24","modified_gmt":"2025-07-02T12:23:24","slug":"bruno-vassari-collagen-booster-antioksudantne-kreem","status":"publish","type":"product","link":"https:\/\/kosmeetika24.com\/fi\/tuote\/bruno-vassari-collagen-booster-antioksudantne-kreem\/","title":{"rendered":"BRUNO VASSARI Collagen Booster antioksidanttivoide"},"content":{"rendered":"<p class=\"translation-block\"><em>Power C Peptide Cream<\/em> on valmistettu peptidikompleksista ja C-vitamiinin vakaasta johdannaisesta taistelemaan ik\u00e4\u00e4ntymisen ensimm\u00e4isi\u00e4 merkkej\u00e4 vastaan. Se stimuloi kaikkien kollageenityyppien muodostumista ja tekee ihon pinnasta kiinte\u00e4n, eritt\u00e4in kest\u00e4v\u00e4n ja elastisen. Kosteuttaa ja silottaa ihoa, j\u00e4tt\u00e4en pinnan silkkisen sile\u00e4ksi. Korjaa ihon s\u00e4vyn ja antaa sille hehkun. Sopii p\u00e4ivitt\u00e4iseen k\u00e4ytt\u00f6\u00f6n.<\/p>\n<p>Sopii kuivalle, v\u00e4syneelle, elottomalle, samealle ja ik\u00e4\u00e4ntyv\u00e4lle iholle.<\/p>\n<p><strong>P\u00c4\u00c4AINEOSAT<\/strong><\/p>\n<ul>\n<li>Peptidikoktaili<\/li>\n<li>Askorbyyliglukosidi<\/li>\n<li>Aloe vera<\/li>\n<li>Pantenoli<\/li>\n<li>Pentavitin<\/li>\n<\/ul>\n<p><strong>Vaikutus<\/strong><\/p>\n<ul>\n<li>Peptidikoktaili stimuloi kaikkien kollageenityyppien muodostumista.<\/li>\n<li>Askorbyyliglukosidi tekee ihosta s\u00e4ihkiv\u00e4n.<\/li>\n<li>Aloe vera kosteuttaa ja ravitsee ihoa j\u00e4tt\u00e4en suojakerroksen.<\/li>\n<li>Pantenoli rauhoittaa ihoa ja pit\u00e4\u00e4 sen kosteutettuna.<\/li>\n<li>Pentavitin lis\u00e4\u00e4 ihon kyky\u00e4 pit\u00e4\u00e4 vett\u00e4, v\u00e4hent\u00e4en kuivuutta ja \u00e4rsytyst\u00e4, joita ulkoiset tekij\u00e4t aiheuttavat.<\/li>\n<\/ul>\n<p><strong>K\u00e4ytt\u00f6<\/strong><\/p>\n<ul>\n<li class=\"translation-block\">Puhdista iho etuk\u00e4teen esimerkiksi tuotteella <a href=\"https:\/\/kosmeetika24.eu\/toode\/bruno-vassari-collagen-booster-enzyme-cleansing-powder\/\" target=\"_self\">BRUNO VASSARI Collagen Booster entsymaattinen puhdistuspulveri<\/a>.<\/li>\n<li class=\"translation-block\">Tuo iho ensin tasapainoon esimerkiksi tuotteella <a href=\"https:\/\/kosmeetika24.eu\/toode\/bruno-vassari-collagen-booster-clarifying-milky-toner\/\" target=\"_self\">BRUNO VASSARI Collagen Booster ik\u00e4\u00e4ntymist\u00e4 est\u00e4v\u00e4 toneri<\/a>.<\/li>\n<li>Levit\u00e4 kreemi kevyill\u00e4 hierontaliikkeill\u00e4 iholle. Sopii k\u00e4ytett\u00e4v\u00e4ksi sek\u00e4 aamulla ett\u00e4 illalla.<\/li>\n<li class=\"translation-block\">Silm\u00e4nymp\u00e4rysihon hoitoon k\u00e4yt\u00e4 esimerkiksi tuotetta <a href=\"https:\/\/kosmeetika24.eu\/toode\/bruno-vassari-collagen-booster-peptide-eye-contour-gel-cream\/\" target=\"_self\">BRUNO VASSARI Collagen Booster peptidikompleksilla varustettu silm\u00e4nymp\u00e4rysgeeli<\/a>.<\/li>\n<\/ul>\n<p><strong>Ainesosat<\/strong><\/p>\n<p><span style=\"font-size: 14px;\">AQUA (WATER), DIMETHICONE, CYCLOPENTASILOXANE, DIPROPYLENE GLYCOL, PENTAERYTHRIYL TETRAETHYLHEXANOATE, C12-15ALKYL BENZOATE, HYDROGENATED POLYISOBUTENE, ASCORBYL GLUCOSIDE, ALCOHOL DENAT, GLYCERIN, SACCHARIDE ISOMERATE, TETRADECYL AMINOBUTYROYLVALYLAMINOBUTYRIC UREA TRIFLUOROACETATE, PALMITOYL TRIPEPTIDE-5, PALMITOYL DIPEPTIDE-5 DIAMINOBUTYROYL HYDROXYTHREONINE, ALOE BARBADENSIS LEAF JUICE, PANTHENOL, SODIUM HYALURONATE, BISABOLOL, DIMETHICONE\/PEG-10\/15 CROSSPOLYMER, LAURYL PEG-9 POLYDIMETHYLSILOXYETHYL DIMETHICONE, PROPYLENE GLYCOL, SODIUM CHLORIDE, POTASSIUM HYDROXIDE, SODIUM CITRATE, DISODIUM EDTA, TOCOPHERYL ACETATE, DIMETHICONE\/VINYL DIMETHICONE CROSSPOLYMER, ETHYLHEXYLGLYCERIN, PHENOXYETHANOL, MAGNESIUM CHLORIDE, POTASSIUM SORBATE, TOCOPHEROL, SODIUM BENZOATE, CITRIC ACID, PARFUM (FRAGRANCE), LINALOOL, LIMONENE, CITRONELLOL, FARNESOL, HEXYL CINNAMAL, BUTYLPHENYL METHYLPROPIONAL.<\/span><\/p>","protected":false},"excerpt":{"rendered":"<p>Aktiivisia peptidien ja C-vitamiinin sis\u00e4lt\u00e4v\u00e4 voide, joka kosteuttaa ihoa, aktivoi kollageenin tuotantoa, normalisoi ihon s\u00e4vyn ja silottaa ryppyj\u00e4.<\/p>\n<p>&nbsp;<\/p>\n<p>50 ml<\/p>","protected":false},"featured_media":1693,"comment_status":"open","ping_status":"closed","template":"","meta":{"_uag_custom_page_level_css":"","site-sidebar-layout":"default","site-content-layout":"","ast-site-content-layout":"default","site-content-style":"default","site-sidebar-style":"default","ast-global-header-display":"","ast-banner-title-visibility":"","ast-main-header-display":"","ast-hfb-above-header-display":"","ast-hfb-below-header-display":"","ast-hfb-mobile-header-display":"","site-post-title":"","ast-breadcrumbs-content":"","ast-featured-img":"","footer-sml-layout":"","ast-disable-related-posts":"","theme-transparent-header-meta":"default","adv-header-id-meta":"","stick-header-meta":"","header-above-stick-meta":"","header-main-stick-meta":"","header-below-stick-meta":"","astra-migrate-meta-layouts":"set","ast-page-background-enabled":"default","ast-page-background-meta":{"desktop":{"background-color":"var(--ast-global-color-4)","background-image":"","background-repeat":"repeat","background-position":"center center","background-size":"auto","background-attachment":"scroll","background-type":"","background-media":"","overlay-type":"","overlay-color":"","overlay-opacity":"","overlay-gradient":""},"tablet":{"background-color":"","background-image":"","background-repeat":"repeat","background-position":"center center","background-size":"auto","background-attachment":"scroll","background-type":"","background-media":"","overlay-type":"","overlay-color":"","overlay-opacity":"","overlay-gradient":""},"mobile":{"background-color":"","background-image":"","background-repeat":"repeat","background-position":"center center","background-size":"auto","background-attachment":"scroll","background-type":"","background-media":"","overlay-type":"","overlay-color":"","overlay-opacity":"","overlay-gradient":""}},"ast-content-background-meta":{"desktop":{"background-color":"var(--ast-global-color-5)","background-image":"","background-repeat":"repeat","background-position":"center center","background-size":"auto","background-attachment":"scroll","background-type":"","background-media":"","overlay-type":"","overlay-color":"","overlay-opacity":"","overlay-gradient":""},"tablet":{"background-color":"var(--ast-global-color-5)","background-image":"","background-repeat":"repeat","background-position":"center center","background-size":"auto","background-attachment":"scroll","background-type":"","background-media":"","overlay-type":"","overlay-color":"","overlay-opacity":"","overlay-gradient":""},"mobile":{"background-color":"var(--ast-global-color-5)","background-image":"","background-repeat":"repeat","background-position":"center center","background-size":"auto","background-attachment":"scroll","background-type":"","background-media":"","overlay-type":"","overlay-color":"","overlay-opacity":"","overlay-gradient":""}}},"product_brand":[],"product_cat":[96,60,97],"product_tag":[],"class_list":{"0":"post-1692","1":"product","2":"type-product","3":"status-publish","4":"has-post-thumbnail","6":"product_cat-brands","7":"product_cat-collagen-booster","8":"product_cat-naole","9":"desktop-align-left","10":"tablet-align-left","11":"mobile-align-left","13":"first","14":"instock","15":"taxable","16":"shipping-taxable","17":"product-type-simple","18":"add-to-wishlist-before_image"},"uagb_featured_image_src":{"full":["https:\/\/kosmeetika24.com\/wp-content\/uploads\/2023\/11\/274-Power-C-pepetide-cream.jpg",600,600,false],"thumbnail":["https:\/\/kosmeetika24.com\/wp-content\/uploads\/2023\/11\/274-Power-C-pepetide-cream-150x150.jpg",150,150,true],"medium":["https:\/\/kosmeetika24.com\/wp-content\/uploads\/2023\/11\/274-Power-C-pepetide-cream-300x300.jpg",300,300,true],"medium_large":["https:\/\/kosmeetika24.com\/wp-content\/uploads\/2023\/11\/274-Power-C-pepetide-cream.jpg",600,600,false],"large":["https:\/\/kosmeetika24.com\/wp-content\/uploads\/2023\/11\/274-Power-C-pepetide-cream.jpg",600,600,false],"1536x1536":["https:\/\/kosmeetika24.com\/wp-content\/uploads\/2023\/11\/274-Power-C-pepetide-cream.jpg",600,600,false],"2048x2048":["https:\/\/kosmeetika24.com\/wp-content\/uploads\/2023\/11\/274-Power-C-pepetide-cream.jpg",600,600,false],"trp-custom-language-flag":["https:\/\/kosmeetika24.com\/wp-content\/uploads\/2023\/11\/274-Power-C-pepetide-cream-12x12.jpg",12,12,true],"woocommerce_thumbnail":["https:\/\/kosmeetika24.com\/wp-content\/uploads\/2023\/11\/274-Power-C-pepetide-cream-300x300.jpg",300,300,true],"woocommerce_single":["https:\/\/kosmeetika24.com\/wp-content\/uploads\/2023\/11\/274-Power-C-pepetide-cream-500x500.jpg",500,500,true],"woocommerce_gallery_thumbnail":["https:\/\/kosmeetika24.com\/wp-content\/uploads\/2023\/11\/274-Power-C-pepetide-cream-100x100.jpg",100,100,true]},"uagb_author_info":{"display_name":"admin","author_link":"https:\/\/kosmeetika24.com\/fi\/author\/"},"uagb_comment_info":0,"uagb_excerpt":"Aktiivsete peptiididega ja C-vitamiiniga kreem niisutab nahka, aktiveerib kollageeni kasvu, normaliseerib nahatooni, silub kortse. &nbsp; 50 ml","_links":{"self":[{"href":"https:\/\/kosmeetika24.com\/fi\/wp-json\/wp\/v2\/product\/1692","targetHints":{"allow":["GET"]}}],"collection":[{"href":"https:\/\/kosmeetika24.com\/fi\/wp-json\/wp\/v2\/product"}],"about":[{"href":"https:\/\/kosmeetika24.com\/fi\/wp-json\/wp\/v2\/types\/product"}],"replies":[{"embeddable":true,"href":"https:\/\/kosmeetika24.com\/fi\/wp-json\/wp\/v2\/comments?post=1692"}],"version-history":[{"count":1,"href":"https:\/\/kosmeetika24.com\/fi\/wp-json\/wp\/v2\/product\/1692\/revisions"}],"predecessor-version":[{"id":4661,"href":"https:\/\/kosmeetika24.com\/fi\/wp-json\/wp\/v2\/product\/1692\/revisions\/4661"}],"wp:featuredmedia":[{"embeddable":true,"href":"https:\/\/kosmeetika24.com\/fi\/wp-json\/wp\/v2\/media\/1693"}],"wp:attachment":[{"href":"https:\/\/kosmeetika24.com\/fi\/wp-json\/wp\/v2\/media?parent=1692"}],"wp:term":[{"taxonomy":"product_brand","embeddable":true,"href":"https:\/\/kosmeetika24.com\/fi\/wp-json\/wp\/v2\/product_brand?post=1692"},{"taxonomy":"product_cat","embeddable":true,"href":"https:\/\/kosmeetika24.com\/fi\/wp-json\/wp\/v2\/product_cat?post=1692"},{"taxonomy":"product_tag","embeddable":true,"href":"https:\/\/kosmeetika24.com\/fi\/wp-json\/wp\/v2\/product_tag?post=1692"}],"curies":[{"name":"wp","href":"https:\/\/api.w.org\/{rel}","templated":true}]}}