{"id":1689,"date":"2024-01-04T14:08:32","date_gmt":"2024-01-04T14:08:32","guid":{"rendered":"https:\/\/kosmeetika24.com\/?post_type=product&#038;p=1689"},"modified":"2025-07-03T11:41:49","modified_gmt":"2025-07-03T08:41:49","slug":"bruno-vassari-kianty-viniferin-silma-ja-huuleumbruse-kreem","status":"publish","type":"product","link":"https:\/\/kosmeetika24.com\/fi\/tuote\/bruno-vassari-kianty-viniferin-silma-ja-huuleumbruse-kreem\/","title":{"rendered":"BRUNO VASSARI Kianty Viniferin silm\u00e4n- ja huulenymp\u00e4rysvoide"},"content":{"rendered":"<p class=\"translation-block\"><em>Viniferin Eyes &amp; Lips Cream<\/em> aktivoi verenkiertoa silm\u00e4nymp\u00e4rysalueella, auttaen v\u00e4hent\u00e4m\u00e4\u00e4n turvotusta ja tummia silm\u00e4nalusia. Aktiiviset aineosat auttavat tasoittamaan ja v\u00e4hent\u00e4m\u00e4\u00e4n ryppyj\u00e4, hidastavat ihon ik\u00e4\u00e4ntymisprosessia ja v\u00e4hent\u00e4v\u00e4t ik\u00e4\u00e4ntymisen merkkej\u00e4.<\/p>\n<p>Sopii kaikille ihotyypeille, erityisesti ik\u00e4\u00e4ntyv\u00e4lle iholle.<\/p>\n<p><strong>P\u00c4\u00c4AINEOSAT<\/strong><\/p>\n<ul>\n<li>Orgasol Restore<\/li>\n<li>Skvalaani<\/li>\n<li>Sheavoi<\/li>\n<li>Hydroksipropyylisilaani<\/li>\n<li>Viinamarjamahl<\/li>\n<li>E-vitamiini<\/li>\n<\/ul>\n<p><strong>Vaikutus<\/strong><\/p>\n<ul>\n<li>Orgasol Restore auttaa v\u00e4hent\u00e4m\u00e4\u00e4n ryppyj\u00e4 ja ilmejuonteita, tehden ik\u00e4\u00e4ntyneest\u00e4 ihosta elastisemman ja tonisoiden ihoa. Se my\u00f6s auttaa taistelemaan ihon kuivuuden, hilseilyn ja karheuden kanssa.<\/li>\n<li>Squalaani suojaa ihoa luonnolliselta veden haihtumiselta ja tekee ihosta pehme\u00e4n ja sile\u00e4n.<\/li>\n<li>Sheavoi sis\u00e4lt\u00e4\u00e4 paljon kyll\u00e4stym\u00e4tt\u00f6mi\u00e4 rasvahappoja ja vitamiineja. Ainesosat antavat iholle erinomaisen kosteutuksen, kimmoisuuden ja s\u00e4vyn. Est\u00e4\u00e4 ihon ik\u00e4\u00e4ntymist\u00e4 ja ryppyjen muodostumista. Auttaa my\u00f6s suojaamaan ihoa auringon s\u00e4teilylt\u00e4 ja kylm\u00e4lt\u00e4.<\/li>\n<li>Hydroksyprolisilaani stimuloi solujen uusiutumista, mik\u00e4 johtaa kollageenin tuotannon lis\u00e4\u00e4ntymiseen. Se on vapaita radikaaleja vastaan.<\/li>\n<li>Viiniryp\u00e4lemehu sis\u00e4lt\u00e4\u00e4 runsaasti polyfenoleja. Se auttaa est\u00e4m\u00e4\u00e4n ik\u00e4\u00e4ntymist\u00e4 suojaamalla ihon t\u00e4rkeit\u00e4 elementtej\u00e4. Se my\u00f6s auttaa stimuloimaan kollageenin synteesi\u00e4.<\/li>\n<li>E-vitamiini: toimii antioksidanttina suojaten soluja vapailta radikaaleilta. Parantaa ihon kimmoisuutta ja sileytt\u00e4.<\/li>\n<\/ul>\n<p><strong>K\u00e4ytt\u00f6<\/strong><\/p>\n<ul>\n<li class=\"translation-block\">Illalla k\u00e4yt\u00e4 tuotetta, kuten <a href=\"https:\/\/kosmeetika24.eu\/toode\/bruno-vassari-kianty-pate-duva\/\" target=\"_self\">BRUNO VASSARI Kianty ryppyjen vastainen ravitseva voide<\/a>.<\/li>\n<li>Sen j\u00e4lkeen levit\u00e4 silm\u00e4n- ja huultenymp\u00e4rysvoide varovasti silmien ja huulten alueelle.<\/li>\n<li>Sopii k\u00e4ytett\u00e4v\u00e4ksi sek\u00e4 aamulla ett\u00e4 illalla.<\/li>\n<\/ul>\n<p><strong>Ainesosat<\/strong><\/p>\n<p><span style=\"font-size: 14px;\">AQUA (WATER), C15-19 ALKANE, GLYCERIN, GLYCERYL STEARATE, PEG-100 STEARATE, CETYL ALCOHOL, SQUAANE, NYLON 6\/12, CYCLOPENTASILOXANE, CAPRYLIC\/CAPRIC TRIGLYCERIDE, BUTYROSPERMUM PARKII (SHEA) BUTTER, SALICYLIC ACID, VITIS VINIFERA (GRAPE) JUICE EXTRACT, DIPOTASSIUM GLYCYRRHIZATE, TOCOPHERYL ACETATE, METHYLSILANOL HYDROXYPROLINE ASPARTATE, PHENOXYETHANOL, POLYACRYLAMIDE, GLUCOSYL HESPERIDIN, OLIVE GLYCERIDES, PROPANEDIOL, C13-14 ISOPARAFFIN, PARFUM (FRAGRANCE), CHLORPHENESIN, DISODIUM EDTA, XANTHAN GUM, LAURETH-7, CERAMIDE 3, LINALOOL, SODIUM HYDROXIDE, LIMONELE, BUTYLPHENYL, METHYLPROPIONAL, SODIUM METHYLPARABEN, PROPYLPARABEN.<\/span><\/p>\n<p>\u00a0<\/p>","protected":false},"excerpt":{"rendered":"<p>Silm\u00e4- ja huulenymp\u00e4rysalueen hoito, jolla on ik\u00e4\u00e4ntymist\u00e4 est\u00e4v\u00e4 vaikutus.<\/p>\n<p>&nbsp;<\/p>\n<p>15 ml<\/p>","protected":false},"featured_media":1690,"comment_status":"open","ping_status":"closed","template":"","meta":{"_uag_custom_page_level_css":"","site-sidebar-layout":"default","site-content-layout":"","ast-site-content-layout":"default","site-content-style":"default","site-sidebar-style":"default","ast-global-header-display":"","ast-banner-title-visibility":"","ast-main-header-display":"","ast-hfb-above-header-display":"","ast-hfb-below-header-display":"","ast-hfb-mobile-header-display":"","site-post-title":"","ast-breadcrumbs-content":"","ast-featured-img":"","footer-sml-layout":"","ast-disable-related-posts":"","theme-transparent-header-meta":"default","adv-header-id-meta":"","stick-header-meta":"","header-above-stick-meta":"","header-main-stick-meta":"","header-below-stick-meta":"","astra-migrate-meta-layouts":"set","ast-page-background-enabled":"default","ast-page-background-meta":{"desktop":{"background-color":"var(--ast-global-color-4)","background-image":"","background-repeat":"repeat","background-position":"center center","background-size":"auto","background-attachment":"scroll","background-type":"","background-media":"","overlay-type":"","overlay-color":"","overlay-opacity":"","overlay-gradient":""},"tablet":{"background-color":"","background-image":"","background-repeat":"repeat","background-position":"center center","background-size":"auto","background-attachment":"scroll","background-type":"","background-media":"","overlay-type":"","overlay-color":"","overlay-opacity":"","overlay-gradient":""},"mobile":{"background-color":"","background-image":"","background-repeat":"repeat","background-position":"center center","background-size":"auto","background-attachment":"scroll","background-type":"","background-media":"","overlay-type":"","overlay-color":"","overlay-opacity":"","overlay-gradient":""}},"ast-content-background-meta":{"desktop":{"background-color":"var(--ast-global-color-5)","background-image":"","background-repeat":"repeat","background-position":"center center","background-size":"auto","background-attachment":"scroll","background-type":"","background-media":"","overlay-type":"","overlay-color":"","overlay-opacity":"","overlay-gradient":""},"tablet":{"background-color":"var(--ast-global-color-5)","background-image":"","background-repeat":"repeat","background-position":"center center","background-size":"auto","background-attachment":"scroll","background-type":"","background-media":"","overlay-type":"","overlay-color":"","overlay-opacity":"","overlay-gradient":""},"mobile":{"background-color":"var(--ast-global-color-5)","background-image":"","background-repeat":"repeat","background-position":"center center","background-size":"auto","background-attachment":"scroll","background-type":"","background-media":"","overlay-type":"","overlay-color":"","overlay-opacity":"","overlay-gradient":""}}},"product_brand":[],"product_cat":[96,76,97],"product_tag":[],"class_list":{"0":"post-1689","1":"product","2":"type-product","3":"status-publish","4":"has-post-thumbnail","6":"product_cat-brands","7":"product_cat-kianty-viniferin","8":"product_cat-naole","9":"desktop-align-left","10":"tablet-align-left","11":"mobile-align-left","13":"first","14":"instock","15":"taxable","16":"shipping-taxable","17":"product-type-simple","18":"add-to-wishlist-before_image"},"uagb_featured_image_src":{"full":["https:\/\/kosmeetika24.com\/wp-content\/uploads\/2023\/11\/0267-Eyes-and-Lips-Cream.jpg",600,600,false],"thumbnail":["https:\/\/kosmeetika24.com\/wp-content\/uploads\/2023\/11\/0267-Eyes-and-Lips-Cream-150x150.jpg",150,150,true],"medium":["https:\/\/kosmeetika24.com\/wp-content\/uploads\/2023\/11\/0267-Eyes-and-Lips-Cream-300x300.jpg",300,300,true],"medium_large":["https:\/\/kosmeetika24.com\/wp-content\/uploads\/2023\/11\/0267-Eyes-and-Lips-Cream.jpg",600,600,false],"large":["https:\/\/kosmeetika24.com\/wp-content\/uploads\/2023\/11\/0267-Eyes-and-Lips-Cream.jpg",600,600,false],"1536x1536":["https:\/\/kosmeetika24.com\/wp-content\/uploads\/2023\/11\/0267-Eyes-and-Lips-Cream.jpg",600,600,false],"2048x2048":["https:\/\/kosmeetika24.com\/wp-content\/uploads\/2023\/11\/0267-Eyes-and-Lips-Cream.jpg",600,600,false],"trp-custom-language-flag":["https:\/\/kosmeetika24.com\/wp-content\/uploads\/2023\/11\/0267-Eyes-and-Lips-Cream-12x12.jpg",12,12,true],"woocommerce_thumbnail":["https:\/\/kosmeetika24.com\/wp-content\/uploads\/2023\/11\/0267-Eyes-and-Lips-Cream-300x300.jpg",300,300,true],"woocommerce_single":["https:\/\/kosmeetika24.com\/wp-content\/uploads\/2023\/11\/0267-Eyes-and-Lips-Cream-500x500.jpg",500,500,true],"woocommerce_gallery_thumbnail":["https:\/\/kosmeetika24.com\/wp-content\/uploads\/2023\/11\/0267-Eyes-and-Lips-Cream-100x100.jpg",100,100,true]},"uagb_author_info":{"display_name":"admin","author_link":"https:\/\/kosmeetika24.com\/fi\/author\/"},"uagb_comment_info":0,"uagb_excerpt":"Hooldus silmade- ja huulte\u00fcmbrusele, millel on vananemisvastane toime. &nbsp; 15 ml","_links":{"self":[{"href":"https:\/\/kosmeetika24.com\/fi\/wp-json\/wp\/v2\/product\/1689","targetHints":{"allow":["GET"]}}],"collection":[{"href":"https:\/\/kosmeetika24.com\/fi\/wp-json\/wp\/v2\/product"}],"about":[{"href":"https:\/\/kosmeetika24.com\/fi\/wp-json\/wp\/v2\/types\/product"}],"replies":[{"embeddable":true,"href":"https:\/\/kosmeetika24.com\/fi\/wp-json\/wp\/v2\/comments?post=1689"}],"version-history":[{"count":1,"href":"https:\/\/kosmeetika24.com\/fi\/wp-json\/wp\/v2\/product\/1689\/revisions"}],"predecessor-version":[{"id":4663,"href":"https:\/\/kosmeetika24.com\/fi\/wp-json\/wp\/v2\/product\/1689\/revisions\/4663"}],"wp:featuredmedia":[{"embeddable":true,"href":"https:\/\/kosmeetika24.com\/fi\/wp-json\/wp\/v2\/media\/1690"}],"wp:attachment":[{"href":"https:\/\/kosmeetika24.com\/fi\/wp-json\/wp\/v2\/media?parent=1689"}],"wp:term":[{"taxonomy":"product_brand","embeddable":true,"href":"https:\/\/kosmeetika24.com\/fi\/wp-json\/wp\/v2\/product_brand?post=1689"},{"taxonomy":"product_cat","embeddable":true,"href":"https:\/\/kosmeetika24.com\/fi\/wp-json\/wp\/v2\/product_cat?post=1689"},{"taxonomy":"product_tag","embeddable":true,"href":"https:\/\/kosmeetika24.com\/fi\/wp-json\/wp\/v2\/product_tag?post=1689"}],"curies":[{"name":"wp","href":"https:\/\/api.w.org\/{rel}","templated":true}]}}