{"id":1685,"date":"2024-01-04T14:03:06","date_gmt":"2024-01-04T14:03:06","guid":{"rendered":"https:\/\/kosmeetika24.com\/?post_type=product&#038;p=1685"},"modified":"2025-07-03T11:44:34","modified_gmt":"2025-07-03T08:44:34","slug":"bruno-vassari-kianty-vananemisvastane-seerum","status":"publish","type":"product","link":"https:\/\/kosmeetika24.com\/fi\/tuote\/bruno-vassari-kianty-vananemisvastane-seerum\/","title":{"rendered":"BRUNO VASSARI Kianty ik\u00e4\u00e4ntymist\u00e4 est\u00e4v\u00e4 seerumi"},"content":{"rendered":"<p class=\"translation-block\">Ik\u00e4\u00e4ntymist\u00e4 est\u00e4v\u00e4 seerumi <em>Serum Vite<\/em> sis\u00e4lt\u00e4\u00e4 korkean pitoisuuden aktiivisia ainesosia, jotka toimivat synergiassa kaikkia ihon ik\u00e4\u00e4ntymisen syit\u00e4 vastaan. Seerumilla on \"botox-tyyppinen\" vaikutus: se rentouttaa lihaksia, kohottaa ja kiinteytt\u00e4\u00e4 ihoa. Se takaa ihon kunnon n\u00e4kyv\u00e4n paranemisen 30 p\u00e4iv\u00e4n jatkuvan k\u00e4yt\u00f6n j\u00e4lkeen.<\/p>\n<p>Sopii kaikille ihotyypeille, erityisesti kyps\u00e4lle, v\u00e4syneelle ja ryppyiselle iholle.<\/p>\n<p>Suositellaan niille, jotka ovat k\u00e4yneet botox-hoidossa, tulosten pident\u00e4miseksi ja vaihtoehtona hoitojen v\u00e4lill\u00e4.<\/p>\n<p><strong>VAIKUTTAVAT AINEET<\/strong><\/p>\n<ul>\n<li>Argireliini<\/li>\n<li>Viiniryp\u00e4leuute<\/li>\n<li>Matrixyl<\/li>\n<li>Liftiline<\/li>\n<li>E-vitamiini<\/li>\n<li>Sheavoi<\/li>\n<\/ul>\n<p><strong>Vaikutus<\/strong><\/p>\n<ul>\n<li>Argireliinill\u00e4 on botox-tyyppinen vaikutus. Se rentouttaa lihaksia, v\u00e4hent\u00e4en ryppyjen muodostumista.<\/li>\n<li>Viiniryp\u00e4leuute sis\u00e4lt\u00e4\u00e4 korkean polyfenolipitoisuuden, vaikuttaen ik\u00e4\u00e4ntymist\u00e4 est\u00e4v\u00e4sti, antioksidanttisesti, kiinteytt\u00e4v\u00e4sti ja tonisoivasti.<\/li>\n<li>Matrixyl stimuloi sidekudoksessa olevien molekyylien, kuten kollageenin, synteesi\u00e4. Se kosteuttaa ja toimii ihon pinnan tasoittajana.<\/li>\n<li>Liftline on kasviproteiinien yhdistelm\u00e4, jolla on v\u00e4lit\u00f6n pintaj\u00e4nnityksen vaikutus, joka parantaa ihon mikroreljeefi\u00e4 ja tonisoi.<\/li>\n<li>E-vitamiini toimii antioksidanttina ja vangitsee vapaita radikaaleja. Se kosteuttaa ja suojaa sidekudosta, kollageenia ja elastiinia.<\/li>\n<li>Sheavoi on poikkeuksellisen vitamiinipitoinen, ja ne yhdess\u00e4 parantavat ihoa, suojaavat sit\u00e4 kuivumiselta ja edist\u00e4v\u00e4t solujen uudistumista. Seell\u00e4 on tulehdusta est\u00e4v\u00e4 vaikutus.<\/li>\n<\/ul>\n<p>K\u00e4ytt\u00f6<\/p>\n<ul>\n<li>Puhdista iho etuk\u00e4teen esimerkiksi <a href=\"https:\/\/kosmeetika24.eu\/toode\/bruno-vassari-kianty-rugiada-di-vigna\/\">BRUNO VASSARI Kianty -raikastavalla puhdistusvaahdolla.<\/a>.<\/li>\n<li>Tonaa iho etuk\u00e4teen esimerkiksi <a href=\"https:\/\/kosmeetika24.eu\/toode\/bruno-vassari-kianty-pioggia-di-vigna\/\">BRUNO VASSARI Kianty -ik\u00e4\u00e4ntymist\u00e4 est\u00e4v\u00e4ll\u00e4 lotionilla 200 ml.<\/a>.<\/li>\n<li>Levit\u00e4 ik\u00e4\u00e4ntymist\u00e4 est\u00e4v\u00e4 seerumi iholle hellill\u00e4 hierontaliikkeill\u00e4. Sopii k\u00e4ytett\u00e4v\u00e4ksi sek\u00e4 aamulla ett\u00e4 illalla.<\/li>\n<li class=\"translation-block\">Levit\u00e4 sitten iholle sopiva voide. Aamulla esimerkiksi <a href=\"https:\/\/kosmeetika24.eu\/toode\/bruno-vassari-kianty-vita-vite\/\" target=\"_self\">BRUNO VASSARI Kianty ik\u00e4\u00e4ntymist\u00e4 est\u00e4v\u00e4 voide<\/a>, ja illalla esimerkiksi <a href=\"https:\/\/kosmeetika24.eu\/toode\/bruno-vassari-kianty-pate-duva\/\" target=\"_self\">BRUNO VASSARI Kianty ryppyj\u00e4 est\u00e4v\u00e4 ravitseva voide<\/a>.<\/li>\n<\/ul>\n<p>Ainesosat<\/p>\n<p><span style=\"font-size: 14px;\">AQUA (WATER), CYCLOPENTASILOXANE, BUTYLENE GLYCOL, C12-15 ALKYL BENZOATE, SQUALANE, GLYCERIN, GLYCERYL STEARATE, PEG-100 STEARATE, PROPYLENE GLYCOL, HYDROGENATED LECITHIN, VITIS VINIFERA (GRAPE) SEED EXTRACT, ACETYL HEXAPEPTIDE-8, PALMITOYL PENTAPEPTIDE-4, HYDROLYZED WHEAT PROTEIN, TOCOPHERYL ACETATE, BUTYROSPERMUM PARKII (SHEA) BUTTER, CHLORPHENESIN, PHENOXYETHANOL, AMMONIUM ACRYLOYLDIMETHYLTAURATE \/VP COPOLYMER, DIMETHICONE, CETYL ALCOHOL, XANTHAN GUM, DIMETHICONE\/VINYL DIMETHICONE CROSSPOLYMER, DISODIUM EDTA, CARBOMER, PENTYLENE GLYCOL, HEXYL CINNAMAL, CAPRYLYL GLYCOL, POLYSORBATE 20, BUTYLPHENYL METHYLPROPIONAL, METHYLPARABEN, BENZYL SALICYLATE, LINALOOL, ETHYLHEXYLGLYCERIN, 1,2-HEXANEIDOL, PARFUM (FRAGRANCE), HYDROXYCITRONELLAL, CITRONELLOL, ALPHA-ISOMETHYL IONONE, HYDROXYISOHEXYL 3-CYCLOHEXENE CARBOXALDEHYDE, PALMITOYL HYDROXYPROPYLTRIMONIUM AMYLOPECTIN GLYCERIN CROSSPOLYMER.<\/span><\/p>","protected":false},"excerpt":{"rendered":"<p>Rentouttaa lihaksia, kohottaa ja kiinteytt\u00e4\u00e4 ihoa.<\/p>\n<p>Silottaa pienempi\u00e4 ilmejuonteita.<\/p>\n<p>On ik\u00e4\u00e4ntymist\u00e4 est\u00e4v\u00e4 vaikutus.<\/p>\n<p>50 ml<\/p>","protected":false},"featured_media":1686,"comment_status":"open","ping_status":"closed","template":"","meta":{"_uag_custom_page_level_css":"","site-sidebar-layout":"default","site-content-layout":"","ast-site-content-layout":"default","site-content-style":"default","site-sidebar-style":"default","ast-global-header-display":"","ast-banner-title-visibility":"","ast-main-header-display":"","ast-hfb-above-header-display":"","ast-hfb-below-header-display":"","ast-hfb-mobile-header-display":"","site-post-title":"","ast-breadcrumbs-content":"","ast-featured-img":"","footer-sml-layout":"","ast-disable-related-posts":"","theme-transparent-header-meta":"default","adv-header-id-meta":"","stick-header-meta":"","header-above-stick-meta":"","header-main-stick-meta":"","header-below-stick-meta":"","astra-migrate-meta-layouts":"set","ast-page-background-enabled":"default","ast-page-background-meta":{"desktop":{"background-color":"var(--ast-global-color-4)","background-image":"","background-repeat":"repeat","background-position":"center center","background-size":"auto","background-attachment":"scroll","background-type":"","background-media":"","overlay-type":"","overlay-color":"","overlay-opacity":"","overlay-gradient":""},"tablet":{"background-color":"","background-image":"","background-repeat":"repeat","background-position":"center center","background-size":"auto","background-attachment":"scroll","background-type":"","background-media":"","overlay-type":"","overlay-color":"","overlay-opacity":"","overlay-gradient":""},"mobile":{"background-color":"","background-image":"","background-repeat":"repeat","background-position":"center center","background-size":"auto","background-attachment":"scroll","background-type":"","background-media":"","overlay-type":"","overlay-color":"","overlay-opacity":"","overlay-gradient":""}},"ast-content-background-meta":{"desktop":{"background-color":"var(--ast-global-color-5)","background-image":"","background-repeat":"repeat","background-position":"center center","background-size":"auto","background-attachment":"scroll","background-type":"","background-media":"","overlay-type":"","overlay-color":"","overlay-opacity":"","overlay-gradient":""},"tablet":{"background-color":"var(--ast-global-color-5)","background-image":"","background-repeat":"repeat","background-position":"center center","background-size":"auto","background-attachment":"scroll","background-type":"","background-media":"","overlay-type":"","overlay-color":"","overlay-opacity":"","overlay-gradient":""},"mobile":{"background-color":"var(--ast-global-color-5)","background-image":"","background-repeat":"repeat","background-position":"center center","background-size":"auto","background-attachment":"scroll","background-type":"","background-media":"","overlay-type":"","overlay-color":"","overlay-opacity":"","overlay-gradient":""}}},"product_brand":[],"product_cat":[96,58,97],"product_tag":[],"class_list":{"0":"post-1685","1":"product","2":"type-product","3":"status-publish","4":"has-post-thumbnail","6":"product_cat-brands","7":"product_cat-kianty","8":"product_cat-naole","9":"desktop-align-left","10":"tablet-align-left","11":"mobile-align-left","13":"first","14":"instock","15":"taxable","16":"shipping-taxable","17":"product-type-simple","18":"add-to-wishlist-before_image"},"uagb_featured_image_src":{"full":["https:\/\/kosmeetika24.com\/wp-content\/uploads\/2023\/11\/0257-Serum-Vite-50-ml.jpg",600,600,false],"thumbnail":["https:\/\/kosmeetika24.com\/wp-content\/uploads\/2023\/11\/0257-Serum-Vite-50-ml-150x150.jpg",150,150,true],"medium":["https:\/\/kosmeetika24.com\/wp-content\/uploads\/2023\/11\/0257-Serum-Vite-50-ml-300x300.jpg",300,300,true],"medium_large":["https:\/\/kosmeetika24.com\/wp-content\/uploads\/2023\/11\/0257-Serum-Vite-50-ml.jpg",600,600,false],"large":["https:\/\/kosmeetika24.com\/wp-content\/uploads\/2023\/11\/0257-Serum-Vite-50-ml.jpg",600,600,false],"1536x1536":["https:\/\/kosmeetika24.com\/wp-content\/uploads\/2023\/11\/0257-Serum-Vite-50-ml.jpg",600,600,false],"2048x2048":["https:\/\/kosmeetika24.com\/wp-content\/uploads\/2023\/11\/0257-Serum-Vite-50-ml.jpg",600,600,false],"trp-custom-language-flag":["https:\/\/kosmeetika24.com\/wp-content\/uploads\/2023\/11\/0257-Serum-Vite-50-ml-12x12.jpg",12,12,true],"woocommerce_thumbnail":["https:\/\/kosmeetika24.com\/wp-content\/uploads\/2023\/11\/0257-Serum-Vite-50-ml-300x300.jpg",300,300,true],"woocommerce_single":["https:\/\/kosmeetika24.com\/wp-content\/uploads\/2023\/11\/0257-Serum-Vite-50-ml-500x500.jpg",500,500,true],"woocommerce_gallery_thumbnail":["https:\/\/kosmeetika24.com\/wp-content\/uploads\/2023\/11\/0257-Serum-Vite-50-ml-100x100.jpg",100,100,true]},"uagb_author_info":{"display_name":"admin","author_link":"https:\/\/kosmeetika24.com\/fi\/author\/"},"uagb_comment_info":0,"uagb_excerpt":"L\u00f5dvestab lihaseid, t\u00f5stab ja pinguldab nahka. Silub peenemad miimikakortsud. On noorendava toimega. 50 ml","_links":{"self":[{"href":"https:\/\/kosmeetika24.com\/fi\/wp-json\/wp\/v2\/product\/1685","targetHints":{"allow":["GET"]}}],"collection":[{"href":"https:\/\/kosmeetika24.com\/fi\/wp-json\/wp\/v2\/product"}],"about":[{"href":"https:\/\/kosmeetika24.com\/fi\/wp-json\/wp\/v2\/types\/product"}],"replies":[{"embeddable":true,"href":"https:\/\/kosmeetika24.com\/fi\/wp-json\/wp\/v2\/comments?post=1685"}],"version-history":[{"count":1,"href":"https:\/\/kosmeetika24.com\/fi\/wp-json\/wp\/v2\/product\/1685\/revisions"}],"predecessor-version":[{"id":4669,"href":"https:\/\/kosmeetika24.com\/fi\/wp-json\/wp\/v2\/product\/1685\/revisions\/4669"}],"wp:featuredmedia":[{"embeddable":true,"href":"https:\/\/kosmeetika24.com\/fi\/wp-json\/wp\/v2\/media\/1686"}],"wp:attachment":[{"href":"https:\/\/kosmeetika24.com\/fi\/wp-json\/wp\/v2\/media?parent=1685"}],"wp:term":[{"taxonomy":"product_brand","embeddable":true,"href":"https:\/\/kosmeetika24.com\/fi\/wp-json\/wp\/v2\/product_brand?post=1685"},{"taxonomy":"product_cat","embeddable":true,"href":"https:\/\/kosmeetika24.com\/fi\/wp-json\/wp\/v2\/product_cat?post=1685"},{"taxonomy":"product_tag","embeddable":true,"href":"https:\/\/kosmeetika24.com\/fi\/wp-json\/wp\/v2\/product_tag?post=1685"}],"curies":[{"name":"wp","href":"https:\/\/api.w.org\/{rel}","templated":true}]}}