{"id":1683,"date":"2024-01-04T13:58:03","date_gmt":"2024-01-04T13:58:03","guid":{"rendered":"https:\/\/kosmeetika24.com\/?post_type=product&#038;p=1683"},"modified":"2025-07-03T11:45:07","modified_gmt":"2025-07-03T08:45:07","slug":"bruno-vassari-kianty-vananemisvastane-silmaseerum","status":"publish","type":"product","link":"https:\/\/kosmeetika24.com\/fi\/tuote\/bruno-vassari-kianty-vananemisvastane-silmaseerum\/","title":{"rendered":"BRUNO VASSARI Kianty ik\u00e4\u00e4ntymist\u00e4 est\u00e4v\u00e4 silm\u00e4seerumi"},"content":{"rendered":"<p class=\"translation-block\">Silm\u00e4nymp\u00e4rysihoitoseerumilla <em>Eye Lift-Ox<\/em> on \"botox-tyyppinen\" vaikutus: se rentouttaa lihakset, kohottaa ja kiinteytt\u00e4\u00e4 ihoa. Aktiiviset ainesosat auttavat tasoittamaan ja v\u00e4hent\u00e4m\u00e4\u00e4n ryppyj\u00e4. Seerumilla on mikroverenkiertoa aktivoiva vaikutus, joka v\u00e4hent\u00e4\u00e4 tummia silm\u00e4nalusia ja turvotusta.<\/p>\n<p>Sopii kaikille ihotyypeille. Se on erityisesti suunniteltu v\u00e4hent\u00e4m\u00e4\u00e4n tummia silm\u00e4nalusia, ryppyj\u00e4 ja silm\u00e4pussitusta.<\/p>\n<p><strong>P\u00c4\u00c4AINEOSAT<\/strong><\/p>\n<ul>\n<li>Haloksyyli<\/li>\n<li>Argireliini<\/li>\n<li>Matrixyl<\/li>\n<li>Lasilium<\/li>\n<li>Viinamarjanmehun polyfenolit<\/li>\n<li>E-vitamiini<\/li>\n<\/ul>\n<p><strong>Vaikutus<\/strong><\/p>\n<ul>\n<li>Haloxyl v\u00e4hent\u00e4\u00e4 tummia silm\u00e4nalusia.<\/li>\n<li>Argireliinilla on botox-tyyppinen vaikutus: se rentouttaa lihakset, v\u00e4hent\u00e4en ryppyjen esiintymist\u00e4.<\/li>\n<li>Matrixyl toimii solujen stimulaattorina ja t\u00e4ytt\u00e4\u00e4 ryppyj\u00e4. Se lis\u00e4\u00e4 kollageenin synteesi\u00e4.<\/li>\n<li>Lasilium on piihappo- ja maitohappomolekyyli, jolla on kosteuttava ja palauttava vaikutus.<\/li>\n<li>Viiniryp\u00e4lemehu sis\u00e4lt\u00e4\u00e4 runsaasti polyfenoleja. Se auttaa est\u00e4m\u00e4\u00e4n ik\u00e4\u00e4ntymist\u00e4 suojaamalla ihon t\u00e4rkeit\u00e4 elementtej\u00e4. Se my\u00f6s auttaa stimuloimaan kollageenin synteesi\u00e4.<\/li>\n<li>E-vitamiini toimii antioksidanttina ja vangitsee vapaita radikaaleja. Se kosteuttaa ja suojaa sidekudosta, kollageenia ja elastiinia.<\/li>\n<\/ul>\n<p><strong>K\u00e4ytt\u00f6<\/strong><\/p>\n<ul>\n<li class=\"translation-block\">Kosteuta iho etuk\u00e4teen esimerkiksi <a href=\"https:\/\/kosmeetika24.eu\/toode\/bruno-vassari-kianty-vita-vite\/\" target=\"_self\">BRUNO VASSARI Kianty ik\u00e4\u00e4ntymist\u00e4 est\u00e4v\u00e4ll\u00e4 voiteella<\/a>.<\/li>\n<li>Levit\u00e4 silm\u00e4seerumi silm\u00e4nymp\u00e4rysalueelle. Sopii k\u00e4ytett\u00e4v\u00e4ksi sek\u00e4 aamulla ett\u00e4 illalla.<\/li>\n<\/ul>\n<p>Parhaan tuloksen saavuttamiseksi suositellaan k\u00e4ytt\u00e4m\u00e4\u00e4n saman sarjan tuotteita.<\/p>\n<p><strong>Ainesosat<\/strong><\/p>\n<p><span style=\"font-size: 14px;\">AQUA (WATER), GLYCERIN, SODIUM LACTATE METYLSILANOL, PROPYLENE GLYCOL, PANTHENOL, HYDROGENATED POLYISOBUTENE, VITIS VINIFERA (GRAPE) SEED EXTRACT, PALMITOYL TRIPEPTIDE-1, CHRYSIN, PALMITOYL PENTAPEPTIDE-4, PALMITOYL\u00a0 TETRAPEPTIDE-7, ACETYL HEXAPEPTIDE-8, LECITHIN, HYDROGENATED LECITHIN, SALICYLIC ACID, TRIETHANOLAMINE, STEARYL HEPTANOATE, CARBOMER, PHENOXYETHANOL, PARAFFINUM LIQUIDUM (MINERAL OIL), BUTYLENE, GLYCOL, CHLORPHESIN, CLYCERYL ACRYLATE\/ACRYLICACID COPOLYMER, TOCOPHERYL ACETATE, ETHYLHEXYLGLYCERIN, STEARETH-20, METYLPARABEN, CAPRYLYL GLYCOL, PROPYLPARABEN, POTASSIUM SORBATE, PENTYLENE GLYCOL, POLYSORBATE 20, N-HYDROXYSUCCINIMIDE, EDTA, SODIUM METYLPARABEN, TOCOPHEROL, PALMITOYL HYDROXYPROPYLTRIMONIUM AMYLOPECTIN GLYCERIN CROSSPOLYMER, SODIUM METABISULFITE, 1,2-HEXANEDIOL.<\/span><\/p>","protected":false},"excerpt":{"rendered":"<p>Botox-tyyppinen silm\u00e4kremi.<\/p>\n<p>V\u00e4hent\u00e4\u00e4 tummia silm\u00e4nalusia 60 %.<\/p>\n<p>15 ml<\/p>","protected":false},"featured_media":1684,"comment_status":"open","ping_status":"closed","template":"","meta":{"_uag_custom_page_level_css":"","site-sidebar-layout":"default","site-content-layout":"","ast-site-content-layout":"default","site-content-style":"default","site-sidebar-style":"default","ast-global-header-display":"","ast-banner-title-visibility":"","ast-main-header-display":"","ast-hfb-above-header-display":"","ast-hfb-below-header-display":"","ast-hfb-mobile-header-display":"","site-post-title":"","ast-breadcrumbs-content":"","ast-featured-img":"","footer-sml-layout":"","ast-disable-related-posts":"","theme-transparent-header-meta":"default","adv-header-id-meta":"","stick-header-meta":"","header-above-stick-meta":"","header-main-stick-meta":"","header-below-stick-meta":"","astra-migrate-meta-layouts":"set","ast-page-background-enabled":"default","ast-page-background-meta":{"desktop":{"background-color":"var(--ast-global-color-4)","background-image":"","background-repeat":"repeat","background-position":"center center","background-size":"auto","background-attachment":"scroll","background-type":"","background-media":"","overlay-type":"","overlay-color":"","overlay-opacity":"","overlay-gradient":""},"tablet":{"background-color":"","background-image":"","background-repeat":"repeat","background-position":"center center","background-size":"auto","background-attachment":"scroll","background-type":"","background-media":"","overlay-type":"","overlay-color":"","overlay-opacity":"","overlay-gradient":""},"mobile":{"background-color":"","background-image":"","background-repeat":"repeat","background-position":"center center","background-size":"auto","background-attachment":"scroll","background-type":"","background-media":"","overlay-type":"","overlay-color":"","overlay-opacity":"","overlay-gradient":""}},"ast-content-background-meta":{"desktop":{"background-color":"var(--ast-global-color-5)","background-image":"","background-repeat":"repeat","background-position":"center center","background-size":"auto","background-attachment":"scroll","background-type":"","background-media":"","overlay-type":"","overlay-color":"","overlay-opacity":"","overlay-gradient":""},"tablet":{"background-color":"var(--ast-global-color-5)","background-image":"","background-repeat":"repeat","background-position":"center center","background-size":"auto","background-attachment":"scroll","background-type":"","background-media":"","overlay-type":"","overlay-color":"","overlay-opacity":"","overlay-gradient":""},"mobile":{"background-color":"var(--ast-global-color-5)","background-image":"","background-repeat":"repeat","background-position":"center center","background-size":"auto","background-attachment":"scroll","background-type":"","background-media":"","overlay-type":"","overlay-color":"","overlay-opacity":"","overlay-gradient":""}}},"product_brand":[],"product_cat":[96,58,97],"product_tag":[],"class_list":{"0":"post-1683","1":"product","2":"type-product","3":"status-publish","4":"has-post-thumbnail","6":"product_cat-brands","7":"product_cat-kianty","8":"product_cat-naole","9":"desktop-align-left","10":"tablet-align-left","11":"mobile-align-left","13":"first","14":"instock","15":"taxable","16":"shipping-taxable","17":"product-type-simple","18":"add-to-wishlist-before_image"},"uagb_featured_image_src":{"full":["https:\/\/kosmeetika24.com\/wp-content\/uploads\/2023\/11\/256-Eye-lift-ox.jpg",600,600,false],"thumbnail":["https:\/\/kosmeetika24.com\/wp-content\/uploads\/2023\/11\/256-Eye-lift-ox-150x150.jpg",150,150,true],"medium":["https:\/\/kosmeetika24.com\/wp-content\/uploads\/2023\/11\/256-Eye-lift-ox-300x300.jpg",300,300,true],"medium_large":["https:\/\/kosmeetika24.com\/wp-content\/uploads\/2023\/11\/256-Eye-lift-ox.jpg",600,600,false],"large":["https:\/\/kosmeetika24.com\/wp-content\/uploads\/2023\/11\/256-Eye-lift-ox.jpg",600,600,false],"1536x1536":["https:\/\/kosmeetika24.com\/wp-content\/uploads\/2023\/11\/256-Eye-lift-ox.jpg",600,600,false],"2048x2048":["https:\/\/kosmeetika24.com\/wp-content\/uploads\/2023\/11\/256-Eye-lift-ox.jpg",600,600,false],"trp-custom-language-flag":["https:\/\/kosmeetika24.com\/wp-content\/uploads\/2023\/11\/256-Eye-lift-ox-12x12.jpg",12,12,true],"woocommerce_thumbnail":["https:\/\/kosmeetika24.com\/wp-content\/uploads\/2023\/11\/256-Eye-lift-ox-300x300.jpg",300,300,true],"woocommerce_single":["https:\/\/kosmeetika24.com\/wp-content\/uploads\/2023\/11\/256-Eye-lift-ox-500x500.jpg",500,500,true],"woocommerce_gallery_thumbnail":["https:\/\/kosmeetika24.com\/wp-content\/uploads\/2023\/11\/256-Eye-lift-ox-100x100.jpg",100,100,true]},"uagb_author_info":{"display_name":"admin","author_link":"https:\/\/kosmeetika24.com\/fi\/author\/"},"uagb_comment_info":0,"uagb_excerpt":"Botoxi efektiga silma\u00fcmbruskreem. V\u00e4hendab tumedaid silmaaluseid 60% v\u00f5rra. 15 ml","_links":{"self":[{"href":"https:\/\/kosmeetika24.com\/fi\/wp-json\/wp\/v2\/product\/1683","targetHints":{"allow":["GET"]}}],"collection":[{"href":"https:\/\/kosmeetika24.com\/fi\/wp-json\/wp\/v2\/product"}],"about":[{"href":"https:\/\/kosmeetika24.com\/fi\/wp-json\/wp\/v2\/types\/product"}],"replies":[{"embeddable":true,"href":"https:\/\/kosmeetika24.com\/fi\/wp-json\/wp\/v2\/comments?post=1683"}],"version-history":[{"count":1,"href":"https:\/\/kosmeetika24.com\/fi\/wp-json\/wp\/v2\/product\/1683\/revisions"}],"predecessor-version":[{"id":4670,"href":"https:\/\/kosmeetika24.com\/fi\/wp-json\/wp\/v2\/product\/1683\/revisions\/4670"}],"wp:featuredmedia":[{"embeddable":true,"href":"https:\/\/kosmeetika24.com\/fi\/wp-json\/wp\/v2\/media\/1684"}],"wp:attachment":[{"href":"https:\/\/kosmeetika24.com\/fi\/wp-json\/wp\/v2\/media?parent=1683"}],"wp:term":[{"taxonomy":"product_brand","embeddable":true,"href":"https:\/\/kosmeetika24.com\/fi\/wp-json\/wp\/v2\/product_brand?post=1683"},{"taxonomy":"product_cat","embeddable":true,"href":"https:\/\/kosmeetika24.com\/fi\/wp-json\/wp\/v2\/product_cat?post=1683"},{"taxonomy":"product_tag","embeddable":true,"href":"https:\/\/kosmeetika24.com\/fi\/wp-json\/wp\/v2\/product_tag?post=1683"}],"curies":[{"name":"wp","href":"https:\/\/api.w.org\/{rel}","templated":true}]}}