{"id":1681,"date":"2024-01-04T13:57:26","date_gmt":"2024-01-04T13:57:26","guid":{"rendered":"https:\/\/kosmeetika24.com\/?post_type=product&#038;p=1681"},"modified":"2025-07-03T11:45:50","modified_gmt":"2025-07-03T08:45:50","slug":"bruno-vassari-kianty-vananemisvastane-kreem","status":"publish","type":"product","link":"https:\/\/kosmeetika24.com\/fi\/tuote\/bruno-vassari-kianty-vananemisvastane-kreem\/","title":{"rendered":"BRUNO VASSARI Kianty ik\u00e4\u00e4ntymist\u00e4 est\u00e4v\u00e4 voide"},"content":{"rendered":"<p class=\"translation-block\">Ik\u00e4\u00e4ntymist\u00e4 est\u00e4v\u00e4n <em>Vita-Vite<\/em> voiteen aktiiviset ainesosat auttavat tasoittamaan ja v\u00e4hent\u00e4m\u00e4\u00e4n ryppyj\u00e4, hidastavat ihon vanhenemisprosessia ja tuovat selke\u00e4sti kohottavan vaikutuksen. Voiteella on \"botox-tyyppinen\" vaikutus: se rentouttaa lihakset, kohottaa ja kiinteytt\u00e4\u00e4 ihoa. Se on nuorentava.<\/p>\n<p>Takaa n\u00e4kyv\u00e4n parannuksen ihon kuntoon 30 p\u00e4iv\u00e4n jatkuvan tuotteen k\u00e4yt\u00f6n j\u00e4lkeen.<\/p>\n<p>Suositellaan niille, jotka ovat k\u00e4yneet botox-hoidossa, tulosten pident\u00e4miseksi ja vaihtoehtona hoitojen v\u00e4lill\u00e4.<\/p>\n<p>Sopii kaikille ihotyypeille, erityisesti kyps\u00e4lle, v\u00e4syneelle ja ryppyiselle iholle.<\/p>\n<p><strong>P\u00c4\u00c4AINEOSAT<\/strong><\/p>\n<ul>\n<li>Argireliini<\/li>\n<li>Viiniryp\u00e4leuute<\/li>\n<li>Soja ekstrakt<\/li>\n<li>E-vitamiini<\/li>\n<li>C-vitamiini<\/li>\n<li>Keraamidit<\/li>\n<li>Sheavoi<\/li>\n<\/ul>\n<p><strong>Vaikutus<\/strong><\/p>\n<ul>\n<li>Argireliinill\u00e4 on botox-tyyppinen vaikutus. Se rentouttaa lihaksia, v\u00e4hent\u00e4en ryppyjen muodostumista.<\/li>\n<li>Viiniryp\u00e4leuute sis\u00e4lt\u00e4\u00e4 korkean polyfenolipitoisuuden, vaikuttaen ik\u00e4\u00e4ntymist\u00e4 est\u00e4v\u00e4sti, antioksidanttisesti, kiinteytt\u00e4v\u00e4sti ja tonisoivasti.<\/li>\n<li>Soijaekstrakti ominaisuutena on suuri isoflavonoidien pitoisuus, joka toimii ihon aineenvaihduntaprosessien elvytt\u00e4j\u00e4n\u00e4.<\/li>\n<li>E-vitamiini toimii antioksidanttina ja vangitsee vapaita radikaaleja. Se kosteuttaa ja suojaa sidekudosta, kollageenia ja elastiinia.<\/li>\n<li>C-vitamiini toimii antioksidanttina ja sitoo vapaita radikaaleja. Se stimuloi kollageenin synteesi\u00e4 ja regeneroi E-vitamiinia.<\/li>\n<li>Keramiidid kaitsevad kahjuliku v\u00e4liskeskkonna m\u00f5ju eest ja m\u00e4ngivad otsustavat rolli marrasknaha lipiidkihi vee kinnihoidmise v\u00f5imes.<\/li>\n<li>Sheavoi on poikkeuksellisen vitamiinipitoinen, ja ne yhdess\u00e4 parantavat ihoa, suojaavat sit\u00e4 kuivumiselta ja edist\u00e4v\u00e4t solujen uudistumista. Seell\u00e4 on tulehdusta est\u00e4v\u00e4 vaikutus.<\/li>\n<\/ul>\n<p>K\u00e4ytt\u00f6<\/p>\n<ul>\n<li>Puhdista iho etuk\u00e4teen esimerkiksi <a href=\"https:\/\/kosmeetika24.eu\/toode\/bruno-vassari-kianty-rugiada-di-vigna\/\">BRUNO VASSARI Kianty -raikastavalla puhdistusvaahdolla.<\/a>.<\/li>\n<li>Tonaa iho etuk\u00e4teen esimerkiksi <a href=\"https:\/\/kosmeetika24.eu\/toode\/bruno-vassari-kianty-pioggia-di-vigna\/\">BRUNO VASSARI Kianty -ik\u00e4\u00e4ntymist\u00e4 est\u00e4v\u00e4ll\u00e4 lotionilla 200 ml.<\/a>.<\/li>\n<li class=\"translation-block\">Parempien tulosten saavuttamiseksi levit\u00e4 iholle ennen voidetta esimerkiksi <a href=\"https:\/\/kosmeetika24.eu\/toode\/bruno-vassari-kianty-serum-vite\/\" target=\"_self\">BRUNO VASSARI Kianty ik\u00e4\u00e4ntymist\u00e4 est\u00e4v\u00e4 seerumi<\/a>.<\/li>\n<li>Levit\u00e4 ik\u00e4\u00e4ntymist\u00e4 est\u00e4v\u00e4 voide iholle hellill\u00e4 hierovilla liikkeill\u00e4. Sopii k\u00e4ytett\u00e4v\u00e4ksi sek\u00e4 aamulla ett\u00e4 illalla.<\/li>\n<li class=\"translation-block\">Silm\u00e4nymp\u00e4rysalueen hoitoon k\u00e4yt\u00e4 esimerkiksi <a href=\"https:\/\/kosmeetika24.eu\/toode\/bruno-vassari-kianty-eye-lift-ox\/\" target=\"_self\">BRUNO VASSARI Kianty ik\u00e4\u00e4ntymist\u00e4 est\u00e4v\u00e4\u00e4 silm\u00e4seerumia<\/a>.<\/li>\n<\/ul>\n<p>Ainesosat<\/p>\n<p><span style=\"font-size: 14px;\">AQUA (WATER), DECYL OLEATE, CETEARYL ETHYLHEXANOATE, C12-20, ACID PEG-8 ESTER, CAPRYLIC \/CAPRIC TRIGLYCERIDE, GLYCERIN, GLYCERYL STEARATE, BUTYROSPERMUM PARKII (SHEA) BUTTER, LAURETH-9, PEG-100 STEARATE, ACETYL HEXAPEPTIDE-8, PHOSPHOLIPIDS, SPHINGOLIPIDS, LECITHIN, VITHIS VINIFERA (GRAPE) SEED EXTRACT, GLYCINE SOJA (SOJABEAN) SEED EXTRACT, HYDROGENATED LECITHIN, PHENOXYETHANOL, DIMETHICONE, ALCOHOL DENAT., SODIUM ASCORBYL PHOSPHATE, TRIETHANOLAMINE, IMIDAZOLIDINYL UREA, CARBOMER, METHYLPARABEN, POTASSIUM CETYL PHOSPHATE, TOCOPHERYL\u00a0 ACETATE, POLYSORBATE 80, POLYACRYLAMIDE, C13-14 ISOPARAFFIN, DISODIUM EDTA, LAURETH-7, PALMITOYL HYDROXYPROPYLTRIMONIUM AMYLOPECTIN GLYCERIN CROSSPOLYMER, TOCOPHEROL, ASCORBYL PALMITATE, GLYCERYL OLEATE, CITRIC ACID, CHLORPHENESIN, 1,2-HEXANEDIOL, PENTYLENE GLYCOL, POTASSIUM SORBATE, PARFUM (FRAGRANCE), HEXYL CINNAMAL, CAPRYLYL GLYCOL, BENZYL SALICYLATE, LINALOOL, CITRONELLOL, HYDROXYCITRONELLAL, ALPHA-ISOMETYL IONONE.<\/span><\/p>","protected":false},"excerpt":{"rendered":"<p>Vananemisvastane kreem Vita-Vite toimeained aitavad tasandada ja v\u00e4hendada mistahes kortse, aeglustavad naha vananemisprotsessi ja omavad selgelt t\u00f5stvat efekti. Kreemil on \u201cbotoxilaadne\u201d toime: l\u00f5dvestab lihaseid, t\u00f5stab ja pinguldab nahka. On noorendava toimega. Tagab naha seisundi n\u00e4htava paranemise p\u00e4rast 30-p\u00e4evast pidevat toote kasutamist. Soovitatav neile, kes on l\u00e4binud Botoxi ravi, et pikendada saavutatud tulemust ja alternatiivina kahe [&hellip;]<\/p>\n","protected":false},"featured_media":1682,"comment_status":"open","ping_status":"closed","template":"","meta":{"_uag_custom_page_level_css":"","site-sidebar-layout":"default","site-content-layout":"","ast-site-content-layout":"default","site-content-style":"default","site-sidebar-style":"default","ast-global-header-display":"","ast-banner-title-visibility":"","ast-main-header-display":"","ast-hfb-above-header-display":"","ast-hfb-below-header-display":"","ast-hfb-mobile-header-display":"","site-post-title":"","ast-breadcrumbs-content":"","ast-featured-img":"","footer-sml-layout":"","ast-disable-related-posts":"","theme-transparent-header-meta":"default","adv-header-id-meta":"","stick-header-meta":"","header-above-stick-meta":"","header-main-stick-meta":"","header-below-stick-meta":"","astra-migrate-meta-layouts":"set","ast-page-background-enabled":"default","ast-page-background-meta":{"desktop":{"background-color":"var(--ast-global-color-4)","background-image":"","background-repeat":"repeat","background-position":"center center","background-size":"auto","background-attachment":"scroll","background-type":"","background-media":"","overlay-type":"","overlay-color":"","overlay-opacity":"","overlay-gradient":""},"tablet":{"background-color":"","background-image":"","background-repeat":"repeat","background-position":"center center","background-size":"auto","background-attachment":"scroll","background-type":"","background-media":"","overlay-type":"","overlay-color":"","overlay-opacity":"","overlay-gradient":""},"mobile":{"background-color":"","background-image":"","background-repeat":"repeat","background-position":"center center","background-size":"auto","background-attachment":"scroll","background-type":"","background-media":"","overlay-type":"","overlay-color":"","overlay-opacity":"","overlay-gradient":""}},"ast-content-background-meta":{"desktop":{"background-color":"var(--ast-global-color-5)","background-image":"","background-repeat":"repeat","background-position":"center center","background-size":"auto","background-attachment":"scroll","background-type":"","background-media":"","overlay-type":"","overlay-color":"","overlay-opacity":"","overlay-gradient":""},"tablet":{"background-color":"var(--ast-global-color-5)","background-image":"","background-repeat":"repeat","background-position":"center center","background-size":"auto","background-attachment":"scroll","background-type":"","background-media":"","overlay-type":"","overlay-color":"","overlay-opacity":"","overlay-gradient":""},"mobile":{"background-color":"var(--ast-global-color-5)","background-image":"","background-repeat":"repeat","background-position":"center center","background-size":"auto","background-attachment":"scroll","background-type":"","background-media":"","overlay-type":"","overlay-color":"","overlay-opacity":"","overlay-gradient":""}}},"product_brand":[],"product_cat":[96,58,97],"product_tag":[],"class_list":{"0":"post-1681","1":"product","2":"type-product","3":"status-publish","4":"has-post-thumbnail","6":"product_cat-brands","7":"product_cat-kianty","8":"product_cat-naole","9":"desktop-align-left","10":"tablet-align-left","11":"mobile-align-left","13":"first","14":"instock","15":"taxable","16":"shipping-taxable","17":"product-type-simple","18":"add-to-wishlist-before_image"},"uagb_featured_image_src":{"full":["https:\/\/kosmeetika24.com\/wp-content\/uploads\/2023\/11\/255-Vita-Vite-50ml.jpg",600,600,false],"thumbnail":["https:\/\/kosmeetika24.com\/wp-content\/uploads\/2023\/11\/255-Vita-Vite-50ml-150x150.jpg",150,150,true],"medium":["https:\/\/kosmeetika24.com\/wp-content\/uploads\/2023\/11\/255-Vita-Vite-50ml-300x300.jpg",300,300,true],"medium_large":["https:\/\/kosmeetika24.com\/wp-content\/uploads\/2023\/11\/255-Vita-Vite-50ml.jpg",600,600,false],"large":["https:\/\/kosmeetika24.com\/wp-content\/uploads\/2023\/11\/255-Vita-Vite-50ml.jpg",600,600,false],"1536x1536":["https:\/\/kosmeetika24.com\/wp-content\/uploads\/2023\/11\/255-Vita-Vite-50ml.jpg",600,600,false],"2048x2048":["https:\/\/kosmeetika24.com\/wp-content\/uploads\/2023\/11\/255-Vita-Vite-50ml.jpg",600,600,false],"trp-custom-language-flag":["https:\/\/kosmeetika24.com\/wp-content\/uploads\/2023\/11\/255-Vita-Vite-50ml-12x12.jpg",12,12,true],"woocommerce_thumbnail":["https:\/\/kosmeetika24.com\/wp-content\/uploads\/2023\/11\/255-Vita-Vite-50ml-300x300.jpg",300,300,true],"woocommerce_single":["https:\/\/kosmeetika24.com\/wp-content\/uploads\/2023\/11\/255-Vita-Vite-50ml-500x500.jpg",500,500,true],"woocommerce_gallery_thumbnail":["https:\/\/kosmeetika24.com\/wp-content\/uploads\/2023\/11\/255-Vita-Vite-50ml-100x100.jpg",100,100,true]},"uagb_author_info":{"display_name":"admin","author_link":"https:\/\/kosmeetika24.com\/fi\/author\/"},"uagb_comment_info":0,"uagb_excerpt":"Vananemisvastane kreem Vita-Vite toimeained aitavad tasandada ja v\u00e4hendada mistahes kortse, aeglustavad naha vananemisprotsessi ja omavad selgelt t\u00f5stvat efekti. Kreemil on \u201cbotoxilaadne\u201d toime: l\u00f5dvestab lihaseid, t\u00f5stab ja pinguldab nahka. On noorendava toimega. Tagab naha seisundi n\u00e4htava paranemise p\u00e4rast 30-p\u00e4evast pidevat toote kasutamist. Soovitatav neile, kes on l\u00e4binud Botoxi ravi, et pikendada saavutatud tulemust ja alternatiivina kahe&hellip;","_links":{"self":[{"href":"https:\/\/kosmeetika24.com\/fi\/wp-json\/wp\/v2\/product\/1681","targetHints":{"allow":["GET"]}}],"collection":[{"href":"https:\/\/kosmeetika24.com\/fi\/wp-json\/wp\/v2\/product"}],"about":[{"href":"https:\/\/kosmeetika24.com\/fi\/wp-json\/wp\/v2\/types\/product"}],"replies":[{"embeddable":true,"href":"https:\/\/kosmeetika24.com\/fi\/wp-json\/wp\/v2\/comments?post=1681"}],"version-history":[{"count":1,"href":"https:\/\/kosmeetika24.com\/fi\/wp-json\/wp\/v2\/product\/1681\/revisions"}],"predecessor-version":[{"id":4671,"href":"https:\/\/kosmeetika24.com\/fi\/wp-json\/wp\/v2\/product\/1681\/revisions\/4671"}],"wp:featuredmedia":[{"embeddable":true,"href":"https:\/\/kosmeetika24.com\/fi\/wp-json\/wp\/v2\/media\/1682"}],"wp:attachment":[{"href":"https:\/\/kosmeetika24.com\/fi\/wp-json\/wp\/v2\/media?parent=1681"}],"wp:term":[{"taxonomy":"product_brand","embeddable":true,"href":"https:\/\/kosmeetika24.com\/fi\/wp-json\/wp\/v2\/product_brand?post=1681"},{"taxonomy":"product_cat","embeddable":true,"href":"https:\/\/kosmeetika24.com\/fi\/wp-json\/wp\/v2\/product_cat?post=1681"},{"taxonomy":"product_tag","embeddable":true,"href":"https:\/\/kosmeetika24.com\/fi\/wp-json\/wp\/v2\/product_tag?post=1681"}],"curies":[{"name":"wp","href":"https:\/\/api.w.org\/{rel}","templated":true}]}}