{"id":1679,"date":"2024-01-04T12:57:27","date_gmt":"2024-01-04T12:57:27","guid":{"rendered":"https:\/\/kosmeetika24.com\/?post_type=product&#038;p=1679"},"modified":"2025-07-03T11:46:46","modified_gmt":"2025-07-03T08:46:46","slug":"bruno-vassari-kianty-kortsudevastane-toitekreem","status":"publish","type":"product","link":"https:\/\/kosmeetika24.com\/fi\/tuote\/bruno-vassari-kianty-kortsudevastane-toitekreem\/","title":{"rendered":"BRUNO VASSARI Kianty Anti-Wrinkle Nourishing Cream"},"content":{"rendered":"<p class=\"translation-block\">Ik\u00e4\u00e4ntymist\u00e4 est\u00e4v\u00e4 voide <em>Pat\u00e8 D`uva<\/em> tarjoaa ik\u00e4\u00e4ntymist\u00e4 est\u00e4v\u00e4\u00e4 hoitoa: poistaa pieni\u00e4 ryppyj\u00e4 ja est\u00e4\u00e4 uusien muodostumista. Poistaa hell\u00e4varaisesti kuolleet ihosolut ja stimuloi solujen uudistumista. Palauttaa ihon kuiturakenteen, kosteuttaa, tasoittaa ihon s\u00e4vy\u00e4 ja sill\u00e4 on nuorentava vaikutus. Sit\u00e4 voidaan k\u00e4ytt\u00e4\u00e4 hierontaan.<\/p>\n<p>Ulkon\u00e4k\u00f6\u00e4 parantava voide sopii eri ihotyypeille: iholle, jossa on ryppyj\u00e4 tai pieni\u00e4 ilmejuonteita, elottomalle iholle, kuivalle iholle, karhealle iholle ja veltolle iholle.<\/p>\n<p>Kreemiss\u00e4 yhdistyv\u00e4t alfahydroksyhapot ja polyfenolien vaikutus.<\/p>\n<p><strong>P\u00c4\u00c4AINEOSAT<\/strong><\/p>\n<ul>\n<li>Viiniryp\u00e4leuute<\/li>\n<li>Alfahydroksyhappo (maitohappo, glykolihappo)<\/li>\n<li>Kola-p\u00e4hkin\u00e4uutte<\/li>\n<li>E-vitamiini<\/li>\n<li>Aurinkosuojaussuodatin<\/li>\n<\/ul>\n<p><strong>Vaikutus<\/strong><\/p>\n<ul>\n<li>Viiniryp\u00e4leuute sis\u00e4lt\u00e4\u00e4 korkean polyfenolipitoisuuden, vaikuttaen ik\u00e4\u00e4ntymist\u00e4 est\u00e4v\u00e4sti, antioksidanttisesti, kiinteytt\u00e4v\u00e4sti ja tonisoivasti.<\/li>\n<li>Glykolihappo ja maitohappo ovat alfahydroksyhappoja, jotka vastaavat ihon elastisuudesta ja kiinteytyksest\u00e4; ne nopeuttavat kuolleiden solujen poistumista ja v\u00e4hent\u00e4v\u00e4t sarveiskerroksen paksuutta; v\u00e4hent\u00e4v\u00e4t ryppyj\u00e4 ja est\u00e4v\u00e4t niiden muodostumista; tekev\u00e4t ihon s\u00e4vyst\u00e4 kirkkaamman ja tasaisemman; v\u00e4hent\u00e4v\u00e4t auringon aiheuttamia iholaikkuja.<\/li>\n<li>\u00a0Kola-p\u00e4hkin\u00e4uutte auttaa minimoimaan mahdollisen iho\u00e4rsytyksen, erityisesti herk\u00e4ll\u00e4 iholla.<\/li>\n<li>\u00a0E-vitamiini toimii antioksidanttina.<\/li>\n<li>\u00a0Aurinkosuojaussuodatin suojaa haitalliselta UV-s\u00e4teilylt\u00e4.<\/li>\n<\/ul>\n<p><strong>K\u00e4ytt\u00f6<\/strong><\/p>\n<ul>\n<li>Puhdista iho etuk\u00e4teen esimerkiksi <a href=\"https:\/\/kosmeetika24.eu\/toode\/bruno-vassari-kianty-rugiada-di-vigna\/\">BRUNO VASSARI Kianty -raikastavalla puhdistusvaahdolla.<\/a>.<\/li>\n<li>Tonaa iho etuk\u00e4teen esimerkiksi <a href=\"https:\/\/kosmeetika24.eu\/toode\/bruno-vassari-kianty-pioggia-di-vigna\/\">BRUNO VASSARI Kianty -ik\u00e4\u00e4ntymist\u00e4 est\u00e4v\u00e4ll\u00e4 lotionilla 200 ml.<\/a>.<\/li>\n<li>Levit\u00e4 voidetta illalla kevyill\u00e4 hierontaliikkeill\u00e4 puhdistetulle iholle. Sopii k\u00e4ytett\u00e4v\u00e4ksi sek\u00e4 aamulla ett\u00e4 illalla.<\/li>\n<\/ul>\n<p><strong>Ainesosat<\/strong><\/p>\n<p>AQUA (WATER), PROPYLENE GLYCOL, PARAFFINUM LIQUIDUM (MINERAL OIL), CAPRYLIC\/CAPRIC\u00a0 TRILGYCERIDE, LACTIC ACID, GLYCERYL STEARATE, PEG-100 STEARATE, ISOPROPYL PALMITATE, CETYL ALCHOL, SODIUM HYDROXIDE, CETYL ACETATE, GLYCOLIC ACID, PALMITIC ACID, ETHYLHEXYL METHOXYCINNAMATE, MYRISTIC ACID, VITIS VINIFERA (GRAPE) SEED EXTRACT, COLA NITIDA (KOLA) SEED EXTRACT, ARACHIDIC ACID, HYDROGENATED LECITHIN, DIMETHICONE, BUTYLENE GLYCOL, STEARIC ACID, LANOLIN ALCOHOL, STEARYL ACETATE, OLEYL ACETATE, TOCOPHERYL ACETATE, DISODIUM EDTA, ACETYLATED LANOLIN ALCOHOL, PENTYLENE GLYCOL, 2-BROMO-2-NITROPROPANE-1,3-DOIL. BHT, HEXYL CINNAMAL, BUTYLPHENYL METHYLPROPIONAL, BENZYL SALICYLATE, LINALOOL, PALMITOYL HYDROXYPROPYLTRIMONIUM AMYLOPECTIN\/GLYCERIN CROSSPOLYMER, POLYACRYLAMIDE, C13-14 ISOPARAFFIN, LAURETH-7, PARFUM (FRAGRANCE), CITRONELLOL, HYDROXYCITRONELLAL, ALPHA-ISOMETHYL IONONE, 1,2-HEXANEDIOL, CAPRYLYL GLYCOL, HYDROXYISOHEXYL 3-CYCLOHEXENE CARBOXALDEYDE, SODIUM CHLORIDE, METHYLPARABEN, PROPYLPARABEN.<\/p>","protected":false},"excerpt":{"rendered":"<p>Ik\u00e4\u00e4ntymist\u00e4 est\u00e4v\u00e4 voide, jolla on antioksidanttisia ominaisuuksia ja joka auttaa tasoittamaan pieni\u00e4 ryppyj\u00e4.<\/p>\n<p>50 ml<\/p>","protected":false},"featured_media":1680,"comment_status":"open","ping_status":"closed","template":"","meta":{"_uag_custom_page_level_css":"","site-sidebar-layout":"default","site-content-layout":"","ast-site-content-layout":"default","site-content-style":"default","site-sidebar-style":"default","ast-global-header-display":"","ast-banner-title-visibility":"","ast-main-header-display":"","ast-hfb-above-header-display":"","ast-hfb-below-header-display":"","ast-hfb-mobile-header-display":"","site-post-title":"","ast-breadcrumbs-content":"","ast-featured-img":"","footer-sml-layout":"","ast-disable-related-posts":"","theme-transparent-header-meta":"default","adv-header-id-meta":"","stick-header-meta":"","header-above-stick-meta":"","header-main-stick-meta":"","header-below-stick-meta":"","astra-migrate-meta-layouts":"set","ast-page-background-enabled":"default","ast-page-background-meta":{"desktop":{"background-color":"var(--ast-global-color-4)","background-image":"","background-repeat":"repeat","background-position":"center center","background-size":"auto","background-attachment":"scroll","background-type":"","background-media":"","overlay-type":"","overlay-color":"","overlay-opacity":"","overlay-gradient":""},"tablet":{"background-color":"","background-image":"","background-repeat":"repeat","background-position":"center center","background-size":"auto","background-attachment":"scroll","background-type":"","background-media":"","overlay-type":"","overlay-color":"","overlay-opacity":"","overlay-gradient":""},"mobile":{"background-color":"","background-image":"","background-repeat":"repeat","background-position":"center center","background-size":"auto","background-attachment":"scroll","background-type":"","background-media":"","overlay-type":"","overlay-color":"","overlay-opacity":"","overlay-gradient":""}},"ast-content-background-meta":{"desktop":{"background-color":"var(--ast-global-color-5)","background-image":"","background-repeat":"repeat","background-position":"center center","background-size":"auto","background-attachment":"scroll","background-type":"","background-media":"","overlay-type":"","overlay-color":"","overlay-opacity":"","overlay-gradient":""},"tablet":{"background-color":"var(--ast-global-color-5)","background-image":"","background-repeat":"repeat","background-position":"center center","background-size":"auto","background-attachment":"scroll","background-type":"","background-media":"","overlay-type":"","overlay-color":"","overlay-opacity":"","overlay-gradient":""},"mobile":{"background-color":"var(--ast-global-color-5)","background-image":"","background-repeat":"repeat","background-position":"center center","background-size":"auto","background-attachment":"scroll","background-type":"","background-media":"","overlay-type":"","overlay-color":"","overlay-opacity":"","overlay-gradient":""}}},"product_brand":[],"product_cat":[96,58,97],"product_tag":[],"class_list":{"0":"post-1679","1":"product","2":"type-product","3":"status-publish","4":"has-post-thumbnail","6":"product_cat-brands","7":"product_cat-kianty","8":"product_cat-naole","9":"desktop-align-left","10":"tablet-align-left","11":"mobile-align-left","13":"first","14":"instock","15":"taxable","16":"shipping-taxable","17":"product-type-simple","18":"add-to-wishlist-before_image"},"uagb_featured_image_src":{"full":["https:\/\/kosmeetika24.com\/wp-content\/uploads\/2023\/11\/252-Pate-d_Uva-RGB.jpg",600,600,false],"thumbnail":["https:\/\/kosmeetika24.com\/wp-content\/uploads\/2023\/11\/252-Pate-d_Uva-RGB-150x150.jpg",150,150,true],"medium":["https:\/\/kosmeetika24.com\/wp-content\/uploads\/2023\/11\/252-Pate-d_Uva-RGB-300x300.jpg",300,300,true],"medium_large":["https:\/\/kosmeetika24.com\/wp-content\/uploads\/2023\/11\/252-Pate-d_Uva-RGB.jpg",600,600,false],"large":["https:\/\/kosmeetika24.com\/wp-content\/uploads\/2023\/11\/252-Pate-d_Uva-RGB.jpg",600,600,false],"1536x1536":["https:\/\/kosmeetika24.com\/wp-content\/uploads\/2023\/11\/252-Pate-d_Uva-RGB.jpg",600,600,false],"2048x2048":["https:\/\/kosmeetika24.com\/wp-content\/uploads\/2023\/11\/252-Pate-d_Uva-RGB.jpg",600,600,false],"trp-custom-language-flag":["https:\/\/kosmeetika24.com\/wp-content\/uploads\/2023\/11\/252-Pate-d_Uva-RGB-12x12.jpg",12,12,true],"woocommerce_thumbnail":["https:\/\/kosmeetika24.com\/wp-content\/uploads\/2023\/11\/252-Pate-d_Uva-RGB-300x300.jpg",300,300,true],"woocommerce_single":["https:\/\/kosmeetika24.com\/wp-content\/uploads\/2023\/11\/252-Pate-d_Uva-RGB-500x500.jpg",500,500,true],"woocommerce_gallery_thumbnail":["https:\/\/kosmeetika24.com\/wp-content\/uploads\/2023\/11\/252-Pate-d_Uva-RGB-100x100.jpg",100,100,true]},"uagb_author_info":{"display_name":"admin","author_link":"https:\/\/kosmeetika24.com\/fi\/author\/"},"uagb_comment_info":0,"uagb_excerpt":"Antioks\u00fcdantse toimega vananemisvastane kreem, mis aitab siluda peenemad kortsud. 50 ml","_links":{"self":[{"href":"https:\/\/kosmeetika24.com\/fi\/wp-json\/wp\/v2\/product\/1679","targetHints":{"allow":["GET"]}}],"collection":[{"href":"https:\/\/kosmeetika24.com\/fi\/wp-json\/wp\/v2\/product"}],"about":[{"href":"https:\/\/kosmeetika24.com\/fi\/wp-json\/wp\/v2\/types\/product"}],"replies":[{"embeddable":true,"href":"https:\/\/kosmeetika24.com\/fi\/wp-json\/wp\/v2\/comments?post=1679"}],"version-history":[{"count":1,"href":"https:\/\/kosmeetika24.com\/fi\/wp-json\/wp\/v2\/product\/1679\/revisions"}],"predecessor-version":[{"id":4673,"href":"https:\/\/kosmeetika24.com\/fi\/wp-json\/wp\/v2\/product\/1679\/revisions\/4673"}],"wp:featuredmedia":[{"embeddable":true,"href":"https:\/\/kosmeetika24.com\/fi\/wp-json\/wp\/v2\/media\/1680"}],"wp:attachment":[{"href":"https:\/\/kosmeetika24.com\/fi\/wp-json\/wp\/v2\/media?parent=1679"}],"wp:term":[{"taxonomy":"product_brand","embeddable":true,"href":"https:\/\/kosmeetika24.com\/fi\/wp-json\/wp\/v2\/product_brand?post=1679"},{"taxonomy":"product_cat","embeddable":true,"href":"https:\/\/kosmeetika24.com\/fi\/wp-json\/wp\/v2\/product_cat?post=1679"},{"taxonomy":"product_tag","embeddable":true,"href":"https:\/\/kosmeetika24.com\/fi\/wp-json\/wp\/v2\/product_tag?post=1679"}],"curies":[{"name":"wp","href":"https:\/\/api.w.org\/{rel}","templated":true}]}}