{"id":1677,"date":"2024-01-04T12:56:58","date_gmt":"2024-01-04T12:56:58","guid":{"rendered":"https:\/\/kosmeetika24.com\/?post_type=product&#038;p=1677"},"modified":"2025-07-03T11:47:10","modified_gmt":"2025-07-03T08:47:10","slug":"bruno-vassari-kianty-varskendav-puhastusvaht","status":"publish","type":"product","link":"https:\/\/kosmeetika24.com\/fi\/tuote\/bruno-vassari-kianty-varskendav-puhastusvaht\/","title":{"rendered":"BRUNO VASSARI Kianty -raikastavalla puhdistusvaahdolla."},"content":{"rendered":"<p class=\"translation-block\">Kianty polyfenoleilla varustettu kasvojen vaahto <em>Rugiada di Vigna<\/em> puhdistaa ihoa hell\u00e4varaisesti, neutraloi veden vaikutuksen ja tarjoaa lis\u00e4kosteutusta. Vaahto, joka levitet\u00e4\u00e4n suoraan kostealle iholle, puhdistaa t\u00e4ydellisesti lian ja meikin ottaen huomioon herk\u00e4n ihon hienovaraisuuden.<\/p>\n<p>Sopii kaikille ihotyypeille, jopa herk\u00e4lle iholle.<\/p>\n<p><strong>P\u00c4\u00c4AINEOSAT<\/strong><\/p>\n<ul>\n<li>Viiniryp\u00e4leuute<\/li>\n<li>Mineraalit (magnesium, sinkki, kupari ja mangaani)<\/li>\n<li>Kosteuttavat aineet: glykolit<\/li>\n<\/ul>\n<p><strong>Vaikutus<\/strong><\/p>\n<ul>\n<li>Viiniryp\u00e4leuute sis\u00e4lt\u00e4\u00e4 korkean polyfenolipitoisuuden, vaikuttaen ik\u00e4\u00e4ntymist\u00e4 est\u00e4v\u00e4sti, antioksidanttisesti, kiinteytt\u00e4v\u00e4sti ja tonisoivasti.<\/li>\n<li>Mineraalit kosteuttavat ja rauhoittavat ihoa, stimuloiden solujen aineenvaihduntaa.<\/li>\n<\/ul>\n<p><strong>K\u00e4ytt\u00f6<\/strong><\/p>\n<ul>\n<li>Pullon ravistaminen ennen k\u00e4ytt\u00f6\u00e4 ei ole tarpeen.<\/li>\n<li>Levit\u00e4 vaahto kostealle iholle hierovilla liikkeill\u00e4, huuhtele vedell\u00e4 ja taputtele kuivaksi ilman hankausta. Sopii k\u00e4ytett\u00e4v\u00e4ksi sek\u00e4 aamulla ett\u00e4 illalla.<\/li>\n<li class=\"translation-block\">T\u00e4m\u00e4n j\u00e4lkeen tonisoi iho esimerkiksi tuotteella <a href=\"https:\/\/kosmeetika24.eu\/toode\/bruno-vassari-kianty-pioggia-di-vigna\/\" target=\"_self\">BRUNO VASSARI Kianty ik\u00e4\u00e4ntymist\u00e4 est\u00e4v\u00e4 kasvovesi 200ml<\/a>.<\/li>\n<\/ul>\n<p><strong>Ainesosat<\/strong><\/p>\n<p><span style=\"font-size: 14px;\">AQUA (WATER), GLYCERIN, BUTYLENE GLYCOL, SODIUM, LAURETH SULFATE, PEG-200 HYDROGENATED GLYCERYL PALMITATE, DISODIUM COCOAMPHODIACETATE, PEG-7 GLYCERYL COCOATE, VITIS VINIFERA (GRAPE) SEED EXTRACT, PROPYLENE GLYCOL, PHENOXYETHANOL, COCAMIDOPROPYL, BETAINE, SODIUM CHLORIDE, METHYLPARABEN, ETHYLPARABEN, BUTYLPARABEN, SODIUM BENZOATE, PROPYLPARABEN, HEXYL CINNAMAL, BUTYLPHENYL METHYLPROPIONAL, ZINC ASPARTATE, COPPER ASPARTATE, MAGNESIUM ASPARTATE, MANGANESE ASPARTATE, POTASSIUM SORBATE, PARFUM (FRAGRANCE), DISODIUM EDTA, CITRIC ACID.<\/span><\/p>","protected":false},"excerpt":{"rendered":"<p>Kosteuttava kevyt kasvojen puhdistusvaahto, jolla on ik\u00e4\u00e4ntymisen vastaisia vaikutuksia.<\/p>\n<p>150 ml<\/p>","protected":false},"featured_media":1678,"comment_status":"open","ping_status":"closed","template":"","meta":{"_uag_custom_page_level_css":"","site-sidebar-layout":"default","site-content-layout":"","ast-site-content-layout":"default","site-content-style":"default","site-sidebar-style":"default","ast-global-header-display":"","ast-banner-title-visibility":"","ast-main-header-display":"","ast-hfb-above-header-display":"","ast-hfb-below-header-display":"","ast-hfb-mobile-header-display":"","site-post-title":"","ast-breadcrumbs-content":"","ast-featured-img":"","footer-sml-layout":"","ast-disable-related-posts":"","theme-transparent-header-meta":"default","adv-header-id-meta":"","stick-header-meta":"","header-above-stick-meta":"","header-main-stick-meta":"","header-below-stick-meta":"","astra-migrate-meta-layouts":"set","ast-page-background-enabled":"default","ast-page-background-meta":{"desktop":{"background-color":"var(--ast-global-color-4)","background-image":"","background-repeat":"repeat","background-position":"center center","background-size":"auto","background-attachment":"scroll","background-type":"","background-media":"","overlay-type":"","overlay-color":"","overlay-opacity":"","overlay-gradient":""},"tablet":{"background-color":"","background-image":"","background-repeat":"repeat","background-position":"center center","background-size":"auto","background-attachment":"scroll","background-type":"","background-media":"","overlay-type":"","overlay-color":"","overlay-opacity":"","overlay-gradient":""},"mobile":{"background-color":"","background-image":"","background-repeat":"repeat","background-position":"center center","background-size":"auto","background-attachment":"scroll","background-type":"","background-media":"","overlay-type":"","overlay-color":"","overlay-opacity":"","overlay-gradient":""}},"ast-content-background-meta":{"desktop":{"background-color":"var(--ast-global-color-5)","background-image":"","background-repeat":"repeat","background-position":"center center","background-size":"auto","background-attachment":"scroll","background-type":"","background-media":"","overlay-type":"","overlay-color":"","overlay-opacity":"","overlay-gradient":""},"tablet":{"background-color":"var(--ast-global-color-5)","background-image":"","background-repeat":"repeat","background-position":"center center","background-size":"auto","background-attachment":"scroll","background-type":"","background-media":"","overlay-type":"","overlay-color":"","overlay-opacity":"","overlay-gradient":""},"mobile":{"background-color":"var(--ast-global-color-5)","background-image":"","background-repeat":"repeat","background-position":"center center","background-size":"auto","background-attachment":"scroll","background-type":"","background-media":"","overlay-type":"","overlay-color":"","overlay-opacity":"","overlay-gradient":""}}},"product_brand":[],"product_cat":[96,58,97],"product_tag":[],"class_list":{"0":"post-1677","1":"product","2":"type-product","3":"status-publish","4":"has-post-thumbnail","6":"product_cat-brands","7":"product_cat-kianty","8":"product_cat-naole","9":"desktop-align-left","10":"tablet-align-left","11":"mobile-align-left","13":"first","14":"instock","15":"taxable","16":"shipping-taxable","17":"product-type-simple","18":"add-to-wishlist-before_image"},"uagb_featured_image_src":{"full":["https:\/\/kosmeetika24.com\/wp-content\/uploads\/2023\/11\/A0250-Rugiada-di-vigna-1.jpg",600,600,false],"thumbnail":["https:\/\/kosmeetika24.com\/wp-content\/uploads\/2023\/11\/A0250-Rugiada-di-vigna-1-150x150.jpg",150,150,true],"medium":["https:\/\/kosmeetika24.com\/wp-content\/uploads\/2023\/11\/A0250-Rugiada-di-vigna-1-300x300.jpg",300,300,true],"medium_large":["https:\/\/kosmeetika24.com\/wp-content\/uploads\/2023\/11\/A0250-Rugiada-di-vigna-1.jpg",600,600,false],"large":["https:\/\/kosmeetika24.com\/wp-content\/uploads\/2023\/11\/A0250-Rugiada-di-vigna-1.jpg",600,600,false],"1536x1536":["https:\/\/kosmeetika24.com\/wp-content\/uploads\/2023\/11\/A0250-Rugiada-di-vigna-1.jpg",600,600,false],"2048x2048":["https:\/\/kosmeetika24.com\/wp-content\/uploads\/2023\/11\/A0250-Rugiada-di-vigna-1.jpg",600,600,false],"trp-custom-language-flag":["https:\/\/kosmeetika24.com\/wp-content\/uploads\/2023\/11\/A0250-Rugiada-di-vigna-1-12x12.jpg",12,12,true],"woocommerce_thumbnail":["https:\/\/kosmeetika24.com\/wp-content\/uploads\/2023\/11\/A0250-Rugiada-di-vigna-1-300x300.jpg",300,300,true],"woocommerce_single":["https:\/\/kosmeetika24.com\/wp-content\/uploads\/2023\/11\/A0250-Rugiada-di-vigna-1-500x500.jpg",500,500,true],"woocommerce_gallery_thumbnail":["https:\/\/kosmeetika24.com\/wp-content\/uploads\/2023\/11\/A0250-Rugiada-di-vigna-1-100x100.jpg",100,100,true]},"uagb_author_info":{"display_name":"admin","author_link":"https:\/\/kosmeetika24.com\/fi\/author\/"},"uagb_comment_info":0,"uagb_excerpt":"Niisutava toimega kerge n\u00e4opuhastusvaht, millel on vananemisvastane toime. 150 ml","_links":{"self":[{"href":"https:\/\/kosmeetika24.com\/fi\/wp-json\/wp\/v2\/product\/1677","targetHints":{"allow":["GET"]}}],"collection":[{"href":"https:\/\/kosmeetika24.com\/fi\/wp-json\/wp\/v2\/product"}],"about":[{"href":"https:\/\/kosmeetika24.com\/fi\/wp-json\/wp\/v2\/types\/product"}],"replies":[{"embeddable":true,"href":"https:\/\/kosmeetika24.com\/fi\/wp-json\/wp\/v2\/comments?post=1677"}],"version-history":[{"count":2,"href":"https:\/\/kosmeetika24.com\/fi\/wp-json\/wp\/v2\/product\/1677\/revisions"}],"predecessor-version":[{"id":4674,"href":"https:\/\/kosmeetika24.com\/fi\/wp-json\/wp\/v2\/product\/1677\/revisions\/4674"}],"wp:featuredmedia":[{"embeddable":true,"href":"https:\/\/kosmeetika24.com\/fi\/wp-json\/wp\/v2\/media\/1678"}],"wp:attachment":[{"href":"https:\/\/kosmeetika24.com\/fi\/wp-json\/wp\/v2\/media?parent=1677"}],"wp:term":[{"taxonomy":"product_brand","embeddable":true,"href":"https:\/\/kosmeetika24.com\/fi\/wp-json\/wp\/v2\/product_brand?post=1677"},{"taxonomy":"product_cat","embeddable":true,"href":"https:\/\/kosmeetika24.com\/fi\/wp-json\/wp\/v2\/product_cat?post=1677"},{"taxonomy":"product_tag","embeddable":true,"href":"https:\/\/kosmeetika24.com\/fi\/wp-json\/wp\/v2\/product_tag?post=1677"}],"curies":[{"name":"wp","href":"https:\/\/api.w.org\/{rel}","templated":true}]}}