{"id":1675,"date":"2024-01-04T12:49:18","date_gmt":"2024-01-04T12:49:18","guid":{"rendered":"https:\/\/kosmeetika24.com\/?post_type=product&#038;p=1675"},"modified":"2025-07-02T14:50:30","modified_gmt":"2025-07-02T11:50:30","slug":"bruno-vassari-aha-professionaalne-hooldus-alfahudroksuhapetega","status":"publish","type":"product","link":"https:\/\/kosmeetika24.com\/fi\/tuote\/bruno-vassari-aha-professionaalne-hooldus-alfahudroksuhapetega\/","title":{"rendered":"BRUNO VASSARI AHA ammattimainen hoito alfahydroksihapoilla"},"content":{"rendered":"<p class=\"translation-block\">Hoito <em>AHA Glycolic Treatment<\/em> nopeuttaa luonnollista kuorintaa ja aktivoi solujen uusiutumista. Se j\u00e4tt\u00e4\u00e4 ihon sile\u00e4ksi, pehme\u00e4ksi, kiinte\u00e4ksi ja elastiseksi. V\u00e4hent\u00e4\u00e4 ryppyj\u00e4 ja antaa iholle nuorekkaan ja hehkuvan ulkon\u00e4\u00f6n.<\/p>\n<p>Sopii kaikille ihotyypeille, paitsi eritt\u00e4in herk\u00e4lle iholle.<\/p>\n<p><strong>P\u00c4\u00c4AINEOSAT<\/strong><\/p>\n<ul>\n<li>30% Glykolihappo<\/li>\n<li>pH 4,5<\/li>\n<\/ul>\n<p><strong>Vaikutus<\/strong><\/p>\n<p>Glykolihappo edist\u00e4\u00e4 kuolleiden ihosolujen luonnollista poistumista ihon pinnalta, tasapainottaen ihon pH:ta. Se tehostaa kollageenin ja elastiinin synteesi\u00e4, tehden ihosta elastisemman.<\/p>\n<p><strong>K\u00e4ytt\u00f6<\/strong><\/p>\n<ol>\n<li class=\"translation-block\">Valmistele iho k\u00e4ytt\u00e4m\u00e4ll\u00e4 tuotetta <a href=\"https:\/\/kosmeetika24.eu\/toode\/bruno-vassari-aha-skin-cleanser\/\" target=\"_self\">BRUNO VASSARI AHA glykolihappopuhdistusgeeli<\/a>.<\/li>\n<li>Seuraavaksi levit\u00e4 hoitotuote iholle tuuhipensselill\u00e4.<\/li>\n<li>Anna hoidon vaikuttaa 10\u201312 minuuttia ja poista se runsaalla vedell\u00e4.<\/li>\n<\/ol>\n<p>Kutiseva tunteen on normaali, mutta sen pit\u00e4isi olla vain hieman ep\u00e4mukavaa.<\/p>\n<p>Tietyill\u00e4 alueilla voi esiinty\u00e4 punoitusta, joka h\u00e4vi\u00e4\u00e4 muutaman minuutin kuluttua.<\/p>\n<p><strong>Ainesosat<\/strong><\/p>\n<p>AQUA (WATER), GLYCOLIC ACID, ALCOHOL DENAT., AMMONIUM HYDROXIDE, HYDROXYETHYLCELLULOSE, SODIUM\u00a0 CHLORIDE.<\/p>","protected":false},"excerpt":{"rendered":"<p>Ryppyjen vastainen hoito, joka kiihdytt\u00e4\u00e4 solujen uusiutumista alfahydroksihappojen avulla.<\/p>\n<p>&nbsp;<\/p>\n<p>10 x 2 ml:n pakkaus on tarkoitettu ammattilaisten k\u00e4ytt\u00f6\u00f6n 10 toimenpiteeseen.<\/p>","protected":false},"featured_media":1676,"comment_status":"open","ping_status":"closed","template":"","meta":{"_uag_custom_page_level_css":"","site-sidebar-layout":"default","site-content-layout":"","ast-site-content-layout":"default","site-content-style":"default","site-sidebar-style":"default","ast-global-header-display":"","ast-banner-title-visibility":"","ast-main-header-display":"","ast-hfb-above-header-display":"","ast-hfb-below-header-display":"","ast-hfb-mobile-header-display":"","site-post-title":"","ast-breadcrumbs-content":"","ast-featured-img":"","footer-sml-layout":"","ast-disable-related-posts":"","theme-transparent-header-meta":"default","adv-header-id-meta":"","stick-header-meta":"","header-above-stick-meta":"","header-main-stick-meta":"","header-below-stick-meta":"","astra-migrate-meta-layouts":"set","ast-page-background-enabled":"default","ast-page-background-meta":{"desktop":{"background-color":"var(--ast-global-color-4)","background-image":"","background-repeat":"repeat","background-position":"center center","background-size":"auto","background-attachment":"scroll","background-type":"","background-media":"","overlay-type":"","overlay-color":"","overlay-opacity":"","overlay-gradient":""},"tablet":{"background-color":"","background-image":"","background-repeat":"repeat","background-position":"center center","background-size":"auto","background-attachment":"scroll","background-type":"","background-media":"","overlay-type":"","overlay-color":"","overlay-opacity":"","overlay-gradient":""},"mobile":{"background-color":"","background-image":"","background-repeat":"repeat","background-position":"center center","background-size":"auto","background-attachment":"scroll","background-type":"","background-media":"","overlay-type":"","overlay-color":"","overlay-opacity":"","overlay-gradient":""}},"ast-content-background-meta":{"desktop":{"background-color":"var(--ast-global-color-5)","background-image":"","background-repeat":"repeat","background-position":"center center","background-size":"auto","background-attachment":"scroll","background-type":"","background-media":"","overlay-type":"","overlay-color":"","overlay-opacity":"","overlay-gradient":""},"tablet":{"background-color":"var(--ast-global-color-5)","background-image":"","background-repeat":"repeat","background-position":"center center","background-size":"auto","background-attachment":"scroll","background-type":"","background-media":"","overlay-type":"","overlay-color":"","overlay-opacity":"","overlay-gradient":""},"mobile":{"background-color":"var(--ast-global-color-5)","background-image":"","background-repeat":"repeat","background-position":"center center","background-size":"auto","background-attachment":"scroll","background-type":"","background-media":"","overlay-type":"","overlay-color":"","overlay-opacity":"","overlay-gradient":""}}},"product_brand":[],"product_cat":[70,96,97],"product_tag":[],"class_list":{"0":"post-1675","1":"product","2":"type-product","3":"status-publish","4":"has-post-thumbnail","6":"product_cat-aha","7":"product_cat-brands","8":"product_cat-naole","9":"desktop-align-left","10":"tablet-align-left","11":"mobile-align-left","13":"first","14":"instock","15":"taxable","16":"shipping-taxable","17":"product-type-simple","18":"add-to-wishlist-before_image"},"uagb_featured_image_src":{"full":["https:\/\/kosmeetika24.com\/wp-content\/uploads\/2023\/11\/Kontsentraat-1043.jpg",600,600,false],"thumbnail":["https:\/\/kosmeetika24.com\/wp-content\/uploads\/2023\/11\/Kontsentraat-1043-150x150.jpg",150,150,true],"medium":["https:\/\/kosmeetika24.com\/wp-content\/uploads\/2023\/11\/Kontsentraat-1043-300x300.jpg",300,300,true],"medium_large":["https:\/\/kosmeetika24.com\/wp-content\/uploads\/2023\/11\/Kontsentraat-1043.jpg",600,600,false],"large":["https:\/\/kosmeetika24.com\/wp-content\/uploads\/2023\/11\/Kontsentraat-1043.jpg",600,600,false],"1536x1536":["https:\/\/kosmeetika24.com\/wp-content\/uploads\/2023\/11\/Kontsentraat-1043.jpg",600,600,false],"2048x2048":["https:\/\/kosmeetika24.com\/wp-content\/uploads\/2023\/11\/Kontsentraat-1043.jpg",600,600,false],"trp-custom-language-flag":["https:\/\/kosmeetika24.com\/wp-content\/uploads\/2023\/11\/Kontsentraat-1043-12x12.jpg",12,12,true],"woocommerce_thumbnail":["https:\/\/kosmeetika24.com\/wp-content\/uploads\/2023\/11\/Kontsentraat-1043-300x300.jpg",300,300,true],"woocommerce_single":["https:\/\/kosmeetika24.com\/wp-content\/uploads\/2023\/11\/Kontsentraat-1043-500x500.jpg",500,500,true],"woocommerce_gallery_thumbnail":["https:\/\/kosmeetika24.com\/wp-content\/uploads\/2023\/11\/Kontsentraat-1043-100x100.jpg",100,100,true]},"uagb_author_info":{"display_name":"admin","author_link":"https:\/\/kosmeetika24.com\/fi\/author\/"},"uagb_comment_info":0,"uagb_excerpt":"Kortsudevastane ja rakkude uuenemist kiirendav hooldus alfah\u00fcdroks\u00fchapetega. &nbsp; Komplekt 10 x 2ml on m\u00f5eldud professionaalseks kasutamiseks 10 protseduuril.","_links":{"self":[{"href":"https:\/\/kosmeetika24.com\/fi\/wp-json\/wp\/v2\/product\/1675","targetHints":{"allow":["GET"]}}],"collection":[{"href":"https:\/\/kosmeetika24.com\/fi\/wp-json\/wp\/v2\/product"}],"about":[{"href":"https:\/\/kosmeetika24.com\/fi\/wp-json\/wp\/v2\/types\/product"}],"replies":[{"embeddable":true,"href":"https:\/\/kosmeetika24.com\/fi\/wp-json\/wp\/v2\/comments?post=1675"}],"version-history":[{"count":1,"href":"https:\/\/kosmeetika24.com\/fi\/wp-json\/wp\/v2\/product\/1675\/revisions"}],"predecessor-version":[{"id":4676,"href":"https:\/\/kosmeetika24.com\/fi\/wp-json\/wp\/v2\/product\/1675\/revisions\/4676"}],"wp:featuredmedia":[{"embeddable":true,"href":"https:\/\/kosmeetika24.com\/fi\/wp-json\/wp\/v2\/media\/1676"}],"wp:attachment":[{"href":"https:\/\/kosmeetika24.com\/fi\/wp-json\/wp\/v2\/media?parent=1675"}],"wp:term":[{"taxonomy":"product_brand","embeddable":true,"href":"https:\/\/kosmeetika24.com\/fi\/wp-json\/wp\/v2\/product_brand?post=1675"},{"taxonomy":"product_cat","embeddable":true,"href":"https:\/\/kosmeetika24.com\/fi\/wp-json\/wp\/v2\/product_cat?post=1675"},{"taxonomy":"product_tag","embeddable":true,"href":"https:\/\/kosmeetika24.com\/fi\/wp-json\/wp\/v2\/product_tag?post=1675"}],"curies":[{"name":"wp","href":"https:\/\/api.w.org\/{rel}","templated":true}]}}