{"id":1667,"date":"2024-01-04T12:52:06","date_gmt":"2024-01-04T12:52:06","guid":{"rendered":"https:\/\/kosmeetika24.com\/?post_type=product&#038;p=1667"},"modified":"2025-07-02T14:48:20","modified_gmt":"2025-07-02T11:48:20","slug":"bruno-vassari-aha-glukoolhappega-puhastusvahend","status":"publish","type":"product","link":"https:\/\/kosmeetika24.com\/fi\/tuote\/bruno-vassari-aha-glukoolhappega-puhastusvahend\/","title":{"rendered":"BRUNO VASSARI AHA Glykolihappopuhdistusvaahto"},"content":{"rendered":"<p class=\"translation-block\">Puhdistustuotteella <em>AHA Skin Cleanser<\/em> on mieto kuoriva vaikutus. 8 %\nglykolihaposta koostuva hell\u00e4varainen aine edist\u00e4\u00e4 ihon syv\u00e4llist\u00e4 puhdistusta. Se normalisoi ihon pH-tason, edist\u00e4\u00e4 solujen uusiutumista ja mattifiesi ihon pinnan. Valmistelee ihon AHA-tuotteiden k\u00e4ytt\u00f6\u00f6n. Voidaan k\u00e4ytt\u00e4\u00e4 my\u00f6s kasvojen tonikkin\u00e4.<\/p>\n<p>Suositellaan rasvaiselle, hyperpigmentoituneelle, ik\u00e4\u00e4ntyneelle, auringon vaurioittamalle ja hyperkeratoottiselle iholle.<\/p>\n<p>Sopii kaikille ihotyypeille.<\/p>\n<p><strong>P\u00c4\u00c4AINEOSA<\/strong><\/p>\n<ul>\n<li>8% Glykolihappo<\/li>\n<\/ul>\n<p><strong>Vaikutus<\/strong><\/p>\n<ul>\n<li>Glykolihapon korkea 8 %\npitoisuus ja pH 4,5 laskevat ihon pH-tason. Est\u00e4\u00e4 mahdolliset punoitukset ja \u00e4rsytykset.<\/li>\n<\/ul>\n<p><strong>K\u00e4ytt\u00f6<\/strong><\/p>\n<ul>\n<li>Suositellaan k\u00e4ytett\u00e4v\u00e4ksi illalla.<\/li>\n<li>Levit\u00e4 kasvovesi kasvoille vanulapulla.<\/li>\n<li class=\"translation-block\">Parhaan tuloksen saavuttamiseksi levit\u00e4 iholle tuote: <a href=\"https:\/\/kosmeetika24.eu\/toode\/bruno-vassari-aha-glycolic-treatment\/\" target=\"_self\">BRUNO VASSARI AHA ammattilaishoito alfa-hydroksyhapolla<\/a>.<\/li>\n<li class=\"translation-block\">Voit jatkaa AHA-erityiskosteusvoiteilla, kuten <a href=\"https:\/\/kosmeetika24.eu\/toode\/bruno-vassari-aha-glycolic-cream-10\/\" target=\"_self\">BRUNO VASSARI AHA Glykolihappovoide 10%<\/a> tai <a href=\"https:\/\/kosmeetika24.eu\/toode\/bruno-vassari-aha-multi-efect-cream-2\/\" target=\"_self\">BRUNO VASSARI AHA Ryppyvoide AHA<\/li>\n<\/ul>\n<p><strong>Ainesosat<\/strong><\/p>\n<p>AQUA (WATER), ALCOHOL DENAT, GLYCOLIC ACID, AMMONIUM HYDROXIDE, CI 42090 (FD&C BLOE NO 1.)<\/p>","protected":false},"excerpt":{"rendered":"<p>Puhdistustuote, joka v\u00e4hent\u00e4\u00e4 ryppyj\u00e4 ja nopeuttaa solujen uusiutumista.<\/p>\n<p>&nbsp;<\/p>\n<p>250 ml<\/p>","protected":false},"featured_media":1668,"comment_status":"open","ping_status":"closed","template":"","meta":{"_uag_custom_page_level_css":"","site-sidebar-layout":"default","site-content-layout":"","ast-site-content-layout":"default","site-content-style":"default","site-sidebar-style":"default","ast-global-header-display":"","ast-banner-title-visibility":"","ast-main-header-display":"","ast-hfb-above-header-display":"","ast-hfb-below-header-display":"","ast-hfb-mobile-header-display":"","site-post-title":"","ast-breadcrumbs-content":"","ast-featured-img":"","footer-sml-layout":"","ast-disable-related-posts":"","theme-transparent-header-meta":"default","adv-header-id-meta":"","stick-header-meta":"","header-above-stick-meta":"","header-main-stick-meta":"","header-below-stick-meta":"","astra-migrate-meta-layouts":"set","ast-page-background-enabled":"default","ast-page-background-meta":{"desktop":{"background-color":"var(--ast-global-color-4)","background-image":"","background-repeat":"repeat","background-position":"center center","background-size":"auto","background-attachment":"scroll","background-type":"","background-media":"","overlay-type":"","overlay-color":"","overlay-opacity":"","overlay-gradient":""},"tablet":{"background-color":"","background-image":"","background-repeat":"repeat","background-position":"center center","background-size":"auto","background-attachment":"scroll","background-type":"","background-media":"","overlay-type":"","overlay-color":"","overlay-opacity":"","overlay-gradient":""},"mobile":{"background-color":"","background-image":"","background-repeat":"repeat","background-position":"center center","background-size":"auto","background-attachment":"scroll","background-type":"","background-media":"","overlay-type":"","overlay-color":"","overlay-opacity":"","overlay-gradient":""}},"ast-content-background-meta":{"desktop":{"background-color":"var(--ast-global-color-5)","background-image":"","background-repeat":"repeat","background-position":"center center","background-size":"auto","background-attachment":"scroll","background-type":"","background-media":"","overlay-type":"","overlay-color":"","overlay-opacity":"","overlay-gradient":""},"tablet":{"background-color":"var(--ast-global-color-5)","background-image":"","background-repeat":"repeat","background-position":"center center","background-size":"auto","background-attachment":"scroll","background-type":"","background-media":"","overlay-type":"","overlay-color":"","overlay-opacity":"","overlay-gradient":""},"mobile":{"background-color":"var(--ast-global-color-5)","background-image":"","background-repeat":"repeat","background-position":"center center","background-size":"auto","background-attachment":"scroll","background-type":"","background-media":"","overlay-type":"","overlay-color":"","overlay-opacity":"","overlay-gradient":""}}},"product_brand":[],"product_cat":[70,96,97],"product_tag":[],"class_list":{"0":"post-1667","1":"product","2":"type-product","3":"status-publish","4":"has-post-thumbnail","6":"product_cat-aha","7":"product_cat-brands","8":"product_cat-naole","9":"desktop-align-left","10":"tablet-align-left","11":"mobile-align-left","13":"first","14":"instock","15":"taxable","16":"shipping-taxable","17":"product-type-simple","18":"add-to-wishlist-before_image"},"uagb_featured_image_src":{"full":["https:\/\/kosmeetika24.com\/wp-content\/uploads\/2023\/11\/2225-Skin-Cleanser-1.jpg",600,600,false],"thumbnail":["https:\/\/kosmeetika24.com\/wp-content\/uploads\/2023\/11\/2225-Skin-Cleanser-1-150x150.jpg",150,150,true],"medium":["https:\/\/kosmeetika24.com\/wp-content\/uploads\/2023\/11\/2225-Skin-Cleanser-1-300x300.jpg",300,300,true],"medium_large":["https:\/\/kosmeetika24.com\/wp-content\/uploads\/2023\/11\/2225-Skin-Cleanser-1.jpg",600,600,false],"large":["https:\/\/kosmeetika24.com\/wp-content\/uploads\/2023\/11\/2225-Skin-Cleanser-1.jpg",600,600,false],"1536x1536":["https:\/\/kosmeetika24.com\/wp-content\/uploads\/2023\/11\/2225-Skin-Cleanser-1.jpg",600,600,false],"2048x2048":["https:\/\/kosmeetika24.com\/wp-content\/uploads\/2023\/11\/2225-Skin-Cleanser-1.jpg",600,600,false],"trp-custom-language-flag":["https:\/\/kosmeetika24.com\/wp-content\/uploads\/2023\/11\/2225-Skin-Cleanser-1-12x12.jpg",12,12,true],"woocommerce_thumbnail":["https:\/\/kosmeetika24.com\/wp-content\/uploads\/2023\/11\/2225-Skin-Cleanser-1-300x300.jpg",300,300,true],"woocommerce_single":["https:\/\/kosmeetika24.com\/wp-content\/uploads\/2023\/11\/2225-Skin-Cleanser-1-500x500.jpg",500,500,true],"woocommerce_gallery_thumbnail":["https:\/\/kosmeetika24.com\/wp-content\/uploads\/2023\/11\/2225-Skin-Cleanser-1-100x100.jpg",100,100,true]},"uagb_author_info":{"display_name":"admin","author_link":"https:\/\/kosmeetika24.com\/fi\/author\/"},"uagb_comment_info":0,"uagb_excerpt":"Kortsudevastane ja rakkude uuenemist kiirendav puhastusvahend. &nbsp; 250 ml","_links":{"self":[{"href":"https:\/\/kosmeetika24.com\/fi\/wp-json\/wp\/v2\/product\/1667","targetHints":{"allow":["GET"]}}],"collection":[{"href":"https:\/\/kosmeetika24.com\/fi\/wp-json\/wp\/v2\/product"}],"about":[{"href":"https:\/\/kosmeetika24.com\/fi\/wp-json\/wp\/v2\/types\/product"}],"replies":[{"embeddable":true,"href":"https:\/\/kosmeetika24.com\/fi\/wp-json\/wp\/v2\/comments?post=1667"}],"version-history":[{"count":1,"href":"https:\/\/kosmeetika24.com\/fi\/wp-json\/wp\/v2\/product\/1667\/revisions"}],"predecessor-version":[{"id":4675,"href":"https:\/\/kosmeetika24.com\/fi\/wp-json\/wp\/v2\/product\/1667\/revisions\/4675"}],"wp:featuredmedia":[{"embeddable":true,"href":"https:\/\/kosmeetika24.com\/fi\/wp-json\/wp\/v2\/media\/1668"}],"wp:attachment":[{"href":"https:\/\/kosmeetika24.com\/fi\/wp-json\/wp\/v2\/media?parent=1667"}],"wp:term":[{"taxonomy":"product_brand","embeddable":true,"href":"https:\/\/kosmeetika24.com\/fi\/wp-json\/wp\/v2\/product_brand?post=1667"},{"taxonomy":"product_cat","embeddable":true,"href":"https:\/\/kosmeetika24.com\/fi\/wp-json\/wp\/v2\/product_cat?post=1667"},{"taxonomy":"product_tag","embeddable":true,"href":"https:\/\/kosmeetika24.com\/fi\/wp-json\/wp\/v2\/product_tag?post=1667"}],"curies":[{"name":"wp","href":"https:\/\/api.w.org\/{rel}","templated":true}]}}