{"id":1662,"date":"2024-01-04T12:39:54","date_gmt":"2024-01-04T12:39:54","guid":{"rendered":"https:\/\/kosmeetika24.com\/?post_type=product&#038;p=1662"},"modified":"2025-07-02T14:47:43","modified_gmt":"2025-07-02T11:47:43","slug":"bruno-vassari-aha-kortsudevastane-kreem-aha-ga","status":"publish","type":"product","link":"https:\/\/kosmeetika24.com\/fi\/tuote\/bruno-vassari-aha-kortsudevastane-kreem-aha-ga\/","title":{"rendered":"BRUNO VASSARI AHA Ryppyvoide AHA"},"content":{"rendered":"<p class=\"translation-block\">Ik\u00e4\u00e4ntymisen merkkej\u00e4 est\u00e4v\u00e4 <em>Multi-Effect Cream<\/em> poistaa hell\u00e4varaisesti kuolleet ihosolut ja stimuloi ihon uusiutumista. Nuorentaa ja kosteuttaa ihoa. Tasoittaa ihon s\u00e4vy\u00e4, parantaa ihonv\u00e4ri\u00e4 ja silottaa ihon pintaa. Suositellaan rasvaiselle iholle, ik\u00e4\u00e4ntyneelle iholle tai syv\u00e4llist\u00e4 uudistusta kaipaavalle iholle. S\u00e4\u00e4nn\u00f6llinen k\u00e4ytt\u00f6 auttaa minimoimaan hienoja ryppyj\u00e4.<\/p>\n<p>Sopii kaikille ihotyypeille, paitsi eritt\u00e4in herk\u00e4lle iholle.<\/p>\n<p><strong>P\u00c4\u00c4AINEOSAT<\/strong><\/p>\n<ul>\n<li>Alfahydroksyhappo (maitohappo, glykolihappo)<\/li>\n<li>Koola-p\u00e4hkin\u00e4n uute<\/li>\n<li>Kosteuttava aine<\/li>\n<li>E-vitamiini<\/li>\n<li>Aurinkosuojaussuodatin<\/li>\n<\/ul>\n<p><strong>Vaikutus<\/strong><\/p>\n<ul>\n<li>Glykolihapon ja maitohapon yhdistelm\u00e4 lis\u00e4\u00e4 glykosaminoglykaanien, kollageenin ja elastiinin tuotantoa.<\/li>\n<li class=\"translation-block\">Koolap\u00e4hkli ekstraktil on toniseerivad ja kongestiooni v\u00e4hendavad omadused. See minimeerib samuti \u00e4rrituse<br>\r\nesinemist eriti tundlikul nahal.<\/li>\n<li>E-vitamiini suojaa soluja hapettumiselta.<\/li>\n<\/ul>\n<p><strong>K\u00e4ytt\u00f6<\/strong><\/p>\n<ul>\n<li>Kreem kanda pigem \u00f5htul kergete masseerivate liigutustega eelnevalt puhastatud nahale.<\/li>\n<li class=\"translation-block\">Jatkamalla silm\u00e4nhoitoa voit k\u00e4ytt\u00e4\u00e4 tuotetta <a href=\"https:\/\/kosmeetika24.eu\/toode\/bruno-vassari-the-specifics-vitamin-eye-cream\/\" target=\"_self\">BRUNO VASSARI The Specifics Kosteuttava Silm\u00e4nymp\u00e4rysvoide<\/a>.<\/li>\n<\/ul>\n<p><strong>Ainesosat<\/strong><\/p>\n<p>AQUA (WATER), PROPYLENE GLYCOL, PARAFFINUM LIQUIDUM (MINERAL OIL), CAPRYLIC\/CAPRIC TRIGLYCERIDE LACTIC ACID, GLYCERYL STEARATE, PEG-100 STEARATE, ISOPROPYL PALMITATE, CETYL ALCOHOL, SODIUMHYDROXIDE, CETYL ACETATE, GLYCOLIC ACID, PALMITIC ACID, ETHYLHEXYL METHOXYCINNAMATE, DIMETHICONE, TOCOPHERYL ACETATE, COLA NITID(KOLA)SEED EXTRACT, BUTYLENE GLYCIL, STEARIC ACID, LANOLIN ALCOHOL, STEARYL ACETATE, OLEYL ACETATE, DISODIUM EDTA, ACETYLATED LANOLIN ALCOHOL, 2-BROMO-2-NITROPROPANE-1,3-DIOL, BHT, ASCORBYL PALMITATE, CITRIC ACID, SODIUM CHLORIDE, METHYLPABEN, PROPYLPARABEN, ARACHIDIC ACID, MYRISTIC ACID, PARFUM (FRAGRANCE), HEXYL CINNAMAL, LIMONENE, LINALOOL, BENZYL SALICYLATE, BUTYLPHENYL METHYLPROPIONAL.<\/p>","protected":false},"excerpt":{"rendered":"<p>Kreem stimuloi ihon uudistumista.<\/p>\n<p>Poistaa hell\u00e4varaisesti kuolleet ihosolut, kosteuttaa, silottaa ja tasoittaa ihon s\u00e4vyn.<\/p>\n<p>&nbsp;<\/p>\n<p>50 ml<\/p>","protected":false},"featured_media":1663,"comment_status":"open","ping_status":"closed","template":"","meta":{"_uag_custom_page_level_css":"","site-sidebar-layout":"default","site-content-layout":"","ast-site-content-layout":"default","site-content-style":"default","site-sidebar-style":"default","ast-global-header-display":"","ast-banner-title-visibility":"","ast-main-header-display":"","ast-hfb-above-header-display":"","ast-hfb-below-header-display":"","ast-hfb-mobile-header-display":"","site-post-title":"","ast-breadcrumbs-content":"","ast-featured-img":"","footer-sml-layout":"","ast-disable-related-posts":"","theme-transparent-header-meta":"default","adv-header-id-meta":"","stick-header-meta":"","header-above-stick-meta":"","header-main-stick-meta":"","header-below-stick-meta":"","astra-migrate-meta-layouts":"set","ast-page-background-enabled":"default","ast-page-background-meta":{"desktop":{"background-color":"var(--ast-global-color-4)","background-image":"","background-repeat":"repeat","background-position":"center center","background-size":"auto","background-attachment":"scroll","background-type":"","background-media":"","overlay-type":"","overlay-color":"","overlay-opacity":"","overlay-gradient":""},"tablet":{"background-color":"","background-image":"","background-repeat":"repeat","background-position":"center center","background-size":"auto","background-attachment":"scroll","background-type":"","background-media":"","overlay-type":"","overlay-color":"","overlay-opacity":"","overlay-gradient":""},"mobile":{"background-color":"","background-image":"","background-repeat":"repeat","background-position":"center center","background-size":"auto","background-attachment":"scroll","background-type":"","background-media":"","overlay-type":"","overlay-color":"","overlay-opacity":"","overlay-gradient":""}},"ast-content-background-meta":{"desktop":{"background-color":"var(--ast-global-color-5)","background-image":"","background-repeat":"repeat","background-position":"center center","background-size":"auto","background-attachment":"scroll","background-type":"","background-media":"","overlay-type":"","overlay-color":"","overlay-opacity":"","overlay-gradient":""},"tablet":{"background-color":"var(--ast-global-color-5)","background-image":"","background-repeat":"repeat","background-position":"center center","background-size":"auto","background-attachment":"scroll","background-type":"","background-media":"","overlay-type":"","overlay-color":"","overlay-opacity":"","overlay-gradient":""},"mobile":{"background-color":"var(--ast-global-color-5)","background-image":"","background-repeat":"repeat","background-position":"center center","background-size":"auto","background-attachment":"scroll","background-type":"","background-media":"","overlay-type":"","overlay-color":"","overlay-opacity":"","overlay-gradient":""}}},"product_brand":[],"product_cat":[70,96,97],"product_tag":[],"class_list":{"0":"post-1662","1":"product","2":"type-product","3":"status-publish","4":"has-post-thumbnail","6":"product_cat-aha","7":"product_cat-brands","8":"product_cat-naole","9":"desktop-align-left","10":"tablet-align-left","11":"mobile-align-left","13":"first","14":"instock","15":"taxable","16":"shipping-taxable","17":"product-type-simple","18":"add-to-wishlist-before_image"},"uagb_featured_image_src":{"full":["https:\/\/kosmeetika24.com\/wp-content\/uploads\/2023\/11\/0225-Multi-Effect-Cream.jpg",600,600,false],"thumbnail":["https:\/\/kosmeetika24.com\/wp-content\/uploads\/2023\/11\/0225-Multi-Effect-Cream-150x150.jpg",150,150,true],"medium":["https:\/\/kosmeetika24.com\/wp-content\/uploads\/2023\/11\/0225-Multi-Effect-Cream-300x300.jpg",300,300,true],"medium_large":["https:\/\/kosmeetika24.com\/wp-content\/uploads\/2023\/11\/0225-Multi-Effect-Cream.jpg",600,600,false],"large":["https:\/\/kosmeetika24.com\/wp-content\/uploads\/2023\/11\/0225-Multi-Effect-Cream.jpg",600,600,false],"1536x1536":["https:\/\/kosmeetika24.com\/wp-content\/uploads\/2023\/11\/0225-Multi-Effect-Cream.jpg",600,600,false],"2048x2048":["https:\/\/kosmeetika24.com\/wp-content\/uploads\/2023\/11\/0225-Multi-Effect-Cream.jpg",600,600,false],"trp-custom-language-flag":["https:\/\/kosmeetika24.com\/wp-content\/uploads\/2023\/11\/0225-Multi-Effect-Cream-12x12.jpg",12,12,true],"woocommerce_thumbnail":["https:\/\/kosmeetika24.com\/wp-content\/uploads\/2023\/11\/0225-Multi-Effect-Cream-300x300.jpg",300,300,true],"woocommerce_single":["https:\/\/kosmeetika24.com\/wp-content\/uploads\/2023\/11\/0225-Multi-Effect-Cream-500x500.jpg",500,500,true],"woocommerce_gallery_thumbnail":["https:\/\/kosmeetika24.com\/wp-content\/uploads\/2023\/11\/0225-Multi-Effect-Cream-100x100.jpg",100,100,true]},"uagb_author_info":{"display_name":"admin","author_link":"https:\/\/kosmeetika24.com\/fi\/author\/"},"uagb_comment_info":0,"uagb_excerpt":"Kreem stimuleerib naha uuenemist: k\u00f5rvaldab \u00f5rnalt surnud rakud, niisutab, silub ja \u00fchtlustab nahatooni. &nbsp; 50 ml","_links":{"self":[{"href":"https:\/\/kosmeetika24.com\/fi\/wp-json\/wp\/v2\/product\/1662","targetHints":{"allow":["GET"]}}],"collection":[{"href":"https:\/\/kosmeetika24.com\/fi\/wp-json\/wp\/v2\/product"}],"about":[{"href":"https:\/\/kosmeetika24.com\/fi\/wp-json\/wp\/v2\/types\/product"}],"replies":[{"embeddable":true,"href":"https:\/\/kosmeetika24.com\/fi\/wp-json\/wp\/v2\/comments?post=1662"}],"version-history":[{"count":1,"href":"https:\/\/kosmeetika24.com\/fi\/wp-json\/wp\/v2\/product\/1662\/revisions"}],"predecessor-version":[{"id":4678,"href":"https:\/\/kosmeetika24.com\/fi\/wp-json\/wp\/v2\/product\/1662\/revisions\/4678"}],"wp:featuredmedia":[{"embeddable":true,"href":"https:\/\/kosmeetika24.com\/fi\/wp-json\/wp\/v2\/media\/1663"}],"wp:attachment":[{"href":"https:\/\/kosmeetika24.com\/fi\/wp-json\/wp\/v2\/media?parent=1662"}],"wp:term":[{"taxonomy":"product_brand","embeddable":true,"href":"https:\/\/kosmeetika24.com\/fi\/wp-json\/wp\/v2\/product_brand?post=1662"},{"taxonomy":"product_cat","embeddable":true,"href":"https:\/\/kosmeetika24.com\/fi\/wp-json\/wp\/v2\/product_cat?post=1662"},{"taxonomy":"product_tag","embeddable":true,"href":"https:\/\/kosmeetika24.com\/fi\/wp-json\/wp\/v2\/product_tag?post=1662"}],"curies":[{"name":"wp","href":"https:\/\/api.w.org\/{rel}","templated":true}]}}