{"id":1660,"date":"2024-01-04T12:31:23","date_gmt":"2024-01-04T12:31:23","guid":{"rendered":"https:\/\/kosmeetika24.com\/?post_type=product&#038;p=1660"},"modified":"2025-07-02T14:44:25","modified_gmt":"2025-07-02T11:44:25","slug":"bruno-vassari-aqua-genomics-niisutav-kreem-light","status":"publish","type":"product","link":"https:\/\/kosmeetika24.com\/fi\/tuote\/bruno-vassari-aqua-genomics-niisutav-kreem-light\/","title":{"rendered":"BRUNO VASSARI Aqua Genomics Kosteuttava Voide Light"},"content":{"rendered":"<p class=\"translation-block\">Kosteuttavan voiteen <em>Aqua Sorbet Light<\/em> vaikuttavat aineet s\u00e4\u00e4telev\u00e4t ihon luonnollisen kosteuttavan tekij\u00e4n synteesi\u00e4, palauttaen ihon lipidien ja kosteuden tasapainon.<\/p>\n<p>Sopii normaalille ja rasvaiselle iholle. N\u00e4ill\u00e4 ihotyypeill\u00e4 on oikea kosteuspitoisuus, mutta suosittelemme kosteuttavien aineiden k\u00e4ytt\u00f6\u00e4 t\u00e4m\u00e4n optimaalisen tason yll\u00e4pit\u00e4miseksi.<\/p>\n<p><strong>P\u00c4\u00c4AINEOSAT<\/strong><\/p>\n<ul>\n<li>Revidrat<\/li>\n<li>Glyseriini<\/li>\n<\/ul>\n<p><strong>Vaikutus<\/strong><\/p>\n<ul>\n<li>Revidrat on tehokas kosteuttaja, joka auttaa ihoa palauttamaan sen ulkokerrokset luonnollisen prosessin kautta. Se stimuloi luonnollisia kosteuttavia tekij\u00f6it\u00e4 saavuttaakseen tasapainon veden ja lipidien v\u00e4lill\u00e4.<\/li>\n<li>Glyseriini tehostaa kosteuttavaa vaikutusta.<\/li>\n<\/ul>\n<p><strong>K\u00e4ytt\u00f6<\/strong><\/p>\n<ul>\n<li>Puhdista iho etuk\u00e4teen esimerkiksi <a href=\"https:\/\/kosmeetika24.eu\/toode\/bruno-vassari-aqua-genomics-aqua-cleanser\/\">BRUNO VASSARI Aqua Genomics puhdistusmaidolla.<\/a><\/li>\n<li>Tonaa iho etuk\u00e4teen esimerkiksi <a href=\"https:\/\/kosmeetika24.eu\/toode\/bruno-vassari-aqua-genomics-aqua-toner\/\">BRUNO VASSARI Aqua Genomics kosteuttava toneri.<\/a>.<\/li>\n<li>Levit\u00e4 kosteuttava voide kevyill\u00e4 hierovilla liikkeill\u00e4 aiemmin puhdistetulle kasvoille ja kaulalle. Sopii k\u00e4ytett\u00e4v\u00e4ksi sek\u00e4 aamulla ett\u00e4 illalla.<\/li>\n<li>Silm\u00e4nymp\u00e4rysihon hoitoon k\u00e4yt\u00e4 esimerkiksi <a href=\"https:\/\/kosmeetika24.eu\/toode\/bruno-vassari-the-specifics-vitamin-eye-cream\/\">BRUNO VASSARI The Specifics kosteuttava silm\u00e4hoitovoide<\/a> tai\u00a0<a href=\"https:\/\/kosmeetika24.eu\/toode\/bruno-vassari-kianty-eye-lift-ox\/\">BRUNO VASSARI Kianty ik\u00e4\u00e4ntymist\u00e4 est\u00e4v\u00e4 silm\u00e4seerumi<\/a>.<\/li>\n<\/ul>\n<p><strong>Ainesosat<\/strong><\/p>\n<p>AQUA (WATER), GLYCERIN, CYCLOPENTASILOXANE, BUTYLENE GLYCOL, ETHYLHEXYL PALMITATE, DIMETHICONE, MYRISTYL MALATE PHOSPHONIC ACID, SODIUM CITRATE, ETHYLHEXYLGLYCERIN, LAURYL PEG-9 POLYDIMETHYLSILOXETHYL DIMETHICONE, DIMETHICONE\/PEG-10\/15 CROSSPOLYMER, HYDROXYETHYLCELLULOSE, PHENOXYETHANOL, MAGNESIUM SULFATE, DISODIUM EDTA, DIMETHICONE\/VINYL DIMETHICONE CROSSPOLYMER, SORBITAN OLEATE, SORBITAN LAURATE, DIPROPYLENE GLYCOL, TOCOPHEROL, METHYLPROPANEDIOL, PARFUM (FRAGRANCE), LINALOOL, LIMONENE, BUTYLPHENYL METHYLPROPIONAL, C. I. 42090 (FD&C BLUE NO.1).<\/p>","protected":false},"excerpt":{"rendered":"<p>Kevyt, pehme tekstuurinen voide, joka kosteuttaa aktiivisesti normaalia ja rasvaista ihoa.<\/p>\n<p>&nbsp;<\/p>\n<p>50 ml<\/p>","protected":false},"featured_media":1661,"comment_status":"open","ping_status":"closed","template":"","meta":{"_uag_custom_page_level_css":"","site-sidebar-layout":"default","site-content-layout":"","ast-site-content-layout":"default","site-content-style":"default","site-sidebar-style":"default","ast-global-header-display":"","ast-banner-title-visibility":"","ast-main-header-display":"","ast-hfb-above-header-display":"","ast-hfb-below-header-display":"","ast-hfb-mobile-header-display":"","site-post-title":"","ast-breadcrumbs-content":"","ast-featured-img":"","footer-sml-layout":"","ast-disable-related-posts":"","theme-transparent-header-meta":"default","adv-header-id-meta":"","stick-header-meta":"","header-above-stick-meta":"","header-main-stick-meta":"","header-below-stick-meta":"","astra-migrate-meta-layouts":"set","ast-page-background-enabled":"default","ast-page-background-meta":{"desktop":{"background-color":"var(--ast-global-color-4)","background-image":"","background-repeat":"repeat","background-position":"center center","background-size":"auto","background-attachment":"scroll","background-type":"","background-media":"","overlay-type":"","overlay-color":"","overlay-opacity":"","overlay-gradient":""},"tablet":{"background-color":"","background-image":"","background-repeat":"repeat","background-position":"center center","background-size":"auto","background-attachment":"scroll","background-type":"","background-media":"","overlay-type":"","overlay-color":"","overlay-opacity":"","overlay-gradient":""},"mobile":{"background-color":"","background-image":"","background-repeat":"repeat","background-position":"center center","background-size":"auto","background-attachment":"scroll","background-type":"","background-media":"","overlay-type":"","overlay-color":"","overlay-opacity":"","overlay-gradient":""}},"ast-content-background-meta":{"desktop":{"background-color":"var(--ast-global-color-5)","background-image":"","background-repeat":"repeat","background-position":"center center","background-size":"auto","background-attachment":"scroll","background-type":"","background-media":"","overlay-type":"","overlay-color":"","overlay-opacity":"","overlay-gradient":""},"tablet":{"background-color":"var(--ast-global-color-5)","background-image":"","background-repeat":"repeat","background-position":"center center","background-size":"auto","background-attachment":"scroll","background-type":"","background-media":"","overlay-type":"","overlay-color":"","overlay-opacity":"","overlay-gradient":""},"mobile":{"background-color":"var(--ast-global-color-5)","background-image":"","background-repeat":"repeat","background-position":"center center","background-size":"auto","background-attachment":"scroll","background-type":"","background-media":"","overlay-type":"","overlay-color":"","overlay-opacity":"","overlay-gradient":""}}},"product_brand":[],"product_cat":[59,96,97],"product_tag":[],"class_list":{"0":"post-1660","1":"product","2":"type-product","3":"status-publish","4":"has-post-thumbnail","6":"product_cat-aqua-genomics","7":"product_cat-brands","8":"product_cat-naole","9":"desktop-align-left","10":"tablet-align-left","11":"mobile-align-left","13":"first","14":"instock","15":"taxable","16":"shipping-taxable","17":"product-type-simple","18":"add-to-wishlist-before_image"},"uagb_featured_image_src":{"full":["https:\/\/kosmeetika24.com\/wp-content\/uploads\/2023\/11\/0266-Aqua-Genomics-Sorbet-Light.jpg",600,600,false],"thumbnail":["https:\/\/kosmeetika24.com\/wp-content\/uploads\/2023\/11\/0266-Aqua-Genomics-Sorbet-Light-150x150.jpg",150,150,true],"medium":["https:\/\/kosmeetika24.com\/wp-content\/uploads\/2023\/11\/0266-Aqua-Genomics-Sorbet-Light-300x300.jpg",300,300,true],"medium_large":["https:\/\/kosmeetika24.com\/wp-content\/uploads\/2023\/11\/0266-Aqua-Genomics-Sorbet-Light.jpg",600,600,false],"large":["https:\/\/kosmeetika24.com\/wp-content\/uploads\/2023\/11\/0266-Aqua-Genomics-Sorbet-Light.jpg",600,600,false],"1536x1536":["https:\/\/kosmeetika24.com\/wp-content\/uploads\/2023\/11\/0266-Aqua-Genomics-Sorbet-Light.jpg",600,600,false],"2048x2048":["https:\/\/kosmeetika24.com\/wp-content\/uploads\/2023\/11\/0266-Aqua-Genomics-Sorbet-Light.jpg",600,600,false],"trp-custom-language-flag":["https:\/\/kosmeetika24.com\/wp-content\/uploads\/2023\/11\/0266-Aqua-Genomics-Sorbet-Light-12x12.jpg",12,12,true],"woocommerce_thumbnail":["https:\/\/kosmeetika24.com\/wp-content\/uploads\/2023\/11\/0266-Aqua-Genomics-Sorbet-Light-300x300.jpg",300,300,true],"woocommerce_single":["https:\/\/kosmeetika24.com\/wp-content\/uploads\/2023\/11\/0266-Aqua-Genomics-Sorbet-Light-500x500.jpg",500,500,true],"woocommerce_gallery_thumbnail":["https:\/\/kosmeetika24.com\/wp-content\/uploads\/2023\/11\/0266-Aqua-Genomics-Sorbet-Light-100x100.jpg",100,100,true]},"uagb_author_info":{"display_name":"admin","author_link":"https:\/\/kosmeetika24.com\/fi\/author\/"},"uagb_comment_info":0,"uagb_excerpt":"Pehme tekstuuriga kerge, aktiivselt niisutav kreem normaalsele ja rasvasele nahale. &nbsp; 50 ml","_links":{"self":[{"href":"https:\/\/kosmeetika24.com\/fi\/wp-json\/wp\/v2\/product\/1660","targetHints":{"allow":["GET"]}}],"collection":[{"href":"https:\/\/kosmeetika24.com\/fi\/wp-json\/wp\/v2\/product"}],"about":[{"href":"https:\/\/kosmeetika24.com\/fi\/wp-json\/wp\/v2\/types\/product"}],"replies":[{"embeddable":true,"href":"https:\/\/kosmeetika24.com\/fi\/wp-json\/wp\/v2\/comments?post=1660"}],"version-history":[{"count":1,"href":"https:\/\/kosmeetika24.com\/fi\/wp-json\/wp\/v2\/product\/1660\/revisions"}],"predecessor-version":[{"id":4683,"href":"https:\/\/kosmeetika24.com\/fi\/wp-json\/wp\/v2\/product\/1660\/revisions\/4683"}],"wp:featuredmedia":[{"embeddable":true,"href":"https:\/\/kosmeetika24.com\/fi\/wp-json\/wp\/v2\/media\/1661"}],"wp:attachment":[{"href":"https:\/\/kosmeetika24.com\/fi\/wp-json\/wp\/v2\/media?parent=1660"}],"wp:term":[{"taxonomy":"product_brand","embeddable":true,"href":"https:\/\/kosmeetika24.com\/fi\/wp-json\/wp\/v2\/product_brand?post=1660"},{"taxonomy":"product_cat","embeddable":true,"href":"https:\/\/kosmeetika24.com\/fi\/wp-json\/wp\/v2\/product_cat?post=1660"},{"taxonomy":"product_tag","embeddable":true,"href":"https:\/\/kosmeetika24.com\/fi\/wp-json\/wp\/v2\/product_tag?post=1660"}],"curies":[{"name":"wp","href":"https:\/\/api.w.org\/{rel}","templated":true}]}}