{"id":1658,"date":"2024-01-04T12:30:12","date_gmt":"2024-01-04T12:30:12","guid":{"rendered":"https:\/\/kosmeetika24.com\/?post_type=product&#038;p=1658"},"modified":"2025-07-02T14:45:02","modified_gmt":"2025-07-02T11:45:02","slug":"bruno-vassari-aqua-genomics-niisutav-kreem-rich","status":"publish","type":"product","link":"https:\/\/kosmeetika24.com\/fi\/tuote\/bruno-vassari-aqua-genomics-niisutav-kreem-rich\/","title":{"rendered":"BRUNO VASSARI Aqua Genomics Kosteuttava Voide Rich"},"content":{"rendered":"<p class=\"translation-block\">Kosteuttava voide <em>Aqua Sorbet Rich<\/em> palauttaa ihon luonnollisen kosteustason ja s\u00e4ilytt\u00e4\u00e4 oikean tasapainon veden ja lipidien v\u00e4lill\u00e4. Lis\u00e4ksi se sis\u00e4lt\u00e4\u00e4 muita kosteuttavia ainesosia, mik\u00e4 tekee siit\u00e4 sopivamman kuivalle iholle.<\/p>\n<div class=\"responsive-tabs-wrapper\">\n<div class=\"responsive-tabs responsive-tabs--enabled\">\n<div id=\"tablist1-panel1\" class=\"tabcontent responsive-tabs__panel responsive-tabs__panel--active\" role=\"tabpanel\" aria-hidden=\"false\" aria-labelledby=\"tablist1-tab1\">\u00a0Sopii normaalille ja kuivalle iholle.<\/div>\n<\/div>\n<\/div>\n<p><strong>P\u00c4\u00c4AINEOSAT<\/strong><\/p>\n<ul>\n<li>Revidrat<\/li>\n<li>Pentavitin<\/li>\n<li>Hyaluronihappo<\/li>\n<\/ul>\n<p><strong>Vaikutus<\/strong><\/p>\n<ul>\n<li>Revidrat on tehokas kosteuttaja, joka auttaa ihoa palauttamaan sen ulkokerrokset luonnollisen prosessin kautta. Se stimuloi luonnollisia kosteuttavia tekij\u00f6it\u00e4 saavuttaakseen tasapainon veden ja lipidien v\u00e4lill\u00e4.<\/li>\n<li>Pentavitinin tarkoitus on lis\u00e4t\u00e4 ihon kyky\u00e4 ime\u00e4 vett\u00e4 ja est\u00e4\u00e4 kuivumista.<\/li>\n<li>Hyaluronihapolla on erinomaiset kosteuttavat ominaisuudet, jotka tekev\u00e4t ihosta elastisen ja kimmoisan.<\/li>\n<\/ul>\n<p><strong>K\u00e4ytt\u00f6<\/strong><\/p>\n<ul>\n<li>Puhdista iho etuk\u00e4teen esimerkiksi <a href=\"https:\/\/kosmeetika24.eu\/toode\/bruno-vassari-aqua-genomics-aqua-cleanser\/\">BRUNO VASSARI Aqua Genomics puhdistusmaidolla.<\/a><\/li>\n<li>Tonaa iho etuk\u00e4teen esimerkiksi <a href=\"https:\/\/kosmeetika24.eu\/toode\/bruno-vassari-aqua-genomics-aqua-toner\/\">BRUNO VASSARI Aqua Genomics kosteuttava toneri.<\/a>.<\/li>\n<li>Levit\u00e4 kosteuttava voide kevyill\u00e4 hierovilla liikkeill\u00e4 aiemmin puhdistetulle kasvoille ja kaulalle. Sopii k\u00e4ytett\u00e4v\u00e4ksi sek\u00e4 aamulla ett\u00e4 illalla.<\/li>\n<li>Silm\u00e4nymp\u00e4rysihon hoitoon k\u00e4yt\u00e4 esimerkiksi <a href=\"https:\/\/kosmeetika24.eu\/toode\/bruno-vassari-the-specifics-vitamin-eye-cream\/\">BRUNO VASSARI The Specifics kosteuttava silm\u00e4hoitovoide<\/a> tai\u00a0<a href=\"https:\/\/kosmeetika24.eu\/toode\/bruno-vassari-kianty-eye-lift-ox\/\">BRUNO VASSARI Kianty ik\u00e4\u00e4ntymist\u00e4 est\u00e4v\u00e4 silm\u00e4seerumi<\/a>.<\/li>\n<\/ul>\n<p><strong>Ainesosat<\/strong><\/p>\n<p><span style=\"font-size: 14px;\">AQUA (WATER), DIMETHICONE, CYCLOPENTASILOXANE, DIPROPYLENE GLYCOL, ALCOHOL DENAT., ETHYLHEXYL PALMITATE, HYDROGENATED POLYISOBUTENE, SSCCHARIDE ISOMERATE, SODIUM HYALURONATE, DIMETHICONE\/PEG-10\/15 CROSSPOLYMER, RHENOXYETHANOL, LAURYL PEG-9 POLYDIMETHYLSILOXYETHYL DIMETHICONE, DIMETHICONE\/VINYLDIMETHICONE CROSSPOLYMER, DISODIUM EDTA, SORBITAN OLEATE, ETHYLEXYLGLYCERIN, XANTHAN GUM, SORBITAN LAURATE, SODIUM CHLORIDE, SODIUM CITRATE, PARFUM (FRAGRANCE), TOCOPHEROL, MYRISTYL MALATE PHOSPHONIC ACID, CITRIC ACID, LINALOOL, LIMONENE, BUTYLPHENYL METHYLPROPIONAL.<\/span><\/p>","protected":false},"excerpt":{"rendered":"<p>Rikas, syv\u00e4kosteuttava voide pehme tekstuurilla, suunniteltu kuivalle ja herk\u00e4lle iholle.<\/p>\n<p>50 ml<\/p>","protected":false},"featured_media":1659,"comment_status":"open","ping_status":"closed","template":"","meta":{"_uag_custom_page_level_css":"","site-sidebar-layout":"default","site-content-layout":"","ast-site-content-layout":"default","site-content-style":"default","site-sidebar-style":"default","ast-global-header-display":"","ast-banner-title-visibility":"","ast-main-header-display":"","ast-hfb-above-header-display":"","ast-hfb-below-header-display":"","ast-hfb-mobile-header-display":"","site-post-title":"","ast-breadcrumbs-content":"","ast-featured-img":"","footer-sml-layout":"","ast-disable-related-posts":"","theme-transparent-header-meta":"default","adv-header-id-meta":"","stick-header-meta":"","header-above-stick-meta":"","header-main-stick-meta":"","header-below-stick-meta":"","astra-migrate-meta-layouts":"set","ast-page-background-enabled":"default","ast-page-background-meta":{"desktop":{"background-color":"var(--ast-global-color-4)","background-image":"","background-repeat":"repeat","background-position":"center center","background-size":"auto","background-attachment":"scroll","background-type":"","background-media":"","overlay-type":"","overlay-color":"","overlay-opacity":"","overlay-gradient":""},"tablet":{"background-color":"","background-image":"","background-repeat":"repeat","background-position":"center center","background-size":"auto","background-attachment":"scroll","background-type":"","background-media":"","overlay-type":"","overlay-color":"","overlay-opacity":"","overlay-gradient":""},"mobile":{"background-color":"","background-image":"","background-repeat":"repeat","background-position":"center center","background-size":"auto","background-attachment":"scroll","background-type":"","background-media":"","overlay-type":"","overlay-color":"","overlay-opacity":"","overlay-gradient":""}},"ast-content-background-meta":{"desktop":{"background-color":"var(--ast-global-color-5)","background-image":"","background-repeat":"repeat","background-position":"center center","background-size":"auto","background-attachment":"scroll","background-type":"","background-media":"","overlay-type":"","overlay-color":"","overlay-opacity":"","overlay-gradient":""},"tablet":{"background-color":"var(--ast-global-color-5)","background-image":"","background-repeat":"repeat","background-position":"center center","background-size":"auto","background-attachment":"scroll","background-type":"","background-media":"","overlay-type":"","overlay-color":"","overlay-opacity":"","overlay-gradient":""},"mobile":{"background-color":"var(--ast-global-color-5)","background-image":"","background-repeat":"repeat","background-position":"center center","background-size":"auto","background-attachment":"scroll","background-type":"","background-media":"","overlay-type":"","overlay-color":"","overlay-opacity":"","overlay-gradient":""}}},"product_brand":[],"product_cat":[59,96,97],"product_tag":[],"class_list":{"0":"post-1658","1":"product","2":"type-product","3":"status-publish","4":"has-post-thumbnail","6":"product_cat-aqua-genomics","7":"product_cat-brands","8":"product_cat-naole","9":"desktop-align-left","10":"tablet-align-left","11":"mobile-align-left","13":"first","14":"instock","15":"taxable","16":"shipping-taxable","17":"product-type-simple","18":"add-to-wishlist-before_image"},"uagb_featured_image_src":{"full":["https:\/\/kosmeetika24.com\/wp-content\/uploads\/2023\/11\/0265-Aqua-Genomics-Sorbet-Rich.jpg",600,600,false],"thumbnail":["https:\/\/kosmeetika24.com\/wp-content\/uploads\/2023\/11\/0265-Aqua-Genomics-Sorbet-Rich-150x150.jpg",150,150,true],"medium":["https:\/\/kosmeetika24.com\/wp-content\/uploads\/2023\/11\/0265-Aqua-Genomics-Sorbet-Rich-300x300.jpg",300,300,true],"medium_large":["https:\/\/kosmeetika24.com\/wp-content\/uploads\/2023\/11\/0265-Aqua-Genomics-Sorbet-Rich.jpg",600,600,false],"large":["https:\/\/kosmeetika24.com\/wp-content\/uploads\/2023\/11\/0265-Aqua-Genomics-Sorbet-Rich.jpg",600,600,false],"1536x1536":["https:\/\/kosmeetika24.com\/wp-content\/uploads\/2023\/11\/0265-Aqua-Genomics-Sorbet-Rich.jpg",600,600,false],"2048x2048":["https:\/\/kosmeetika24.com\/wp-content\/uploads\/2023\/11\/0265-Aqua-Genomics-Sorbet-Rich.jpg",600,600,false],"trp-custom-language-flag":["https:\/\/kosmeetika24.com\/wp-content\/uploads\/2023\/11\/0265-Aqua-Genomics-Sorbet-Rich-12x12.jpg",12,12,true],"woocommerce_thumbnail":["https:\/\/kosmeetika24.com\/wp-content\/uploads\/2023\/11\/0265-Aqua-Genomics-Sorbet-Rich-300x300.jpg",300,300,true],"woocommerce_single":["https:\/\/kosmeetika24.com\/wp-content\/uploads\/2023\/11\/0265-Aqua-Genomics-Sorbet-Rich-500x500.jpg",500,500,true],"woocommerce_gallery_thumbnail":["https:\/\/kosmeetika24.com\/wp-content\/uploads\/2023\/11\/0265-Aqua-Genomics-Sorbet-Rich-100x100.jpg",100,100,true]},"uagb_author_info":{"display_name":"admin","author_link":"https:\/\/kosmeetika24.com\/fi\/author\/"},"uagb_comment_info":0,"uagb_excerpt":"Pehme tekstuuriga rikkalikult niisutav kreem kuivale ja tundlikule nahale. 50 ml","_links":{"self":[{"href":"https:\/\/kosmeetika24.com\/fi\/wp-json\/wp\/v2\/product\/1658","targetHints":{"allow":["GET"]}}],"collection":[{"href":"https:\/\/kosmeetika24.com\/fi\/wp-json\/wp\/v2\/product"}],"about":[{"href":"https:\/\/kosmeetika24.com\/fi\/wp-json\/wp\/v2\/types\/product"}],"replies":[{"embeddable":true,"href":"https:\/\/kosmeetika24.com\/fi\/wp-json\/wp\/v2\/comments?post=1658"}],"version-history":[{"count":1,"href":"https:\/\/kosmeetika24.com\/fi\/wp-json\/wp\/v2\/product\/1658\/revisions"}],"predecessor-version":[{"id":4684,"href":"https:\/\/kosmeetika24.com\/fi\/wp-json\/wp\/v2\/product\/1658\/revisions\/4684"}],"wp:featuredmedia":[{"embeddable":true,"href":"https:\/\/kosmeetika24.com\/fi\/wp-json\/wp\/v2\/media\/1659"}],"wp:attachment":[{"href":"https:\/\/kosmeetika24.com\/fi\/wp-json\/wp\/v2\/media?parent=1658"}],"wp:term":[{"taxonomy":"product_brand","embeddable":true,"href":"https:\/\/kosmeetika24.com\/fi\/wp-json\/wp\/v2\/product_brand?post=1658"},{"taxonomy":"product_cat","embeddable":true,"href":"https:\/\/kosmeetika24.com\/fi\/wp-json\/wp\/v2\/product_cat?post=1658"},{"taxonomy":"product_tag","embeddable":true,"href":"https:\/\/kosmeetika24.com\/fi\/wp-json\/wp\/v2\/product_tag?post=1658"}],"curies":[{"name":"wp","href":"https:\/\/api.w.org\/{rel}","templated":true}]}}