{"id":1656,"date":"2023-11-14T10:19:24","date_gmt":"2023-11-14T10:19:24","guid":{"rendered":"https:\/\/kosmeetika24.com\/?post_type=product&#038;p=1656"},"modified":"2025-07-02T14:46:20","modified_gmt":"2025-07-02T11:46:20","slug":"bruno-vassari-aqua-genomics-niisutav-toonik","status":"publish","type":"product","link":"https:\/\/kosmeetika24.com\/fi\/tuote\/bruno-vassari-aqua-genomics-niisutav-toonik\/","title":{"rendered":"BRUNO VASSARI Aqua Genomics puhdistusmaidolla."},"content":{"rendered":"<p class=\"translation-block\">Puhdistusmaito <em>Aqua Cleanser<\/em> puhdistaa, kosteuttaa ja rauhoittaa ihoa hell\u00e4varaisesti s\u00e4ilytt\u00e4en pH-tasapainon. Se poistaa perusteellisesti kaiken meikin ja muut ymp\u00e4rist\u00f6n ep\u00e4puhtaudet kasvoilta.<\/p>\n<p>Sopii kaikille ihotyypeille, erityisesti kuivalle ja herk\u00e4lle iholle.<\/p>\n<p><strong>P\u00c4\u00c4AINEOSAT<\/strong><\/p>\n<ul>\n<li>V\u00e4h\u00e4\u00e4rsytt\u00e4v\u00e4t pinta-aktiiviset aineet<\/li>\n<li>Glyseriini ja dipropyleneglykoli<\/li>\n<li>Arginiini<\/li>\n<\/ul>\n<p><strong>Vaikutus<\/strong><\/p>\n<ul>\n<li>V\u00e4h\u00e4\u00e4rsytt\u00e4v\u00e4t pinta-aktiiviset aineet eiv\u00e4t aiheuta \u00e4rsytyst\u00e4, tarjoten perusteellista ja hell\u00e4varaista puhdistusta.<\/li>\n<li>Glyseriini ja dipropyleneglykoli poistavat likaa ja meikki iholta.<\/li>\n<li>Arginiini kosteuttaa ja puhdistaa ihoa.<\/li>\n<\/ul>\n<p><strong>K\u00e4ytt\u00f6<\/strong><\/p>\n<ul>\n<li>Hieroa puhdistusmaito hell\u00e4sti ihoon ja poista vanulapulla. Sopii k\u00e4ytett\u00e4v\u00e4ksi aamuisin ja illoin.<\/li>\n<li class=\"translation-block\">T\u00e4m\u00e4n j\u00e4lkeen tonifioi iho esimerkiksi tuotteen <a href=\"https:\/\/kosmeetika24.eu\/toode\/bruno-vassari-aqua-genomics-aqua-toner\/\" target=\"_self\">BRUNO VASSARI Aqua Genomics kosteuttavalla tonerilla<\/a> avulla.<\/li>\n<\/ul>\n<p><strong>Ainesosat<\/strong><\/p>\n<p><span style=\"font-size: 14px;\">AQUA (WATER), CAPRYLIC \/ CAPRIC TRIGLYCERIDE, DIPROPYLENE GLYCOL, ALCHOHOL DENAT., CYCLOPENTASILOXANE, GLYCERIN, PEG-40 HYDROGENATED GASTOR OLI, PHENOXYETHANOL, POLOXAMER 184, ARGININE, CARBOMER, XANTHAN GUM, DISODIUM EDTA, PARFUM (FRAGRANCE), ACRYLATES \/ C10-30 ALKYL ACRYLATE CROSSPOLYMER, ETHYLHEXYLGL, LINALOOL.<\/span><\/p>","protected":false},"excerpt":{"rendered":"<p>Kosteuttava hell\u00e4varainen puhdistusmaito sopii my\u00f6s meikinpoistoon.<\/p>\n<p>&nbsp;<\/p>\n<p>250 ml<\/p>","protected":false},"featured_media":1657,"comment_status":"open","ping_status":"closed","template":"","meta":{"_uag_custom_page_level_css":"","site-sidebar-layout":"default","site-content-layout":"","ast-site-content-layout":"default","site-content-style":"default","site-sidebar-style":"default","ast-global-header-display":"","ast-banner-title-visibility":"","ast-main-header-display":"","ast-hfb-above-header-display":"","ast-hfb-below-header-display":"","ast-hfb-mobile-header-display":"","site-post-title":"","ast-breadcrumbs-content":"","ast-featured-img":"","footer-sml-layout":"","ast-disable-related-posts":"","theme-transparent-header-meta":"default","adv-header-id-meta":"","stick-header-meta":"","header-above-stick-meta":"","header-main-stick-meta":"","header-below-stick-meta":"","astra-migrate-meta-layouts":"set","ast-page-background-enabled":"default","ast-page-background-meta":{"desktop":{"background-color":"var(--ast-global-color-4)","background-image":"","background-repeat":"repeat","background-position":"center center","background-size":"auto","background-attachment":"scroll","background-type":"","background-media":"","overlay-type":"","overlay-color":"","overlay-opacity":"","overlay-gradient":""},"tablet":{"background-color":"","background-image":"","background-repeat":"repeat","background-position":"center center","background-size":"auto","background-attachment":"scroll","background-type":"","background-media":"","overlay-type":"","overlay-color":"","overlay-opacity":"","overlay-gradient":""},"mobile":{"background-color":"","background-image":"","background-repeat":"repeat","background-position":"center center","background-size":"auto","background-attachment":"scroll","background-type":"","background-media":"","overlay-type":"","overlay-color":"","overlay-opacity":"","overlay-gradient":""}},"ast-content-background-meta":{"desktop":{"background-color":"var(--ast-global-color-5)","background-image":"","background-repeat":"repeat","background-position":"center center","background-size":"auto","background-attachment":"scroll","background-type":"","background-media":"","overlay-type":"","overlay-color":"","overlay-opacity":"","overlay-gradient":""},"tablet":{"background-color":"var(--ast-global-color-5)","background-image":"","background-repeat":"repeat","background-position":"center center","background-size":"auto","background-attachment":"scroll","background-type":"","background-media":"","overlay-type":"","overlay-color":"","overlay-opacity":"","overlay-gradient":""},"mobile":{"background-color":"var(--ast-global-color-5)","background-image":"","background-repeat":"repeat","background-position":"center center","background-size":"auto","background-attachment":"scroll","background-type":"","background-media":"","overlay-type":"","overlay-color":"","overlay-opacity":"","overlay-gradient":""}}},"product_brand":[],"product_cat":[59,96,97],"product_tag":[],"class_list":{"0":"post-1656","1":"product","2":"type-product","3":"status-publish","4":"has-post-thumbnail","6":"product_cat-aqua-genomics","7":"product_cat-brands","8":"product_cat-naole","9":"desktop-align-left","10":"tablet-align-left","11":"mobile-align-left","13":"first","14":"instock","15":"taxable","16":"shipping-taxable","17":"product-type-simple","18":"add-to-wishlist-before_image"},"uagb_featured_image_src":{"full":["https:\/\/kosmeetika24.com\/wp-content\/uploads\/2023\/11\/0264-Aqua-Genomics-Cleansing-Milk.jpg",600,600,false],"thumbnail":["https:\/\/kosmeetika24.com\/wp-content\/uploads\/2023\/11\/0264-Aqua-Genomics-Cleansing-Milk-150x150.jpg",150,150,true],"medium":["https:\/\/kosmeetika24.com\/wp-content\/uploads\/2023\/11\/0264-Aqua-Genomics-Cleansing-Milk-300x300.jpg",300,300,true],"medium_large":["https:\/\/kosmeetika24.com\/wp-content\/uploads\/2023\/11\/0264-Aqua-Genomics-Cleansing-Milk.jpg",600,600,false],"large":["https:\/\/kosmeetika24.com\/wp-content\/uploads\/2023\/11\/0264-Aqua-Genomics-Cleansing-Milk.jpg",600,600,false],"1536x1536":["https:\/\/kosmeetika24.com\/wp-content\/uploads\/2023\/11\/0264-Aqua-Genomics-Cleansing-Milk.jpg",600,600,false],"2048x2048":["https:\/\/kosmeetika24.com\/wp-content\/uploads\/2023\/11\/0264-Aqua-Genomics-Cleansing-Milk.jpg",600,600,false],"trp-custom-language-flag":["https:\/\/kosmeetika24.com\/wp-content\/uploads\/2023\/11\/0264-Aqua-Genomics-Cleansing-Milk-12x12.jpg",12,12,true],"woocommerce_thumbnail":["https:\/\/kosmeetika24.com\/wp-content\/uploads\/2023\/11\/0264-Aqua-Genomics-Cleansing-Milk-300x300.jpg",300,300,true],"woocommerce_single":["https:\/\/kosmeetika24.com\/wp-content\/uploads\/2023\/11\/0264-Aqua-Genomics-Cleansing-Milk-500x500.jpg",500,500,true],"woocommerce_gallery_thumbnail":["https:\/\/kosmeetika24.com\/wp-content\/uploads\/2023\/11\/0264-Aqua-Genomics-Cleansing-Milk-100x100.jpg",100,100,true]},"uagb_author_info":{"display_name":"admin","author_link":"https:\/\/kosmeetika24.com\/fi\/author\/"},"uagb_comment_info":0,"uagb_excerpt":"Niisutav \u00f5rnatoimeline puhastuspiim sobib ka meigi eemaldamiseks. &nbsp; 250 ml","_links":{"self":[{"href":"https:\/\/kosmeetika24.com\/fi\/wp-json\/wp\/v2\/product\/1656","targetHints":{"allow":["GET"]}}],"collection":[{"href":"https:\/\/kosmeetika24.com\/fi\/wp-json\/wp\/v2\/product"}],"about":[{"href":"https:\/\/kosmeetika24.com\/fi\/wp-json\/wp\/v2\/types\/product"}],"replies":[{"embeddable":true,"href":"https:\/\/kosmeetika24.com\/fi\/wp-json\/wp\/v2\/comments?post=1656"}],"version-history":[{"count":3,"href":"https:\/\/kosmeetika24.com\/fi\/wp-json\/wp\/v2\/product\/1656\/revisions"}],"predecessor-version":[{"id":6894,"href":"https:\/\/kosmeetika24.com\/fi\/wp-json\/wp\/v2\/product\/1656\/revisions\/6894"}],"wp:featuredmedia":[{"embeddable":true,"href":"https:\/\/kosmeetika24.com\/fi\/wp-json\/wp\/v2\/media\/1657"}],"wp:attachment":[{"href":"https:\/\/kosmeetika24.com\/fi\/wp-json\/wp\/v2\/media?parent=1656"}],"wp:term":[{"taxonomy":"product_brand","embeddable":true,"href":"https:\/\/kosmeetika24.com\/fi\/wp-json\/wp\/v2\/product_brand?post=1656"},{"taxonomy":"product_cat","embeddable":true,"href":"https:\/\/kosmeetika24.com\/fi\/wp-json\/wp\/v2\/product_cat?post=1656"},{"taxonomy":"product_tag","embeddable":true,"href":"https:\/\/kosmeetika24.com\/fi\/wp-json\/wp\/v2\/product_tag?post=1656"}],"curies":[{"name":"wp","href":"https:\/\/api.w.org\/{rel}","templated":true}]}}