{"id":1653,"date":"2024-01-04T12:28:47","date_gmt":"2024-01-04T12:28:47","guid":{"rendered":"https:\/\/kosmeetika24.com\/?post_type=product&#038;p=1653"},"modified":"2025-07-02T14:45:40","modified_gmt":"2025-07-02T11:45:40","slug":"bruno-vassari-aqua-genomics-niisutav-toonik-2","status":"publish","type":"product","link":"https:\/\/kosmeetika24.com\/fi\/tuote\/bruno-vassari-aqua-genomics-niisutav-toonik-2\/","title":{"rendered":"BRUNO VASSARI Aqua Genomics kosteuttava toneri."},"content":{"rendered":"<p class=\"translation-block\">Kevyt kosteuttava toneri <em>Aqua Toner<\/em> poistaa hell\u00e4varaisesti meikin ja puhdistaa ihon s\u00e4ilytt\u00e4en pH-tasapainon. Toneri sis\u00e4lt\u00e4\u00e4 hyaluronihappoa, joka parantaa ihon kimmoisuutta ja tasoittaa ihon rakennetta. Se stimuloi ihon luonnollisen kosteuttavan tekij\u00e4n synteesi\u00e4 ja palauttaa veden ja lipidien tasapainon ihossa.<\/p>\n<p>Sopii kaikille ihotyypeille, erityisesti sekaiholle ja kuivalle iholle.<\/p>\n<p><strong>P\u00c4\u00c4AINEOSAT<\/strong><\/p>\n<ul>\n<li>V\u00e4h\u00e4\u00e4rsytt\u00e4v\u00e4t pinta-aktiiviset aineet<\/li>\n<li>Butyleeniglykoli<\/li>\n<li>Hyaluronihappo<\/li>\n<\/ul>\n<p><strong>Vaikutus<\/strong><\/p>\n<ul>\n<li>V\u00e4h\u00e4n \u00e4rsytt\u00e4v\u00e4t pinta-aktiiviset aineet eiv\u00e4t vahingoita herkk\u00e4\u00e4 ja kuivaa ihoa.<\/li>\n<li>Butyleeniglykoli kosteuttaa ja tonisoi ihoa.<\/li>\n<li>Hyaluronihapolla on erinomainen kosteuttava vaikutus. Se tekee ihosta elastisen ja kest\u00e4v\u00e4mm\u00e4n.<\/li>\n<\/ul>\n<p><strong>K\u00e4ytt\u00f6<\/strong><\/p>\n<ul>\n<li class=\"translation-block\">Puhdista kasvot etuk\u00e4teen esimerkiksi tuotteella <a href=\"https:\/\/kosmeetika24.eu\/toode\/bruno-vassari-aqua-genomics-aqua-cleanser\/\" target=\"_self\">BRUNO VASSARI Aqua Genomics puhdistusmaito<\/a>.<\/li>\n<li>Levit\u00e4 sitten toneri puhdistetulle kasvoille. Sopii k\u00e4ytett\u00e4v\u00e4ksi sek\u00e4 aamulla ett\u00e4 illalla.<\/li>\n<li class=\"translation-block\">Aamulla k\u00e4yt\u00e4 ihotyypillesi ja kosteutustarpeillesi sopivaa kosteusvoidetta, kuten <a href=\"https:\/\/kosmeetika24.eu\/toode\/bruno-vassari-aqua-genomics-aqua-sorbet-light\/\" target=\"_self\">BRUNO VASSARI Aqua Genomics kosteuttavaa voidetta Light<\/a> tai <a href=\"https:\/\/kosmeetika24.eu\/toode\/bruno-vassari-aqua-genomics-aqua-sorbet-rich\/\" target=\"_self\">BRUNO VASSARI Aqua Genomics kosteuttavaa voidetta Rich<\/a>.<\/li>\n<li class=\"translation-block\">Illalla levit\u00e4 ensin tuote, kuten <a href=\"https:\/\/kosmeetika24.eu\/toode\/bruno-vassari-essentials-serum-oxygenant\/\" target=\"_self\">BRUNO VASSARI Essentials hapettavaa seerumia<\/a> ja sen j\u00e4lkeen esimerkiksi tuote <a href=\"https:\/\/kosmeetika24.eu\/toode\/bruno-vassari-skin-comfort-skin-restore-plus\/\" target=\"_self\">BRUNO VASSARI Skin Comfort intensiivinen korjaava voide<\/a>.<\/li>\n<\/ul>\n<p><strong>Ainesosat<\/strong><\/p>\n<p><span style=\"font-size: 14px;\">AQUA (WATER), BUTYLENE GLYCOL, ALCHOL DENAT., POLOXAMER 184, SODIUM HALURONATE, PEG-40 HYDROGENATED CASTOR OIL, METHYLPARABEN, DISODIUMEDTA, PARFUM (FRAGRANCE), LINALOOL, LIMONENE, BUTYLPHENYL METHYLPROPIONAL.<\/span><\/p>","protected":false},"excerpt":{"rendered":"<p>Kosteuttava, hell\u00e4varainen toneri sopii meikin poistoon, ihon puhdistukseen ja tonisointiin.<\/p>\n<p>250 ml<\/p>","protected":false},"featured_media":1654,"comment_status":"open","ping_status":"closed","template":"","meta":{"_uag_custom_page_level_css":"","site-sidebar-layout":"default","site-content-layout":"","ast-site-content-layout":"default","site-content-style":"default","site-sidebar-style":"default","ast-global-header-display":"","ast-banner-title-visibility":"","ast-main-header-display":"","ast-hfb-above-header-display":"","ast-hfb-below-header-display":"","ast-hfb-mobile-header-display":"","site-post-title":"","ast-breadcrumbs-content":"","ast-featured-img":"","footer-sml-layout":"","ast-disable-related-posts":"","theme-transparent-header-meta":"default","adv-header-id-meta":"","stick-header-meta":"","header-above-stick-meta":"","header-main-stick-meta":"","header-below-stick-meta":"","astra-migrate-meta-layouts":"set","ast-page-background-enabled":"default","ast-page-background-meta":{"desktop":{"background-color":"var(--ast-global-color-4)","background-image":"","background-repeat":"repeat","background-position":"center center","background-size":"auto","background-attachment":"scroll","background-type":"","background-media":"","overlay-type":"","overlay-color":"","overlay-opacity":"","overlay-gradient":""},"tablet":{"background-color":"","background-image":"","background-repeat":"repeat","background-position":"center center","background-size":"auto","background-attachment":"scroll","background-type":"","background-media":"","overlay-type":"","overlay-color":"","overlay-opacity":"","overlay-gradient":""},"mobile":{"background-color":"","background-image":"","background-repeat":"repeat","background-position":"center center","background-size":"auto","background-attachment":"scroll","background-type":"","background-media":"","overlay-type":"","overlay-color":"","overlay-opacity":"","overlay-gradient":""}},"ast-content-background-meta":{"desktop":{"background-color":"var(--ast-global-color-5)","background-image":"","background-repeat":"repeat","background-position":"center center","background-size":"auto","background-attachment":"scroll","background-type":"","background-media":"","overlay-type":"","overlay-color":"","overlay-opacity":"","overlay-gradient":""},"tablet":{"background-color":"var(--ast-global-color-5)","background-image":"","background-repeat":"repeat","background-position":"center center","background-size":"auto","background-attachment":"scroll","background-type":"","background-media":"","overlay-type":"","overlay-color":"","overlay-opacity":"","overlay-gradient":""},"mobile":{"background-color":"var(--ast-global-color-5)","background-image":"","background-repeat":"repeat","background-position":"center center","background-size":"auto","background-attachment":"scroll","background-type":"","background-media":"","overlay-type":"","overlay-color":"","overlay-opacity":"","overlay-gradient":""}}},"product_brand":[],"product_cat":[59,96,97],"product_tag":[],"class_list":{"0":"post-1653","1":"product","2":"type-product","3":"status-publish","4":"has-post-thumbnail","6":"product_cat-aqua-genomics","7":"product_cat-brands","8":"product_cat-naole","9":"desktop-align-left","10":"tablet-align-left","11":"mobile-align-left","13":"first","14":"instock","15":"taxable","16":"shipping-taxable","17":"product-type-simple","18":"add-to-wishlist-before_image"},"uagb_featured_image_src":{"full":["https:\/\/kosmeetika24.com\/wp-content\/uploads\/2023\/11\/0263-Aqua-Genomics-Toner.jpg",600,600,false],"thumbnail":["https:\/\/kosmeetika24.com\/wp-content\/uploads\/2023\/11\/0263-Aqua-Genomics-Toner-150x150.jpg",150,150,true],"medium":["https:\/\/kosmeetika24.com\/wp-content\/uploads\/2023\/11\/0263-Aqua-Genomics-Toner-300x300.jpg",300,300,true],"medium_large":["https:\/\/kosmeetika24.com\/wp-content\/uploads\/2023\/11\/0263-Aqua-Genomics-Toner.jpg",600,600,false],"large":["https:\/\/kosmeetika24.com\/wp-content\/uploads\/2023\/11\/0263-Aqua-Genomics-Toner.jpg",600,600,false],"1536x1536":["https:\/\/kosmeetika24.com\/wp-content\/uploads\/2023\/11\/0263-Aqua-Genomics-Toner.jpg",600,600,false],"2048x2048":["https:\/\/kosmeetika24.com\/wp-content\/uploads\/2023\/11\/0263-Aqua-Genomics-Toner.jpg",600,600,false],"trp-custom-language-flag":["https:\/\/kosmeetika24.com\/wp-content\/uploads\/2023\/11\/0263-Aqua-Genomics-Toner-12x12.jpg",12,12,true],"woocommerce_thumbnail":["https:\/\/kosmeetika24.com\/wp-content\/uploads\/2023\/11\/0263-Aqua-Genomics-Toner-300x300.jpg",300,300,true],"woocommerce_single":["https:\/\/kosmeetika24.com\/wp-content\/uploads\/2023\/11\/0263-Aqua-Genomics-Toner-500x500.jpg",500,500,true],"woocommerce_gallery_thumbnail":["https:\/\/kosmeetika24.com\/wp-content\/uploads\/2023\/11\/0263-Aqua-Genomics-Toner-100x100.jpg",100,100,true]},"uagb_author_info":{"display_name":"admin","author_link":"https:\/\/kosmeetika24.com\/fi\/author\/"},"uagb_comment_info":0,"uagb_excerpt":"Niisutav \u00f5rnatoimeline toonik sobib meigi eemaldamiseks, naha puhastamiseks ja toonimiseks. 250 ml","_links":{"self":[{"href":"https:\/\/kosmeetika24.com\/fi\/wp-json\/wp\/v2\/product\/1653","targetHints":{"allow":["GET"]}}],"collection":[{"href":"https:\/\/kosmeetika24.com\/fi\/wp-json\/wp\/v2\/product"}],"about":[{"href":"https:\/\/kosmeetika24.com\/fi\/wp-json\/wp\/v2\/types\/product"}],"replies":[{"embeddable":true,"href":"https:\/\/kosmeetika24.com\/fi\/wp-json\/wp\/v2\/comments?post=1653"}],"version-history":[{"count":1,"href":"https:\/\/kosmeetika24.com\/fi\/wp-json\/wp\/v2\/product\/1653\/revisions"}],"predecessor-version":[{"id":4685,"href":"https:\/\/kosmeetika24.com\/fi\/wp-json\/wp\/v2\/product\/1653\/revisions\/4685"}],"wp:featuredmedia":[{"embeddable":true,"href":"https:\/\/kosmeetika24.com\/fi\/wp-json\/wp\/v2\/media\/1654"}],"wp:attachment":[{"href":"https:\/\/kosmeetika24.com\/fi\/wp-json\/wp\/v2\/media?parent=1653"}],"wp:term":[{"taxonomy":"product_brand","embeddable":true,"href":"https:\/\/kosmeetika24.com\/fi\/wp-json\/wp\/v2\/product_brand?post=1653"},{"taxonomy":"product_cat","embeddable":true,"href":"https:\/\/kosmeetika24.com\/fi\/wp-json\/wp\/v2\/product_cat?post=1653"},{"taxonomy":"product_tag","embeddable":true,"href":"https:\/\/kosmeetika24.com\/fi\/wp-json\/wp\/v2\/product_tag?post=1653"}],"curies":[{"name":"wp","href":"https:\/\/api.w.org\/{rel}","templated":true}]}}