{"id":1649,"date":"2023-11-14T08:58:53","date_gmt":"2023-11-14T08:58:53","guid":{"rendered":"https:\/\/kosmeetika24.com\/?post_type=product&#038;p=1649"},"modified":"2024-12-27T15:19:34","modified_gmt":"2024-12-27T12:19:34","slug":"bruno-vassari-anti-stress-puhastusvaht","status":"publish","type":"product","link":"https:\/\/kosmeetika24.com\/fi\/tuote\/bruno-vassari-anti-stress-puhastusvaht\/","title":{"rendered":"BRUNO VASSARI Anti-Stress V\u00e4symyst\u00e4 vastaan P\u00e4iv\u00e4voide (kuivalle iholle)"},"content":{"rendered":"<p class=\"translation-block\"><em>Anti-Stress Daily Cream<\/em> on rikastettu mineraaleilla, vitamiineilla, merilev\u00e4uutteella, sheavoilla ja aurinkosuoja-aineilla. Voide rauhoittaa ihon \u00e4rsytyst\u00e4, vahvistaa ihon itsesuojamekanismeja, palauttaa ihon pH-tasapainon ja ehk\u00e4isee ennenaikaisia ik\u00e4\u00e4ntymisen merkkej\u00e4.<\/p>\n<p>Kreemill\u00e4 on elvytt\u00e4v\u00e4 ja tonisoiva vaikutus, erityisesti v\u00e4syneelle iholle.<\/p>\n<p>Nestem\u00e4inen koostumus sopii kuivalle iholle.<\/p>\n<p><strong>P\u00c4\u00c4AINEOSAT<\/strong><\/p>\n<ul>\n<li>Mikroelementit (magnesium, sinkki, kupari ja mangaani).<\/li>\n<li>\u00a0A-, E- ja B5-vitamiinit<\/li>\n<li>\u00a0UVB-suodatin<\/li>\n<li>\u00a0Merilev\u00e4uutteet<\/li>\n<li>\u00a0Sheavoi<\/li>\n<li>\u00a0Fykogeeli<\/li>\n<\/ul>\n<p><strong>Vaikutus<\/strong><\/p>\n<ul>\n<li>\u00a0Mikroelementtien kompleksi toimii solujen lis\u00e4\u00e4j\u00e4n\u00e4, mik\u00e4 johtaa kiinteytyneeseen, kosteutettuun ja suojattuun ihoon.<\/li>\n<li>\u00a0Vitamiinit suojaavat ja palauttavat ihoa.<\/li>\n<li>\u00a0UVB-suodatin suojaa UV-s\u00e4teilylt\u00e4, joka aiheuttaa ruskeita iholaikkuja ja ennenaikaista ik\u00e4\u00e4ntymist\u00e4.<\/li>\n<li>\u00a0Merilev\u00e4uute kosteuttaa ihoa.<\/li>\n<li>\u00a0Sheavoi kosteuttaa, suojaa ja on eritt\u00e4in rikasta ravitsevista vaikuttavista aineista.<\/li>\n<li>\u00a0Fykogeeli pehment\u00e4\u00e4 ja kosteuttaa ihoa.<\/li>\n<\/ul>\n<p><strong>K\u00e4ytt\u00f6<\/strong><\/p>\n<ul>\n<li>Puhdista iho etuk\u00e4teen esimerkiksi\u00a0<a href=\"https:\/\/kosmeetika24.eu\/toode\/bruno-vassari-anti-stress-self-foaming-cleanser\/\">BRUNO VASSARI Anti-Stress puhdistusvaahto<\/a>.<\/li>\n<li>Tonisoi iho etuk\u00e4teen.<\/li>\n<li>Levit\u00e4 p\u00e4iv\u00e4voide aamulla kasvoille, kaulalle ja dekolteelle sormenp\u00e4ill\u00e4.<\/li>\n<li>Silm\u00e4nymp\u00e4rysihon hoitoon k\u00e4yt\u00e4 esimerkiksi <a href=\"https:\/\/kosmeetika24.eu\/toode\/bruno-vassari-the-specifics-vitamin-eye-cream\/\">BRUNO VASSARI The Specifics kosteuttava silm\u00e4hoitovoide<\/a>.<\/li>\n<\/ul>\n<p><strong>Ainesosat<\/strong><\/p>\n<p><span style=\"font-size: 14px;\">AQUA (WATER), CYCLOPENTASILOXANE, SQUALANE, BUTYLENE GLYCOL, GLYCERIN, C12-15 ALKYL BENZOATE, GLYCERYL STEARATE, PEG-100 STEARATE, BUTYROSPERMUM PARKII (SHEA)BUTTER, ETHYLHEXYL METHOXYCINNAMATE, CETYL ALCOHOL, PORPHYRA UMBILICALIS EXTRACT, LAMINARIA DIGITATA EXTRACT, CRITHMUM MARITIMUM EXTRACT, ENTEROMORPHA COMPRESSA EXTRACT, ASCOPHYLLUM NODOSUM EXTRACT, FUCUS VESICULOSUS (BLADDERWRACK) EXTRACT, PHENOXYETHANOL, POLYACRYLAMIDE, PROPYLENE GLYCOL, DIMETHICONOL, C13-14 ISOPARAFFIN, PANTHENOL, TOCOPHERYL ACETATE, METHYLPARABEN, CHLORPHENESIN, XANTHAN GUM, RETINYL PALMITATE, LAURETH-7, DISODIUM EDTA, ZINC ASPARTATE, COPPER ASPARTATE, MAGNESIUM ASPARTATE, MANGANESE ASPARTATE, BIOSACCHARIDE GUM-1, METHYLPROPANEDIOL, BHT, PARFUM (FRAGRANCE), LINALOOL, HEXYL CINNAMAL, BUTYLPHENYL METHYLPROPIONAL, ASCORBYL, PALMITATE, CITRONELLOL, LIMONENE, CITRIC ACID, GERANIOL, HYDROXYISOHEXYL 3-CYCLOHEXENE CARBOXALDEHYDE, TOCOPHEROL, ALPHA-ISOMETHYL IONONE, C.I. 42090 (FD&C BLUE NO.1).<\/span><\/p>","protected":false},"excerpt":{"rendered":"<p>P\u00e4iv\u00e4voide, joka on rikastettu vitamiineilla ja mineraaleilla, rauhoittaa ja pehment\u00e4\u00e4 stressaantunutta ihoa.<\/p>\n<p>&nbsp;<\/p>\n<p>50 ml<\/p>","protected":false},"featured_media":1651,"comment_status":"open","ping_status":"closed","template":"","meta":{"_uag_custom_page_level_css":"","site-sidebar-layout":"default","site-content-layout":"","ast-site-content-layout":"default","site-content-style":"default","site-sidebar-style":"default","ast-global-header-display":"","ast-banner-title-visibility":"","ast-main-header-display":"","ast-hfb-above-header-display":"","ast-hfb-below-header-display":"","ast-hfb-mobile-header-display":"","site-post-title":"","ast-breadcrumbs-content":"","ast-featured-img":"","footer-sml-layout":"","ast-disable-related-posts":"","theme-transparent-header-meta":"default","adv-header-id-meta":"","stick-header-meta":"","header-above-stick-meta":"","header-main-stick-meta":"","header-below-stick-meta":"","astra-migrate-meta-layouts":"set","ast-page-background-enabled":"default","ast-page-background-meta":{"desktop":{"background-color":"var(--ast-global-color-4)","background-image":"","background-repeat":"repeat","background-position":"center center","background-size":"auto","background-attachment":"scroll","background-type":"","background-media":"","overlay-type":"","overlay-color":"","overlay-opacity":"","overlay-gradient":""},"tablet":{"background-color":"","background-image":"","background-repeat":"repeat","background-position":"center center","background-size":"auto","background-attachment":"scroll","background-type":"","background-media":"","overlay-type":"","overlay-color":"","overlay-opacity":"","overlay-gradient":""},"mobile":{"background-color":"","background-image":"","background-repeat":"repeat","background-position":"center center","background-size":"auto","background-attachment":"scroll","background-type":"","background-media":"","overlay-type":"","overlay-color":"","overlay-opacity":"","overlay-gradient":""}},"ast-content-background-meta":{"desktop":{"background-color":"var(--ast-global-color-5)","background-image":"","background-repeat":"repeat","background-position":"center center","background-size":"auto","background-attachment":"scroll","background-type":"","background-media":"","overlay-type":"","overlay-color":"","overlay-opacity":"","overlay-gradient":""},"tablet":{"background-color":"var(--ast-global-color-5)","background-image":"","background-repeat":"repeat","background-position":"center center","background-size":"auto","background-attachment":"scroll","background-type":"","background-media":"","overlay-type":"","overlay-color":"","overlay-opacity":"","overlay-gradient":""},"mobile":{"background-color":"var(--ast-global-color-5)","background-image":"","background-repeat":"repeat","background-position":"center center","background-size":"auto","background-attachment":"scroll","background-type":"","background-media":"","overlay-type":"","overlay-color":"","overlay-opacity":"","overlay-gradient":""}}},"product_brand":[],"product_cat":[63,96,97],"product_tag":[],"class_list":{"0":"post-1649","1":"product","2":"type-product","3":"status-publish","4":"has-post-thumbnail","6":"product_cat-anti-stress","7":"product_cat-brands","8":"product_cat-naole","9":"desktop-align-left","10":"tablet-align-left","11":"mobile-align-left","13":"first","14":"instock","15":"taxable","16":"shipping-taxable","17":"product-type-simple","18":"add-to-wishlist-before_image"},"uagb_featured_image_src":{"full":["https:\/\/kosmeetika24.com\/wp-content\/uploads\/2023\/11\/226-Daily-Cream-Dry-Skin.jpg",600,600,false],"thumbnail":["https:\/\/kosmeetika24.com\/wp-content\/uploads\/2023\/11\/226-Daily-Cream-Dry-Skin-150x150.jpg",150,150,true],"medium":["https:\/\/kosmeetika24.com\/wp-content\/uploads\/2023\/11\/226-Daily-Cream-Dry-Skin-300x300.jpg",300,300,true],"medium_large":["https:\/\/kosmeetika24.com\/wp-content\/uploads\/2023\/11\/226-Daily-Cream-Dry-Skin.jpg",600,600,false],"large":["https:\/\/kosmeetika24.com\/wp-content\/uploads\/2023\/11\/226-Daily-Cream-Dry-Skin.jpg",600,600,false],"1536x1536":["https:\/\/kosmeetika24.com\/wp-content\/uploads\/2023\/11\/226-Daily-Cream-Dry-Skin.jpg",600,600,false],"2048x2048":["https:\/\/kosmeetika24.com\/wp-content\/uploads\/2023\/11\/226-Daily-Cream-Dry-Skin.jpg",600,600,false],"trp-custom-language-flag":["https:\/\/kosmeetika24.com\/wp-content\/uploads\/2023\/11\/226-Daily-Cream-Dry-Skin-12x12.jpg",12,12,true],"woocommerce_thumbnail":["https:\/\/kosmeetika24.com\/wp-content\/uploads\/2023\/11\/226-Daily-Cream-Dry-Skin-300x300.jpg",300,300,true],"woocommerce_single":["https:\/\/kosmeetika24.com\/wp-content\/uploads\/2023\/11\/226-Daily-Cream-Dry-Skin-500x500.jpg",500,500,true],"woocommerce_gallery_thumbnail":["https:\/\/kosmeetika24.com\/wp-content\/uploads\/2023\/11\/226-Daily-Cream-Dry-Skin-100x100.jpg",100,100,true]},"uagb_author_info":{"display_name":"admin","author_link":"https:\/\/kosmeetika24.com\/fi\/author\/"},"uagb_comment_info":0,"uagb_excerpt":"Vitamiinide ja mikroelementidega rikastatud p\u00e4evakreem, mis rahustab ja pehmendab stressis nahka. &nbsp; 50 ml","_links":{"self":[{"href":"https:\/\/kosmeetika24.com\/fi\/wp-json\/wp\/v2\/product\/1649","targetHints":{"allow":["GET"]}}],"collection":[{"href":"https:\/\/kosmeetika24.com\/fi\/wp-json\/wp\/v2\/product"}],"about":[{"href":"https:\/\/kosmeetika24.com\/fi\/wp-json\/wp\/v2\/types\/product"}],"replies":[{"embeddable":true,"href":"https:\/\/kosmeetika24.com\/fi\/wp-json\/wp\/v2\/comments?post=1649"}],"version-history":[{"count":3,"href":"https:\/\/kosmeetika24.com\/fi\/wp-json\/wp\/v2\/product\/1649\/revisions"}],"predecessor-version":[{"id":6527,"href":"https:\/\/kosmeetika24.com\/fi\/wp-json\/wp\/v2\/product\/1649\/revisions\/6527"}],"wp:featuredmedia":[{"embeddable":true,"href":"https:\/\/kosmeetika24.com\/fi\/wp-json\/wp\/v2\/media\/1651"}],"wp:attachment":[{"href":"https:\/\/kosmeetika24.com\/fi\/wp-json\/wp\/v2\/media?parent=1649"}],"wp:term":[{"taxonomy":"product_brand","embeddable":true,"href":"https:\/\/kosmeetika24.com\/fi\/wp-json\/wp\/v2\/product_brand?post=1649"},{"taxonomy":"product_cat","embeddable":true,"href":"https:\/\/kosmeetika24.com\/fi\/wp-json\/wp\/v2\/product_cat?post=1649"},{"taxonomy":"product_tag","embeddable":true,"href":"https:\/\/kosmeetika24.com\/fi\/wp-json\/wp\/v2\/product_tag?post=1649"}],"curies":[{"name":"wp","href":"https:\/\/api.w.org\/{rel}","templated":true}]}}