{"id":1641,"date":"2024-01-04T10:34:47","date_gmt":"2024-01-04T10:34:47","guid":{"rendered":"https:\/\/kosmeetika24.com\/?post_type=product&#038;p=1641"},"modified":"2025-07-02T13:34:49","modified_gmt":"2025-07-02T10:34:49","slug":"bruno-vassari-pure-solutions-korrigeeriv-hoolduskreem","status":"publish","type":"product","link":"https:\/\/kosmeetika24.com\/fi\/tuote\/bruno-vassari-pure-solutions-korrigeeriv-hoolduskreem\/","title":{"rendered":"BRUNO VASSARI Pure Solutions Korjaava hoitovoide"},"content":{"rendered":"<p class=\"translation-block\">Paikallinen korjaava voide rasvaiselle iholle <em>Corrective Cream<\/em> s\u00e4\u00e4telee liiallista talintuotantoa, sill\u00e4 on mattapintainen ja antiseptinen vaikutus. Se auttaa est\u00e4m\u00e4\u00e4n komedonien muodostumista.<\/p>\n<p><strong>P\u00c4\u00c4AINEOSAT<\/strong><\/p>\n<ul>\n<li>Orgaaninen rikki<\/li>\n<li>Imukykyinen kompleksi<\/li>\n<li>Triklosaani<\/li>\n<\/ul>\n<p><strong>Vaikutus<\/strong><\/p>\n<ul>\n<li>Bio-rikki poistaa kuolleet solut, est\u00e4\u00e4 bakteerien lis\u00e4\u00e4ntymist\u00e4 ja s\u00e4\u00e4telee talin tuotantoa.<\/li>\n<li>Imukykyinen kompleksi sulkee huokoset ja j\u00e4tt\u00e4\u00e4 ihon mattapintaiseksi ja pehme\u00e4ksi.<\/li>\n<li>Triklosaani est\u00e4\u00e4 komedonien muodostumista.<\/li>\n<\/ul>\n<p><strong>K\u00e4ytt\u00f6<\/strong><\/p>\n<ul>\n<li>Levit\u00e4 voidetta hierovilla liikkeill\u00e4 ongelma-alueelle kasvoilla. Sopii k\u00e4ytett\u00e4v\u00e4ksi illalla.<\/li>\n<\/ul>\n<p><strong>Ainesosat<\/strong><\/p>\n<p><span style=\"font-size: 14px;\">AQUA (WATER), CETEARYL ALCOHOL, SODIUM POTASSIUM ALUMINIUM SILICATE, CAPRYLIC\/CAPRIC TRIGLYCERIDE, SULFUR, C12-15 ALKYL BENZOATE, ZINC OXIDE, TALC, SODIUM CETEARYL SULFATE, LACTIC ACID, CETYL ALCOHOL, SALICYLIC ACID, AGAR, ACACIA SENEGAL GUM, PARFUM (FRAGRANCE), METHYLPARABEN, PROPYLPARABEN, MENTHOL, HEXYL CINNAMAL, 2-BROMO-2-NITROPROPANE-1,3- DIOL, LIMONENE, LINALOOL, GERANIOL, ALPHA-ISOMETYL IONONE, CITRAL, CITRONELLOL.<\/span><\/p>","protected":false},"excerpt":{"rendered":"<p>&nbsp;<\/p>\n<p>Korjaava hoitovoide rasvaiselle iholle<\/p>\n<p>Normalisoi talin tuotantoa, sill\u00e4 on tulehdusta ehk\u00e4isev\u00e4 vaikutus.<\/p>\n<p>50 ml<\/p>","protected":false},"featured_media":1642,"comment_status":"open","ping_status":"closed","template":"","meta":{"_uag_custom_page_level_css":"","site-sidebar-layout":"default","site-content-layout":"","ast-site-content-layout":"default","site-content-style":"default","site-sidebar-style":"default","ast-global-header-display":"","ast-banner-title-visibility":"","ast-main-header-display":"","ast-hfb-above-header-display":"","ast-hfb-below-header-display":"","ast-hfb-mobile-header-display":"","site-post-title":"","ast-breadcrumbs-content":"","ast-featured-img":"","footer-sml-layout":"","ast-disable-related-posts":"","theme-transparent-header-meta":"default","adv-header-id-meta":"","stick-header-meta":"","header-above-stick-meta":"","header-main-stick-meta":"","header-below-stick-meta":"","astra-migrate-meta-layouts":"set","ast-page-background-enabled":"default","ast-page-background-meta":{"desktop":{"background-color":"var(--ast-global-color-4)","background-image":"","background-repeat":"repeat","background-position":"center center","background-size":"auto","background-attachment":"scroll","background-type":"","background-media":"","overlay-type":"","overlay-color":"","overlay-opacity":"","overlay-gradient":""},"tablet":{"background-color":"","background-image":"","background-repeat":"repeat","background-position":"center center","background-size":"auto","background-attachment":"scroll","background-type":"","background-media":"","overlay-type":"","overlay-color":"","overlay-opacity":"","overlay-gradient":""},"mobile":{"background-color":"","background-image":"","background-repeat":"repeat","background-position":"center center","background-size":"auto","background-attachment":"scroll","background-type":"","background-media":"","overlay-type":"","overlay-color":"","overlay-opacity":"","overlay-gradient":""}},"ast-content-background-meta":{"desktop":{"background-color":"var(--ast-global-color-5)","background-image":"","background-repeat":"repeat","background-position":"center center","background-size":"auto","background-attachment":"scroll","background-type":"","background-media":"","overlay-type":"","overlay-color":"","overlay-opacity":"","overlay-gradient":""},"tablet":{"background-color":"var(--ast-global-color-5)","background-image":"","background-repeat":"repeat","background-position":"center center","background-size":"auto","background-attachment":"scroll","background-type":"","background-media":"","overlay-type":"","overlay-color":"","overlay-opacity":"","overlay-gradient":""},"mobile":{"background-color":"var(--ast-global-color-5)","background-image":"","background-repeat":"repeat","background-position":"center center","background-size":"auto","background-attachment":"scroll","background-type":"","background-media":"","overlay-type":"","overlay-color":"","overlay-opacity":"","overlay-gradient":""}}},"product_brand":[],"product_cat":[96,97,22],"product_tag":[],"class_list":{"0":"post-1641","1":"product","2":"type-product","3":"status-publish","4":"has-post-thumbnail","6":"product_cat-brands","7":"product_cat-naole","8":"product_cat-pure-solutions","9":"desktop-align-left","10":"tablet-align-left","11":"mobile-align-left","13":"first","14":"instock","15":"taxable","16":"shipping-taxable","17":"product-type-simple","18":"add-to-wishlist-before_image"},"uagb_featured_image_src":{"full":["https:\/\/kosmeetika24.com\/wp-content\/uploads\/2023\/11\/0215-Corrective-cream.jpg",600,600,false],"thumbnail":["https:\/\/kosmeetika24.com\/wp-content\/uploads\/2023\/11\/0215-Corrective-cream-150x150.jpg",150,150,true],"medium":["https:\/\/kosmeetika24.com\/wp-content\/uploads\/2023\/11\/0215-Corrective-cream-300x300.jpg",300,300,true],"medium_large":["https:\/\/kosmeetika24.com\/wp-content\/uploads\/2023\/11\/0215-Corrective-cream.jpg",600,600,false],"large":["https:\/\/kosmeetika24.com\/wp-content\/uploads\/2023\/11\/0215-Corrective-cream.jpg",600,600,false],"1536x1536":["https:\/\/kosmeetika24.com\/wp-content\/uploads\/2023\/11\/0215-Corrective-cream.jpg",600,600,false],"2048x2048":["https:\/\/kosmeetika24.com\/wp-content\/uploads\/2023\/11\/0215-Corrective-cream.jpg",600,600,false],"trp-custom-language-flag":["https:\/\/kosmeetika24.com\/wp-content\/uploads\/2023\/11\/0215-Corrective-cream-12x12.jpg",12,12,true],"woocommerce_thumbnail":["https:\/\/kosmeetika24.com\/wp-content\/uploads\/2023\/11\/0215-Corrective-cream-300x300.jpg",300,300,true],"woocommerce_single":["https:\/\/kosmeetika24.com\/wp-content\/uploads\/2023\/11\/0215-Corrective-cream-500x500.jpg",500,500,true],"woocommerce_gallery_thumbnail":["https:\/\/kosmeetika24.com\/wp-content\/uploads\/2023\/11\/0215-Corrective-cream-100x100.jpg",100,100,true]},"uagb_author_info":{"display_name":"admin","author_link":"https:\/\/kosmeetika24.com\/fi\/author\/"},"uagb_comment_info":0,"uagb_excerpt":"&nbsp; N\u00e4onaha korrigeeriv hoolduskreem rasusele nahale. Normaliseerib rasu tootmist, omab p\u00f5letikuvastast toimet. 50 ml","_links":{"self":[{"href":"https:\/\/kosmeetika24.com\/fi\/wp-json\/wp\/v2\/product\/1641","targetHints":{"allow":["GET"]}}],"collection":[{"href":"https:\/\/kosmeetika24.com\/fi\/wp-json\/wp\/v2\/product"}],"about":[{"href":"https:\/\/kosmeetika24.com\/fi\/wp-json\/wp\/v2\/types\/product"}],"replies":[{"embeddable":true,"href":"https:\/\/kosmeetika24.com\/fi\/wp-json\/wp\/v2\/comments?post=1641"}],"version-history":[{"count":1,"href":"https:\/\/kosmeetika24.com\/fi\/wp-json\/wp\/v2\/product\/1641\/revisions"}],"predecessor-version":[{"id":4699,"href":"https:\/\/kosmeetika24.com\/fi\/wp-json\/wp\/v2\/product\/1641\/revisions\/4699"}],"wp:featuredmedia":[{"embeddable":true,"href":"https:\/\/kosmeetika24.com\/fi\/wp-json\/wp\/v2\/media\/1642"}],"wp:attachment":[{"href":"https:\/\/kosmeetika24.com\/fi\/wp-json\/wp\/v2\/media?parent=1641"}],"wp:term":[{"taxonomy":"product_brand","embeddable":true,"href":"https:\/\/kosmeetika24.com\/fi\/wp-json\/wp\/v2\/product_brand?post=1641"},{"taxonomy":"product_cat","embeddable":true,"href":"https:\/\/kosmeetika24.com\/fi\/wp-json\/wp\/v2\/product_cat?post=1641"},{"taxonomy":"product_tag","embeddable":true,"href":"https:\/\/kosmeetika24.com\/fi\/wp-json\/wp\/v2\/product_tag?post=1641"}],"curies":[{"name":"wp","href":"https:\/\/api.w.org\/{rel}","templated":true}]}}