{"id":1639,"date":"2024-01-04T10:34:15","date_gmt":"2024-01-04T10:34:15","guid":{"rendered":"https:\/\/kosmeetika24.com\/?post_type=product&#038;p=1639"},"modified":"2025-07-02T13:35:28","modified_gmt":"2025-07-02T10:35:28","slug":"bruno-vassari-pure-solutions-olivaba-niisutav-geel","status":"publish","type":"product","link":"https:\/\/kosmeetika24.com\/fi\/tuote\/bruno-vassari-pure-solutions-olivaba-niisutav-geel\/","title":{"rendered":"BRUNO VASSARI Pure Solutions \u00f6ljyt\u00f6n kosteuttava geeli"},"content":{"rendered":"<p class=\"translation-block\">Kevyt \u00f6ljyt\u00f6n geeli <em>Oil-free Moisturizing Gel<\/em> tarjoaa intensiivist\u00e4 kosteutusta rasvaiselle iholle s\u00e4ilytt\u00e4en ihon luonnollisen tasapainon. Geeli imeytyy nopeasti j\u00e4tt\u00e4en ihon mattapintaiseksi.<\/p>\n<p>Sopii sekaihon ja rasvaisen ihon kosteuttamiseen.<\/p>\n<p><strong>P\u00c4\u00c4AINEOSAT<\/strong><\/p>\n<ul>\n<li>Iirisuutetta<\/li>\n<li>Sinkkisuola<\/li>\n<li>Vitamiini A<\/li>\n<\/ul>\n<p><strong>Vaikutus<\/strong><\/p>\n<ul>\n<li>Iiriksen uute tulehdustaudin vastaisilla ominaisuuksilla. Se supistaa huokosia ja parantaa ihon kuntoa.<\/li>\n<li>Sinkkisuola toimii antiseptikkina ja rasvantuotannon s\u00e4\u00e4telij\u00e4n\u00e4. V\u00e4hent\u00e4\u00e4 aknen esiintymist\u00e4.<\/li>\n<li>A-vitamiini parantaa ihon kuntoa.<\/li>\n<li>Sis\u00e4lt\u00e4\u00e4 mattapintaisia ja kiiltoa est\u00e4vi\u00e4 aineita.<\/li>\n<\/ul>\n<p><strong>K\u00e4ytt\u00f6<\/strong><\/p>\n<ul>\n<li>Levit\u00e4 geeli puhdistetulle kasvojen iholle hellill\u00e4 hierontaliikkeill\u00e4, kunnes se on t\u00e4ysin imeytynyt. Sopii k\u00e4ytett\u00e4v\u00e4ksi aamulla ja illalla.<\/li>\n<\/ul>\n<p><strong>Ainesosat<\/strong><\/p>\n<p><span style=\"font-size: 14px;\">AQUA (WATER), CYCLOPENTASILOXANE, ALCOHOL DENAT., DIMETHICONE, BUTYLENE GLYCOL, GLYCERIN, SODIUM HYALURONATE, IRIS FLORENTINA ROOT EXTRACT, PROPANEDIOL, DIMETHICONE\/VINYL DIMETHICONE CROSSPOLYMER, AMMONIUM ACRYLOYLDIMETHYLTAURATE\/VP COPOLYMER, ALCOHOL, PHENOXYETHANOL, SODIUM ACRYLATE \/ SODIUM ACRYLOYLDIMETHYLTAURATE COPOLYMER, ISOHEXADECANE, POLYSORBATE 80, METHYLPARABEN, ETHYLPARABEN, BUTYLPARABEN, RETINYL PALMITATE, ZINK SULFATE, PARFUM (FRAGRANCE), HEXYL CINNAMAL, LIMONENE, LINALOOL, GERANIOL, ALPHA-ISOMETHYL IONONE, CITRAL, CITRONELLOL.\u00a0<\/span><\/p>","protected":false},"excerpt":{"rendered":"<p>Kevyt \u00f6ljyt\u00f6n geeli maksimaalisella kosteutuksella rasvaiselle iholle.<\/p>\n<p>50 ml<\/p>","protected":false},"featured_media":1640,"comment_status":"open","ping_status":"closed","template":"","meta":{"_uag_custom_page_level_css":"","site-sidebar-layout":"default","site-content-layout":"","ast-site-content-layout":"default","site-content-style":"default","site-sidebar-style":"default","ast-global-header-display":"","ast-banner-title-visibility":"","ast-main-header-display":"","ast-hfb-above-header-display":"","ast-hfb-below-header-display":"","ast-hfb-mobile-header-display":"","site-post-title":"","ast-breadcrumbs-content":"","ast-featured-img":"","footer-sml-layout":"","ast-disable-related-posts":"","theme-transparent-header-meta":"default","adv-header-id-meta":"","stick-header-meta":"","header-above-stick-meta":"","header-main-stick-meta":"","header-below-stick-meta":"","astra-migrate-meta-layouts":"set","ast-page-background-enabled":"default","ast-page-background-meta":{"desktop":{"background-color":"var(--ast-global-color-4)","background-image":"","background-repeat":"repeat","background-position":"center center","background-size":"auto","background-attachment":"scroll","background-type":"","background-media":"","overlay-type":"","overlay-color":"","overlay-opacity":"","overlay-gradient":""},"tablet":{"background-color":"","background-image":"","background-repeat":"repeat","background-position":"center center","background-size":"auto","background-attachment":"scroll","background-type":"","background-media":"","overlay-type":"","overlay-color":"","overlay-opacity":"","overlay-gradient":""},"mobile":{"background-color":"","background-image":"","background-repeat":"repeat","background-position":"center center","background-size":"auto","background-attachment":"scroll","background-type":"","background-media":"","overlay-type":"","overlay-color":"","overlay-opacity":"","overlay-gradient":""}},"ast-content-background-meta":{"desktop":{"background-color":"var(--ast-global-color-5)","background-image":"","background-repeat":"repeat","background-position":"center center","background-size":"auto","background-attachment":"scroll","background-type":"","background-media":"","overlay-type":"","overlay-color":"","overlay-opacity":"","overlay-gradient":""},"tablet":{"background-color":"var(--ast-global-color-5)","background-image":"","background-repeat":"repeat","background-position":"center center","background-size":"auto","background-attachment":"scroll","background-type":"","background-media":"","overlay-type":"","overlay-color":"","overlay-opacity":"","overlay-gradient":""},"mobile":{"background-color":"var(--ast-global-color-5)","background-image":"","background-repeat":"repeat","background-position":"center center","background-size":"auto","background-attachment":"scroll","background-type":"","background-media":"","overlay-type":"","overlay-color":"","overlay-opacity":"","overlay-gradient":""}}},"product_brand":[],"product_cat":[96,97,22],"product_tag":[],"class_list":{"0":"post-1639","1":"product","2":"type-product","3":"status-publish","4":"has-post-thumbnail","6":"product_cat-brands","7":"product_cat-naole","8":"product_cat-pure-solutions","9":"desktop-align-left","10":"tablet-align-left","11":"mobile-align-left","13":"first","14":"instock","15":"taxable","16":"shipping-taxable","17":"product-type-simple","18":"add-to-wishlist-before_image"},"uagb_featured_image_src":{"full":["https:\/\/kosmeetika24.com\/wp-content\/uploads\/2023\/11\/0214-oil-Free-Moisturizng.jpg",600,600,false],"thumbnail":["https:\/\/kosmeetika24.com\/wp-content\/uploads\/2023\/11\/0214-oil-Free-Moisturizng-150x150.jpg",150,150,true],"medium":["https:\/\/kosmeetika24.com\/wp-content\/uploads\/2023\/11\/0214-oil-Free-Moisturizng-300x300.jpg",300,300,true],"medium_large":["https:\/\/kosmeetika24.com\/wp-content\/uploads\/2023\/11\/0214-oil-Free-Moisturizng.jpg",600,600,false],"large":["https:\/\/kosmeetika24.com\/wp-content\/uploads\/2023\/11\/0214-oil-Free-Moisturizng.jpg",600,600,false],"1536x1536":["https:\/\/kosmeetika24.com\/wp-content\/uploads\/2023\/11\/0214-oil-Free-Moisturizng.jpg",600,600,false],"2048x2048":["https:\/\/kosmeetika24.com\/wp-content\/uploads\/2023\/11\/0214-oil-Free-Moisturizng.jpg",600,600,false],"trp-custom-language-flag":["https:\/\/kosmeetika24.com\/wp-content\/uploads\/2023\/11\/0214-oil-Free-Moisturizng-12x12.jpg",12,12,true],"woocommerce_thumbnail":["https:\/\/kosmeetika24.com\/wp-content\/uploads\/2023\/11\/0214-oil-Free-Moisturizng-300x300.jpg",300,300,true],"woocommerce_single":["https:\/\/kosmeetika24.com\/wp-content\/uploads\/2023\/11\/0214-oil-Free-Moisturizng-500x500.jpg",500,500,true],"woocommerce_gallery_thumbnail":["https:\/\/kosmeetika24.com\/wp-content\/uploads\/2023\/11\/0214-oil-Free-Moisturizng-100x100.jpg",100,100,true]},"uagb_author_info":{"display_name":"admin","author_link":"https:\/\/kosmeetika24.com\/fi\/author\/"},"uagb_comment_info":0,"uagb_excerpt":"Maksimaalse niisutava toimega kerge \u00f5livaba geel rasusele nahale. 50 ml","_links":{"self":[{"href":"https:\/\/kosmeetika24.com\/fi\/wp-json\/wp\/v2\/product\/1639","targetHints":{"allow":["GET"]}}],"collection":[{"href":"https:\/\/kosmeetika24.com\/fi\/wp-json\/wp\/v2\/product"}],"about":[{"href":"https:\/\/kosmeetika24.com\/fi\/wp-json\/wp\/v2\/types\/product"}],"replies":[{"embeddable":true,"href":"https:\/\/kosmeetika24.com\/fi\/wp-json\/wp\/v2\/comments?post=1639"}],"version-history":[{"count":1,"href":"https:\/\/kosmeetika24.com\/fi\/wp-json\/wp\/v2\/product\/1639\/revisions"}],"predecessor-version":[{"id":4700,"href":"https:\/\/kosmeetika24.com\/fi\/wp-json\/wp\/v2\/product\/1639\/revisions\/4700"}],"wp:featuredmedia":[{"embeddable":true,"href":"https:\/\/kosmeetika24.com\/fi\/wp-json\/wp\/v2\/media\/1640"}],"wp:attachment":[{"href":"https:\/\/kosmeetika24.com\/fi\/wp-json\/wp\/v2\/media?parent=1639"}],"wp:term":[{"taxonomy":"product_brand","embeddable":true,"href":"https:\/\/kosmeetika24.com\/fi\/wp-json\/wp\/v2\/product_brand?post=1639"},{"taxonomy":"product_cat","embeddable":true,"href":"https:\/\/kosmeetika24.com\/fi\/wp-json\/wp\/v2\/product_cat?post=1639"},{"taxonomy":"product_tag","embeddable":true,"href":"https:\/\/kosmeetika24.com\/fi\/wp-json\/wp\/v2\/product_tag?post=1639"}],"curies":[{"name":"wp","href":"https:\/\/api.w.org\/{rel}","templated":true}]}}