{"id":1631,"date":"2024-01-04T10:01:10","date_gmt":"2024-01-04T10:01:10","guid":{"rendered":"https:\/\/kosmeetika24.com\/?post_type=product&#038;p=1631"},"modified":"2025-07-02T13:26:50","modified_gmt":"2025-07-02T10:26:50","slug":"bruno-vassari-skin-comfort-silmahoolduskreem-tundlikule-nahale","status":"publish","type":"product","link":"https:\/\/kosmeetika24.com\/fi\/tuote\/bruno-vassari-skin-comfort-silmahoolduskreem-tundlikule-nahale\/","title":{"rendered":"BRUNO VASSARI Skin Comfort silm\u00e4nymp\u00e4rysvoide herk\u00e4lle iholle"},"content":{"rendered":"<p class=\"translation-block\">Silm\u00e4nymp\u00e4rysvoide <em>Eye Contour Gel-Cream<\/em> on tarkoitettu herk\u00e4n ihon intensiiviseen palauttamiseen ja tasapainottamiseen.<\/p>\n<p>Kasviuutteet ja aktiiviset aminohapot auttavat v\u00e4hent\u00e4m\u00e4\u00e4n turvotusta silm\u00e4nymp\u00e4rysalueella ja tummien silm\u00e4nalusten vaikutusta.<\/p>\n<p>Sopii herk\u00e4lle iholle.<\/p>\n<p><strong>VAIKUTTAVAT AINEET<\/strong><\/p>\n<ul>\n<li>Hydroksipropyylisilaani<\/li>\n<li>E-vitamiini asetaatti<\/li>\n<li>\u201eSoft Focus\u201c<\/li>\n<li>Vihre\u00e4n teen uutehdas<\/li>\n<\/ul>\n<p><strong>Vaikutus<\/strong><\/p>\n<ul>\n<li>Hydroksiprolysiilani nopeuttaa solujen uusiutumista ja kiinteytt\u00e4\u00e4 ihoa.<\/li>\n<li>E-vitamiini asetaatti suojaa UV-s\u00e4teilyn aiheuttamilta vaurioilta, kuten eryteemalta, ryppyilt\u00e4, ihon paksuuntumiselta ja yleiselt\u00e4 fotovanhentumiselta.<\/li>\n<li>\"Soft focus\" on mikrohiukkasia, jotka hajottavat optista valoa ryppyjen alueella. Ne muuttavat valon heijastuskertoimen, luoden optisen vaikutuksen, joka minimoi hienojen ryppyjen n\u00e4kyvyyden.<\/li>\n<li>Vihre\u00e4n teen uute on erinomainen luonnollinen antioksidantti, joka sis\u00e4lt\u00e4\u00e4 anti-inflammatorisia polyfenoleja, jotka suojaavat UV-s\u00e4teilyn aiheuttamilta vaurioilta.<\/li>\n<\/ul>\n<p><strong>K\u00e4ytt\u00f6<\/strong><\/p>\n<ul>\n<li>Levit\u00e4 silm\u00e4kremi puhdistetulle iholle silmien ymp\u00e4rille kevyill\u00e4 hierontaliikkeill\u00e4. Sopii k\u00e4ytett\u00e4v\u00e4ksi sek\u00e4 aamulla ett\u00e4 illalla.<\/li>\n<\/ul>\n<p><strong>Ainesosat<\/strong><\/p>\n<p><span style=\"font-size: 14px;\">AQUA (WATER), GLYCERIN, ETHYLENE\/ACRYLIC ACID COPOLYMER, METHYLSILANOL HYDROXYPROLINE ASPARTATE, HYDROGENATED POLYISOBUTENE, SALICYTIC ACID, CAMELLIA SINENSIS LEAF EXTRACT, LACTIC ACID, TOCOPHERYL ACETATE, LECITHIN, HYDROGENATED LECITHIN, POLYMETHYL METHACRYLATE, TRIETHANOLAMINE, STEARYL HEPTANOATE, CARBOMER, PHENOXYETHANOL, PARAFFINUM LIQUIDUM (MINERAL OIL), PROPYLENE GLYCOL, CHLORPHENESIN, GLYCERYL ACRYLATE\/ACRYLIC ACID COPOLYMER, METHYLPARABEN, PROPYLPARABEN, POTASSIUM SORBATE, EDTA, SODIUM METHYLPARABEN, TOCOPHEROL, SODIUM BENZOATE, SODIUM METABISULFITE.<\/span><\/p>","protected":false},"excerpt":{"rendered":"<p>Kevyt ik\u00e4\u00e4ntymist\u00e4 est\u00e4v\u00e4 voide-geeli silm\u00e4nymp\u00e4rysiholle herk\u00e4lle iholle.<\/p>\n<p>Kreem v\u00e4hent\u00e4\u00e4 v\u00e4symyksen, ryppyjen ja tummien silm\u00e4nalusten ilmet.<\/p>\n<p>Parantaa verenkiertoa ja imukiertoa.<\/p>\n<p>15 ml<\/p>","protected":false},"featured_media":1633,"comment_status":"open","ping_status":"closed","template":"","meta":{"_uag_custom_page_level_css":"","site-sidebar-layout":"default","site-content-layout":"","ast-site-content-layout":"default","site-content-style":"default","site-sidebar-style":"default","ast-global-header-display":"","ast-banner-title-visibility":"","ast-main-header-display":"","ast-hfb-above-header-display":"","ast-hfb-below-header-display":"","ast-hfb-mobile-header-display":"","site-post-title":"","ast-breadcrumbs-content":"","ast-featured-img":"","footer-sml-layout":"","ast-disable-related-posts":"","theme-transparent-header-meta":"default","adv-header-id-meta":"","stick-header-meta":"","header-above-stick-meta":"","header-main-stick-meta":"","header-below-stick-meta":"","astra-migrate-meta-layouts":"set","ast-page-background-enabled":"default","ast-page-background-meta":{"desktop":{"background-color":"var(--ast-global-color-4)","background-image":"","background-repeat":"repeat","background-position":"center center","background-size":"auto","background-attachment":"scroll","background-type":"","background-media":"","overlay-type":"","overlay-color":"","overlay-opacity":"","overlay-gradient":""},"tablet":{"background-color":"","background-image":"","background-repeat":"repeat","background-position":"center center","background-size":"auto","background-attachment":"scroll","background-type":"","background-media":"","overlay-type":"","overlay-color":"","overlay-opacity":"","overlay-gradient":""},"mobile":{"background-color":"","background-image":"","background-repeat":"repeat","background-position":"center center","background-size":"auto","background-attachment":"scroll","background-type":"","background-media":"","overlay-type":"","overlay-color":"","overlay-opacity":"","overlay-gradient":""}},"ast-content-background-meta":{"desktop":{"background-color":"var(--ast-global-color-5)","background-image":"","background-repeat":"repeat","background-position":"center center","background-size":"auto","background-attachment":"scroll","background-type":"","background-media":"","overlay-type":"","overlay-color":"","overlay-opacity":"","overlay-gradient":""},"tablet":{"background-color":"var(--ast-global-color-5)","background-image":"","background-repeat":"repeat","background-position":"center center","background-size":"auto","background-attachment":"scroll","background-type":"","background-media":"","overlay-type":"","overlay-color":"","overlay-opacity":"","overlay-gradient":""},"mobile":{"background-color":"var(--ast-global-color-5)","background-image":"","background-repeat":"repeat","background-position":"center center","background-size":"auto","background-attachment":"scroll","background-type":"","background-media":"","overlay-type":"","overlay-color":"","overlay-opacity":"","overlay-gradient":""}}},"product_brand":[],"product_cat":[96,97,77],"product_tag":[],"class_list":{"0":"post-1631","1":"product","2":"type-product","3":"status-publish","4":"has-post-thumbnail","6":"product_cat-brands","7":"product_cat-naole","8":"product_cat-skin-comfort","9":"desktop-align-left","10":"tablet-align-left","11":"mobile-align-left","13":"first","14":"instock","15":"taxable","16":"shipping-taxable","17":"product-type-simple","18":"add-to-wishlist-before_image"},"uagb_featured_image_src":{"full":["https:\/\/kosmeetika24.com\/wp-content\/uploads\/2023\/11\/326.jpg",728,800,false],"thumbnail":["https:\/\/kosmeetika24.com\/wp-content\/uploads\/2023\/11\/326-150x150.jpg",150,150,true],"medium":["https:\/\/kosmeetika24.com\/wp-content\/uploads\/2023\/11\/326-273x300.jpg",273,300,true],"medium_large":["https:\/\/kosmeetika24.com\/wp-content\/uploads\/2023\/11\/326.jpg",728,800,false],"large":["https:\/\/kosmeetika24.com\/wp-content\/uploads\/2023\/11\/326.jpg",728,800,false],"1536x1536":["https:\/\/kosmeetika24.com\/wp-content\/uploads\/2023\/11\/326.jpg",728,800,false],"2048x2048":["https:\/\/kosmeetika24.com\/wp-content\/uploads\/2023\/11\/326.jpg",728,800,false],"trp-custom-language-flag":["https:\/\/kosmeetika24.com\/wp-content\/uploads\/2023\/11\/326-11x12.jpg",11,12,true],"woocommerce_thumbnail":["https:\/\/kosmeetika24.com\/wp-content\/uploads\/2023\/11\/326-300x300.jpg",300,300,true],"woocommerce_single":["https:\/\/kosmeetika24.com\/wp-content\/uploads\/2023\/11\/326-500x549.jpg",500,549,true],"woocommerce_gallery_thumbnail":["https:\/\/kosmeetika24.com\/wp-content\/uploads\/2023\/11\/326-100x100.jpg",100,100,true]},"uagb_author_info":{"display_name":"admin","author_link":"https:\/\/kosmeetika24.com\/fi\/author\/"},"uagb_comment_info":0,"uagb_excerpt":"Tundlikule nahale kerge vananemisvastane kreemgeel silma\u00fcmbruse hoolduseks. Kreem v\u00e4hendab v\u00e4sinud v\u00e4ljan\u00e4gemist, kortse ja tumedaid silmaaluseid. Parandab vereringet ja l\u00fcmfiringet. 15 ml","_links":{"self":[{"href":"https:\/\/kosmeetika24.com\/fi\/wp-json\/wp\/v2\/product\/1631","targetHints":{"allow":["GET"]}}],"collection":[{"href":"https:\/\/kosmeetika24.com\/fi\/wp-json\/wp\/v2\/product"}],"about":[{"href":"https:\/\/kosmeetika24.com\/fi\/wp-json\/wp\/v2\/types\/product"}],"replies":[{"embeddable":true,"href":"https:\/\/kosmeetika24.com\/fi\/wp-json\/wp\/v2\/comments?post=1631"}],"version-history":[{"count":1,"href":"https:\/\/kosmeetika24.com\/fi\/wp-json\/wp\/v2\/product\/1631\/revisions"}],"predecessor-version":[{"id":4708,"href":"https:\/\/kosmeetika24.com\/fi\/wp-json\/wp\/v2\/product\/1631\/revisions\/4708"}],"wp:featuredmedia":[{"embeddable":true,"href":"https:\/\/kosmeetika24.com\/fi\/wp-json\/wp\/v2\/media\/1633"}],"wp:attachment":[{"href":"https:\/\/kosmeetika24.com\/fi\/wp-json\/wp\/v2\/media?parent=1631"}],"wp:term":[{"taxonomy":"product_brand","embeddable":true,"href":"https:\/\/kosmeetika24.com\/fi\/wp-json\/wp\/v2\/product_brand?post=1631"},{"taxonomy":"product_cat","embeddable":true,"href":"https:\/\/kosmeetika24.com\/fi\/wp-json\/wp\/v2\/product_cat?post=1631"},{"taxonomy":"product_tag","embeddable":true,"href":"https:\/\/kosmeetika24.com\/fi\/wp-json\/wp\/v2\/product_tag?post=1631"}],"curies":[{"name":"wp","href":"https:\/\/api.w.org\/{rel}","templated":true}]}}