{"id":1629,"date":"2024-01-04T10:00:06","date_gmt":"2024-01-04T10:00:06","guid":{"rendered":"https:\/\/kosmeetika24.com\/?post_type=product&#038;p=1629"},"modified":"2025-07-02T13:27:22","modified_gmt":"2025-07-02T10:27:22","slug":"bruno-vassari-skin-comfort-pinguldav-ja-toitev-ookreem","status":"publish","type":"product","link":"https:\/\/kosmeetika24.com\/fi\/tuote\/bruno-vassari-skin-comfort-pinguldav-ja-toitev-ookreem\/","title":{"rendered":"BRUNO VASSARI Skin Comfort kiinteytt\u00e4v\u00e4 ja ravitseva y\u00f6voide"},"content":{"rendered":"<p class=\"translation-block\">Ravitseva <em>Gentle Night Cream<\/em> tukee ja palauttaa ihon elastisuutta, rakennetta ja s\u00e4vy\u00e4.<\/p>\n<p>Kreemi voi k\u00e4ytt\u00e4\u00e4 hierontaan.<\/p>\n<p><strong>P\u00c4\u00c4AINEOSAT<\/strong><\/p>\n<ul>\n<li>E-vitamiini asetaatti<\/li>\n<li>Sheavoi<\/li>\n<li>Perhydroskvaleeni<\/li>\n<li>Ammoniumgl\u00fcts\u00fcrritsinaatti<\/li>\n<\/ul>\n<p><strong>Vaikutus<\/strong><\/p>\n<ul>\n<li>E-vitamiini asetaatti on antioksidanttinen ja suojaa UV-s\u00e4teilyn aiheuttamilta vaurioilta, kuten eryteemalta, ryppyilt\u00e4, ihon paksuuntumiselta ja yleiselt\u00e4 fotovanhentumiselta.<\/li>\n<li>Perhydroskvaleeni on kasvipohjainen pehment\u00e4v\u00e4 aine, joka est\u00e4\u00e4 ihon kuivumista.<\/li>\n<li>Sheavoi on kosteuttava ja suojaava uute voipuun p\u00e4hkin\u00e4st\u00e4. Se on vitamiinirikas kasviuute, joka tarjoaa iholle lis\u00e4suojaa ja parantaa solujen toimintoja.<\/li>\n<li>Ammoniumgl\u00fcts\u00fcrritsinaatti on saatu lakritsijuuresta ja se on eritt\u00e4in tehokas tulehduksia sek\u00e4 UV-s\u00e4teilyn, kylm\u00e4n ilman ja kuivuuden aiheuttamia vaurioita vastaan.<\/li>\n<\/ul>\n<p><strong>K\u00e4ytt\u00f6<\/strong><\/p>\n<ul>\n<li>Kun iho on puhdistettu ja tasoitettu, levit\u00e4 y\u00f6voide iholle kevyill\u00e4 hierontaliikkeill\u00e4.<\/li>\n<\/ul>\n<p><strong>Ainesosat<\/strong><\/p>\n<p><span style=\"font-size: 14px;\">AQUA (WATER), SQUALANE CYCLOPENTASILOXANE, BUTYLENE GLYCOL, GLYCERIN, C12-15 ALKYL BENZOATE, GLYCERYL STEARATE, PEG-100 STEARATE, BUTYROSPERMUM PARKII (SHEA) BUTTER, CETYL ALCOHOL, LAVANDULA, ANGUSTIFOLIA (LAVANDER) FLOWER EXTRACT, GLYCYRRHETINIC ACID, PHENOXYETHANOL, POLYACRYLAMIDE, TOCOPHERYL ACETATE, METHYLPARABEN, CHLORPHENESIN, XANTHAN GUM, LAURETH-7, DISODIUM EDTA, METHYLDIHYDROJASMONATE, PROPYLENE GLYCOL, CYCLAMEN ALDEHYDE, BHT, C13-14 ISOPARAFFIN, ASCORBYL PALMITATE, CITRIC ACID.<\/span><\/p>","protected":false},"excerpt":{"rendered":"<p>Palauttaa ihon elastisuuden, rakenteen ja s\u00e4vyn.<\/p>\n<p>Sis\u00e4lt\u00e4\u00e4 ihoa suojaavia ainesosia, parantaa solujen uusiutumista ja rauhoittaa herkkaa ihoa.<\/p>\n<p>J\u00e4tt\u00e4\u00e4 ihon sile\u00e4ksi ja miellytt\u00e4v\u00e4n tuntuiseksi.<\/p>\n<p>Sopii kuivalle ja herk\u00e4lle iholle.<\/p>\n<p>50 ml<\/p>","protected":false},"featured_media":1630,"comment_status":"open","ping_status":"closed","template":"","meta":{"_uag_custom_page_level_css":"","site-sidebar-layout":"default","site-content-layout":"","ast-site-content-layout":"default","site-content-style":"default","site-sidebar-style":"default","ast-global-header-display":"","ast-banner-title-visibility":"","ast-main-header-display":"","ast-hfb-above-header-display":"","ast-hfb-below-header-display":"","ast-hfb-mobile-header-display":"","site-post-title":"","ast-breadcrumbs-content":"","ast-featured-img":"","footer-sml-layout":"","ast-disable-related-posts":"","theme-transparent-header-meta":"default","adv-header-id-meta":"","stick-header-meta":"","header-above-stick-meta":"","header-main-stick-meta":"","header-below-stick-meta":"","astra-migrate-meta-layouts":"set","ast-page-background-enabled":"default","ast-page-background-meta":{"desktop":{"background-color":"var(--ast-global-color-4)","background-image":"","background-repeat":"repeat","background-position":"center center","background-size":"auto","background-attachment":"scroll","background-type":"","background-media":"","overlay-type":"","overlay-color":"","overlay-opacity":"","overlay-gradient":""},"tablet":{"background-color":"","background-image":"","background-repeat":"repeat","background-position":"center center","background-size":"auto","background-attachment":"scroll","background-type":"","background-media":"","overlay-type":"","overlay-color":"","overlay-opacity":"","overlay-gradient":""},"mobile":{"background-color":"","background-image":"","background-repeat":"repeat","background-position":"center center","background-size":"auto","background-attachment":"scroll","background-type":"","background-media":"","overlay-type":"","overlay-color":"","overlay-opacity":"","overlay-gradient":""}},"ast-content-background-meta":{"desktop":{"background-color":"var(--ast-global-color-5)","background-image":"","background-repeat":"repeat","background-position":"center center","background-size":"auto","background-attachment":"scroll","background-type":"","background-media":"","overlay-type":"","overlay-color":"","overlay-opacity":"","overlay-gradient":""},"tablet":{"background-color":"var(--ast-global-color-5)","background-image":"","background-repeat":"repeat","background-position":"center center","background-size":"auto","background-attachment":"scroll","background-type":"","background-media":"","overlay-type":"","overlay-color":"","overlay-opacity":"","overlay-gradient":""},"mobile":{"background-color":"var(--ast-global-color-5)","background-image":"","background-repeat":"repeat","background-position":"center center","background-size":"auto","background-attachment":"scroll","background-type":"","background-media":"","overlay-type":"","overlay-color":"","overlay-opacity":"","overlay-gradient":""}}},"product_brand":[],"product_cat":[96,97,77],"product_tag":[],"class_list":{"0":"post-1629","1":"product","2":"type-product","3":"status-publish","4":"has-post-thumbnail","6":"product_cat-brands","7":"product_cat-naole","8":"product_cat-skin-comfort","9":"desktop-align-left","10":"tablet-align-left","11":"mobile-align-left","13":"first","14":"instock","15":"taxable","16":"shipping-taxable","17":"product-type-simple","18":"add-to-wishlist-before_image"},"uagb_featured_image_src":{"full":["https:\/\/kosmeetika24.com\/wp-content\/uploads\/2023\/11\/221-Gentle-Night-Cream.jpg",600,600,false],"thumbnail":["https:\/\/kosmeetika24.com\/wp-content\/uploads\/2023\/11\/221-Gentle-Night-Cream-150x150.jpg",150,150,true],"medium":["https:\/\/kosmeetika24.com\/wp-content\/uploads\/2023\/11\/221-Gentle-Night-Cream-300x300.jpg",300,300,true],"medium_large":["https:\/\/kosmeetika24.com\/wp-content\/uploads\/2023\/11\/221-Gentle-Night-Cream.jpg",600,600,false],"large":["https:\/\/kosmeetika24.com\/wp-content\/uploads\/2023\/11\/221-Gentle-Night-Cream.jpg",600,600,false],"1536x1536":["https:\/\/kosmeetika24.com\/wp-content\/uploads\/2023\/11\/221-Gentle-Night-Cream.jpg",600,600,false],"2048x2048":["https:\/\/kosmeetika24.com\/wp-content\/uploads\/2023\/11\/221-Gentle-Night-Cream.jpg",600,600,false],"trp-custom-language-flag":["https:\/\/kosmeetika24.com\/wp-content\/uploads\/2023\/11\/221-Gentle-Night-Cream-12x12.jpg",12,12,true],"woocommerce_thumbnail":["https:\/\/kosmeetika24.com\/wp-content\/uploads\/2023\/11\/221-Gentle-Night-Cream-300x300.jpg",300,300,true],"woocommerce_single":["https:\/\/kosmeetika24.com\/wp-content\/uploads\/2023\/11\/221-Gentle-Night-Cream-500x500.jpg",500,500,true],"woocommerce_gallery_thumbnail":["https:\/\/kosmeetika24.com\/wp-content\/uploads\/2023\/11\/221-Gentle-Night-Cream-100x100.jpg",100,100,true]},"uagb_author_info":{"display_name":"admin","author_link":"https:\/\/kosmeetika24.com\/fi\/author\/"},"uagb_comment_info":0,"uagb_excerpt":"Taastab naha elastsuse, tekstuuri ja tooni. Sisaldab nahka kaitsvaid koostisosi, parandab rakkude uuenemist ja rahustab tundlikku nahka. J\u00e4tab nahale sileda ja hea tunde. Sobib\u00a0kuivale ja tundlikule nahale. 50 ml","_links":{"self":[{"href":"https:\/\/kosmeetika24.com\/fi\/wp-json\/wp\/v2\/product\/1629","targetHints":{"allow":["GET"]}}],"collection":[{"href":"https:\/\/kosmeetika24.com\/fi\/wp-json\/wp\/v2\/product"}],"about":[{"href":"https:\/\/kosmeetika24.com\/fi\/wp-json\/wp\/v2\/types\/product"}],"replies":[{"embeddable":true,"href":"https:\/\/kosmeetika24.com\/fi\/wp-json\/wp\/v2\/comments?post=1629"}],"version-history":[{"count":1,"href":"https:\/\/kosmeetika24.com\/fi\/wp-json\/wp\/v2\/product\/1629\/revisions"}],"predecessor-version":[{"id":4709,"href":"https:\/\/kosmeetika24.com\/fi\/wp-json\/wp\/v2\/product\/1629\/revisions\/4709"}],"wp:featuredmedia":[{"embeddable":true,"href":"https:\/\/kosmeetika24.com\/fi\/wp-json\/wp\/v2\/media\/1630"}],"wp:attachment":[{"href":"https:\/\/kosmeetika24.com\/fi\/wp-json\/wp\/v2\/media?parent=1629"}],"wp:term":[{"taxonomy":"product_brand","embeddable":true,"href":"https:\/\/kosmeetika24.com\/fi\/wp-json\/wp\/v2\/product_brand?post=1629"},{"taxonomy":"product_cat","embeddable":true,"href":"https:\/\/kosmeetika24.com\/fi\/wp-json\/wp\/v2\/product_cat?post=1629"},{"taxonomy":"product_tag","embeddable":true,"href":"https:\/\/kosmeetika24.com\/fi\/wp-json\/wp\/v2\/product_tag?post=1629"}],"curies":[{"name":"wp","href":"https:\/\/api.w.org\/{rel}","templated":true}]}}