{"id":1618,"date":"2024-10-17T08:18:29","date_gmt":"2024-10-17T06:18:29","guid":{"rendered":"https:\/\/kosmeetika24.com\/?post_type=product&#038;p=1618"},"modified":"2025-07-02T11:19:56","modified_gmt":"2025-07-02T08:19:56","slug":"wishpro-repairing-face-cream-taastav-naokreem","status":"publish","type":"product","link":"https:\/\/kosmeetika24.com\/fi\/tuote\/wishpro-repairing-face-cream-taastav-naokreem\/","title":{"rendered":"WishPro Repairing Face Cream \u2013 Korjaava kasvojenhoitovoide"},"content":{"rendered":"<p><span style=\"color: #333333; font-size: 16px;\"><span style=\"font-family: Open Sans, sans-serif;\">Sopii kaikille ihotyypeille.<\/span><\/span><\/p>\n<p><span style=\"color: #333333; font-size: 16px;\"><span style=\"font-family: Open Sans, sans-serif;\">Auttaa pident\u00e4m\u00e4\u00e4n WISHPro\u00ae REPAIRING -ihonhoitotuotteiden vaikutusta.<\/span><\/span><\/p>\n<p><strong><span style=\"font-size: 16px;\">K\u00e4ytt\u00f6<\/span><\/strong><\/p>\n<p>Levit\u00e4 pieni m\u00e4\u00e4r\u00e4 voidetta hell\u00e4varaisesti puhtaalle ja kuivalle iholle kasvoilla ja kaulassa.<\/p>\n<p>K\u00e4yt\u00e4 p\u00e4ivitt\u00e4in aamuisin ja illoin.<\/p>\n<p><strong>Ainesosat<\/strong><\/p>\n<p>Water (Aqua), Polyglyceryl-3 Stearate & Behenyl Alcohol & Glyceryl Stearate Citrate & Heliantnus Annuus Seed Cera & Glyceryl Caprate & Tocopherol & Ascorbyl Palmitate & Hellianthus Annuss Seed Oil, Isoamyl Laurate, Vegetable Oil (Olus), Caprylic\/Capric Triglyceride, Tricaprylin, Propanediol, Phenoxyethanol & Ethylhexyl Glycerin, Xylitylglucoside & Anhydroxylitol & Xylitol, Sodium Hyaluronate, Benzyl Salicylate, Sodium Polyacrylate & Dimethicone & Cyclopentasiloxane & Trideceth-6 & PEG\/PPG Dimethicone 18\/18, Citronellol, Limonene, Fragrance (parfum), Linallol, Hydrolyzed Hyaluronic Acid, Sodium Phytate & Water & Alcohol, Geraniol, Hexyl Cinnamaldehyde, Hydroxycitronellal, Methyl 2-Octynoate<\/p>","protected":false},"excerpt":{"rendered":"<p align=\"LEFT\" class=\"translation-block\"><span style=\"color: #333333;font-size: 16px\"><span style=\"font-family: Open Sans, sans-serif\">Ravitseva ja palauttava voide, joka vahvistaa ihon suojaa haitallisia bakteereja vastaan.<\/span><\/span><\/p>\n<p align=\"LEFT\"><span style=\"color: #333333; font-size: 16px;\"><span style=\"font-family: Open Sans, sans-serif;\">Auttaa haavojen nopeampaan paranemiseen.<\/span><\/span><\/p>\n<p align=\"LEFT\"><span style=\"color: #666666; font-size: 16px;\"><span style=\"font-family: Open Sans, sans-serif;\">Stimuloi prokollageenin synteesi. Palauttaa kollageenimatriisin.<\/span><\/span><\/p>\n<p align=\"LEFT\"><span style=\"color: #333333; font-size: 16px;\"><span style=\"font-family: Open Sans, sans-serif;\">T\u00e4m\u00e4n seurauksena ihon elastisuus lis\u00e4\u00e4ntyy, ja sen rakenne paranee ja uudistuu.<\/span><\/span><\/p>\n<p align=\"LEFT\">","protected":false},"featured_media":1619,"comment_status":"open","ping_status":"closed","template":"","meta":{"_uag_custom_page_level_css":"","site-sidebar-layout":"default","site-content-layout":"","ast-site-content-layout":"default","site-content-style":"default","site-sidebar-style":"default","ast-global-header-display":"","ast-banner-title-visibility":"","ast-main-header-display":"","ast-hfb-above-header-display":"","ast-hfb-below-header-display":"","ast-hfb-mobile-header-display":"","site-post-title":"","ast-breadcrumbs-content":"","ast-featured-img":"","footer-sml-layout":"","ast-disable-related-posts":"","theme-transparent-header-meta":"default","adv-header-id-meta":"","stick-header-meta":"","header-above-stick-meta":"","header-main-stick-meta":"","header-below-stick-meta":"","astra-migrate-meta-layouts":"set","ast-page-background-enabled":"default","ast-page-background-meta":{"desktop":{"background-color":"var(--ast-global-color-4)","background-image":"","background-repeat":"repeat","background-position":"center center","background-size":"auto","background-attachment":"scroll","background-type":"","background-media":"","overlay-type":"","overlay-color":"","overlay-opacity":"","overlay-gradient":""},"tablet":{"background-color":"","background-image":"","background-repeat":"repeat","background-position":"center center","background-size":"auto","background-attachment":"scroll","background-type":"","background-media":"","overlay-type":"","overlay-color":"","overlay-opacity":"","overlay-gradient":""},"mobile":{"background-color":"","background-image":"","background-repeat":"repeat","background-position":"center center","background-size":"auto","background-attachment":"scroll","background-type":"","background-media":"","overlay-type":"","overlay-color":"","overlay-opacity":"","overlay-gradient":""}},"ast-content-background-meta":{"desktop":{"background-color":"var(--ast-global-color-5)","background-image":"","background-repeat":"repeat","background-position":"center center","background-size":"auto","background-attachment":"scroll","background-type":"","background-media":"","overlay-type":"","overlay-color":"","overlay-opacity":"","overlay-gradient":""},"tablet":{"background-color":"var(--ast-global-color-5)","background-image":"","background-repeat":"repeat","background-position":"center center","background-size":"auto","background-attachment":"scroll","background-type":"","background-media":"","overlay-type":"","overlay-color":"","overlay-opacity":"","overlay-gradient":""},"mobile":{"background-color":"var(--ast-global-color-5)","background-image":"","background-repeat":"repeat","background-position":"center center","background-size":"auto","background-attachment":"scroll","background-type":"","background-media":"","overlay-type":"","overlay-color":"","overlay-opacity":"","overlay-gradient":""}}},"product_brand":[],"product_cat":[97,80],"product_tag":[],"class_list":{"0":"post-1618","1":"product","2":"type-product","3":"status-publish","4":"has-post-thumbnail","6":"product_cat-naole","7":"product_cat-wishpro","8":"desktop-align-left","9":"tablet-align-left","10":"mobile-align-left","12":"first","13":"instock","14":"taxable","15":"shipping-taxable","16":"product-type-simple","17":"add-to-wishlist-before_image"},"uagb_featured_image_src":{"full":["https:\/\/kosmeetika24.com\/wp-content\/uploads\/2023\/10\/repairing-cream.png",600,600,false],"thumbnail":["https:\/\/kosmeetika24.com\/wp-content\/uploads\/2023\/10\/repairing-cream-150x150.png",150,150,true],"medium":["https:\/\/kosmeetika24.com\/wp-content\/uploads\/2023\/10\/repairing-cream-300x300.png",300,300,true],"medium_large":["https:\/\/kosmeetika24.com\/wp-content\/uploads\/2023\/10\/repairing-cream.png",600,600,false],"large":["https:\/\/kosmeetika24.com\/wp-content\/uploads\/2023\/10\/repairing-cream.png",600,600,false],"1536x1536":["https:\/\/kosmeetika24.com\/wp-content\/uploads\/2023\/10\/repairing-cream.png",600,600,false],"2048x2048":["https:\/\/kosmeetika24.com\/wp-content\/uploads\/2023\/10\/repairing-cream.png",600,600,false],"trp-custom-language-flag":["https:\/\/kosmeetika24.com\/wp-content\/uploads\/2023\/10\/repairing-cream-12x12.png",12,12,true],"woocommerce_thumbnail":["https:\/\/kosmeetika24.com\/wp-content\/uploads\/2023\/10\/repairing-cream-300x300.png",300,300,true],"woocommerce_single":["https:\/\/kosmeetika24.com\/wp-content\/uploads\/2023\/10\/repairing-cream-500x500.png",500,500,true],"woocommerce_gallery_thumbnail":["https:\/\/kosmeetika24.com\/wp-content\/uploads\/2023\/10\/repairing-cream-100x100.png",100,100,true]},"uagb_author_info":{"display_name":"admin","author_link":"https:\/\/kosmeetika24.com\/fi\/author\/"},"uagb_comment_info":0,"uagb_excerpt":"Toitev ja taastav kreem, mis tugevdab naha kaitset kahjulike bakterite eest.\u00a0 Aitab kaasa haavade kiiremale paranemisele. Stimuleerib prokollageeni s\u00fcnteesi. Taastab kollageeni mastriksi. Selle tulemusena suureneb naha elastsus, paraneb ja uueneb selle reljeef.","_links":{"self":[{"href":"https:\/\/kosmeetika24.com\/fi\/wp-json\/wp\/v2\/product\/1618","targetHints":{"allow":["GET"]}}],"collection":[{"href":"https:\/\/kosmeetika24.com\/fi\/wp-json\/wp\/v2\/product"}],"about":[{"href":"https:\/\/kosmeetika24.com\/fi\/wp-json\/wp\/v2\/types\/product"}],"replies":[{"embeddable":true,"href":"https:\/\/kosmeetika24.com\/fi\/wp-json\/wp\/v2\/comments?post=1618"}],"version-history":[{"count":3,"href":"https:\/\/kosmeetika24.com\/fi\/wp-json\/wp\/v2\/product\/1618\/revisions"}],"predecessor-version":[{"id":6378,"href":"https:\/\/kosmeetika24.com\/fi\/wp-json\/wp\/v2\/product\/1618\/revisions\/6378"}],"wp:featuredmedia":[{"embeddable":true,"href":"https:\/\/kosmeetika24.com\/fi\/wp-json\/wp\/v2\/media\/1619"}],"wp:attachment":[{"href":"https:\/\/kosmeetika24.com\/fi\/wp-json\/wp\/v2\/media?parent=1618"}],"wp:term":[{"taxonomy":"product_brand","embeddable":true,"href":"https:\/\/kosmeetika24.com\/fi\/wp-json\/wp\/v2\/product_brand?post=1618"},{"taxonomy":"product_cat","embeddable":true,"href":"https:\/\/kosmeetika24.com\/fi\/wp-json\/wp\/v2\/product_cat?post=1618"},{"taxonomy":"product_tag","embeddable":true,"href":"https:\/\/kosmeetika24.com\/fi\/wp-json\/wp\/v2\/product_tag?post=1618"}],"curies":[{"name":"wp","href":"https:\/\/api.w.org\/{rel}","templated":true}]}}