{"id":1616,"date":"2024-01-22T12:30:20","date_gmt":"2024-01-22T12:30:20","guid":{"rendered":"https:\/\/kosmeetika24.com\/?post_type=product&#038;p=1616"},"modified":"2025-07-02T11:31:02","modified_gmt":"2025-07-02T08:31:02","slug":"wishpro-neo-energy-face-cream-energiat-andev-naokreem","status":"publish","type":"product","link":"https:\/\/kosmeetika24.com\/fi\/tuote\/wishpro-neo-energy-face-cream-energiat-andev-naokreem\/","title":{"rendered":"WishPro Neo-Energy Face Cream \u2013 Energiaa antava kasvojenhoitovoide"},"content":{"rendered":"<p><span style=\"color: #333333; font-size: 16px;\"><span style=\"font-family: Open Sans, sans-serif;\">Aktivoimalla t\u00e4rkeit\u00e4 elementtej\u00e4 kollageenin ja elastiinin tuotannossa, voide ravitsee aktiivisesti ik\u00e4\u00e4ntyvi\u00e4 soluja elvytt\u00e4en niit\u00e4. T\u00e4m\u00e4n seurauksena iho n\u00e4ytt\u00e4\u00e4 sile\u00e4mm\u00e4lt\u00e4 ja nuoremmalta.<\/span><\/span><\/p>\n<p><span style=\"color: #333333; font-size: 16px;\"><span style=\"font-family: Open Sans, sans-serif;\">P\u00e4\u00e4hinaiset vaikuttavat aineet:<\/span><\/span><\/p>\n<p><span style=\"color: #333333; font-size: 16px;\"><span style=\"font-family: Open Sans, sans-serif;\">Jojoba ja Neodermil\u00ae; metyyli-glukoosidi-fosfaatti (MG6P) yhdistettyn\u00e4 v\u00e4ltt\u00e4m\u00e4tt\u00f6miin aminohappoihin; proliini, lysiini ja kupari.<\/span><\/span><\/p>\n<p align=\"LEFT\"><span style=\"color: #333333; font-size: 16px;\"><span style=\"font-family: Open Sans, sans-serif;\">Auttaa pident\u00e4m\u00e4\u00e4n WISHPro\u00ae NEO ENERGY -ihonhoitotuotteiden vaikutusta.<\/span><\/span><\/p>\n<p><strong>K\u00e4ytt\u00f6<\/strong><\/p>\n<p>Levit\u00e4 pieni m\u00e4\u00e4r\u00e4 voidetta hell\u00e4varaisesti puhtaalle ja kuivalle iholle kasvoilla ja kaulassa.<\/p>\n<p>K\u00e4yt\u00e4 p\u00e4ivitt\u00e4in aamuisin ja illoin.<\/p>\n<p><strong>Ainesosat<\/strong><\/p>\n<div class=\"tabs product-tabs\">\n<div id=\"tab-content\" class=\"tab-content\">\n<div id=\"extra-1\" class=\"tab-pane fade in revealOnScroll animated active\" role=\"tabpanel\" aria-expanded=\"true\">\n<p>Water (Aqua), Isopropyl Palmitate, Phenyl Trimethicone, Dimethicone & Dimethicone Crosspolymer, Peg-10 Dimethicone, Glycerin, Dimethicore, Dimethicone, Hydrogenated Vegetable Oil, Dimethicone\/Vinyl Dimethicone Crosspoymer & Silica, Water & Glycerin & Methyl Glucoside phosphate proline lysine copper complex, Phenoxyethanol & Ethyhexylglycerin, Sodium Chloride, Fragrance (Parfum), Benzyl Salicylate, Methyl 2-Octynoate, Linallol, Simmondsia Chinensis (Jojoba) Seed Oil, Citronellol, Limonene, Geraniol, Hexyl Cinnamaldehyde, Hydroxycitronellal.<\/p>\n<\/div>\n<\/div>\n<div id=\"accordion\" class=\"panel-group\" role=\"tablist\" aria-multiselectable=\"true\"><\/div>\n<\/div>","protected":false},"excerpt":{"rendered":"<p align=\"LEFT\"><span style=\"color: #333333; font-size: 16px;\"><span style=\"font-family: Open Sans, sans-serif;\">Toimii rauhoittavasti ja hidastaa ik\u00e4\u00e4ntymist\u00e4.<\/span><\/span><\/p>\n<p align=\"LEFT\"><span style=\"color: #333333; font-size: 16px;\"><span style=\"font-family: Open Sans, sans-serif;\">V\u00e4ltt\u00e4m\u00e4tt\u00f6m\u00e4t aminohapot (proliini ja lysiini) n\u00e4yttelev\u00e4t t\u00e4rke\u00e4\u00e4 roolia kollageenin ja elastiinin tuotannossa.<\/span><\/span><\/p>\n<p align=\"LEFT\"><span style=\"color: #333333; font-size: 16px;\"><span style=\"font-family: Open Sans, sans-serif;\">T\u00e4m\u00e4n seurauksena ihon elastisuus lis\u00e4\u00e4ntyy, ja sen rakenne paranee ja uudistuu.<\/span><\/span><\/p>\n<p align=\"LEFT\"><span style=\"color: #333333; font-size: 16px;\"><span style=\"font-family: Open Sans, sans-serif;\">T\u00e4m\u00e4 on todella uskomaton kasvovoide!\u00a0<\/span><\/span><\/p>\n<p align=\"LEFT\">50 ml<\/p>","protected":false},"featured_media":1617,"comment_status":"open","ping_status":"closed","template":"","meta":{"_uag_custom_page_level_css":"","site-sidebar-layout":"default","site-content-layout":"","ast-site-content-layout":"default","site-content-style":"default","site-sidebar-style":"default","ast-global-header-display":"","ast-banner-title-visibility":"","ast-main-header-display":"","ast-hfb-above-header-display":"","ast-hfb-below-header-display":"","ast-hfb-mobile-header-display":"","site-post-title":"","ast-breadcrumbs-content":"","ast-featured-img":"","footer-sml-layout":"","ast-disable-related-posts":"","theme-transparent-header-meta":"default","adv-header-id-meta":"","stick-header-meta":"","header-above-stick-meta":"","header-main-stick-meta":"","header-below-stick-meta":"","astra-migrate-meta-layouts":"set","ast-page-background-enabled":"default","ast-page-background-meta":{"desktop":{"background-color":"var(--ast-global-color-4)","background-image":"","background-repeat":"repeat","background-position":"center center","background-size":"auto","background-attachment":"scroll","background-type":"","background-media":"","overlay-type":"","overlay-color":"","overlay-opacity":"","overlay-gradient":""},"tablet":{"background-color":"","background-image":"","background-repeat":"repeat","background-position":"center center","background-size":"auto","background-attachment":"scroll","background-type":"","background-media":"","overlay-type":"","overlay-color":"","overlay-opacity":"","overlay-gradient":""},"mobile":{"background-color":"","background-image":"","background-repeat":"repeat","background-position":"center center","background-size":"auto","background-attachment":"scroll","background-type":"","background-media":"","overlay-type":"","overlay-color":"","overlay-opacity":"","overlay-gradient":""}},"ast-content-background-meta":{"desktop":{"background-color":"var(--ast-global-color-5)","background-image":"","background-repeat":"repeat","background-position":"center center","background-size":"auto","background-attachment":"scroll","background-type":"","background-media":"","overlay-type":"","overlay-color":"","overlay-opacity":"","overlay-gradient":""},"tablet":{"background-color":"var(--ast-global-color-5)","background-image":"","background-repeat":"repeat","background-position":"center center","background-size":"auto","background-attachment":"scroll","background-type":"","background-media":"","overlay-type":"","overlay-color":"","overlay-opacity":"","overlay-gradient":""},"mobile":{"background-color":"var(--ast-global-color-5)","background-image":"","background-repeat":"repeat","background-position":"center center","background-size":"auto","background-attachment":"scroll","background-type":"","background-media":"","overlay-type":"","overlay-color":"","overlay-opacity":"","overlay-gradient":""}}},"product_brand":[],"product_cat":[96,97,80],"product_tag":[],"class_list":{"0":"post-1616","1":"product","2":"type-product","3":"status-publish","4":"has-post-thumbnail","6":"product_cat-brands","7":"product_cat-naole","8":"product_cat-wishpro","9":"desktop-align-left","10":"tablet-align-left","11":"mobile-align-left","13":"first","14":"instock","15":"taxable","16":"shipping-taxable","17":"product-type-simple","18":"add-to-wishlist-before_image"},"uagb_featured_image_src":{"full":["https:\/\/kosmeetika24.com\/wp-content\/uploads\/2023\/10\/Untitled-design-16-600x600-1.png",600,600,false],"thumbnail":["https:\/\/kosmeetika24.com\/wp-content\/uploads\/2023\/10\/Untitled-design-16-600x600-1-150x150.png",150,150,true],"medium":["https:\/\/kosmeetika24.com\/wp-content\/uploads\/2023\/10\/Untitled-design-16-600x600-1-300x300.png",300,300,true],"medium_large":["https:\/\/kosmeetika24.com\/wp-content\/uploads\/2023\/10\/Untitled-design-16-600x600-1.png",600,600,false],"large":["https:\/\/kosmeetika24.com\/wp-content\/uploads\/2023\/10\/Untitled-design-16-600x600-1.png",600,600,false],"1536x1536":["https:\/\/kosmeetika24.com\/wp-content\/uploads\/2023\/10\/Untitled-design-16-600x600-1.png",600,600,false],"2048x2048":["https:\/\/kosmeetika24.com\/wp-content\/uploads\/2023\/10\/Untitled-design-16-600x600-1.png",600,600,false],"trp-custom-language-flag":["https:\/\/kosmeetika24.com\/wp-content\/uploads\/2023\/10\/Untitled-design-16-600x600-1-12x12.png",12,12,true],"woocommerce_thumbnail":["https:\/\/kosmeetika24.com\/wp-content\/uploads\/2023\/10\/Untitled-design-16-600x600-1-300x300.png",300,300,true],"woocommerce_single":["https:\/\/kosmeetika24.com\/wp-content\/uploads\/2023\/10\/Untitled-design-16-600x600-1-500x500.png",500,500,true],"woocommerce_gallery_thumbnail":["https:\/\/kosmeetika24.com\/wp-content\/uploads\/2023\/10\/Untitled-design-16-600x600-1-100x100.png",100,100,true]},"uagb_author_info":{"display_name":"admin","author_link":"https:\/\/kosmeetika24.com\/fi\/author\/"},"uagb_comment_info":0,"uagb_excerpt":"Toimib rahustavalt ja aeglustab vananemist. Asendamatud aminohapped (proliin ja l\u00fcsiin) m\u00e4ngivad olulist rolli kollageenide ja elastiini tootmisel. Selle tulemisena suureneb naha elastsus, paraneb ja uueneb selle reljeef. See on t\u00f5eliselt imeline n\u00e4okreem!\u00a0 50 ml","_links":{"self":[{"href":"https:\/\/kosmeetika24.com\/fi\/wp-json\/wp\/v2\/product\/1616","targetHints":{"allow":["GET"]}}],"collection":[{"href":"https:\/\/kosmeetika24.com\/fi\/wp-json\/wp\/v2\/product"}],"about":[{"href":"https:\/\/kosmeetika24.com\/fi\/wp-json\/wp\/v2\/types\/product"}],"replies":[{"embeddable":true,"href":"https:\/\/kosmeetika24.com\/fi\/wp-json\/wp\/v2\/comments?post=1616"}],"version-history":[{"count":2,"href":"https:\/\/kosmeetika24.com\/fi\/wp-json\/wp\/v2\/product\/1616\/revisions"}],"predecessor-version":[{"id":6374,"href":"https:\/\/kosmeetika24.com\/fi\/wp-json\/wp\/v2\/product\/1616\/revisions\/6374"}],"wp:featuredmedia":[{"embeddable":true,"href":"https:\/\/kosmeetika24.com\/fi\/wp-json\/wp\/v2\/media\/1617"}],"wp:attachment":[{"href":"https:\/\/kosmeetika24.com\/fi\/wp-json\/wp\/v2\/media?parent=1616"}],"wp:term":[{"taxonomy":"product_brand","embeddable":true,"href":"https:\/\/kosmeetika24.com\/fi\/wp-json\/wp\/v2\/product_brand?post=1616"},{"taxonomy":"product_cat","embeddable":true,"href":"https:\/\/kosmeetika24.com\/fi\/wp-json\/wp\/v2\/product_cat?post=1616"},{"taxonomy":"product_tag","embeddable":true,"href":"https:\/\/kosmeetika24.com\/fi\/wp-json\/wp\/v2\/product_tag?post=1616"}],"curies":[{"name":"wp","href":"https:\/\/api.w.org\/{rel}","templated":true}]}}