{"id":1613,"date":"2024-05-31T09:00:41","date_gmt":"2024-05-31T09:00:41","guid":{"rendered":"https:\/\/kosmeetika24.com\/?post_type=product&#038;p=1613"},"modified":"2025-07-03T12:30:40","modified_gmt":"2025-07-03T09:30:40","slug":"charmyco-cell-renewall-1-rakkude-uuendamine-1","status":"publish","type":"product","link":"https:\/\/kosmeetika24.com\/fi\/tuote\/charmyco-cell-renewall-1-rakkude-uuendamine-1\/","title":{"rendered":"CHARMYCO CELL RENEWAL 1 \u2013 Solujen uudistuminen 1"},"content":{"rendered":"<p>Iholla on synnynn\u00e4inen kyky uudistua. Kemiallinen kuorinta vaikuttaa syvempiin kerroksiin, poistaa kuolleet ihosolut ja antaa tiet\u00e4 uusille, t\u00e4ysin toimiville soluilla.<\/p>\n<p><strong>K\u00e4ytt\u00f6<\/strong>:<\/p>\n<ol>\n<li>Puhdista ja valmistele k\u00e4sitelt\u00e4v\u00e4 kasvoalue. Suojaa herk\u00e4t alueet.<\/li>\n<li>Levit\u00e4 ensimm\u00e4inen kerros happoa kasvoille ja paina varovasti sormilla, jotta happo p\u00e4\u00e4see ihon syvempiin kerroksiin.<\/li>\n<li>Toista toimenpide jokaisen kerroksen j\u00e4lkeen.<\/li>\n<li>Levit\u00e4 happokerroksia ihotyypist\u00e4si riippuen niin monta kuin tarvitset.<\/li>\n<li>Happokuorinnan kesto tulisi olla 2-10 minuuttia ihotyypist\u00e4 riippuen.<\/li>\n<li>Poista tuote viile\u00e4ll\u00e4 vedell\u00e4!<\/li>\n<\/ol>\n<p><strong>Ainesosat<\/strong>:<\/p>\n<p>AQUA, CLYCOLIC ACID, GLYCERIN, XANTHAN GUM, RHENOXYETHANOL, PROPYLENE GLYCOL, ETHYLHEXYLGLYCERIN.<\/p>","protected":false},"excerpt":{"rendered":"<p>Cell Renewal 1 tarjoaa tehokkaan mutta turvallisen ratkaisun korkealaatuisen puhtaan glykolihapon avulla solujen t\u00e4ydelliseen uudistumiseen.<\/p>\n<p>Glykolihappo vaikuttaa tehokkaasti moniin iho-ongelmiin, kuten akne, seborr\u00f6a, ik\u00e4\u00e4ntyminen, venytysarpien, ihon v\u00e4rimuutokset, hyperkeratoosi ja kseroosi.<\/p>\n<p>Se suojaa ihon kollageenia ja elastiinia, auttaen epidermiksen t\u00e4ydelliseen uudistumiseen.<\/p>\n<p>Glykolihappo, kemiallisena ja ei-abrasiivisena kuorijana, auttaa poistamaan ep\u00e4puhtauksia, v\u00e4hent\u00e4m\u00e4\u00e4n ihon sarveiskerroksen paksuutta, lis\u00e4\u00e4m\u00e4\u00e4n ihon kosteutustehokkuutta, poistamaan ep\u00e4puhtauksia, v\u00e4hent\u00e4m\u00e4\u00e4n ei-toivottua kiiltoa ja s\u00e4\u00e4telee talin tuotantoa.<\/p>","protected":false},"featured_media":1615,"comment_status":"open","ping_status":"closed","template":"","meta":{"_uag_custom_page_level_css":"","site-sidebar-layout":"default","site-content-layout":"","ast-site-content-layout":"default","site-content-style":"default","site-sidebar-style":"default","ast-global-header-display":"","ast-banner-title-visibility":"","ast-main-header-display":"","ast-hfb-above-header-display":"","ast-hfb-below-header-display":"","ast-hfb-mobile-header-display":"","site-post-title":"","ast-breadcrumbs-content":"","ast-featured-img":"","footer-sml-layout":"","ast-disable-related-posts":"","theme-transparent-header-meta":"default","adv-header-id-meta":"","stick-header-meta":"","header-above-stick-meta":"","header-main-stick-meta":"","header-below-stick-meta":"","astra-migrate-meta-layouts":"set","ast-page-background-enabled":"default","ast-page-background-meta":{"desktop":{"background-color":"var(--ast-global-color-4)","background-image":"","background-repeat":"repeat","background-position":"center center","background-size":"auto","background-attachment":"scroll","background-type":"","background-media":"","overlay-type":"","overlay-color":"","overlay-opacity":"","overlay-gradient":""},"tablet":{"background-color":"","background-image":"","background-repeat":"repeat","background-position":"center center","background-size":"auto","background-attachment":"scroll","background-type":"","background-media":"","overlay-type":"","overlay-color":"","overlay-opacity":"","overlay-gradient":""},"mobile":{"background-color":"","background-image":"","background-repeat":"repeat","background-position":"center center","background-size":"auto","background-attachment":"scroll","background-type":"","background-media":"","overlay-type":"","overlay-color":"","overlay-opacity":"","overlay-gradient":""}},"ast-content-background-meta":{"desktop":{"background-color":"var(--ast-global-color-5)","background-image":"","background-repeat":"repeat","background-position":"center center","background-size":"auto","background-attachment":"scroll","background-type":"","background-media":"","overlay-type":"","overlay-color":"","overlay-opacity":"","overlay-gradient":""},"tablet":{"background-color":"var(--ast-global-color-5)","background-image":"","background-repeat":"repeat","background-position":"center center","background-size":"auto","background-attachment":"scroll","background-type":"","background-media":"","overlay-type":"","overlay-color":"","overlay-opacity":"","overlay-gradient":""},"mobile":{"background-color":"var(--ast-global-color-5)","background-image":"","background-repeat":"repeat","background-position":"center center","background-size":"auto","background-attachment":"scroll","background-type":"","background-media":"","overlay-type":"","overlay-color":"","overlay-opacity":"","overlay-gradient":""}}},"product_brand":[],"product_cat":[96,81,97],"product_tag":[],"class_list":{"0":"post-1613","1":"product","2":"type-product","3":"status-publish","4":"has-post-thumbnail","6":"product_cat-brands","7":"product_cat-charmyco","8":"product_cat-naole","9":"desktop-align-left","10":"tablet-align-left","11":"mobile-align-left","13":"first","14":"instock","15":"taxable","16":"shipping-taxable","17":"product-type-simple","18":"add-to-wishlist-before_image"},"uagb_featured_image_src":{"full":["https:\/\/kosmeetika24.com\/wp-content\/uploads\/2023\/10\/cell-reneval1-1.png",600,600,false],"thumbnail":["https:\/\/kosmeetika24.com\/wp-content\/uploads\/2023\/10\/cell-reneval1-1-150x150.png",150,150,true],"medium":["https:\/\/kosmeetika24.com\/wp-content\/uploads\/2023\/10\/cell-reneval1-1-300x300.png",300,300,true],"medium_large":["https:\/\/kosmeetika24.com\/wp-content\/uploads\/2023\/10\/cell-reneval1-1.png",600,600,false],"large":["https:\/\/kosmeetika24.com\/wp-content\/uploads\/2023\/10\/cell-reneval1-1.png",600,600,false],"1536x1536":["https:\/\/kosmeetika24.com\/wp-content\/uploads\/2023\/10\/cell-reneval1-1.png",600,600,false],"2048x2048":["https:\/\/kosmeetika24.com\/wp-content\/uploads\/2023\/10\/cell-reneval1-1.png",600,600,false],"trp-custom-language-flag":["https:\/\/kosmeetika24.com\/wp-content\/uploads\/2023\/10\/cell-reneval1-1-12x12.png",12,12,true],"woocommerce_thumbnail":["https:\/\/kosmeetika24.com\/wp-content\/uploads\/2023\/10\/cell-reneval1-1-300x300.png",300,300,true],"woocommerce_single":["https:\/\/kosmeetika24.com\/wp-content\/uploads\/2023\/10\/cell-reneval1-1-500x500.png",500,500,true],"woocommerce_gallery_thumbnail":["https:\/\/kosmeetika24.com\/wp-content\/uploads\/2023\/10\/cell-reneval1-1-100x100.png",100,100,true]},"uagb_author_info":{"display_name":"admin","author_link":"https:\/\/kosmeetika24.com\/fi\/author\/"},"uagb_comment_info":0,"uagb_excerpt":"Cell Renewal 1 pakub t\u00f5husat, kuid ohutut lahendust t\u00e4nu k\u00f5rgekvaliteetsele puhtale gl\u00fckoolhappele, et saavutada rakkude t\u00e4ielik uuenemine. Gl\u00fckoolhape toimib t\u00f5husalt paljude nahaprobleemide korral nagu akne, seborroiline dermatiit, vananemine, venitusarmid, nahalaigud, h\u00fcperkeratoos ja kseroos. Kaitseb see naha kollageeni ja elastiini, aitab epidermisel t\u00e4ielikult uueneda. Gl\u00fckoolhape kui keemiline ja mitteabrasiivne koorija aitab eemaldada laike, v\u00e4hendab naha sarvkihi&hellip;","_links":{"self":[{"href":"https:\/\/kosmeetika24.com\/fi\/wp-json\/wp\/v2\/product\/1613","targetHints":{"allow":["GET"]}}],"collection":[{"href":"https:\/\/kosmeetika24.com\/fi\/wp-json\/wp\/v2\/product"}],"about":[{"href":"https:\/\/kosmeetika24.com\/fi\/wp-json\/wp\/v2\/types\/product"}],"replies":[{"embeddable":true,"href":"https:\/\/kosmeetika24.com\/fi\/wp-json\/wp\/v2\/comments?post=1613"}],"version-history":[{"count":2,"href":"https:\/\/kosmeetika24.com\/fi\/wp-json\/wp\/v2\/product\/1613\/revisions"}],"predecessor-version":[{"id":6517,"href":"https:\/\/kosmeetika24.com\/fi\/wp-json\/wp\/v2\/product\/1613\/revisions\/6517"}],"wp:featuredmedia":[{"embeddable":true,"href":"https:\/\/kosmeetika24.com\/fi\/wp-json\/wp\/v2\/media\/1615"}],"wp:attachment":[{"href":"https:\/\/kosmeetika24.com\/fi\/wp-json\/wp\/v2\/media?parent=1613"}],"wp:term":[{"taxonomy":"product_brand","embeddable":true,"href":"https:\/\/kosmeetika24.com\/fi\/wp-json\/wp\/v2\/product_brand?post=1613"},{"taxonomy":"product_cat","embeddable":true,"href":"https:\/\/kosmeetika24.com\/fi\/wp-json\/wp\/v2\/product_cat?post=1613"},{"taxonomy":"product_tag","embeddable":true,"href":"https:\/\/kosmeetika24.com\/fi\/wp-json\/wp\/v2\/product_tag?post=1613"}],"curies":[{"name":"wp","href":"https:\/\/api.w.org\/{rel}","templated":true}]}}