{"id":1610,"date":"2024-01-04T09:59:32","date_gmt":"2024-01-04T09:59:32","guid":{"rendered":"https:\/\/kosmeetika24.com\/?post_type=product&#038;p=1610"},"modified":"2025-07-02T13:28:03","modified_gmt":"2025-07-02T10:28:03","slug":"bruno-vassari-skin-comfort-rahustav-emulsioon","status":"publish","type":"product","link":"https:\/\/kosmeetika24.com\/fi\/tuote\/bruno-vassari-skin-comfort-rahustav-emulsioon\/","title":{"rendered":"BRUNO VASSARI Skin Comfort rauhoittava emulsio"},"content":{"rendered":"<p class=\"translation-block\">Runsaasti kosteuttava ja rauhoittava kevyt emulsio <em>Calming Day Lotion.<\/em><\/p>\n<p><strong>P\u00c4\u00c4AINEOSAT<\/strong><\/p>\n<ul>\n<li>Merilev\u00e4uutteet<\/li>\n<li>Vihre\u00e4n teen uutehdas<\/li>\n<li>E-vitamiini<\/li>\n<li>Hyaluronihappo<\/li>\n<li>Perhydroskvaleeni<\/li>\n<li>Sheavoi<\/li>\n<\/ul>\n<p><strong>Vaikutus<\/strong><\/p>\n<ul>\n<li>Merilev\u00e4uuteella on kosteuttavat ja rauhoittavat ominaisuudet. V\u00e4hent\u00e4\u00e4 ihon kutinaa ja kireyden tunnetta.<\/li>\n<li>Vihre\u00e4n teen uute on erinomainen luonnollinen antioksidantti. Se toimii tulehdusta ehk\u00e4isev\u00e4sti ja suojaa UV-s\u00e4teilylt\u00e4.<\/li>\n<li>E-vitamiini on antioksidanttisia ominaisuuksia, se suojaa UV-s\u00e4teilyn aiheuttamilta vaurioilta, kuten eryteemalta, ryppyilt\u00e4, ihon paksuuden lis\u00e4\u00e4ntymiselt\u00e4 ja yleiselt\u00e4 fotovanhentumiselta.<\/li>\n<li>Hyaluronihappo: Sen suuren veden sitomiskyvyn ansiosta se voi pit\u00e4\u00e4 vett\u00e4 jopa 1000 kertaa oman painonsa verran. Sit\u00e4 esiintyy luonnollisesti dermaassa ja se on vastuussa ihon kiinteydest\u00e4, elastisuudesta ja turvotuksesta.<\/li>\n<li>Perhydrosqualeen est\u00e4\u00e4 ihon kuivumista.<\/li>\n<li>Sheavoi on kosteuttava ja suojaava uute voipuun p\u00e4hkin\u00e4st\u00e4. Se on vitamiinirikas kasviuute, joka tarjoaa iholle lis\u00e4suojaa ja parantaa solujen toimintoja.<\/li>\n<\/ul>\n<p><strong>K\u00e4ytt\u00f6<\/strong>:<\/p>\n<ul>\n<li>Levit\u00e4 emulsio puhdistetulle kasvoille, kaulalle ja dekolteelle. Sopii k\u00e4ytett\u00e4v\u00e4ksi aamulla.<\/li>\n<\/ul>\n<p><strong>Ainesosat<\/strong>:<\/p>\n<p><span style=\"font-size: 14px;\">AQUA (WATER), CYCLOPENTASILOXANE, BUTYLENE GLYCOL, SQUALANE, GLYCERIN, BUTYROSPERMUM PARKII (SHEA) BUTTER, PHENYL TRIMETHICONE, POLYACRYLAMIDE, SODIUM HYALURONATE, CAMELLIA SINENSIS LEAF EXTRACT, LAVANDULA ANGUSTIFOLIA (LAVANDER) FLOWER EXTRACT, LACTIC ACID, ENTEROMORPHA COMPRESSA EXTRACT, CHLORPHENESIN, PHENOXYETHANOL, ALUMINIUM STARCH OCTENYLSUCCINATE, C13-14 ISOPARAFFIN, XANTHAN GUM, ACRYLATES \/C10-30 ALKYL ACRYLATE CROSSPOLYMER, LAURETH-7, DISOMEDIUM EDTA, TOCOPHERYL ACETATE, METHYLDIHYDROJASMONATE, CYCAMEN ALDEHYDE, TRIETHANOLAMINE, SODIUM BENZOATE, POTASSIUM SORBATE.<\/span><\/p>","protected":false},"excerpt":{"rendered":"<p>Runsaasti kosteuttava ja rauhoittava.<\/p>\n<p>Sopii herk\u00e4nt ihon suojaamiseen ja hydrolipiditasapainon yll\u00e4pit\u00e4miseen.<\/p>\n<p>Palauttaa ihon fysiologisen tilan ja auttaa ehk\u00e4isem\u00e4\u00e4n ik\u00e4\u00e4ntymist\u00e4.<\/p>\n<p>Ei sis\u00e4ll\u00e4 hajusteita.<\/p>\n<p>Sopii herk\u00e4lle ja kuivalle iholle.<\/p>\n<p>50 ml<\/p>","protected":false},"featured_media":1624,"comment_status":"open","ping_status":"closed","template":"","meta":{"_uag_custom_page_level_css":"","site-sidebar-layout":"default","site-content-layout":"","ast-site-content-layout":"default","site-content-style":"default","site-sidebar-style":"default","ast-global-header-display":"","ast-banner-title-visibility":"","ast-main-header-display":"","ast-hfb-above-header-display":"","ast-hfb-below-header-display":"","ast-hfb-mobile-header-display":"","site-post-title":"","ast-breadcrumbs-content":"","ast-featured-img":"","footer-sml-layout":"","ast-disable-related-posts":"","theme-transparent-header-meta":"default","adv-header-id-meta":"","stick-header-meta":"","header-above-stick-meta":"","header-main-stick-meta":"","header-below-stick-meta":"","astra-migrate-meta-layouts":"set","ast-page-background-enabled":"default","ast-page-background-meta":{"desktop":{"background-color":"var(--ast-global-color-4)","background-image":"","background-repeat":"repeat","background-position":"center center","background-size":"auto","background-attachment":"scroll","background-type":"","background-media":"","overlay-type":"","overlay-color":"","overlay-opacity":"","overlay-gradient":""},"tablet":{"background-color":"","background-image":"","background-repeat":"repeat","background-position":"center center","background-size":"auto","background-attachment":"scroll","background-type":"","background-media":"","overlay-type":"","overlay-color":"","overlay-opacity":"","overlay-gradient":""},"mobile":{"background-color":"","background-image":"","background-repeat":"repeat","background-position":"center center","background-size":"auto","background-attachment":"scroll","background-type":"","background-media":"","overlay-type":"","overlay-color":"","overlay-opacity":"","overlay-gradient":""}},"ast-content-background-meta":{"desktop":{"background-color":"var(--ast-global-color-5)","background-image":"","background-repeat":"repeat","background-position":"center center","background-size":"auto","background-attachment":"scroll","background-type":"","background-media":"","overlay-type":"","overlay-color":"","overlay-opacity":"","overlay-gradient":""},"tablet":{"background-color":"var(--ast-global-color-5)","background-image":"","background-repeat":"repeat","background-position":"center center","background-size":"auto","background-attachment":"scroll","background-type":"","background-media":"","overlay-type":"","overlay-color":"","overlay-opacity":"","overlay-gradient":""},"mobile":{"background-color":"var(--ast-global-color-5)","background-image":"","background-repeat":"repeat","background-position":"center center","background-size":"auto","background-attachment":"scroll","background-type":"","background-media":"","overlay-type":"","overlay-color":"","overlay-opacity":"","overlay-gradient":""}}},"product_brand":[],"product_cat":[96,97,77],"product_tag":[],"class_list":{"0":"post-1610","1":"product","2":"type-product","3":"status-publish","4":"has-post-thumbnail","6":"product_cat-brands","7":"product_cat-naole","8":"product_cat-skin-comfort","9":"desktop-align-left","10":"tablet-align-left","11":"mobile-align-left","13":"first","14":"instock","15":"taxable","16":"shipping-taxable","17":"product-type-simple","18":"add-to-wishlist-before_image"},"uagb_featured_image_src":{"full":["https:\/\/kosmeetika24.com\/wp-content\/uploads\/2023\/10\/220-Calming-Day-Lotion.jpg",600,600,false],"thumbnail":["https:\/\/kosmeetika24.com\/wp-content\/uploads\/2023\/10\/220-Calming-Day-Lotion-150x150.jpg",150,150,true],"medium":["https:\/\/kosmeetika24.com\/wp-content\/uploads\/2023\/10\/220-Calming-Day-Lotion-300x300.jpg",300,300,true],"medium_large":["https:\/\/kosmeetika24.com\/wp-content\/uploads\/2023\/10\/220-Calming-Day-Lotion.jpg",600,600,false],"large":["https:\/\/kosmeetika24.com\/wp-content\/uploads\/2023\/10\/220-Calming-Day-Lotion.jpg",600,600,false],"1536x1536":["https:\/\/kosmeetika24.com\/wp-content\/uploads\/2023\/10\/220-Calming-Day-Lotion.jpg",600,600,false],"2048x2048":["https:\/\/kosmeetika24.com\/wp-content\/uploads\/2023\/10\/220-Calming-Day-Lotion.jpg",600,600,false],"trp-custom-language-flag":["https:\/\/kosmeetika24.com\/wp-content\/uploads\/2023\/10\/220-Calming-Day-Lotion-12x12.jpg",12,12,true],"woocommerce_thumbnail":["https:\/\/kosmeetika24.com\/wp-content\/uploads\/2023\/10\/220-Calming-Day-Lotion-300x300.jpg",300,300,true],"woocommerce_single":["https:\/\/kosmeetika24.com\/wp-content\/uploads\/2023\/10\/220-Calming-Day-Lotion-500x500.jpg",500,500,true],"woocommerce_gallery_thumbnail":["https:\/\/kosmeetika24.com\/wp-content\/uploads\/2023\/10\/220-Calming-Day-Lotion-100x100.jpg",100,100,true]},"uagb_author_info":{"display_name":"admin","author_link":"https:\/\/kosmeetika24.com\/fi\/author\/"},"uagb_comment_info":0,"uagb_excerpt":"Rikkalikult niisutav ja rahustav. Sobib tundliku naha kaitsmiseks ja h\u00fcdrolipiidse tasakaalu s\u00e4ilitamiseks. Taastab naha f\u00fcsioloogilise seisundi ja aitab ennetada vananemist. Ei sisalda l\u00f5hnaaineid. Sobib tundlikule ja kuivale nahale. 50 ml","_links":{"self":[{"href":"https:\/\/kosmeetika24.com\/fi\/wp-json\/wp\/v2\/product\/1610","targetHints":{"allow":["GET"]}}],"collection":[{"href":"https:\/\/kosmeetika24.com\/fi\/wp-json\/wp\/v2\/product"}],"about":[{"href":"https:\/\/kosmeetika24.com\/fi\/wp-json\/wp\/v2\/types\/product"}],"replies":[{"embeddable":true,"href":"https:\/\/kosmeetika24.com\/fi\/wp-json\/wp\/v2\/comments?post=1610"}],"version-history":[{"count":1,"href":"https:\/\/kosmeetika24.com\/fi\/wp-json\/wp\/v2\/product\/1610\/revisions"}],"predecessor-version":[{"id":4710,"href":"https:\/\/kosmeetika24.com\/fi\/wp-json\/wp\/v2\/product\/1610\/revisions\/4710"}],"wp:featuredmedia":[{"embeddable":true,"href":"https:\/\/kosmeetika24.com\/fi\/wp-json\/wp\/v2\/media\/1624"}],"wp:attachment":[{"href":"https:\/\/kosmeetika24.com\/fi\/wp-json\/wp\/v2\/media?parent=1610"}],"wp:term":[{"taxonomy":"product_brand","embeddable":true,"href":"https:\/\/kosmeetika24.com\/fi\/wp-json\/wp\/v2\/product_brand?post=1610"},{"taxonomy":"product_cat","embeddable":true,"href":"https:\/\/kosmeetika24.com\/fi\/wp-json\/wp\/v2\/product_cat?post=1610"},{"taxonomy":"product_tag","embeddable":true,"href":"https:\/\/kosmeetika24.com\/fi\/wp-json\/wp\/v2\/product_tag?post=1610"}],"curies":[{"name":"wp","href":"https:\/\/api.w.org\/{rel}","templated":true}]}}