{"id":1607,"date":"2023-10-27T09:05:27","date_gmt":"2023-10-27T09:05:27","guid":{"rendered":"https:\/\/kosmeetika24.com\/?post_type=product&#038;p=1607"},"modified":"2025-07-02T13:28:59","modified_gmt":"2025-07-02T10:28:59","slug":"bruno-vassari-skin-comfort-varskendav-puhastuspiim","status":"publish","type":"product","link":"https:\/\/kosmeetika24.com\/fi\/tuote\/bruno-vassari-skin-comfort-varskendav-puhastuspiim\/","title":{"rendered":"BRUNO VASSARI Skin Comfort Virkist\u00e4v\u00e4 puhdistusmaito"},"content":{"rendered":"<p class=\"translation-block\">Hell\u00e4varainen alkoholiton puhdistusmaito <em>Fresh Cleansing Fluid<\/em> poistaa silm\u00e4meikin ja ylim\u00e4\u00e4r\u00e4isen rasvan ihon pinnalta.<\/p>\n<p><strong>P\u00c4\u00c4AINEOSAT<\/strong><\/p>\n<ul>\n<li>Kasviuutteiden kompleks: laventeli, lippo, keh\u00e4kukka, kamomilla ja m\u00e4kikuisma.<\/li>\n<li>Kosteuttava kompleksi: glyseroli ja glykolit<\/li>\n<\/ul>\n<p><strong>Vaikutus<\/strong><\/p>\n<ul>\n<li>Kasviuutteiden kompleksi on ihoa rauhoittavia ja tulehdusta ehk\u00e4isevi\u00e4 ominaisuuksia.<\/li>\n<li>Kosteuttava kompleksi palauttaa veden tasapainon ihossa.<\/li>\n<\/ul>\n<p><strong>K\u00e4ytt\u00f6<\/strong><\/p>\n<ul>\n<li>Levit\u00e4 puhdistusmaito kasvoille ja silmille py\u00f6rivin liikkein vanulapun tai puhtain k\u00e4sin.<\/li>\n<\/ul>\n<p><strong>Ainesosat<\/strong><\/p>\n<p><span style=\"font-size: 14px;\">AQUA (WATER), BUTULENE GLYCOL, CAPRYLIC\/CAPRIC TRIGLYCERIDE, GLYCERIN, CYCLOPENTASILOXANE, PEG-40 HYDROGENATED CASTOR OIL, POLOXAMER 184, LAVANDULA ANGUSTIFOLIA (LAVANDER) FLOWER EXTRACT, HYPERICUM PERFORATUM EXTRACT, CHAMOMILLA, RECUTITA (MATRICARIA) FLOWER EXTRACT, CALENDULA OFFICINALIS FLOWER EXTRACT, ANTHEMIS NOBILIS FLOWER EXTRACT, TILIA CORDATA FLOWER EXTRACT, CENTAUREA CYANUS FLOWER EXTRACT, PHENOXYETHANOL, IMIDAZOLIDINYL UREA, CARBOMER, TRIETHANOLAMINE, XANTHAN GUM, METHYLPARABEN, PROPYLENE GLYCOL, DISODIUM ETDA, METHYLDIHYDROJASMONATE, BUTYLPARABEN, ETHYLPARABEN, PROPYLPARABEN, CYCLAMEN ALDEHYDE, C.I. 42090 (FD&C BLUE No. 1), C.I. 19140 (FD&C YELLOW No. 5).<\/span><\/p>","protected":false},"excerpt":{"rendered":"<p>&nbsp;<\/p>\n<p>Poistaa silm\u00e4meikin ja ylim\u00e4\u00e4r\u00e4isen rasvan ihon pinnalta.<\/p>\n<p>Ihanteellinen ratkaisu ihon normaalin fysiologisen tilan tasapainottamiseen ja palauttamiseen.<\/p>\n<p>Ei sis\u00e4ll\u00e4 emulgaattoreita eik\u00e4 hajusteita.<\/p>\n<p>Sopii herk\u00e4lle iholle.<\/p>\n<p>250 ml<\/p>","protected":false},"featured_media":1608,"comment_status":"open","ping_status":"closed","template":"","meta":{"_uag_custom_page_level_css":"","site-sidebar-layout":"default","site-content-layout":"","ast-site-content-layout":"default","site-content-style":"default","site-sidebar-style":"default","ast-global-header-display":"","ast-banner-title-visibility":"","ast-main-header-display":"","ast-hfb-above-header-display":"","ast-hfb-below-header-display":"","ast-hfb-mobile-header-display":"","site-post-title":"","ast-breadcrumbs-content":"","ast-featured-img":"","footer-sml-layout":"","ast-disable-related-posts":"","theme-transparent-header-meta":"default","adv-header-id-meta":"","stick-header-meta":"","header-above-stick-meta":"","header-main-stick-meta":"","header-below-stick-meta":"","astra-migrate-meta-layouts":"set","ast-page-background-enabled":"default","ast-page-background-meta":{"desktop":{"background-color":"var(--ast-global-color-4)","background-image":"","background-repeat":"repeat","background-position":"center center","background-size":"auto","background-attachment":"scroll","background-type":"","background-media":"","overlay-type":"","overlay-color":"","overlay-opacity":"","overlay-gradient":""},"tablet":{"background-color":"","background-image":"","background-repeat":"repeat","background-position":"center center","background-size":"auto","background-attachment":"scroll","background-type":"","background-media":"","overlay-type":"","overlay-color":"","overlay-opacity":"","overlay-gradient":""},"mobile":{"background-color":"","background-image":"","background-repeat":"repeat","background-position":"center center","background-size":"auto","background-attachment":"scroll","background-type":"","background-media":"","overlay-type":"","overlay-color":"","overlay-opacity":"","overlay-gradient":""}},"ast-content-background-meta":{"desktop":{"background-color":"var(--ast-global-color-5)","background-image":"","background-repeat":"repeat","background-position":"center center","background-size":"auto","background-attachment":"scroll","background-type":"","background-media":"","overlay-type":"","overlay-color":"","overlay-opacity":"","overlay-gradient":""},"tablet":{"background-color":"var(--ast-global-color-5)","background-image":"","background-repeat":"repeat","background-position":"center center","background-size":"auto","background-attachment":"scroll","background-type":"","background-media":"","overlay-type":"","overlay-color":"","overlay-opacity":"","overlay-gradient":""},"mobile":{"background-color":"var(--ast-global-color-5)","background-image":"","background-repeat":"repeat","background-position":"center center","background-size":"auto","background-attachment":"scroll","background-type":"","background-media":"","overlay-type":"","overlay-color":"","overlay-opacity":"","overlay-gradient":""}}},"product_brand":[],"product_cat":[96,97,77],"product_tag":[],"class_list":{"0":"post-1607","1":"product","2":"type-product","3":"status-publish","4":"has-post-thumbnail","6":"product_cat-brands","7":"product_cat-naole","8":"product_cat-skin-comfort","9":"desktop-align-left","10":"tablet-align-left","11":"mobile-align-left","13":"first","14":"instock","15":"taxable","16":"shipping-taxable","17":"product-type-simple","18":"add-to-wishlist-before_image"},"uagb_featured_image_src":{"full":["https:\/\/kosmeetika24.com\/wp-content\/uploads\/2023\/10\/200.jpg",600,600,false],"thumbnail":["https:\/\/kosmeetika24.com\/wp-content\/uploads\/2023\/10\/200-150x150.jpg",150,150,true],"medium":["https:\/\/kosmeetika24.com\/wp-content\/uploads\/2023\/10\/200-300x300.jpg",300,300,true],"medium_large":["https:\/\/kosmeetika24.com\/wp-content\/uploads\/2023\/10\/200.jpg",600,600,false],"large":["https:\/\/kosmeetika24.com\/wp-content\/uploads\/2023\/10\/200.jpg",600,600,false],"1536x1536":["https:\/\/kosmeetika24.com\/wp-content\/uploads\/2023\/10\/200.jpg",600,600,false],"2048x2048":["https:\/\/kosmeetika24.com\/wp-content\/uploads\/2023\/10\/200.jpg",600,600,false],"trp-custom-language-flag":["https:\/\/kosmeetika24.com\/wp-content\/uploads\/2023\/10\/200-12x12.jpg",12,12,true],"woocommerce_thumbnail":["https:\/\/kosmeetika24.com\/wp-content\/uploads\/2023\/10\/200-300x300.jpg",300,300,true],"woocommerce_single":["https:\/\/kosmeetika24.com\/wp-content\/uploads\/2023\/10\/200-500x500.jpg",500,500,true],"woocommerce_gallery_thumbnail":["https:\/\/kosmeetika24.com\/wp-content\/uploads\/2023\/10\/200-100x100.jpg",100,100,true]},"uagb_author_info":{"display_name":"admin","author_link":"https:\/\/kosmeetika24.com\/fi\/author\/"},"uagb_comment_info":0,"uagb_excerpt":"&nbsp; Eemaldab silmameigi ja liigse rasu naha pinnalt. Ideaalne vahend naha normaalse f\u00fcsioloogilise seisundi tasakaalustamiseks ja taastamiseks. Ei sisalda emulgaatoreid ja l\u00f5hnaaineid. Sobib tundlikule nahale. 250 ml","_links":{"self":[{"href":"https:\/\/kosmeetika24.com\/fi\/wp-json\/wp\/v2\/product\/1607","targetHints":{"allow":["GET"]}}],"collection":[{"href":"https:\/\/kosmeetika24.com\/fi\/wp-json\/wp\/v2\/product"}],"about":[{"href":"https:\/\/kosmeetika24.com\/fi\/wp-json\/wp\/v2\/types\/product"}],"replies":[{"embeddable":true,"href":"https:\/\/kosmeetika24.com\/fi\/wp-json\/wp\/v2\/comments?post=1607"}],"version-history":[{"count":2,"href":"https:\/\/kosmeetika24.com\/fi\/wp-json\/wp\/v2\/product\/1607\/revisions"}],"predecessor-version":[{"id":4723,"href":"https:\/\/kosmeetika24.com\/fi\/wp-json\/wp\/v2\/product\/1607\/revisions\/4723"}],"wp:featuredmedia":[{"embeddable":true,"href":"https:\/\/kosmeetika24.com\/fi\/wp-json\/wp\/v2\/media\/1608"}],"wp:attachment":[{"href":"https:\/\/kosmeetika24.com\/fi\/wp-json\/wp\/v2\/media?parent=1607"}],"wp:term":[{"taxonomy":"product_brand","embeddable":true,"href":"https:\/\/kosmeetika24.com\/fi\/wp-json\/wp\/v2\/product_brand?post=1607"},{"taxonomy":"product_cat","embeddable":true,"href":"https:\/\/kosmeetika24.com\/fi\/wp-json\/wp\/v2\/product_cat?post=1607"},{"taxonomy":"product_tag","embeddable":true,"href":"https:\/\/kosmeetika24.com\/fi\/wp-json\/wp\/v2\/product_tag?post=1607"}],"curies":[{"name":"wp","href":"https:\/\/api.w.org\/{rel}","templated":true}]}}