{"id":1605,"date":"2024-01-04T10:01:49","date_gmt":"2024-01-04T10:01:49","guid":{"rendered":"https:\/\/kosmeetika24.com\/?post_type=product&#038;p=1605"},"modified":"2025-07-02T13:25:55","modified_gmt":"2025-07-02T10:25:55","slug":"bruno-vassari-skin-comfort-punetusvastane-kreem","status":"publish","type":"product","link":"https:\/\/kosmeetika24.com\/fi\/tuote\/bruno-vassari-skin-comfort-punetusvastane-kreem\/","title":{"rendered":"BRUNO VASSARI Skin Comfort punoituksen vastainen voide"},"content":{"rendered":"<p class=\"translation-block\">Kreem <em>Stop Redness<\/em> sopii punoitukseen ja kuperoosaan iholle. Kuperoosa syntyy, kun pienet hiussuonet laajenevat verisuonten elastisuuden menetyksen seurauksena. Sen aiheuttavat yleens\u00e4 hormonaaliset muutokset, \u00e4killiset l\u00e4mp\u00f6tilanvaihtelut, alkoholi, tietyt ruoka-aineet sek\u00e4 geneettiset syyt.<\/p>\n<p>Tehokkaiden kasviuutteiden ansiosta voide parantaa merkitt\u00e4v\u00e4sti kuperoosaihon ulkon\u00e4k\u00f6\u00e4.<\/p>\n<p><strong>P\u00c4\u00c4AINEOSAT<\/strong><\/p>\n<ul>\n<li>Kauraekstrakti<\/li>\n<li>Gatuliini A<\/li>\n<\/ul>\n<p><strong>Vaikutus<\/strong><\/p>\n<p>Kauraekstraktilla on tulehdusta est\u00e4vi\u00e4, antioksidanttisia ja ihoa rauhoittavia ominaisuuksia. Se v\u00e4hent\u00e4\u00e4 punoitusta, jonka aiheuttavat eri tekij\u00e4t, mukaan lukien UV-s\u00e4teilyn aiheuttama eryteema.<\/p>\n<p>Gatuliini A on viikunanheimon kasvin puhdistettu aine, jolla on seuraavat ominaisuudet:<\/p>\n<ul>\n<li>Tulehdusta est\u00e4v\u00e4: v\u00e4hent\u00e4\u00e4 punoitusta merkitt\u00e4v\u00e4sti ensimm\u00e4isest\u00e4 k\u00e4ytt\u00f6kerrasta alkaen.<\/li>\n<li>Rauhoittava: t\u00e4rke\u00e4 iholle, jota ymp\u00e4rist\u00f6n tekij\u00e4t ovat vahingoittaneet.<\/li>\n<li>Vapaita radikaale poistava.<\/li>\n<\/ul>\n<p><strong>K\u00e4ytt\u00f6<\/strong>:<\/p>\n<ul>\n<li>Levit\u00e4 voidetta puhdistetulle iholle. Sopii k\u00e4ytett\u00e4v\u00e4ksi sek\u00e4 aamulla ett\u00e4 illalla.<\/li>\n<\/ul>\n<p><strong>Ainesosat<\/strong><\/p>\n<p><span style=\"font-size: 14px;\">AQUA (WATER), CYCLOPENTASILOXANE, PENTYLENE\u00a0 GLYCOL, SQUALANE, C12-15 ALKYL BENZOATE, ISONONYL,\u00a0 ISONONANOATE, GLYCERIN, GLYCERYL STEARATE, PEG-100 STEARATE, BUTYROSPERMUM PARKII (SHEA) BUTTER, RANUNCULUS FICARIA EXTRACT, AVENA SATIVA (OAT) KERNEL EXTRACT, LAVENDULA ANGUSTIFOLIA (LAVANDER) FLOWER EXTRACT, CETYL ALCOHOL, PHENOXYETHANOL, TRIETHANOLAMINE, CARBOMER, DIMETHICONOL, METHYLPARABEN, METHYLDIHYDROJASMONATE, DISODIUM EDTA, ETHYLPARABEN, BUTYLPARABEN, CYCLAMEN, ALDEHYDE, METHYLPROPANEDIOL, LINALOOL, C.I. 19140 (FD&C YELLOW No. 5), C.I. 42090 (FD\/C BLUE No. 1).<\/span><\/p>","protected":false},"excerpt":{"rendered":"<p>Rauhoittava ja tulehdusta est\u00e4v\u00e4 neste, joka sopii kuperoosan ja ihon punoituksen ongelmiin.<\/p>\n<p>Normalisoi verisuonten s\u00e4vyn, vahvistaa verisuonten seini\u00e4, kosteuttaa ja rauhoittaa ihoa.<\/p>\n<p>Sis\u00e4lt\u00e4\u00e4 my\u00f6s vihre\u00e4\u00e4 pigmentti\u00e4, joka neutraloi ihon punertavan s\u00e4vyn.<\/p>\n<p>Sopii herk\u00e4lle iholle punoituksen ja kuperoosan lievitt\u00e4miseen.<\/p>\n<p>&nbsp;<\/p>\n<p>50 ml<\/p>","protected":false},"featured_media":1606,"comment_status":"open","ping_status":"closed","template":"","meta":{"_uag_custom_page_level_css":"","site-sidebar-layout":"default","site-content-layout":"","ast-site-content-layout":"default","site-content-style":"default","site-sidebar-style":"default","ast-global-header-display":"","ast-banner-title-visibility":"","ast-main-header-display":"","ast-hfb-above-header-display":"","ast-hfb-below-header-display":"","ast-hfb-mobile-header-display":"","site-post-title":"","ast-breadcrumbs-content":"","ast-featured-img":"","footer-sml-layout":"","ast-disable-related-posts":"","theme-transparent-header-meta":"default","adv-header-id-meta":"","stick-header-meta":"","header-above-stick-meta":"","header-main-stick-meta":"","header-below-stick-meta":"","astra-migrate-meta-layouts":"set","ast-page-background-enabled":"default","ast-page-background-meta":{"desktop":{"background-color":"var(--ast-global-color-4)","background-image":"","background-repeat":"repeat","background-position":"center center","background-size":"auto","background-attachment":"scroll","background-type":"","background-media":"","overlay-type":"","overlay-color":"","overlay-opacity":"","overlay-gradient":""},"tablet":{"background-color":"","background-image":"","background-repeat":"repeat","background-position":"center center","background-size":"auto","background-attachment":"scroll","background-type":"","background-media":"","overlay-type":"","overlay-color":"","overlay-opacity":"","overlay-gradient":""},"mobile":{"background-color":"","background-image":"","background-repeat":"repeat","background-position":"center center","background-size":"auto","background-attachment":"scroll","background-type":"","background-media":"","overlay-type":"","overlay-color":"","overlay-opacity":"","overlay-gradient":""}},"ast-content-background-meta":{"desktop":{"background-color":"var(--ast-global-color-5)","background-image":"","background-repeat":"repeat","background-position":"center center","background-size":"auto","background-attachment":"scroll","background-type":"","background-media":"","overlay-type":"","overlay-color":"","overlay-opacity":"","overlay-gradient":""},"tablet":{"background-color":"var(--ast-global-color-5)","background-image":"","background-repeat":"repeat","background-position":"center center","background-size":"auto","background-attachment":"scroll","background-type":"","background-media":"","overlay-type":"","overlay-color":"","overlay-opacity":"","overlay-gradient":""},"mobile":{"background-color":"var(--ast-global-color-5)","background-image":"","background-repeat":"repeat","background-position":"center center","background-size":"auto","background-attachment":"scroll","background-type":"","background-media":"","overlay-type":"","overlay-color":"","overlay-opacity":"","overlay-gradient":""}}},"product_brand":[],"product_cat":[96,97,77],"product_tag":[],"class_list":{"0":"post-1605","1":"product","2":"type-product","3":"status-publish","4":"has-post-thumbnail","6":"product_cat-brands","7":"product_cat-naole","8":"product_cat-skin-comfort","9":"desktop-align-left","10":"tablet-align-left","11":"mobile-align-left","13":"first","14":"instock","15":"taxable","16":"shipping-taxable","17":"product-type-simple","18":"add-to-wishlist-before_image"},"uagb_featured_image_src":{"full":["https:\/\/kosmeetika24.com\/wp-content\/uploads\/2023\/10\/224-Stop-Redness.jpg",600,600,false],"thumbnail":["https:\/\/kosmeetika24.com\/wp-content\/uploads\/2023\/10\/224-Stop-Redness-150x150.jpg",150,150,true],"medium":["https:\/\/kosmeetika24.com\/wp-content\/uploads\/2023\/10\/224-Stop-Redness-300x300.jpg",300,300,true],"medium_large":["https:\/\/kosmeetika24.com\/wp-content\/uploads\/2023\/10\/224-Stop-Redness.jpg",600,600,false],"large":["https:\/\/kosmeetika24.com\/wp-content\/uploads\/2023\/10\/224-Stop-Redness.jpg",600,600,false],"1536x1536":["https:\/\/kosmeetika24.com\/wp-content\/uploads\/2023\/10\/224-Stop-Redness.jpg",600,600,false],"2048x2048":["https:\/\/kosmeetika24.com\/wp-content\/uploads\/2023\/10\/224-Stop-Redness.jpg",600,600,false],"trp-custom-language-flag":["https:\/\/kosmeetika24.com\/wp-content\/uploads\/2023\/10\/224-Stop-Redness-12x12.jpg",12,12,true],"woocommerce_thumbnail":["https:\/\/kosmeetika24.com\/wp-content\/uploads\/2023\/10\/224-Stop-Redness-300x300.jpg",300,300,true],"woocommerce_single":["https:\/\/kosmeetika24.com\/wp-content\/uploads\/2023\/10\/224-Stop-Redness-500x500.jpg",500,500,true],"woocommerce_gallery_thumbnail":["https:\/\/kosmeetika24.com\/wp-content\/uploads\/2023\/10\/224-Stop-Redness-100x100.jpg",100,100,true]},"uagb_author_info":{"display_name":"admin","author_link":"https:\/\/kosmeetika24.com\/fi\/author\/"},"uagb_comment_info":0,"uagb_excerpt":"Rahustav ja p\u00f5letikuvastane vedelik, mis sobib kuperoosa ja nahapunetuse probleemide korral. Normaliseerib veresoonte toonust, tugevdab veresoonte seinu, niisutab ja rahustab nahka. Sisaldab ka rohelist pigmenti, mis neutraliseerib naha punast tooni. Sobib tundlikule nahale punetuse ja kuperoosa leevendamiseks. &nbsp; 50 ml","_links":{"self":[{"href":"https:\/\/kosmeetika24.com\/fi\/wp-json\/wp\/v2\/product\/1605","targetHints":{"allow":["GET"]}}],"collection":[{"href":"https:\/\/kosmeetika24.com\/fi\/wp-json\/wp\/v2\/product"}],"about":[{"href":"https:\/\/kosmeetika24.com\/fi\/wp-json\/wp\/v2\/types\/product"}],"replies":[{"embeddable":true,"href":"https:\/\/kosmeetika24.com\/fi\/wp-json\/wp\/v2\/comments?post=1605"}],"version-history":[{"count":1,"href":"https:\/\/kosmeetika24.com\/fi\/wp-json\/wp\/v2\/product\/1605\/revisions"}],"predecessor-version":[{"id":4707,"href":"https:\/\/kosmeetika24.com\/fi\/wp-json\/wp\/v2\/product\/1605\/revisions\/4707"}],"wp:featuredmedia":[{"embeddable":true,"href":"https:\/\/kosmeetika24.com\/fi\/wp-json\/wp\/v2\/media\/1606"}],"wp:attachment":[{"href":"https:\/\/kosmeetika24.com\/fi\/wp-json\/wp\/v2\/media?parent=1605"}],"wp:term":[{"taxonomy":"product_brand","embeddable":true,"href":"https:\/\/kosmeetika24.com\/fi\/wp-json\/wp\/v2\/product_brand?post=1605"},{"taxonomy":"product_cat","embeddable":true,"href":"https:\/\/kosmeetika24.com\/fi\/wp-json\/wp\/v2\/product_cat?post=1605"},{"taxonomy":"product_tag","embeddable":true,"href":"https:\/\/kosmeetika24.com\/fi\/wp-json\/wp\/v2\/product_tag?post=1605"}],"curies":[{"name":"wp","href":"https:\/\/api.w.org\/{rel}","templated":true}]}}