{"id":1603,"date":"2024-05-31T09:00:21","date_gmt":"2024-05-31T09:00:21","guid":{"rendered":"https:\/\/kosmeetika24.com\/?post_type=product&#038;p=1603"},"modified":"2025-07-03T12:31:18","modified_gmt":"2025-07-03T09:31:18","slug":"charmyco-premature-aging-2-enneaegse-vananemise-vastu-2","status":"publish","type":"product","link":"https:\/\/kosmeetika24.com\/fi\/tuote\/charmyco-premature-aging-2-enneaegse-vananemise-vastu-2\/","title":{"rendered":"Charmyco Premature Aging 2 - Ennenaikaisen ik\u00e4\u00e4ntymisen ehk\u00e4isy"},"content":{"rendered":"<p>Iholla on synnynn\u00e4inen kyky uudistua. Kemiallinen kuorinta vaikuttaa syvempiin kerroksiin, poistaa kuolleet ihosolut ja antaa tiet\u00e4 uusille, t\u00e4ysin toimiville soluilla.<\/p>\n<p>V\u00e4hendab kortse ja miimikajooni ning aitab leevendada vananemise m\u00e4rke.<\/p>\n<p>K\u00e4ytt\u00f6<\/p>\n<ol>\n<li>Puhdista ja valmistele k\u00e4sitelt\u00e4v\u00e4 kasvoalue. Suojaa herk\u00e4t alueet.<\/li>\n<li>Levit\u00e4 ensimm\u00e4inen kerros happoa kasvoille ja paina varovasti sormilla, jotta happo p\u00e4\u00e4see ihon syvempiin kerroksiin.<\/li>\n<li>Toista toimenpide jokaisen kerroksen j\u00e4lkeen.<\/li>\n<li>Levit\u00e4 happokerroksia ihotyypist\u00e4si riippuen niin monta kuin tarvitset.<\/li>\n<li>Happokuorinnan kesto tulisi olla 2-10 minuuttia ihotyypist\u00e4 riippuen.<\/li>\n<li>Poista tuote viile\u00e4ll\u00e4 vedell\u00e4!<\/li>\n<\/ol>\n<p>\u00a0<\/p>\n<p>Ainesosat<\/p>\n<p>ALCOHOL DENAT., AQUA, PYRUVIC ACID, LACTIC ACID, GLYCERIN, POLISORBATE-20, LINOLEIC ACID, LINOLENIC ACID, PROPYLENE GLYCOL, PHENOXYETHANOL, ETHYLHEXYLGLYCERIN.<\/p>","protected":false},"excerpt":{"rendered":"<p>Erityisesti suunniteltu kemiallinen kuorinta, joka sis\u00e4lt\u00e4\u00e4 korkean pitoisuuden vaikuttavia aineita.<\/p>\n<p>PYRUVIHAPPO on yksi vaikuttavista aineista, joka ratkaisee laajan valikoiman ihon ongelmia hyperpigmentaatiosta fotovanhentumiseen.<\/p>\n<p>Pelaa suurta roolia solujen aineenvaihdunnassa.<\/p>\n<p>Toimii lempe\u00e4sti, ei kuivu iholle, ja sill\u00e4 on jopa kosteuttava ja antiseptinen vaikutus.<\/p>\n<p>Stimuloi kollageenin tuotantoa.<\/p>\n<p>Hyv\u00e4 ongelmakasvoille, koska se nopeuttaa aineenvaihduntaa.<\/p>\n<p>Se kuuluu sek\u00e4 pinnallisiin ett\u00e4 keskitason happoihin.<\/p>\n<p>60 ml<\/p>\n<p>&nbsp;<\/p>","protected":false},"featured_media":1604,"comment_status":"open","ping_status":"closed","template":"","meta":{"_uag_custom_page_level_css":"","site-sidebar-layout":"default","site-content-layout":"","ast-site-content-layout":"default","site-content-style":"default","site-sidebar-style":"default","ast-global-header-display":"","ast-banner-title-visibility":"","ast-main-header-display":"","ast-hfb-above-header-display":"","ast-hfb-below-header-display":"","ast-hfb-mobile-header-display":"","site-post-title":"","ast-breadcrumbs-content":"","ast-featured-img":"","footer-sml-layout":"","ast-disable-related-posts":"","theme-transparent-header-meta":"default","adv-header-id-meta":"","stick-header-meta":"","header-above-stick-meta":"","header-main-stick-meta":"","header-below-stick-meta":"","astra-migrate-meta-layouts":"set","ast-page-background-enabled":"default","ast-page-background-meta":{"desktop":{"background-color":"var(--ast-global-color-4)","background-image":"","background-repeat":"repeat","background-position":"center center","background-size":"auto","background-attachment":"scroll","background-type":"","background-media":"","overlay-type":"","overlay-color":"","overlay-opacity":"","overlay-gradient":""},"tablet":{"background-color":"","background-image":"","background-repeat":"repeat","background-position":"center center","background-size":"auto","background-attachment":"scroll","background-type":"","background-media":"","overlay-type":"","overlay-color":"","overlay-opacity":"","overlay-gradient":""},"mobile":{"background-color":"","background-image":"","background-repeat":"repeat","background-position":"center center","background-size":"auto","background-attachment":"scroll","background-type":"","background-media":"","overlay-type":"","overlay-color":"","overlay-opacity":"","overlay-gradient":""}},"ast-content-background-meta":{"desktop":{"background-color":"var(--ast-global-color-5)","background-image":"","background-repeat":"repeat","background-position":"center center","background-size":"auto","background-attachment":"scroll","background-type":"","background-media":"","overlay-type":"","overlay-color":"","overlay-opacity":"","overlay-gradient":""},"tablet":{"background-color":"var(--ast-global-color-5)","background-image":"","background-repeat":"repeat","background-position":"center center","background-size":"auto","background-attachment":"scroll","background-type":"","background-media":"","overlay-type":"","overlay-color":"","overlay-opacity":"","overlay-gradient":""},"mobile":{"background-color":"var(--ast-global-color-5)","background-image":"","background-repeat":"repeat","background-position":"center center","background-size":"auto","background-attachment":"scroll","background-type":"","background-media":"","overlay-type":"","overlay-color":"","overlay-opacity":"","overlay-gradient":""}}},"product_brand":[],"product_cat":[96,81,97],"product_tag":[],"class_list":{"0":"post-1603","1":"product","2":"type-product","3":"status-publish","4":"has-post-thumbnail","6":"product_cat-brands","7":"product_cat-charmyco","8":"product_cat-naole","9":"desktop-align-left","10":"tablet-align-left","11":"mobile-align-left","13":"first","14":"instock","15":"taxable","16":"shipping-taxable","17":"product-type-simple","18":"add-to-wishlist-before_image"},"uagb_featured_image_src":{"full":["https:\/\/kosmeetika24.com\/wp-content\/uploads\/2023\/10\/11-600x600-1.png",600,600,false],"thumbnail":["https:\/\/kosmeetika24.com\/wp-content\/uploads\/2023\/10\/11-600x600-1-150x150.png",150,150,true],"medium":["https:\/\/kosmeetika24.com\/wp-content\/uploads\/2023\/10\/11-600x600-1-300x300.png",300,300,true],"medium_large":["https:\/\/kosmeetika24.com\/wp-content\/uploads\/2023\/10\/11-600x600-1.png",600,600,false],"large":["https:\/\/kosmeetika24.com\/wp-content\/uploads\/2023\/10\/11-600x600-1.png",600,600,false],"1536x1536":["https:\/\/kosmeetika24.com\/wp-content\/uploads\/2023\/10\/11-600x600-1.png",600,600,false],"2048x2048":["https:\/\/kosmeetika24.com\/wp-content\/uploads\/2023\/10\/11-600x600-1.png",600,600,false],"trp-custom-language-flag":["https:\/\/kosmeetika24.com\/wp-content\/uploads\/2023\/10\/11-600x600-1-12x12.png",12,12,true],"woocommerce_thumbnail":["https:\/\/kosmeetika24.com\/wp-content\/uploads\/2023\/10\/11-600x600-1-300x300.png",300,300,true],"woocommerce_single":["https:\/\/kosmeetika24.com\/wp-content\/uploads\/2023\/10\/11-600x600-1-500x500.png",500,500,true],"woocommerce_gallery_thumbnail":["https:\/\/kosmeetika24.com\/wp-content\/uploads\/2023\/10\/11-600x600-1-100x100.png",100,100,true]},"uagb_author_info":{"display_name":"admin","author_link":"https:\/\/kosmeetika24.com\/fi\/author\/"},"uagb_comment_info":0,"uagb_excerpt":"Spetsiaalselt loodud keemiline koorimine, mis sisaldab toimeainete k\u00f5rget kontsentratsiooni. PYRUVIC ACID on \u00fcks toimeaine, mis lahendab laia spektri naha probleeme alates h\u00fcperpigmentatsioonist kuni fotovananemiseni. M\u00e4ngib suurt rolli rakkude metabolismis. Toimib pehmelt, ei kuivata nahka, omab isegi niisutavat ja antiseptilist effekti. Stimuleerib kollageni tootmist. Hea kasutada probleemsel nahal, sest kiirendab ainevahetust. Kuulub nii pindmise kui keskmise&hellip;","_links":{"self":[{"href":"https:\/\/kosmeetika24.com\/fi\/wp-json\/wp\/v2\/product\/1603","targetHints":{"allow":["GET"]}}],"collection":[{"href":"https:\/\/kosmeetika24.com\/fi\/wp-json\/wp\/v2\/product"}],"about":[{"href":"https:\/\/kosmeetika24.com\/fi\/wp-json\/wp\/v2\/types\/product"}],"replies":[{"embeddable":true,"href":"https:\/\/kosmeetika24.com\/fi\/wp-json\/wp\/v2\/comments?post=1603"}],"version-history":[{"count":1,"href":"https:\/\/kosmeetika24.com\/fi\/wp-json\/wp\/v2\/product\/1603\/revisions"}],"predecessor-version":[{"id":4625,"href":"https:\/\/kosmeetika24.com\/fi\/wp-json\/wp\/v2\/product\/1603\/revisions\/4625"}],"wp:featuredmedia":[{"embeddable":true,"href":"https:\/\/kosmeetika24.com\/fi\/wp-json\/wp\/v2\/media\/1604"}],"wp:attachment":[{"href":"https:\/\/kosmeetika24.com\/fi\/wp-json\/wp\/v2\/media?parent=1603"}],"wp:term":[{"taxonomy":"product_brand","embeddable":true,"href":"https:\/\/kosmeetika24.com\/fi\/wp-json\/wp\/v2\/product_brand?post=1603"},{"taxonomy":"product_cat","embeddable":true,"href":"https:\/\/kosmeetika24.com\/fi\/wp-json\/wp\/v2\/product_cat?post=1603"},{"taxonomy":"product_tag","embeddable":true,"href":"https:\/\/kosmeetika24.com\/fi\/wp-json\/wp\/v2\/product_tag?post=1603"}],"curies":[{"name":"wp","href":"https:\/\/api.w.org\/{rel}","templated":true}]}}