{"id":1593,"date":"2024-01-04T11:21:45","date_gmt":"2024-01-04T11:21:45","guid":{"rendered":"https:\/\/kosmeetika24.com\/?post_type=product&#038;p=1593"},"modified":"2025-07-02T14:39:48","modified_gmt":"2025-07-02T11:39:48","slug":"bruno-vassari-anti-stress-puhastusvaht-2","status":"publish","type":"product","link":"https:\/\/kosmeetika24.com\/fi\/tuote\/bruno-vassari-anti-stress-puhastusvaht-2\/","title":{"rendered":"BRUNO VASSARI Anti-Stress puhdistusvaahto"},"content":{"rendered":"<p class=\"translation-block\">Vitamiine ja mineraale sis\u00e4lt\u00e4v\u00e4 puhdistusvaahto <em>Self Foaming Cleanser<\/em> rauhoittaa ja pehment\u00e4\u00e4 stressaantunutta ihoa.<\/p>\n<p>Sis\u00e4lt\u00e4\u00e4 mikroelementtej\u00e4 ja kosteuttavia aineita.<\/p>\n<p>Poistaa t\u00e4ydellisesti ep\u00e4puhtaudet ja meikin iholta.<\/p>\n<p>Se ei \u00e4rsyt\u00e4 ihoa puhdistuksen aikana ja on helppo k\u00e4ytt\u00e4\u00e4.<\/p>\n<p>Sopii kaikille ihotyypeille, erityisesti herk\u00e4lle iholle.<\/p>\n<p><strong>P\u00c4\u00c4AINEOSAT<\/strong><\/p>\n<ul>\n<li>Mikroelementit: magnesium, sinkki, kupari ja mangaani.<\/li>\n<li>V\u00e4h\u00e4\u00e4rsytt\u00e4v\u00e4t pinta-aktiiviset aineet<\/li>\n<\/ul>\n<p><strong>Vaikutus<\/strong><\/p>\n<ul>\n<li>Vahto, joka levitet\u00e4\u00e4n suoraan kostealle iholle, puhdistaa t\u00e4ydellisesti lian ja meikin samalla ottaen huomioon herk\u00e4n ihon arkuuden.<\/li>\n<\/ul>\n<p><strong>K\u00e4ytt\u00f6<\/strong><\/p>\n<ul>\n<li>Levit\u00e4 puhdistusvaahto aiemmin kostutetulle iholle, sill\u00e4 n\u00e4in vaahto on runsaampaa ja pehme\u00e4mp\u00e4\u00e4.<\/li>\n<li>Poista vedell\u00e4 ja taputtele kuivaksi hankaamatta ihoa.<\/li>\n<li>Sopii k\u00e4ytett\u00e4v\u00e4ksi sek\u00e4 aamulla ett\u00e4 illalla.<\/li>\n<\/ul>\n<p><strong>Ainesosat<\/strong><\/p>\n<p><span style=\"font-size: 14px;\">AQUA (WATER), GLYCERIN, BUTYLENE GLYCOL, SODIUM LAURETH SULFATE, PEG-200 HYDROGENATED GLYCERYL PALMATE, SISODIUM COCOAMPHODIACETATE, PEG-7 GLYCERYL COCOATE, COCAMIDOPROPYL BETAINE, SODIUM CHLORIDE, METHYLPARABEN, PHENOXYETHANOL, DISODIUM EDTA, CITRIC ACID, ETHYLPARABEN, BUTYLPARABEN, SODIUM BENZOATE, PROPYLPARABEN, ZINC ASPARTATE, COPPER ASPARTATE, MAGNESIUM ASPARTATE, MANGANESE ASPARTATE, PARFUM (FRAGRANCE), LINALOOL, HEXYL CINNAMAL, BUTYLPHENYL METHYLPROPIONAL.<\/span><\/p>","protected":false},"excerpt":{"rendered":"<p>Pehme puhdistusvaahto ihon pesemiseen ja valmisteluun kosmetiikkatoimenpiteit\u00e4 varten.<\/p>\n<p>Erityisesti herk\u00e4lle iholle ja ruusufinnist\u00e4 k\u00e4rsiv\u00e4lle iholle.<\/p>\n<p>Tuotteen mikroelementit rikastavat ihoa, mik\u00e4 on erityisen t\u00e4rke\u00e4\u00e4 yli 40-vuotiaille.<\/p>\n<p>150 ml<\/p>","protected":false},"featured_media":1594,"comment_status":"open","ping_status":"closed","template":"","meta":{"_uag_custom_page_level_css":"","site-sidebar-layout":"default","site-content-layout":"","ast-site-content-layout":"default","site-content-style":"default","site-sidebar-style":"default","ast-global-header-display":"","ast-banner-title-visibility":"","ast-main-header-display":"","ast-hfb-above-header-display":"","ast-hfb-below-header-display":"","ast-hfb-mobile-header-display":"","site-post-title":"","ast-breadcrumbs-content":"","ast-featured-img":"","footer-sml-layout":"","ast-disable-related-posts":"","theme-transparent-header-meta":"default","adv-header-id-meta":"","stick-header-meta":"","header-above-stick-meta":"","header-main-stick-meta":"","header-below-stick-meta":"","astra-migrate-meta-layouts":"set","ast-page-background-enabled":"default","ast-page-background-meta":{"desktop":{"background-color":"var(--ast-global-color-4)","background-image":"","background-repeat":"repeat","background-position":"center center","background-size":"auto","background-attachment":"scroll","background-type":"","background-media":"","overlay-type":"","overlay-color":"","overlay-opacity":"","overlay-gradient":""},"tablet":{"background-color":"","background-image":"","background-repeat":"repeat","background-position":"center center","background-size":"auto","background-attachment":"scroll","background-type":"","background-media":"","overlay-type":"","overlay-color":"","overlay-opacity":"","overlay-gradient":""},"mobile":{"background-color":"","background-image":"","background-repeat":"repeat","background-position":"center center","background-size":"auto","background-attachment":"scroll","background-type":"","background-media":"","overlay-type":"","overlay-color":"","overlay-opacity":"","overlay-gradient":""}},"ast-content-background-meta":{"desktop":{"background-color":"var(--ast-global-color-5)","background-image":"","background-repeat":"repeat","background-position":"center center","background-size":"auto","background-attachment":"scroll","background-type":"","background-media":"","overlay-type":"","overlay-color":"","overlay-opacity":"","overlay-gradient":""},"tablet":{"background-color":"var(--ast-global-color-5)","background-image":"","background-repeat":"repeat","background-position":"center center","background-size":"auto","background-attachment":"scroll","background-type":"","background-media":"","overlay-type":"","overlay-color":"","overlay-opacity":"","overlay-gradient":""},"mobile":{"background-color":"var(--ast-global-color-5)","background-image":"","background-repeat":"repeat","background-position":"center center","background-size":"auto","background-attachment":"scroll","background-type":"","background-media":"","overlay-type":"","overlay-color":"","overlay-opacity":"","overlay-gradient":""}}},"product_brand":[],"product_cat":[63,96,97],"product_tag":[],"class_list":{"0":"post-1593","1":"product","2":"type-product","3":"status-publish","4":"has-post-thumbnail","6":"product_cat-anti-stress","7":"product_cat-brands","8":"product_cat-naole","9":"desktop-align-left","10":"tablet-align-left","11":"mobile-align-left","13":"first","14":"instock","15":"taxable","16":"shipping-taxable","17":"product-type-simple","18":"add-to-wishlist-before_image"},"uagb_featured_image_src":{"full":["https:\/\/kosmeetika24.com\/wp-content\/uploads\/2023\/10\/205-Self-Foaming-Cleanser-1.jpg",600,600,false],"thumbnail":["https:\/\/kosmeetika24.com\/wp-content\/uploads\/2023\/10\/205-Self-Foaming-Cleanser-1-150x150.jpg",150,150,true],"medium":["https:\/\/kosmeetika24.com\/wp-content\/uploads\/2023\/10\/205-Self-Foaming-Cleanser-1-300x300.jpg",300,300,true],"medium_large":["https:\/\/kosmeetika24.com\/wp-content\/uploads\/2023\/10\/205-Self-Foaming-Cleanser-1.jpg",600,600,false],"large":["https:\/\/kosmeetika24.com\/wp-content\/uploads\/2023\/10\/205-Self-Foaming-Cleanser-1.jpg",600,600,false],"1536x1536":["https:\/\/kosmeetika24.com\/wp-content\/uploads\/2023\/10\/205-Self-Foaming-Cleanser-1.jpg",600,600,false],"2048x2048":["https:\/\/kosmeetika24.com\/wp-content\/uploads\/2023\/10\/205-Self-Foaming-Cleanser-1.jpg",600,600,false],"trp-custom-language-flag":["https:\/\/kosmeetika24.com\/wp-content\/uploads\/2023\/10\/205-Self-Foaming-Cleanser-1-12x12.jpg",12,12,true],"woocommerce_thumbnail":["https:\/\/kosmeetika24.com\/wp-content\/uploads\/2023\/10\/205-Self-Foaming-Cleanser-1-300x300.jpg",300,300,true],"woocommerce_single":["https:\/\/kosmeetika24.com\/wp-content\/uploads\/2023\/10\/205-Self-Foaming-Cleanser-1-500x500.jpg",500,500,true],"woocommerce_gallery_thumbnail":["https:\/\/kosmeetika24.com\/wp-content\/uploads\/2023\/10\/205-Self-Foaming-Cleanser-1-100x100.jpg",100,100,true]},"uagb_author_info":{"display_name":"admin","author_link":"https:\/\/kosmeetika24.com\/fi\/author\/"},"uagb_comment_info":0,"uagb_excerpt":"Pehme puhastusvaht naha pesemiseks ja ettevalmistamiseks enne kosmeetilisi protseduure. Sobib eriti h\u00e4sti tundlikule nahale ja rosaatseaga nahale. Tootes sisalduvad mikroelemendid rikastavad nahka, mis see on eriti oluline vanuses 40+. 150 ml","_links":{"self":[{"href":"https:\/\/kosmeetika24.com\/fi\/wp-json\/wp\/v2\/product\/1593","targetHints":{"allow":["GET"]}}],"collection":[{"href":"https:\/\/kosmeetika24.com\/fi\/wp-json\/wp\/v2\/product"}],"about":[{"href":"https:\/\/kosmeetika24.com\/fi\/wp-json\/wp\/v2\/types\/product"}],"replies":[{"embeddable":true,"href":"https:\/\/kosmeetika24.com\/fi\/wp-json\/wp\/v2\/comments?post=1593"}],"version-history":[{"count":1,"href":"https:\/\/kosmeetika24.com\/fi\/wp-json\/wp\/v2\/product\/1593\/revisions"}],"predecessor-version":[{"id":4687,"href":"https:\/\/kosmeetika24.com\/fi\/wp-json\/wp\/v2\/product\/1593\/revisions\/4687"}],"wp:featuredmedia":[{"embeddable":true,"href":"https:\/\/kosmeetika24.com\/fi\/wp-json\/wp\/v2\/media\/1594"}],"wp:attachment":[{"href":"https:\/\/kosmeetika24.com\/fi\/wp-json\/wp\/v2\/media?parent=1593"}],"wp:term":[{"taxonomy":"product_brand","embeddable":true,"href":"https:\/\/kosmeetika24.com\/fi\/wp-json\/wp\/v2\/product_brand?post=1593"},{"taxonomy":"product_cat","embeddable":true,"href":"https:\/\/kosmeetika24.com\/fi\/wp-json\/wp\/v2\/product_cat?post=1593"},{"taxonomy":"product_tag","embeddable":true,"href":"https:\/\/kosmeetika24.com\/fi\/wp-json\/wp\/v2\/product_tag?post=1593"}],"curies":[{"name":"wp","href":"https:\/\/api.w.org\/{rel}","templated":true}]}}