{"id":1591,"date":"2024-01-04T12:48:25","date_gmt":"2024-01-04T12:48:25","guid":{"rendered":"https:\/\/kosmeetika24.com\/?post_type=product&#038;p=1591"},"modified":"2025-07-02T14:49:45","modified_gmt":"2025-07-02T11:49:45","slug":"bruno-vassari-aha-glukoolhappe-10-kreem","status":"publish","type":"product","link":"https:\/\/kosmeetika24.com\/fi\/tuote\/bruno-vassari-aha-glukoolhappe-10-kreem\/","title":{"rendered":"BRUNO VASSARI AHA Glycolhappo 10% -voide"},"content":{"rendered":"<div class=\"field field-name-body field-type-text-with-summary field-label-hidden\">\n<div class=\"field-items\">\n<div class=\"field-item even\">\n<p class=\"translation-block\">Kreemi <em>Aha Glycolic Cream 10<\/em> sis\u00e4lt\u00e4\u00e4 10 % glykolihappoa. Se parantaa ja pehment\u00e4\u00e4 ihon rakennetta, poistaa vaurioituneet pintakerrokset ja stimuloi solujen uusiutumista. Se mattapintaa ja tasoittaa ihon s\u00e4vy\u00e4, est\u00e4en pigmenttivirheiden syntymisen. Sis\u00e4lt\u00e4\u00e4 aurinkosuoja-aineita.<\/p>\n<\/div>\n<\/div>\n<\/div>\n<p>Sopii paksulle, rasvoittuneelle, aknealtistuneelle, hyperpigmentoituneelle, ik\u00e4\u00e4ntyneelle, hyperkeratoosista k\u00e4rsiv\u00e4lle, fotovanhentuneelle ja\/tai syv\u00e4llist\u00e4 uudistumista kaipaavalle iholle.<\/p>\n<p><strong>VAIKUTTAVAT AINEET<\/strong><\/p>\n<ul>\n<li>10% Glykolihappo<\/li>\n<li>Kosteuttavat aineet: glykolipari, parafiini.<\/li>\n<li>Koola-p\u00e4hkin\u00e4n uute<\/li>\n<li>E-vitamiini<\/li>\n<li>Aurinkosuojaussuodatin<\/li>\n<\/ul>\n<p><strong>Vaikutus<\/strong><\/p>\n<ul>\n<li>Glykolihappo kuorii kemiallisesti vaurioituneen ihon pintakerrokset.<\/li>\n<li>Kosteuttavat aineet kosteuttavat ja pehment\u00e4v\u00e4t ihon rakennetta. Iho muuttuu kirkkaaksi ja sile\u00e4ksi.<\/li>\n<li>Koolap\u00e4hkin\u00e4uuteella on tonisoivia ja tukkeumia v\u00e4hent\u00e4vi\u00e4 ominaisuuksia. Se minimoi hienojen juonteiden ilmestymist\u00e4.<\/li>\n<li>E-vitamiini toimii antioksidanttina, suojaten kollageeni ja elastiinikuituja.<\/li>\n<\/ul>\n<p><strong>Ainesosat<\/strong><\/p>\n<p>AQUA (WATER, CLYCOLIC ACID, PROLYLENE GLYCOL, PARAFFINUM LIQUIDIUM (MINERAL OIL), GLYCERYL STEARATE, PEG-100 STEARATE, ISOPROPYL PALMITATE, BEMTONITECETYL, ACETATE, AMMONIUM HYDROXIDE, PALMITICIC ACID, DIMETHICONE, CETYL ALCOHOL, MAGNESIUM ALUMINIUM SILICATE, STEARIC ACID, ETHYLHEXYL METHOXYCINNAMATE, LANOLIN ALCOHOL, STEARYL ACETATE, XHANTHAN GUM, DISODIUM EDTA, TOCOPHERYL ACETATE, OLEYL ACETATE, ACETYLATED LANOLIN ALCOHOL, 2-BROMO-2-NITROPROPANE-1,3-DIOL, SODIUM CHLORIDE, BHT, ARACHIDIC ACID, MYRISTIC ACID, ASCORBYL PALMITATE, CITRIC ACID, METHYLPARABEN, PROPYLPARABEN, PARFUM (FRAGRANCE, BENZYL SALICYLATE, HEXYL CINNAMAL, LIMONENE, LINALOOL.<\/p>\n<p>\u00a0<\/p>","protected":false},"excerpt":{"rendered":"<p>V\u00e4ltt\u00e4m\u00e4t\u00f6n auringon vaurioittamalle ja syv\u00e4llist\u00e4 uudistumista kaipaavalle iholle.<\/p>","protected":false},"featured_media":1592,"comment_status":"open","ping_status":"closed","template":"","meta":{"_uag_custom_page_level_css":"","site-sidebar-layout":"default","site-content-layout":"","ast-site-content-layout":"default","site-content-style":"default","site-sidebar-style":"default","ast-global-header-display":"","ast-banner-title-visibility":"","ast-main-header-display":"","ast-hfb-above-header-display":"","ast-hfb-below-header-display":"","ast-hfb-mobile-header-display":"","site-post-title":"","ast-breadcrumbs-content":"","ast-featured-img":"","footer-sml-layout":"","ast-disable-related-posts":"","theme-transparent-header-meta":"default","adv-header-id-meta":"","stick-header-meta":"","header-above-stick-meta":"","header-main-stick-meta":"","header-below-stick-meta":"","astra-migrate-meta-layouts":"set","ast-page-background-enabled":"default","ast-page-background-meta":{"desktop":{"background-color":"var(--ast-global-color-4)","background-image":"","background-repeat":"repeat","background-position":"center center","background-size":"auto","background-attachment":"scroll","background-type":"","background-media":"","overlay-type":"","overlay-color":"","overlay-opacity":"","overlay-gradient":""},"tablet":{"background-color":"","background-image":"","background-repeat":"repeat","background-position":"center center","background-size":"auto","background-attachment":"scroll","background-type":"","background-media":"","overlay-type":"","overlay-color":"","overlay-opacity":"","overlay-gradient":""},"mobile":{"background-color":"","background-image":"","background-repeat":"repeat","background-position":"center center","background-size":"auto","background-attachment":"scroll","background-type":"","background-media":"","overlay-type":"","overlay-color":"","overlay-opacity":"","overlay-gradient":""}},"ast-content-background-meta":{"desktop":{"background-color":"var(--ast-global-color-5)","background-image":"","background-repeat":"repeat","background-position":"center center","background-size":"auto","background-attachment":"scroll","background-type":"","background-media":"","overlay-type":"","overlay-color":"","overlay-opacity":"","overlay-gradient":""},"tablet":{"background-color":"var(--ast-global-color-5)","background-image":"","background-repeat":"repeat","background-position":"center center","background-size":"auto","background-attachment":"scroll","background-type":"","background-media":"","overlay-type":"","overlay-color":"","overlay-opacity":"","overlay-gradient":""},"mobile":{"background-color":"var(--ast-global-color-5)","background-image":"","background-repeat":"repeat","background-position":"center center","background-size":"auto","background-attachment":"scroll","background-type":"","background-media":"","overlay-type":"","overlay-color":"","overlay-opacity":"","overlay-gradient":""}}},"product_brand":[],"product_cat":[70,96,97],"product_tag":[],"class_list":{"0":"post-1591","1":"product","2":"type-product","3":"status-publish","4":"has-post-thumbnail","6":"product_cat-aha","7":"product_cat-brands","8":"product_cat-naole","9":"desktop-align-left","10":"tablet-align-left","11":"mobile-align-left","13":"first","14":"instock","15":"taxable","16":"shipping-taxable","17":"product-type-simple","18":"add-to-wishlist-before_image"},"uagb_featured_image_src":{"full":["https:\/\/kosmeetika24.com\/wp-content\/uploads\/2023\/10\/0228-Glycolic-Cream.jpg",600,600,false],"thumbnail":["https:\/\/kosmeetika24.com\/wp-content\/uploads\/2023\/10\/0228-Glycolic-Cream-150x150.jpg",150,150,true],"medium":["https:\/\/kosmeetika24.com\/wp-content\/uploads\/2023\/10\/0228-Glycolic-Cream-300x300.jpg",300,300,true],"medium_large":["https:\/\/kosmeetika24.com\/wp-content\/uploads\/2023\/10\/0228-Glycolic-Cream.jpg",600,600,false],"large":["https:\/\/kosmeetika24.com\/wp-content\/uploads\/2023\/10\/0228-Glycolic-Cream.jpg",600,600,false],"1536x1536":["https:\/\/kosmeetika24.com\/wp-content\/uploads\/2023\/10\/0228-Glycolic-Cream.jpg",600,600,false],"2048x2048":["https:\/\/kosmeetika24.com\/wp-content\/uploads\/2023\/10\/0228-Glycolic-Cream.jpg",600,600,false],"trp-custom-language-flag":["https:\/\/kosmeetika24.com\/wp-content\/uploads\/2023\/10\/0228-Glycolic-Cream-12x12.jpg",12,12,true],"woocommerce_thumbnail":["https:\/\/kosmeetika24.com\/wp-content\/uploads\/2023\/10\/0228-Glycolic-Cream-300x300.jpg",300,300,true],"woocommerce_single":["https:\/\/kosmeetika24.com\/wp-content\/uploads\/2023\/10\/0228-Glycolic-Cream-500x500.jpg",500,500,true],"woocommerce_gallery_thumbnail":["https:\/\/kosmeetika24.com\/wp-content\/uploads\/2023\/10\/0228-Glycolic-Cream-100x100.jpg",100,100,true]},"uagb_author_info":{"display_name":"admin","author_link":"https:\/\/kosmeetika24.com\/fi\/author\/"},"uagb_comment_info":0,"uagb_excerpt":"Asendamatu\u00a0\u00a0fotovananemise ja s\u00fcgavat regenereerimist vajava naha jaoks.","_links":{"self":[{"href":"https:\/\/kosmeetika24.com\/fi\/wp-json\/wp\/v2\/product\/1591","targetHints":{"allow":["GET"]}}],"collection":[{"href":"https:\/\/kosmeetika24.com\/fi\/wp-json\/wp\/v2\/product"}],"about":[{"href":"https:\/\/kosmeetika24.com\/fi\/wp-json\/wp\/v2\/types\/product"}],"replies":[{"embeddable":true,"href":"https:\/\/kosmeetika24.com\/fi\/wp-json\/wp\/v2\/comments?post=1591"}],"version-history":[{"count":3,"href":"https:\/\/kosmeetika24.com\/fi\/wp-json\/wp\/v2\/product\/1591\/revisions"}],"predecessor-version":[{"id":6106,"href":"https:\/\/kosmeetika24.com\/fi\/wp-json\/wp\/v2\/product\/1591\/revisions\/6106"}],"wp:featuredmedia":[{"embeddable":true,"href":"https:\/\/kosmeetika24.com\/fi\/wp-json\/wp\/v2\/media\/1592"}],"wp:attachment":[{"href":"https:\/\/kosmeetika24.com\/fi\/wp-json\/wp\/v2\/media?parent=1591"}],"wp:term":[{"taxonomy":"product_brand","embeddable":true,"href":"https:\/\/kosmeetika24.com\/fi\/wp-json\/wp\/v2\/product_brand?post=1591"},{"taxonomy":"product_cat","embeddable":true,"href":"https:\/\/kosmeetika24.com\/fi\/wp-json\/wp\/v2\/product_cat?post=1591"},{"taxonomy":"product_tag","embeddable":true,"href":"https:\/\/kosmeetika24.com\/fi\/wp-json\/wp\/v2\/product_tag?post=1591"}],"curies":[{"name":"wp","href":"https:\/\/api.w.org\/{rel}","templated":true}]}}