{"id":1589,"date":"2024-01-05T08:50:55","date_gmt":"2024-01-05T08:50:55","guid":{"rendered":"https:\/\/kosmeetika24.com\/?post_type=product&#038;p=1589"},"modified":"2025-07-02T14:09:43","modified_gmt":"2025-07-02T11:09:43","slug":"bruno-vassari-body-care-kehakoorija","status":"publish","type":"product","link":"https:\/\/kosmeetika24.com\/fi\/tuote\/bruno-vassari-body-care-kehakoorija\/","title":{"rendered":"BRUNO VASSARI Body Care vartalonkuorinta"},"content":{"rendered":"<p class=\"translation-block\">Vartalonkuorinta <em>Double Body Peel<\/em> sis\u00e4lt\u00e4\u00e4 sek\u00e4 kemiallisen ett\u00e4 mekaanisen kuorinnan. Mikropartikkelit stimuloivat soluja ja verenkiertoa. Kahden tyyppisen kuorinnan yhdist\u00e4minen takaa t\u00e4ydellisen puhtaan ihon. Iho on sile\u00e4, tasainen ja silkkinen, t\u00e4ysin valmiina seuraavaan hoitoon.<\/p>\n<p>Sopii kaikille ihotyypeille.<\/p>\n<p><strong>P\u00c4\u00c4AINEOSAT<\/strong><\/p>\n<ul>\n<li>Fossiiligranulaatit osallistuvat kuorinnan mekaaniseen vaikutukseen.<\/li>\n<li>Glykolihappo osallistuu kemialliseen vaikutukseen.<\/li>\n<\/ul>\n<p><strong>Vaikutus<\/strong><\/p>\n<ul>\n<li>Mekaaninen kuorinta: fossiiligranulaatit kuorivat hell\u00e4varaisesti epidermiksen sarveiskerroksen kuolleet solut, stimuloivat ihon uusiutumista, puhdistavat ja imev\u00e4t liiallisen rasvan.<\/li>\n<li>Kemiallinen kuorinta: sokeriruo'osta saatavalla luonnollisella glykolihapolla on kuoriva vaikutus, se puhdistaa ihoa, stimuloi sen uusiutumista, tasoittaa pintaa ja parantaa ihon s\u00e4vy\u00e4.<\/li>\n<\/ul>\n<p><strong>K\u00e4ytt\u00f6<\/strong><\/p>\n<ul>\n<li>K\u00e4yt\u00e4 kuorintaa kaksi kertaa viikossa.<\/li>\n<li>Levit\u00e4 vartalonkuorinta <em>Double Body Peel<\/em> kuivalle iholle ja jatka varovasti py\u00f6reill\u00e4 liikkeill\u00e4.<\/li>\n<li>Tarvittaessa kostuta hieman vedell\u00e4. Anna vaikuttaa muutama minuutti ja poista haalealla vedell\u00e4.<\/li>\n<\/ul>\n<p><strong>Voit jatkaa eri hoidoilla.<\/strong><\/p>\n<ul>\n<li class=\"translation-block\">Selluliitin v\u00e4hent\u00e4miseksi voit k\u00e4ytt\u00e4\u00e4 esimerkiksi <a href=\"https:\/\/kosmeetika24.eu\/toode\/bruno-vassari-body-care-cellulite-control\/\" target=\"_self\">BRUNO VASSARI Body Care selluliittivoidetta<\/a>.<\/li>\n<li class=\"translation-block\">Laihdutushoitoon k\u00e4yt\u00e4 esimerkiksi tuotetta <a href=\"https:\/\/kosmeetika24.eu\/toode\/bruno-vassari-body-care-slim-effect-gel\/\" target=\"_self\">BRUNO VASSARI Body Care laihduttava ja viilent\u00e4v\u00e4 geeli<\/a>.<\/li>\n<li class=\"translation-block\">Kiinteytt\u00e4v\u00e4\u00e4 hoitoa varten k\u00e4yt\u00e4 esimerkiksi tuotetta <a href=\"https:\/\/kosmeetika24.eu\/toode\/bruno-vassari-body-care-premium-firming-cream\/\" target=\"_self\">BRUNO VASSARI Body Care intensiivinen kiinteytt\u00e4v\u00e4 voide<\/a>.<\/li>\n<li class=\"translation-block\">K\u00e4sihoitoon voit k\u00e4ytt\u00e4\u00e4 esimerkiksi <a href=\"https:\/\/kosmeetika24.eu\/toode\/bruno-vassari-body-care-age-control-hand-cream\/\" target=\"_self\">BRUNO VASSARI Body Care palauttavaa k\u00e4sivoidetta ja kynnenhoitoon<\/a>.<\/li>\n<\/ul>\n<p><strong>Ainesosat<\/strong><\/p>\n<p><span style=\"font-size: 14px;\">AQUA (WATER), POLYETHYLENE, DECYL GLUCOSIDE, MAGNESIUM ALUMINIM SILICATE, DIATOMACEOUS EARTH, PROPYLENE GLYCOL, GLYCOLIC ACID, PEG-200, HYDROGENATED GLYCERYL PALMATE, SODIUM HYDROXIDE, COCAMIDOPROPYL BETAINE, XANTHAN GUM, PHENOXYETHANOL, PEG-7 GLYCERYL COCOATE, PARFUM (FRAGRANCE), BENZOIC ACID, DEHYDROACETIC ACID, SODIUM BENZOATE, SODIUM CHLORIDE.<\/span><\/p>","protected":false},"excerpt":{"rendered":"<p>Vartalonkuorinta sis\u00e4lt\u00e4\u00e4 sek\u00e4 kemiallisen ett\u00e4 mekaanisen kuorinnan.<\/p>\n<p>Poistaa hell\u00e4varaisesti kuolleet ihosolut, stimuloi uusien solujen uusiutumista, tasoittaa pintaa ja parantaa ihon s\u00e4vy\u00e4.<\/p>\n<p>200 ml<\/p>","protected":false},"featured_media":1734,"comment_status":"open","ping_status":"closed","template":"","meta":{"_uag_custom_page_level_css":"","site-sidebar-layout":"default","site-content-layout":"","ast-site-content-layout":"default","site-content-style":"default","site-sidebar-style":"default","ast-global-header-display":"","ast-banner-title-visibility":"","ast-main-header-display":"","ast-hfb-above-header-display":"","ast-hfb-below-header-display":"","ast-hfb-mobile-header-display":"","site-post-title":"","ast-breadcrumbs-content":"","ast-featured-img":"","footer-sml-layout":"","ast-disable-related-posts":"","theme-transparent-header-meta":"default","adv-header-id-meta":"","stick-header-meta":"","header-above-stick-meta":"","header-main-stick-meta":"","header-below-stick-meta":"","astra-migrate-meta-layouts":"set","ast-page-background-enabled":"default","ast-page-background-meta":{"desktop":{"background-color":"var(--ast-global-color-4)","background-image":"","background-repeat":"repeat","background-position":"center center","background-size":"auto","background-attachment":"scroll","background-type":"","background-media":"","overlay-type":"","overlay-color":"","overlay-opacity":"","overlay-gradient":""},"tablet":{"background-color":"","background-image":"","background-repeat":"repeat","background-position":"center center","background-size":"auto","background-attachment":"scroll","background-type":"","background-media":"","overlay-type":"","overlay-color":"","overlay-opacity":"","overlay-gradient":""},"mobile":{"background-color":"","background-image":"","background-repeat":"repeat","background-position":"center center","background-size":"auto","background-attachment":"scroll","background-type":"","background-media":"","overlay-type":"","overlay-color":"","overlay-opacity":"","overlay-gradient":""}},"ast-content-background-meta":{"desktop":{"background-color":"var(--ast-global-color-5)","background-image":"","background-repeat":"repeat","background-position":"center center","background-size":"auto","background-attachment":"scroll","background-type":"","background-media":"","overlay-type":"","overlay-color":"","overlay-opacity":"","overlay-gradient":""},"tablet":{"background-color":"var(--ast-global-color-5)","background-image":"","background-repeat":"repeat","background-position":"center center","background-size":"auto","background-attachment":"scroll","background-type":"","background-media":"","overlay-type":"","overlay-color":"","overlay-opacity":"","overlay-gradient":""},"mobile":{"background-color":"var(--ast-global-color-5)","background-image":"","background-repeat":"repeat","background-position":"center center","background-size":"auto","background-attachment":"scroll","background-type":"","background-media":"","overlay-type":"","overlay-color":"","overlay-opacity":"","overlay-gradient":""}}},"product_brand":[],"product_cat":[65,96,98],"product_tag":[],"class_list":{"0":"post-1589","1":"product","2":"type-product","3":"status-publish","4":"has-post-thumbnail","6":"product_cat-body-care","7":"product_cat-brands","8":"product_cat-kehale","9":"desktop-align-left","10":"tablet-align-left","11":"mobile-align-left","13":"first","14":"instock","15":"taxable","16":"shipping-taxable","17":"product-type-simple","18":"add-to-wishlist-before_image"},"uagb_featured_image_src":{"full":["https:\/\/kosmeetika24.com\/wp-content\/uploads\/2023\/11\/284-Double-Body-Peel.jpg",600,600,false],"thumbnail":["https:\/\/kosmeetika24.com\/wp-content\/uploads\/2023\/11\/284-Double-Body-Peel-150x150.jpg",150,150,true],"medium":["https:\/\/kosmeetika24.com\/wp-content\/uploads\/2023\/11\/284-Double-Body-Peel-300x300.jpg",300,300,true],"medium_large":["https:\/\/kosmeetika24.com\/wp-content\/uploads\/2023\/11\/284-Double-Body-Peel.jpg",600,600,false],"large":["https:\/\/kosmeetika24.com\/wp-content\/uploads\/2023\/11\/284-Double-Body-Peel.jpg",600,600,false],"1536x1536":["https:\/\/kosmeetika24.com\/wp-content\/uploads\/2023\/11\/284-Double-Body-Peel.jpg",600,600,false],"2048x2048":["https:\/\/kosmeetika24.com\/wp-content\/uploads\/2023\/11\/284-Double-Body-Peel.jpg",600,600,false],"trp-custom-language-flag":["https:\/\/kosmeetika24.com\/wp-content\/uploads\/2023\/11\/284-Double-Body-Peel-12x12.jpg",12,12,true],"woocommerce_thumbnail":["https:\/\/kosmeetika24.com\/wp-content\/uploads\/2023\/11\/284-Double-Body-Peel-300x300.jpg",300,300,true],"woocommerce_single":["https:\/\/kosmeetika24.com\/wp-content\/uploads\/2023\/11\/284-Double-Body-Peel-500x500.jpg",500,500,true],"woocommerce_gallery_thumbnail":["https:\/\/kosmeetika24.com\/wp-content\/uploads\/2023\/11\/284-Double-Body-Peel-100x100.jpg",100,100,true]},"uagb_author_info":{"display_name":"admin","author_link":"https:\/\/kosmeetika24.com\/fi\/author\/"},"uagb_comment_info":0,"uagb_excerpt":"Kehakoorija sisaldab keemilist ja mehhaanilist koorimist. Eemaldab \u00f5rnalt surnud naharakud, stimuleerib uute taasteket, silub pinda ja parandab naha tooni. 200 ml","_links":{"self":[{"href":"https:\/\/kosmeetika24.com\/fi\/wp-json\/wp\/v2\/product\/1589","targetHints":{"allow":["GET"]}}],"collection":[{"href":"https:\/\/kosmeetika24.com\/fi\/wp-json\/wp\/v2\/product"}],"about":[{"href":"https:\/\/kosmeetika24.com\/fi\/wp-json\/wp\/v2\/types\/product"}],"replies":[{"embeddable":true,"href":"https:\/\/kosmeetika24.com\/fi\/wp-json\/wp\/v2\/comments?post=1589"}],"version-history":[{"count":1,"href":"https:\/\/kosmeetika24.com\/fi\/wp-json\/wp\/v2\/product\/1589\/revisions"}],"predecessor-version":[{"id":4732,"href":"https:\/\/kosmeetika24.com\/fi\/wp-json\/wp\/v2\/product\/1589\/revisions\/4732"}],"wp:featuredmedia":[{"embeddable":true,"href":"https:\/\/kosmeetika24.com\/fi\/wp-json\/wp\/v2\/media\/1734"}],"wp:attachment":[{"href":"https:\/\/kosmeetika24.com\/fi\/wp-json\/wp\/v2\/media?parent=1589"}],"wp:term":[{"taxonomy":"product_brand","embeddable":true,"href":"https:\/\/kosmeetika24.com\/fi\/wp-json\/wp\/v2\/product_brand?post=1589"},{"taxonomy":"product_cat","embeddable":true,"href":"https:\/\/kosmeetika24.com\/fi\/wp-json\/wp\/v2\/product_cat?post=1589"},{"taxonomy":"product_tag","embeddable":true,"href":"https:\/\/kosmeetika24.com\/fi\/wp-json\/wp\/v2\/product_tag?post=1589"}],"curies":[{"name":"wp","href":"https:\/\/api.w.org\/{rel}","templated":true}]}}