{"id":1572,"date":"2024-01-24T15:36:30","date_gmt":"2024-01-24T15:36:30","guid":{"rendered":"https:\/\/kosmeetika24.com\/?post_type=product&#038;p=1572"},"modified":"2025-07-02T11:30:42","modified_gmt":"2025-07-02T08:30:42","slug":"wishpro-age-control-progeline-ja-tightenyliga","status":"publish","type":"product","link":"https:\/\/kosmeetika24.com\/fi\/tuote\/wishpro-age-control-progeline-ja-tightenyliga\/","title":{"rendered":"WISHPRO Age Control \u2013 elastisuutta palauttava, ryppyj\u00e4 v\u00e4hent\u00e4v\u00e4"},"content":{"rendered":"<p style=\"text-align: center;\" class=\"translation-block\"><strong><span style=\"color: #ff6600\">Age Control<\/span><\/strong> -kapseli on keskittynyt sekoitus kahta biomimeettist\u00e4 <strong>peptidi\u00e4<\/strong>, jotka antavat v\u00e4litt\u00f6m\u00e4n <strong>kiinteytt\u00e4v\u00e4n ja siloittavan vaikutuksen<\/strong> iholle.<\/p>\n<p style=\"text-align: center;\" class=\"translation-block\">Kaksi ainutlaatuista ainesosaa: <strong>PROGELINE\u2122 ja Tightenyl\u2122<\/strong> <strong>v\u00e4hent\u00e4v\u00e4t n\u00e4kyv\u00e4sti ryppyj\u00e4<\/strong> ja <strong>lis\u00e4\u00e4v\u00e4t ihon elastisuutta.<\/strong><\/p>\n<ul>\n<li>Vesipohjainen emulsio, joka sis\u00e4lt\u00e4\u00e4 PROGELINE-peptidi\u00e4.<\/li>\n<li>Huom! Progerin on ik\u00e4\u00e4ntymisen merkki, joka l\u00f6ydettiin progerian tutkimuksessa. Ik\u00e4\u00e4ntymist\u00e4 kuvaa myrkyllisen progeriiniproteiinin m\u00e4\u00e4r\u00e4n lis\u00e4\u00e4ntyminen, mik\u00e4 vaikuttaa negatiivisesti solujen toimintaan. Progeriinin kertymisen seurauksena syntyy tumah\u00e4iri\u00f6it\u00e4 ja DNA-vaurioita, \"auttaen\" n\u00e4in ik\u00e4\u00e4ntymisen merkkien syntymisess\u00e4. Progeriini kertyy ajan my\u00f6t\u00e4 ja saavuttaa korkeita tasoja vanhemmassa i\u00e4ss\u00e4.<\/li>\n<li>Tightenyl\u2122 ihon matriisin Bio-lifter, retinolin korvike, jota k\u00e4ytet\u00e4\u00e4n kasvojen nuorentamiseen tarkoitetuissa hoidoissa, kiinteytt\u00e4\u00e4 ihoa, parantaa n\u00e4kyv\u00e4sti ihon tiheytt\u00e4 ja edist\u00e4\u00e4 ihon nuorentumista.<\/li>\n<li>N\u00e4m\u00e4 ainesosat vaikuttavat positiivisesti kasvojen muodon parantamiseen.<\/li>\n<\/ul>\n<p style=\"text-align: center;\" class=\"translation-block\">Age Control on t\u00e4ydellinen ratkaisu <strong>ihon t\u00e4ydelliseen muodonmuutokseen.<\/strong><\/p>\n<p style=\"text-align: center;\" class=\"translation-block\"><strong>K\u00e4ytt\u00f6:<\/strong> kaikki ihotyypit, ryppyj\u00e4 ja poimuja, kosteutusta tarvitseva iho, ihon l\u00f6ystyminen.<\/p>\n<p style=\"text-align: center;\" class=\"translation-block\"><span style=\"color: #ff6600\"><strong>Age Control<\/strong><\/span> -kapseli k\u00e4ytt\u00f6 on tarkoitettu kultaisen tai punaisen <strong>WishPro Plus+<\/strong> teknologisen p\u00e4\u00e4n kanssa.<\/p>\n<p style=\"text-align: center;\"><span style=\"color: #ff6600;\"><strong>APC-ik\u00e4prosessin ohjauslinja<\/strong><\/span><\/p>\n<p style=\"text-align: center;\" class=\"translation-block\">Uusi <strong>APC-kapslisarja<\/strong> on suunniteltu hallitsemaan ja est\u00e4m\u00e4\u00e4n ihon ik\u00e4\u00e4ntymisprosessia, joka johtuu mekaanisista tekij\u00f6ist\u00e4, el\u00e4m\u00e4ntavoista, stressist\u00e4 ja ymp\u00e4rist\u00f6n saasteista. Sarja on suunnattu <strong>vaurioituneelle<\/strong>, <strong>kuivalle, herk\u00e4lle ja punaiselle<\/strong> iholle. Tuotesarjan ainesosat suojaavat ihoa <strong>mekaanisilta, kemiallisilta ja UV-tekij\u00f6ilt\u00e4.<\/strong><\/p>\n<hr \/>\n<p style=\"text-align: center;\">Kapselit ovat steriilej\u00e4 ja kertak\u00e4ytt\u00f6isi\u00e4, yksi kapseli on tarkoitettu yhteen hoitokertaan.<\/p>\n<p>Koostis: AQUA, DIMETHICONE, ISOPROPYL PALMITATE, PHENYL TRIMETHICONE, SIMMONDSIACHINESIS SEED OIL, GLYCERIN, SODIUM CHLORIDE, PHENOXYETHANOL, SILICA, PEG-10 DIMETHICONE, PARFUM, ETHYLHEXYLGLYCERIN, TRIFLUOROACETYL TRIPEPTIDE-2, DEXTRAN, SODIUM GLUCURONATE, DISODIUM ACETYL GLUCOSAMINE PHOSPHATE, DIMETHICONE\/VINYL DIMETHICONE CROSSPOLYMER, ISOCETETH-10, HEXYL CINNAMAL, MAGNESIUM SULFATE, LINALOOL, LIMONENE, METHYL 2-OCTYNOATE, BENZYL SALICYLATE, CITRONELLOL.<\/p>\n<p>\u00a0<\/p>","protected":false},"excerpt":{"rendered":"<p>Korjaava vaikutus, parantaa laskeutunutta ihoa ja ryppyjen syvyytt\u00e4.<\/p>\n<p>V\u00e4hent\u00e4\u00e4 iho-ik\u00e4ytymisprosessissa mukana olevan biomarkkerin PROGERIN synteesi\u00e4. Vaikuttaen suoraan ihon ik\u00e4\u00e4ntymisprosessiin, se parantaa merkitt\u00e4v\u00e4sti kasvojen ihon kuntoa: v\u00e4hent\u00e4\u00e4 laskeutumista, silottaa ryppyj\u00e4, kiinteytt\u00e4\u00e4 ihoa ja tekee siit\u00e4 elastisempaa.<\/p>\n<p><strong>Hinta koskee pakettia, joka sis\u00e4lt\u00e4\u00e4 10 kapselia.<\/strong><\/p>\n<p>&nbsp;<\/p>\n<p>&nbsp;<\/p>\n<p>&nbsp;<\/p>\n<p>&nbsp;<\/p>","protected":false},"featured_media":1437,"comment_status":"open","ping_status":"closed","template":"","meta":{"_uag_custom_page_level_css":"","site-sidebar-layout":"default","site-content-layout":"","ast-site-content-layout":"default","site-content-style":"default","site-sidebar-style":"default","ast-global-header-display":"","ast-banner-title-visibility":"","ast-main-header-display":"","ast-hfb-above-header-display":"","ast-hfb-below-header-display":"","ast-hfb-mobile-header-display":"","site-post-title":"","ast-breadcrumbs-content":"","ast-featured-img":"","footer-sml-layout":"","ast-disable-related-posts":"","theme-transparent-header-meta":"default","adv-header-id-meta":"","stick-header-meta":"","header-above-stick-meta":"","header-main-stick-meta":"","header-below-stick-meta":"","astra-migrate-meta-layouts":"set","ast-page-background-enabled":"default","ast-page-background-meta":{"desktop":{"background-color":"var(--ast-global-color-4)","background-image":"","background-repeat":"repeat","background-position":"center center","background-size":"auto","background-attachment":"scroll","background-type":"","background-media":"","overlay-type":"","overlay-color":"","overlay-opacity":"","overlay-gradient":""},"tablet":{"background-color":"","background-image":"","background-repeat":"repeat","background-position":"center center","background-size":"auto","background-attachment":"scroll","background-type":"","background-media":"","overlay-type":"","overlay-color":"","overlay-opacity":"","overlay-gradient":""},"mobile":{"background-color":"","background-image":"","background-repeat":"repeat","background-position":"center center","background-size":"auto","background-attachment":"scroll","background-type":"","background-media":"","overlay-type":"","overlay-color":"","overlay-opacity":"","overlay-gradient":""}},"ast-content-background-meta":{"desktop":{"background-color":"var(--ast-global-color-5)","background-image":"","background-repeat":"repeat","background-position":"center center","background-size":"auto","background-attachment":"scroll","background-type":"","background-media":"","overlay-type":"","overlay-color":"","overlay-opacity":"","overlay-gradient":""},"tablet":{"background-color":"var(--ast-global-color-5)","background-image":"","background-repeat":"repeat","background-position":"center center","background-size":"auto","background-attachment":"scroll","background-type":"","background-media":"","overlay-type":"","overlay-color":"","overlay-opacity":"","overlay-gradient":""},"mobile":{"background-color":"var(--ast-global-color-5)","background-image":"","background-repeat":"repeat","background-position":"center center","background-size":"auto","background-attachment":"scroll","background-type":"","background-media":"","overlay-type":"","overlay-color":"","overlay-opacity":"","overlay-gradient":""}}},"product_brand":[],"product_cat":[96,97,80],"product_tag":[],"class_list":{"0":"post-1572","1":"product","2":"type-product","3":"status-publish","4":"has-post-thumbnail","6":"product_cat-brands","7":"product_cat-naole","8":"product_cat-wishpro","9":"desktop-align-left","10":"tablet-align-left","11":"mobile-align-left","13":"first","14":"instock","15":"taxable","16":"shipping-taxable","17":"product-type-simple","18":"add-to-wishlist-before_image"},"uagb_featured_image_src":{"full":["https:\/\/kosmeetika24.com\/wp-content\/uploads\/2023\/10\/age-control.png",600,600,false],"thumbnail":["https:\/\/kosmeetika24.com\/wp-content\/uploads\/2023\/10\/age-control-150x150.png",150,150,true],"medium":["https:\/\/kosmeetika24.com\/wp-content\/uploads\/2023\/10\/age-control-300x300.png",300,300,true],"medium_large":["https:\/\/kosmeetika24.com\/wp-content\/uploads\/2023\/10\/age-control.png",600,600,false],"large":["https:\/\/kosmeetika24.com\/wp-content\/uploads\/2023\/10\/age-control.png",600,600,false],"1536x1536":["https:\/\/kosmeetika24.com\/wp-content\/uploads\/2023\/10\/age-control.png",600,600,false],"2048x2048":["https:\/\/kosmeetika24.com\/wp-content\/uploads\/2023\/10\/age-control.png",600,600,false],"trp-custom-language-flag":["https:\/\/kosmeetika24.com\/wp-content\/uploads\/2023\/10\/age-control-12x12.png",12,12,true],"woocommerce_thumbnail":["https:\/\/kosmeetika24.com\/wp-content\/uploads\/2023\/10\/age-control-300x300.png",300,300,true],"woocommerce_single":["https:\/\/kosmeetika24.com\/wp-content\/uploads\/2023\/10\/age-control-500x500.png",500,500,true],"woocommerce_gallery_thumbnail":["https:\/\/kosmeetika24.com\/wp-content\/uploads\/2023\/10\/age-control-100x100.png",100,100,true]},"uagb_author_info":{"display_name":"admin","author_link":"https:\/\/kosmeetika24.com\/fi\/author\/"},"uagb_comment_info":0,"uagb_excerpt":"Taastav toime, parandab l\u00f5tvunud nahka ja kortsude s\u00fcgavust. V\u00e4hendab naha vananemisprotsessis osaleva biomarkeri PROGERIIN s\u00fcnteesi. M\u00f5jutades otseselt naha vananemisprotsessi, parandab see oluliselt n\u00e4onaha\u00a0 seisundit: v\u00e4hendab l\u00f5tvumist, silub kortse, pinguldab nahka, muudab selle elastsemaks. Hind kehtib 10 kapslit sisaldava pakendi eest. &nbsp; &nbsp; &nbsp; &nbsp;","_links":{"self":[{"href":"https:\/\/kosmeetika24.com\/fi\/wp-json\/wp\/v2\/product\/1572","targetHints":{"allow":["GET"]}}],"collection":[{"href":"https:\/\/kosmeetika24.com\/fi\/wp-json\/wp\/v2\/product"}],"about":[{"href":"https:\/\/kosmeetika24.com\/fi\/wp-json\/wp\/v2\/types\/product"}],"replies":[{"embeddable":true,"href":"https:\/\/kosmeetika24.com\/fi\/wp-json\/wp\/v2\/comments?post=1572"}],"version-history":[{"count":2,"href":"https:\/\/kosmeetika24.com\/fi\/wp-json\/wp\/v2\/product\/1572\/revisions"}],"predecessor-version":[{"id":4534,"href":"https:\/\/kosmeetika24.com\/fi\/wp-json\/wp\/v2\/product\/1572\/revisions\/4534"}],"wp:featuredmedia":[{"embeddable":true,"href":"https:\/\/kosmeetika24.com\/fi\/wp-json\/wp\/v2\/media\/1437"}],"wp:attachment":[{"href":"https:\/\/kosmeetika24.com\/fi\/wp-json\/wp\/v2\/media?parent=1572"}],"wp:term":[{"taxonomy":"product_brand","embeddable":true,"href":"https:\/\/kosmeetika24.com\/fi\/wp-json\/wp\/v2\/product_brand?post=1572"},{"taxonomy":"product_cat","embeddable":true,"href":"https:\/\/kosmeetika24.com\/fi\/wp-json\/wp\/v2\/product_cat?post=1572"},{"taxonomy":"product_tag","embeddable":true,"href":"https:\/\/kosmeetika24.com\/fi\/wp-json\/wp\/v2\/product_tag?post=1572"}],"curies":[{"name":"wp","href":"https:\/\/api.w.org\/{rel}","templated":true}]}}