{"id":1571,"date":"2024-01-12T13:35:38","date_gmt":"2024-01-12T13:35:38","guid":{"rendered":"https:\/\/kosmeetika24.com\/?post_type=product&#038;p=1571"},"modified":"2025-07-02T11:31:20","modified_gmt":"2025-07-02T08:31:20","slug":"wishpro-calming-milk-rahustav-ja-taastav","status":"publish","type":"product","link":"https:\/\/kosmeetika24.com\/fi\/tuote\/wishpro-calming-milk-rahustav-ja-taastav\/","title":{"rendered":"WISHPRO Calming Milk \u2013 rauhoittava ja palauttava"},"content":{"rendered":"<p style=\"text-align: center;\" class=\"translation-block\"><strong><span style=\"color: #339966\">Calming milk<\/span> <\/strong> -kapseli \u2013 <strong>kalanchoe\u00f6ljyll\u00e4 rikastettu<\/strong> maito <strong>rauhduttaa \u00e4rtynytt\u00e4 ihoa.<\/strong><\/p>\n<ul>\n<li>Kalanchoe\u00f6ljyll\u00e4 on antiseptisi\u00e4, sienitautien torjunta-, tulehduksenvastaisia ja antibakteerisia ominaisuuksia, mink\u00e4 vuoksi se on erinomainen ihon infektioiden hoitoon.<\/li>\n<li>Kalanchoe\u00f6ljy lievitt\u00e4\u00e4 tulehdusta, \u00e4rsytyst\u00e4 ja tukee haavojen paranemista.<\/li>\n<\/ul>\n<p style=\"text-align: center;\" class=\"translation-block\">Sill\u00e4 on voimakkaat sienenvastaiset, antibakteeriset, tulehdusta ehk\u00e4isev\u00e4t ja antiseptiset ominaisuudet.<\/p>\n<p style=\"text-align: center;\" class=\"translation-block\">Se nopeuttaa ihon palautumista tulehduksista ja sairauksista sek\u00e4 tukee haavojen paranemisprosessia.<\/p>\n<p style=\"text-align: center;\" class=\"translation-block\"><strong>K\u00e4ytt\u00f6tarkoitus:<\/strong> kaikki ihotyypit, \u00e4rsyyntynyt iho, akne, herkk\u00e4 iho, asiakkaat, jotka arvostavat luonnollisia ainesosia ja \u00f6ljyj\u00e4.<\/p>\n<p style=\"text-align: center;\" class=\"translation-block\"><span style=\"color: #000000\"><strong><span style=\"color: #339966\">Calming milk<\/span> <\/strong> kapseli <\/span> k\u00e4ytt\u00f6 punaisella tai sinisell\u00e4 <strong>WishPro Plus+ <\/strong> teknologisella p\u00e4\u00e4st\u00e4.<\/p>\n<p style=\"text-align: center;\"><span style=\"color: #339966;\"><strong>Luonnollinen linja<\/strong><\/span><\/p>\n<p style=\"text-align: center;\" class=\"translation-block\">P\u00e4\u00e4asiallinen hoitosarja, joka on omistettu <strong>nuorelle, herk\u00e4lle ja \u00e4rtyneelle iholle.<\/strong> Luonnollinen sarja perustuu luonnollisiin <strong>kasvi\u00f6ljyihin<\/strong>, jotka vahvistavat ihon luonnollista suojabarri\u00e4\u00e4ri\u00e4.<\/p>\n<p style=\"text-align: center;\">Terve, nuorekas iho ei-invasiivisten ratkaisujen ja t\u00e4ysin luonnollisten ainesosien ansiosta!<\/p>\n<hr \/>\n<p style=\"text-align: center;\">Kapselit ovat steriilej\u00e4 ja kertak\u00e4ytt\u00f6isi\u00e4, yksi kapseli on tarkoitettu yhdeksi hoitokerraksi.<\/p>\n<p>Koostis: HELIANTHUS\u00a0 ANNUUS SEED OIL, CALENDULA OFFICINNALIS\u00a0 FLOWER EXTRACT.<\/p>","protected":false},"excerpt":{"rendered":"<p>&nbsp;<\/p>\n<p>Rauhoittava ja palauttava<\/p>\n<p><strong>Hinta koskee pakettia, joka sis\u00e4lt\u00e4\u00e4 10 kapselia.<\/strong><\/p>","protected":false},"featured_media":1449,"comment_status":"open","ping_status":"closed","template":"","meta":{"_uag_custom_page_level_css":"","site-sidebar-layout":"default","site-content-layout":"","ast-site-content-layout":"default","site-content-style":"default","site-sidebar-style":"default","ast-global-header-display":"","ast-banner-title-visibility":"","ast-main-header-display":"","ast-hfb-above-header-display":"","ast-hfb-below-header-display":"","ast-hfb-mobile-header-display":"","site-post-title":"","ast-breadcrumbs-content":"","ast-featured-img":"","footer-sml-layout":"","ast-disable-related-posts":"","theme-transparent-header-meta":"default","adv-header-id-meta":"","stick-header-meta":"","header-above-stick-meta":"","header-main-stick-meta":"","header-below-stick-meta":"","astra-migrate-meta-layouts":"set","ast-page-background-enabled":"default","ast-page-background-meta":{"desktop":{"background-color":"var(--ast-global-color-4)","background-image":"","background-repeat":"repeat","background-position":"center center","background-size":"auto","background-attachment":"scroll","background-type":"","background-media":"","overlay-type":"","overlay-color":"","overlay-opacity":"","overlay-gradient":""},"tablet":{"background-color":"","background-image":"","background-repeat":"repeat","background-position":"center center","background-size":"auto","background-attachment":"scroll","background-type":"","background-media":"","overlay-type":"","overlay-color":"","overlay-opacity":"","overlay-gradient":""},"mobile":{"background-color":"","background-image":"","background-repeat":"repeat","background-position":"center center","background-size":"auto","background-attachment":"scroll","background-type":"","background-media":"","overlay-type":"","overlay-color":"","overlay-opacity":"","overlay-gradient":""}},"ast-content-background-meta":{"desktop":{"background-color":"var(--ast-global-color-5)","background-image":"","background-repeat":"repeat","background-position":"center center","background-size":"auto","background-attachment":"scroll","background-type":"","background-media":"","overlay-type":"","overlay-color":"","overlay-opacity":"","overlay-gradient":""},"tablet":{"background-color":"var(--ast-global-color-5)","background-image":"","background-repeat":"repeat","background-position":"center center","background-size":"auto","background-attachment":"scroll","background-type":"","background-media":"","overlay-type":"","overlay-color":"","overlay-opacity":"","overlay-gradient":""},"mobile":{"background-color":"var(--ast-global-color-5)","background-image":"","background-repeat":"repeat","background-position":"center center","background-size":"auto","background-attachment":"scroll","background-type":"","background-media":"","overlay-type":"","overlay-color":"","overlay-opacity":"","overlay-gradient":""}}},"product_brand":[],"product_cat":[96,97,80],"product_tag":[],"class_list":{"0":"post-1571","1":"product","2":"type-product","3":"status-publish","4":"has-post-thumbnail","6":"product_cat-brands","7":"product_cat-naole","8":"product_cat-wishpro","9":"desktop-align-left","10":"tablet-align-left","11":"mobile-align-left","13":"first","14":"instock","15":"taxable","16":"shipping-taxable","17":"product-type-simple","18":"add-to-wishlist-before_image"},"uagb_featured_image_src":{"full":["https:\/\/kosmeetika24.com\/wp-content\/uploads\/2023\/10\/calming-milk.png",600,600,false],"thumbnail":["https:\/\/kosmeetika24.com\/wp-content\/uploads\/2023\/10\/calming-milk-150x150.png",150,150,true],"medium":["https:\/\/kosmeetika24.com\/wp-content\/uploads\/2023\/10\/calming-milk-300x300.png",300,300,true],"medium_large":["https:\/\/kosmeetika24.com\/wp-content\/uploads\/2023\/10\/calming-milk.png",600,600,false],"large":["https:\/\/kosmeetika24.com\/wp-content\/uploads\/2023\/10\/calming-milk.png",600,600,false],"1536x1536":["https:\/\/kosmeetika24.com\/wp-content\/uploads\/2023\/10\/calming-milk.png",600,600,false],"2048x2048":["https:\/\/kosmeetika24.com\/wp-content\/uploads\/2023\/10\/calming-milk.png",600,600,false],"trp-custom-language-flag":["https:\/\/kosmeetika24.com\/wp-content\/uploads\/2023\/10\/calming-milk-12x12.png",12,12,true],"woocommerce_thumbnail":["https:\/\/kosmeetika24.com\/wp-content\/uploads\/2023\/10\/calming-milk-300x300.png",300,300,true],"woocommerce_single":["https:\/\/kosmeetika24.com\/wp-content\/uploads\/2023\/10\/calming-milk-500x500.png",500,500,true],"woocommerce_gallery_thumbnail":["https:\/\/kosmeetika24.com\/wp-content\/uploads\/2023\/10\/calming-milk-100x100.png",100,100,true]},"uagb_author_info":{"display_name":"admin","author_link":"https:\/\/kosmeetika24.com\/fi\/author\/"},"uagb_comment_info":0,"uagb_excerpt":"&nbsp; Rahustav ja nahka taastav. Hind kehtib 10 kapslit sisaldava pakendi kohta.","_links":{"self":[{"href":"https:\/\/kosmeetika24.com\/fi\/wp-json\/wp\/v2\/product\/1571","targetHints":{"allow":["GET"]}}],"collection":[{"href":"https:\/\/kosmeetika24.com\/fi\/wp-json\/wp\/v2\/product"}],"about":[{"href":"https:\/\/kosmeetika24.com\/fi\/wp-json\/wp\/v2\/types\/product"}],"replies":[{"embeddable":true,"href":"https:\/\/kosmeetika24.com\/fi\/wp-json\/wp\/v2\/comments?post=1571"}],"version-history":[{"count":2,"href":"https:\/\/kosmeetika24.com\/fi\/wp-json\/wp\/v2\/product\/1571\/revisions"}],"predecessor-version":[{"id":4615,"href":"https:\/\/kosmeetika24.com\/fi\/wp-json\/wp\/v2\/product\/1571\/revisions\/4615"}],"wp:featuredmedia":[{"embeddable":true,"href":"https:\/\/kosmeetika24.com\/fi\/wp-json\/wp\/v2\/media\/1449"}],"wp:attachment":[{"href":"https:\/\/kosmeetika24.com\/fi\/wp-json\/wp\/v2\/media?parent=1571"}],"wp:term":[{"taxonomy":"product_brand","embeddable":true,"href":"https:\/\/kosmeetika24.com\/fi\/wp-json\/wp\/v2\/product_brand?post=1571"},{"taxonomy":"product_cat","embeddable":true,"href":"https:\/\/kosmeetika24.com\/fi\/wp-json\/wp\/v2\/product_cat?post=1571"},{"taxonomy":"product_tag","embeddable":true,"href":"https:\/\/kosmeetika24.com\/fi\/wp-json\/wp\/v2\/product_tag?post=1571"}],"curies":[{"name":"wp","href":"https:\/\/api.w.org\/{rel}","templated":true}]}}