{"id":1567,"date":"2024-01-25T08:01:50","date_gmt":"2024-01-25T08:01:50","guid":{"rendered":"https:\/\/kosmeetika24.com\/?post_type=product&#038;p=1567"},"modified":"2025-07-02T11:27:15","modified_gmt":"2025-07-02T08:27:15","slug":"wishpro-peel-exfoliator-koorija","status":"publish","type":"product","link":"https:\/\/kosmeetika24.com\/fi\/tuote\/wishpro-peel-exfoliator-koorija\/","title":{"rendered":"WISHPRO Peel Exfoliator \u2013 kuorinta-aine"},"content":{"rendered":"<p style=\"text-align: center;\" class=\"translation-block\"><span style=\"color: #339966\"><strong>Peel Exfoliator<\/strong> kapseli \u2013 makean manteli\u00f6ljyn ja kuorivien mikroselluloosikristallien yhdistelm\u00e4.<\/span><\/p>\n<p style=\"text-align: center;\" class=\"translation-block\"><strong>Kuorii<\/strong> tehokkaasti <strong>kuolleita ihosoluja<\/strong>, stimuloi <strong>mikrokierrosta<\/strong> ja <strong>tasapainottaa ihon s\u00e4vy\u00e4.<\/strong><\/p>\n<p style=\"text-align: center;\" class=\"translation-block\">Lis\u00e4ksi se nuorentaa. <strong>A-vitamiinin<\/strong> ja <strong>E-vitamiinien<\/strong> runsaus ravitsee ihoa ja sill\u00e4 on antioksidanttisia vaikutuksia.<\/p>\n<p style=\"text-align: center;\" class=\"translation-block\"><span style=\"color: #339966\"><strong>Peel Exfoliator<\/strong><\/span> kapseli tarkoitus on kuorinta vihre\u00e4ll\u00e4 teknologisella p\u00e4\u00e4st\u00e4, joka on hoidon ensimm\u00e4inen vaihe.<\/p>\n<p style=\"text-align: center;\" class=\"translation-block\"><strong>K\u00e4ytt\u00f6:<\/strong> kaikki ihotyypit, kuorintaa ja virkistyst\u00e4 kaipaava iho, ihon valmistelu seuraavaan hoitovaiheeseen (mink\u00e4 tahansa kapselin kanssa)<\/p>\n<p style=\"text-align: center;\"><span style=\"color: #339966;\"><strong>Luonnollinen linja<\/strong><\/span><\/p>\n<p style=\"text-align: center;\" class=\"translation-block\">P\u00e4\u00e4asiallinen hoitosarja, joka on omistettu <strong>nuorelle, herk\u00e4lle ja \u00e4rtyneelle iholle.<\/strong> Luonnollinen sarja perustuu luonnollisiin <strong>kasvi\u00f6ljyihin<\/strong>, jotka vahvistavat ihon luonnollista suojabarri\u00e4\u00e4ri\u00e4.<\/p>\n<p style=\"text-align: center;\">Terve, nuorekas iho ei-invasiivisten ratkaisujen ja t\u00e4ysin luonnollisten ainesosien ansiosta!<\/p>\n<hr \/>\n<p style=\"text-align: center;\">Kapselit ovat steriilej\u00e4 ja kertak\u00e4ytt\u00f6isi\u00e4, yksi kapseli on tarkoitettu yhdeksi hoitokerraksi.<\/p>\n<p>KOOSTIS: OLUS OIL, PRUNUS AMYGDALUS DULCIS OIL, GLYCERYL CAPRYLATE, MICROCRYSTALLINE CELLULOSE, TOCOPHERYL ACETATE, CI 77007, PANTHENYL TRIACTATE, HYDROXYPROPYLCELLULOSE.<\/p>","protected":false},"excerpt":{"rendered":"<p>Luonnollinen kuorinta-aine Peel Exfoliator -kapseli makean manteli\u00f6ljyn kuorintahiukkasilla.<\/p>\n<p>Kaava, joka on rikastettu E- ja A-vitamiineilla, sis\u00e4lt\u00e4\u00e4 kaksi selluloosan kuorintamuotoa kuolleiden ihosolujen poistamiseksi, verenkierron parantamiseksi ja solujen uudistumisen edist\u00e4miseksi.<\/p>\n<p><strong>Hinta koskee pakettia, joka sis\u00e4lt\u00e4\u00e4 10 kapselia.<\/strong><\/p>","protected":false},"featured_media":1463,"comment_status":"open","ping_status":"closed","template":"","meta":{"_uag_custom_page_level_css":"","site-sidebar-layout":"default","site-content-layout":"","ast-site-content-layout":"default","site-content-style":"default","site-sidebar-style":"default","ast-global-header-display":"","ast-banner-title-visibility":"","ast-main-header-display":"","ast-hfb-above-header-display":"","ast-hfb-below-header-display":"","ast-hfb-mobile-header-display":"","site-post-title":"","ast-breadcrumbs-content":"","ast-featured-img":"","footer-sml-layout":"","ast-disable-related-posts":"","theme-transparent-header-meta":"default","adv-header-id-meta":"","stick-header-meta":"","header-above-stick-meta":"","header-main-stick-meta":"","header-below-stick-meta":"","astra-migrate-meta-layouts":"set","ast-page-background-enabled":"default","ast-page-background-meta":{"desktop":{"background-color":"var(--ast-global-color-4)","background-image":"","background-repeat":"repeat","background-position":"center center","background-size":"auto","background-attachment":"scroll","background-type":"","background-media":"","overlay-type":"","overlay-color":"","overlay-opacity":"","overlay-gradient":""},"tablet":{"background-color":"","background-image":"","background-repeat":"repeat","background-position":"center center","background-size":"auto","background-attachment":"scroll","background-type":"","background-media":"","overlay-type":"","overlay-color":"","overlay-opacity":"","overlay-gradient":""},"mobile":{"background-color":"","background-image":"","background-repeat":"repeat","background-position":"center center","background-size":"auto","background-attachment":"scroll","background-type":"","background-media":"","overlay-type":"","overlay-color":"","overlay-opacity":"","overlay-gradient":""}},"ast-content-background-meta":{"desktop":{"background-color":"var(--ast-global-color-5)","background-image":"","background-repeat":"repeat","background-position":"center center","background-size":"auto","background-attachment":"scroll","background-type":"","background-media":"","overlay-type":"","overlay-color":"","overlay-opacity":"","overlay-gradient":""},"tablet":{"background-color":"var(--ast-global-color-5)","background-image":"","background-repeat":"repeat","background-position":"center center","background-size":"auto","background-attachment":"scroll","background-type":"","background-media":"","overlay-type":"","overlay-color":"","overlay-opacity":"","overlay-gradient":""},"mobile":{"background-color":"var(--ast-global-color-5)","background-image":"","background-repeat":"repeat","background-position":"center center","background-size":"auto","background-attachment":"scroll","background-type":"","background-media":"","overlay-type":"","overlay-color":"","overlay-opacity":"","overlay-gradient":""}}},"product_brand":[],"product_cat":[96,97,80],"product_tag":[],"class_list":{"0":"post-1567","1":"product","2":"type-product","3":"status-publish","4":"has-post-thumbnail","6":"product_cat-brands","7":"product_cat-naole","8":"product_cat-wishpro","9":"desktop-align-left","10":"tablet-align-left","11":"mobile-align-left","13":"first","14":"instock","15":"taxable","16":"shipping-taxable","17":"product-type-simple","18":"add-to-wishlist-before_image"},"uagb_featured_image_src":{"full":["https:\/\/kosmeetika24.com\/wp-content\/uploads\/2023\/10\/peel-exfoliator.png",600,600,false],"thumbnail":["https:\/\/kosmeetika24.com\/wp-content\/uploads\/2023\/10\/peel-exfoliator-150x150.png",150,150,true],"medium":["https:\/\/kosmeetika24.com\/wp-content\/uploads\/2023\/10\/peel-exfoliator-300x300.png",300,300,true],"medium_large":["https:\/\/kosmeetika24.com\/wp-content\/uploads\/2023\/10\/peel-exfoliator.png",600,600,false],"large":["https:\/\/kosmeetika24.com\/wp-content\/uploads\/2023\/10\/peel-exfoliator.png",600,600,false],"1536x1536":["https:\/\/kosmeetika24.com\/wp-content\/uploads\/2023\/10\/peel-exfoliator.png",600,600,false],"2048x2048":["https:\/\/kosmeetika24.com\/wp-content\/uploads\/2023\/10\/peel-exfoliator.png",600,600,false],"trp-custom-language-flag":["https:\/\/kosmeetika24.com\/wp-content\/uploads\/2023\/10\/peel-exfoliator-12x12.png",12,12,true],"woocommerce_thumbnail":["https:\/\/kosmeetika24.com\/wp-content\/uploads\/2023\/10\/peel-exfoliator-300x300.png",300,300,true],"woocommerce_single":["https:\/\/kosmeetika24.com\/wp-content\/uploads\/2023\/10\/peel-exfoliator-500x500.png",500,500,true],"woocommerce_gallery_thumbnail":["https:\/\/kosmeetika24.com\/wp-content\/uploads\/2023\/10\/peel-exfoliator-100x100.png",100,100,true]},"uagb_author_info":{"display_name":"admin","author_link":"https:\/\/kosmeetika24.com\/fi\/author\/"},"uagb_comment_info":0,"uagb_excerpt":"Looduslik koorija Peel Exfoliator kapsel magusa mandli \u00f5li koorimisosakestega. E- ja A-vitamiinidega t\u00e4iendavalt rikastatud valem sisaldab kahte tselluloosi koorimise vormi, et eemaldada surnud naharakud, suurendada vereringet ja soodustada rakkude uuenemist. Hind kehtib 10 kapslit sisaldava pakendi kohta.","_links":{"self":[{"href":"https:\/\/kosmeetika24.com\/fi\/wp-json\/wp\/v2\/product\/1567","targetHints":{"allow":["GET"]}}],"collection":[{"href":"https:\/\/kosmeetika24.com\/fi\/wp-json\/wp\/v2\/product"}],"about":[{"href":"https:\/\/kosmeetika24.com\/fi\/wp-json\/wp\/v2\/types\/product"}],"replies":[{"embeddable":true,"href":"https:\/\/kosmeetika24.com\/fi\/wp-json\/wp\/v2\/comments?post=1567"}],"version-history":[{"count":2,"href":"https:\/\/kosmeetika24.com\/fi\/wp-json\/wp\/v2\/product\/1567\/revisions"}],"predecessor-version":[{"id":4524,"href":"https:\/\/kosmeetika24.com\/fi\/wp-json\/wp\/v2\/product\/1567\/revisions\/4524"}],"wp:featuredmedia":[{"embeddable":true,"href":"https:\/\/kosmeetika24.com\/fi\/wp-json\/wp\/v2\/media\/1463"}],"wp:attachment":[{"href":"https:\/\/kosmeetika24.com\/fi\/wp-json\/wp\/v2\/media?parent=1567"}],"wp:term":[{"taxonomy":"product_brand","embeddable":true,"href":"https:\/\/kosmeetika24.com\/fi\/wp-json\/wp\/v2\/product_brand?post=1567"},{"taxonomy":"product_cat","embeddable":true,"href":"https:\/\/kosmeetika24.com\/fi\/wp-json\/wp\/v2\/product_cat?post=1567"},{"taxonomy":"product_tag","embeddable":true,"href":"https:\/\/kosmeetika24.com\/fi\/wp-json\/wp\/v2\/product_tag?post=1567"}],"curies":[{"name":"wp","href":"https:\/\/api.w.org\/{rel}","templated":true}]}}