{"id":1564,"date":"2024-01-25T08:06:43","date_gmt":"2024-01-25T08:06:43","guid":{"rendered":"https:\/\/kosmeetika24.com\/?post_type=product&#038;p=1564"},"modified":"2025-07-02T11:26:49","modified_gmt":"2025-07-02T08:26:49","slug":"wishpro-rejuvenation-noorendav-kaitsev-parandav","status":"publish","type":"product","link":"https:\/\/kosmeetika24.com\/fi\/tuote\/wishpro-rejuvenation-noorendav-kaitsev-parandav\/","title":{"rendered":"WISHPRO Rejuvenation \u2013 ik\u00e4\u00e4ntymist\u00e4 est\u00e4v\u00e4, suojaava, palauttava"},"content":{"rendered":"<p style=\"text-align: center;\" class=\"translation-block\"><span style=\"color: #339966\"><strong>Rejuvenation<\/strong><\/span> kapseli \u2013 <strong>Sheavoi<\/strong> vaikuttavat aineet auttavat palauttamaan <strong>ihovaurioita<\/strong>, <strong>suojaamaan ja korjaamaan<\/strong>.<\/p>\n<p style=\"text-align: center;\" class=\"translation-block\">Sheavoin rasvahapot <strong>palauttavat<\/strong> ja <strong>lis\u00e4\u00e4v\u00e4t ihon kimmoisuutta ja s\u00e4vy\u00e4.<\/strong><\/p>\n<p style=\"text-align: center;\" class=\"translation-block\">Sheavoi on k\u00e4ytetty <strong>tuhansia vuosia<\/strong> yhten\u00e4 parhaista luonnollisista <strong>regeneratiivisista ainesosista<\/strong>.<\/p>\n<p style=\"text-align: center;\" class=\"translation-block\"><strong>K\u00e4ytt\u00f6tarkoitus:<\/strong> kuiva iho, ik\u00e4\u00e4ntymisen merkit, ryppyj\u00e4 ja uurteita, elastisuuden puute, asiakkaat, jotka arvostavat luonnollisia ainesosia ja \u00f6ljyj\u00e4.<\/p>\n<p style=\"text-align: center;\" class=\"translation-block\"><span style=\"color: #339966\"><strong>Rejuvenation<\/strong><\/span> kapseli k\u00e4ytt\u00f6\u00f6n on tarkoitettu kultainen tai punainen <strong>WishPro Plus+<\/strong> teknologinen p\u00e4\u00e4.<\/p>\n<p style=\"text-align: center;\"><span style=\"color: #339966;\"><strong>Luonnollinen linja<\/strong><\/span><\/p>\n<p style=\"text-align: center;\" class=\"translation-block\">P\u00e4\u00e4asiallinen hoitosarja, joka on omistettu <strong>nuorelle, herk\u00e4lle ja \u00e4rtyneelle iholle.<\/strong> Luonnollinen sarja perustuu luonnollisiin <strong>kasvi\u00f6ljyihin<\/strong>, jotka vahvistavat ihon luonnollista suojabarri\u00e4\u00e4ri\u00e4.<\/p>\n<p style=\"text-align: center;\">Terve, nuorekas iho ei-invasiivisten ratkaisujen ja t\u00e4ysin luonnollisten ainesosien ansiosta!<\/p>\n<hr \/>\n<p style=\"text-align: center;\">Kapselit ovat steriilej\u00e4 ja kertak\u00e4ytt\u00f6isi\u00e4, yksi kapseli on tarkoitettu yhdeksi hoitokerraksi.<\/p>\n<p>Koostis: BUTYROSPERMUM PARKII ( SHEA) BUTTER, TOCOPHERYL ACETATE.<\/p>","protected":false},"excerpt":{"rendered":"<p>&nbsp;<\/p>\n<p>Sheavoi on k\u00e4ytetty vuosisatojen ajan sen vertaansaamattoman kyvyn vuoksi suojata ja korjata ihoa.<\/p>\n<p>Sheavoi tunkeutuu syv\u00e4lle ihoon, elvytt\u00e4\u00e4 vaurioituneita soluja, palauttaen ihon elastisuuden ja s\u00e4vyn.<\/p>\n<p>Silottaa pieni\u00e4 juonteita ja palauttaa ihon nuorekkuuden.<\/p>\n<p class=\"translation-block\">Nuorentava kapselin synonyymi on sile\u00e4 ja elastinen iho.<\/p>\n<p><strong>Hinta koskee pakettia, joka sis\u00e4lt\u00e4\u00e4 10 kapselia.<\/strong><\/p>\n<p>&nbsp;<\/p>","protected":false},"featured_media":1467,"comment_status":"open","ping_status":"closed","template":"","meta":{"_uag_custom_page_level_css":"","site-sidebar-layout":"default","site-content-layout":"","ast-site-content-layout":"default","site-content-style":"default","site-sidebar-style":"default","ast-global-header-display":"","ast-banner-title-visibility":"","ast-main-header-display":"","ast-hfb-above-header-display":"","ast-hfb-below-header-display":"","ast-hfb-mobile-header-display":"","site-post-title":"","ast-breadcrumbs-content":"","ast-featured-img":"","footer-sml-layout":"","ast-disable-related-posts":"","theme-transparent-header-meta":"default","adv-header-id-meta":"","stick-header-meta":"","header-above-stick-meta":"","header-main-stick-meta":"","header-below-stick-meta":"","astra-migrate-meta-layouts":"set","ast-page-background-enabled":"default","ast-page-background-meta":{"desktop":{"background-color":"var(--ast-global-color-4)","background-image":"","background-repeat":"repeat","background-position":"center center","background-size":"auto","background-attachment":"scroll","background-type":"","background-media":"","overlay-type":"","overlay-color":"","overlay-opacity":"","overlay-gradient":""},"tablet":{"background-color":"","background-image":"","background-repeat":"repeat","background-position":"center center","background-size":"auto","background-attachment":"scroll","background-type":"","background-media":"","overlay-type":"","overlay-color":"","overlay-opacity":"","overlay-gradient":""},"mobile":{"background-color":"","background-image":"","background-repeat":"repeat","background-position":"center center","background-size":"auto","background-attachment":"scroll","background-type":"","background-media":"","overlay-type":"","overlay-color":"","overlay-opacity":"","overlay-gradient":""}},"ast-content-background-meta":{"desktop":{"background-color":"var(--ast-global-color-5)","background-image":"","background-repeat":"repeat","background-position":"center center","background-size":"auto","background-attachment":"scroll","background-type":"","background-media":"","overlay-type":"","overlay-color":"","overlay-opacity":"","overlay-gradient":""},"tablet":{"background-color":"var(--ast-global-color-5)","background-image":"","background-repeat":"repeat","background-position":"center center","background-size":"auto","background-attachment":"scroll","background-type":"","background-media":"","overlay-type":"","overlay-color":"","overlay-opacity":"","overlay-gradient":""},"mobile":{"background-color":"var(--ast-global-color-5)","background-image":"","background-repeat":"repeat","background-position":"center center","background-size":"auto","background-attachment":"scroll","background-type":"","background-media":"","overlay-type":"","overlay-color":"","overlay-opacity":"","overlay-gradient":""}}},"product_brand":[],"product_cat":[96,97,80],"product_tag":[],"class_list":{"0":"post-1564","1":"product","2":"type-product","3":"status-publish","4":"has-post-thumbnail","6":"product_cat-brands","7":"product_cat-naole","8":"product_cat-wishpro","9":"desktop-align-left","10":"tablet-align-left","11":"mobile-align-left","13":"first","14":"instock","15":"taxable","16":"shipping-taxable","17":"product-type-simple","18":"add-to-wishlist-before_image"},"uagb_featured_image_src":{"full":["https:\/\/kosmeetika24.com\/wp-content\/uploads\/2023\/10\/rejuvenation.png",600,600,false],"thumbnail":["https:\/\/kosmeetika24.com\/wp-content\/uploads\/2023\/10\/rejuvenation-150x150.png",150,150,true],"medium":["https:\/\/kosmeetika24.com\/wp-content\/uploads\/2023\/10\/rejuvenation-300x300.png",300,300,true],"medium_large":["https:\/\/kosmeetika24.com\/wp-content\/uploads\/2023\/10\/rejuvenation.png",600,600,false],"large":["https:\/\/kosmeetika24.com\/wp-content\/uploads\/2023\/10\/rejuvenation.png",600,600,false],"1536x1536":["https:\/\/kosmeetika24.com\/wp-content\/uploads\/2023\/10\/rejuvenation.png",600,600,false],"2048x2048":["https:\/\/kosmeetika24.com\/wp-content\/uploads\/2023\/10\/rejuvenation.png",600,600,false],"trp-custom-language-flag":["https:\/\/kosmeetika24.com\/wp-content\/uploads\/2023\/10\/rejuvenation-12x12.png",12,12,true],"woocommerce_thumbnail":["https:\/\/kosmeetika24.com\/wp-content\/uploads\/2023\/10\/rejuvenation-300x300.png",300,300,true],"woocommerce_single":["https:\/\/kosmeetika24.com\/wp-content\/uploads\/2023\/10\/rejuvenation-500x500.png",500,500,true],"woocommerce_gallery_thumbnail":["https:\/\/kosmeetika24.com\/wp-content\/uploads\/2023\/10\/rejuvenation-100x100.png",100,100,true]},"uagb_author_info":{"display_name":"admin","author_link":"https:\/\/kosmeetika24.com\/fi\/author\/"},"uagb_comment_info":0,"uagb_excerpt":"&nbsp; Sheav\u00f5id on kasutatud sajandeid selle \u00fcletamatu v\u00f5ime t\u00f5ttu nahka kaitsta ja parandada. Sheav\u00f5i tungib s\u00fcgavale nahka, noorendab kahjustatud rakke, taastades elastsuse ja toonuse. Silub penemad kortsud ja taastab naha nooruslikkuse. Noorendav kapsel on\u00a0sileda ja elastse naha s\u00fcnon\u00fc\u00fcm. Hind kehtib 10 kapslit sisaldava pakendi kohta. &nbsp;","_links":{"self":[{"href":"https:\/\/kosmeetika24.com\/fi\/wp-json\/wp\/v2\/product\/1564","targetHints":{"allow":["GET"]}}],"collection":[{"href":"https:\/\/kosmeetika24.com\/fi\/wp-json\/wp\/v2\/product"}],"about":[{"href":"https:\/\/kosmeetika24.com\/fi\/wp-json\/wp\/v2\/types\/product"}],"replies":[{"embeddable":true,"href":"https:\/\/kosmeetika24.com\/fi\/wp-json\/wp\/v2\/comments?post=1564"}],"version-history":[{"count":1,"href":"https:\/\/kosmeetika24.com\/fi\/wp-json\/wp\/v2\/product\/1564\/revisions"}],"predecessor-version":[{"id":4523,"href":"https:\/\/kosmeetika24.com\/fi\/wp-json\/wp\/v2\/product\/1564\/revisions\/4523"}],"wp:featuredmedia":[{"embeddable":true,"href":"https:\/\/kosmeetika24.com\/fi\/wp-json\/wp\/v2\/media\/1467"}],"wp:attachment":[{"href":"https:\/\/kosmeetika24.com\/fi\/wp-json\/wp\/v2\/media?parent=1564"}],"wp:term":[{"taxonomy":"product_brand","embeddable":true,"href":"https:\/\/kosmeetika24.com\/fi\/wp-json\/wp\/v2\/product_brand?post=1564"},{"taxonomy":"product_cat","embeddable":true,"href":"https:\/\/kosmeetika24.com\/fi\/wp-json\/wp\/v2\/product_cat?post=1564"},{"taxonomy":"product_tag","embeddable":true,"href":"https:\/\/kosmeetika24.com\/fi\/wp-json\/wp\/v2\/product_tag?post=1564"}],"curies":[{"name":"wp","href":"https:\/\/api.w.org\/{rel}","templated":true}]}}