{"id":1557,"date":"2024-01-25T07:23:43","date_gmt":"2024-01-25T07:23:43","guid":{"rendered":"https:\/\/kosmeetika24.com\/?post_type=product&#038;p=1557"},"modified":"2025-07-02T11:28:11","modified_gmt":"2025-07-02T08:28:11","slug":"wishpro-hyaluronic-infusion-niisuatv","status":"publish","type":"product","link":"https:\/\/kosmeetika24.com\/fi\/tuote\/wishpro-hyaluronic-infusion-niisuatv\/","title":{"rendered":"<span style=\"color: #339966\"><strong>Hyaluronic Infusion<\/strong><\/span> \u2013 eritt\u00e4in kosteuttava."},"content":{"rendered":"<p style=\"text-align: center;\" class=\"translation-block\"><span style=\"color: #993366\"><strong>Hyaluronic<\/strong><\/span> kapseli sis\u00e4lt\u00e4\u00e4 eritt\u00e4in tiivistetty\u00e4 <strong>kristallihyaluronihappoa<\/strong>, <strong>joka on yksi markkinoiden kosteuttavimmista aineista<\/strong>.<\/p>\n<p style=\"text-align: center;\" class=\"translation-block\"><strong>Crystalhyal, kuten mikro-sieni<\/strong>, imee vett\u00e4 ja <strong>s\u00e4ilytt\u00e4\u00e4 sen epidermiksen,<\/strong> edist\u00e4en <strong>ihon elastisuuden kasvua.<\/strong><\/p>\n<p style=\"text-align: center;\" class=\"translation-block\">Lis\u00e4ksi kapseli stimuloi <strong>ihon tukikuitujen<\/strong> tuotantoa.<\/p>\n<p style=\"text-align: center;\" class=\"translation-block\">tukee <strong>immuunij\u00e4rjestelm\u00e4\u00e4<\/strong> ja sill\u00e4 on <strong>tulehdusta ehk\u00e4isevi\u00e4 ominaisuuksia<\/strong>.<\/p>\n<p style=\"text-align: center;\" class=\"translation-block\"><strong>K\u00e4ytt\u00f6tarkoitus:<\/strong> kuiva ja kuivunut iho, ohuet rypyt, ensimm\u00e4iset ik\u00e4\u00e4ntymisen merkit, elastisuuden puute, kosteutusta tarvitseva iho.<\/p>\n<p style=\"text-align: center;\" class=\"translation-block\"><span style=\"color: #993366\"><strong>Hyaluronic<\/strong><\/span> kapseli k\u00e4ytt\u00f6\u00f6n on tarkoitettu kultainen, punainen tai sininen <strong>WishPro Plus+<\/strong> teknologinen p\u00e4\u00e4.<\/p>\n<p style=\"text-align: center;\"><span style=\"color: #993366;\"><strong>Infuusiosarja<\/strong><\/span><\/p>\n<p style=\"text-align: center;\" class=\"translation-block\">Sarja on omistettu <strong>ensimm\u00e4isille ik\u00e4\u00e4ntymisen merkeille<\/strong> ihmisille, jotka haluavat palauttaa nuorekkaan ulkon\u00e4\u00f6ns\u00e4 ja <strong>pys\u00e4ytt\u00e4\u00e4 ik\u00e4\u00e4ntymisprosessin<\/strong>. Sarja perustuu <strong>kolmeen todistettuun tehokkaaseen vaikuttavaan aineeseen<\/strong>. Kapselit sopivat kaikille ihotyypeille ja takaavat <strong>kevyen tekstuurin<\/strong> ja vaikuttavien aineiden intensiivisen pitoisuuden!<\/p>\n<hr \/>\n<p style=\"text-align: center;\">Kapselit ovat steriilej\u00e4 ja kertak\u00e4ytt\u00f6isi\u00e4, yksi kapseli on tarkoitettu yhteen hoitokertaan.<\/p>\n<p>Koostumus: OLUS OIL, ISOAMYL LAURATE, VITIS VINIFERA SEED OIL, GLYCERYL CAPRYLATE, HYDROLYZED HYALURONIC ACID, BHT, HYDROGENATED POLYDECENE, HELIANTHUS ANNUUS SEED OIL, PARFUM, TOCOPHERYL ACETATE, BENZYL SALICYLATE, ALOE BARBADENSIS LEAF EXTRACT, DUNALIELLA SALINA EXTRACT.<\/p>","protected":false},"excerpt":{"rendered":"<p>Toimien kuten \"molekulaarinen sieni\", se lis\u00e4\u00e4 ihon kyky\u00e4 s\u00e4ilytt\u00e4\u00e4 vett\u00e4 \u2013 pit\u00e4en sen kosteana ja terveen\u00e4.<\/p>\n<p>Hyaluronihapon infuusio stimuloi kollageenin ja elastiinin synteesi, vahvistaen ihon yleist\u00e4 immuunij\u00e4rjestelm\u00e4\u00e4.<\/p>\n<p><strong>Hinta koskee pakettia, joka sis\u00e4lt\u00e4\u00e4 10 kapselia.<\/strong><\/p>","protected":false},"featured_media":1461,"comment_status":"open","ping_status":"closed","template":"","meta":{"_uag_custom_page_level_css":"","site-sidebar-layout":"default","site-content-layout":"","ast-site-content-layout":"default","site-content-style":"default","site-sidebar-style":"default","ast-global-header-display":"","ast-banner-title-visibility":"","ast-main-header-display":"","ast-hfb-above-header-display":"","ast-hfb-below-header-display":"","ast-hfb-mobile-header-display":"","site-post-title":"","ast-breadcrumbs-content":"","ast-featured-img":"","footer-sml-layout":"","ast-disable-related-posts":"","theme-transparent-header-meta":"default","adv-header-id-meta":"","stick-header-meta":"","header-above-stick-meta":"","header-main-stick-meta":"","header-below-stick-meta":"","astra-migrate-meta-layouts":"set","ast-page-background-enabled":"default","ast-page-background-meta":{"desktop":{"background-color":"var(--ast-global-color-4)","background-image":"","background-repeat":"repeat","background-position":"center center","background-size":"auto","background-attachment":"scroll","background-type":"","background-media":"","overlay-type":"","overlay-color":"","overlay-opacity":"","overlay-gradient":""},"tablet":{"background-color":"","background-image":"","background-repeat":"repeat","background-position":"center center","background-size":"auto","background-attachment":"scroll","background-type":"","background-media":"","overlay-type":"","overlay-color":"","overlay-opacity":"","overlay-gradient":""},"mobile":{"background-color":"","background-image":"","background-repeat":"repeat","background-position":"center center","background-size":"auto","background-attachment":"scroll","background-type":"","background-media":"","overlay-type":"","overlay-color":"","overlay-opacity":"","overlay-gradient":""}},"ast-content-background-meta":{"desktop":{"background-color":"var(--ast-global-color-5)","background-image":"","background-repeat":"repeat","background-position":"center center","background-size":"auto","background-attachment":"scroll","background-type":"","background-media":"","overlay-type":"","overlay-color":"","overlay-opacity":"","overlay-gradient":""},"tablet":{"background-color":"var(--ast-global-color-5)","background-image":"","background-repeat":"repeat","background-position":"center center","background-size":"auto","background-attachment":"scroll","background-type":"","background-media":"","overlay-type":"","overlay-color":"","overlay-opacity":"","overlay-gradient":""},"mobile":{"background-color":"var(--ast-global-color-5)","background-image":"","background-repeat":"repeat","background-position":"center center","background-size":"auto","background-attachment":"scroll","background-type":"","background-media":"","overlay-type":"","overlay-color":"","overlay-opacity":"","overlay-gradient":""}}},"product_brand":[],"product_cat":[96,97,80],"product_tag":[],"class_list":{"0":"post-1557","1":"product","2":"type-product","3":"status-publish","4":"has-post-thumbnail","6":"product_cat-brands","7":"product_cat-naole","8":"product_cat-wishpro","9":"desktop-align-left","10":"tablet-align-left","11":"mobile-align-left","13":"first","14":"instock","15":"taxable","16":"shipping-taxable","17":"product-type-simple","18":"add-to-wishlist-before_image"},"uagb_featured_image_src":{"full":["https:\/\/kosmeetika24.com\/wp-content\/uploads\/2023\/10\/hyaluron.png",600,600,false],"thumbnail":["https:\/\/kosmeetika24.com\/wp-content\/uploads\/2023\/10\/hyaluron-150x150.png",150,150,true],"medium":["https:\/\/kosmeetika24.com\/wp-content\/uploads\/2023\/10\/hyaluron-300x300.png",300,300,true],"medium_large":["https:\/\/kosmeetika24.com\/wp-content\/uploads\/2023\/10\/hyaluron.png",600,600,false],"large":["https:\/\/kosmeetika24.com\/wp-content\/uploads\/2023\/10\/hyaluron.png",600,600,false],"1536x1536":["https:\/\/kosmeetika24.com\/wp-content\/uploads\/2023\/10\/hyaluron.png",600,600,false],"2048x2048":["https:\/\/kosmeetika24.com\/wp-content\/uploads\/2023\/10\/hyaluron.png",600,600,false],"trp-custom-language-flag":["https:\/\/kosmeetika24.com\/wp-content\/uploads\/2023\/10\/hyaluron-12x12.png",12,12,true],"woocommerce_thumbnail":["https:\/\/kosmeetika24.com\/wp-content\/uploads\/2023\/10\/hyaluron-300x300.png",300,300,true],"woocommerce_single":["https:\/\/kosmeetika24.com\/wp-content\/uploads\/2023\/10\/hyaluron-500x500.png",500,500,true],"woocommerce_gallery_thumbnail":["https:\/\/kosmeetika24.com\/wp-content\/uploads\/2023\/10\/hyaluron-100x100.png",100,100,true]},"uagb_author_info":{"display_name":"admin","author_link":"https:\/\/kosmeetika24.com\/fi\/author\/"},"uagb_comment_info":0,"uagb_excerpt":"Toimides nagu \"molekulaarne k\u00e4sn\", suurendab see naha v\u00f5imet s\u00e4ilitada vett \u2013 hoiab selle niiske ja tervena. H\u00fcaluroonhappe infusioon stimuleerib kollageeni ja elastiini s\u00fcnteesi, tugevdab naha \u00fcldist immuunsust. Hind kehtib 10 kapslit sisaldava pakendi kohta.","_links":{"self":[{"href":"https:\/\/kosmeetika24.com\/fi\/wp-json\/wp\/v2\/product\/1557","targetHints":{"allow":["GET"]}}],"collection":[{"href":"https:\/\/kosmeetika24.com\/fi\/wp-json\/wp\/v2\/product"}],"about":[{"href":"https:\/\/kosmeetika24.com\/fi\/wp-json\/wp\/v2\/types\/product"}],"replies":[{"embeddable":true,"href":"https:\/\/kosmeetika24.com\/fi\/wp-json\/wp\/v2\/comments?post=1557"}],"version-history":[{"count":1,"href":"https:\/\/kosmeetika24.com\/fi\/wp-json\/wp\/v2\/product\/1557\/revisions"}],"predecessor-version":[{"id":4528,"href":"https:\/\/kosmeetika24.com\/fi\/wp-json\/wp\/v2\/product\/1557\/revisions\/4528"}],"wp:featuredmedia":[{"embeddable":true,"href":"https:\/\/kosmeetika24.com\/fi\/wp-json\/wp\/v2\/media\/1461"}],"wp:attachment":[{"href":"https:\/\/kosmeetika24.com\/fi\/wp-json\/wp\/v2\/media?parent=1557"}],"wp:term":[{"taxonomy":"product_brand","embeddable":true,"href":"https:\/\/kosmeetika24.com\/fi\/wp-json\/wp\/v2\/product_brand?post=1557"},{"taxonomy":"product_cat","embeddable":true,"href":"https:\/\/kosmeetika24.com\/fi\/wp-json\/wp\/v2\/product_cat?post=1557"},{"taxonomy":"product_tag","embeddable":true,"href":"https:\/\/kosmeetika24.com\/fi\/wp-json\/wp\/v2\/product_tag?post=1557"}],"curies":[{"name":"wp","href":"https:\/\/api.w.org\/{rel}","templated":true}]}}